{"id":10899,"date":"2020-04-17T14:47:46","date_gmt":"2020-04-17T14:47:46","guid":{"rendered":"https:\/\/annaalbert.com\/producto\/flor-seda-natural-rosa\/"},"modified":"2024-04-03T08:45:08","modified_gmt":"2024-04-03T08:45:08","slug":"flor-seda-natural-rosas","status":"publish","type":"product","link":"https:\/\/annaalbert.com\/es\/producto-es\/flor-seda-natural-rosas\/","title":{"rendered":"FLOR DE SEDA NATURAL ROSA"},"content":{"rendered":"<p>Con nuestro pa\u00f1uelo de seda natural rosa, llevar\u00e1s un toque de elegancia y sofisticaci\u00f3n a tu estilo. Esta prenda de ropa no solo es un simple accesorio, sino una declaraci\u00f3n de tu personalidad y buen gusto. La seda natural es conocida por su suavidad y ligereza, y con este fular, experimentar\u00e1s esta sensaci\u00f3n lujosa cada vez que lo lleves.<\/p>\n<p>Tambi\u00e9n lo es por su efecto transpirable, manteni\u00e9ndote fresca en verano y c\u00e1lida en invierno. Esto lo convierte en un complemento ideal para todas las estaciones. El fular est\u00e1 fabricado con cuidado y atenci\u00f3n a los detalles, asegurando su durabilidad y su capacidad de resistir el paso del tiempo. Es una seda vaporosa y suave, una caricia por el cuerpo.<\/p>\n<p>Pa\u00f1uelo de seda muselina de color rosa de medida 150&#215;45.<\/p>\n<p>El suave de este fular tiene un encanto que es intemporal. Tanto si lo combinas con una vestimenta formal como con un conjunto casual, aportar\u00e1 un toque de delicadeza y feminidad a tu estilo. Ya sea una cita rom\u00e1ntica, una reuni\u00f3n de negocios importante o una salida con las amigas, este fular ser\u00e1 tu mejor aliado.<\/p>\n<p>Es el fular m\u00e1s multifunci\u00f3n que tengo y lo dispongo de muchos colores diferentes.<\/p>\n<p>Adem\u00e1s, se puede llevar en verano como pareo, de cintur\u00f3n, en la cabeza, entre los cabellos haciendo una trenza como en el cuello a pleno invierno.<\/p>\n<p>Este pa\u00f1uelo de seda muselina de color rosa se presenta envuelto c\u00f3mo si fuera una flor.<\/p>\n<p>Quiz\u00e1s quieras ver otros colores de <a href=\"https:\/\/annaalbert.com\/producto\/flor-de-seda-rosa-colors\/\">flor de seda<\/a><\/p>\n<p>&nbsp;<\/p>\n","protected":false},"excerpt":{"rendered":"<p>Pa\u00f1uelo de seda muselina pintado de colores rosa y el contraste del blanco de la seda<\/p>\n<p>Medidas de 150&#215;45<\/p>\n","protected":false},"featured_media":8361,"comment_status":"closed","ping_status":"closed","template":"","meta":{"_et_pb_use_builder":"","_et_pb_old_content":"","_et_gb_content_width":""},"product_brand":[],"product_cat":[430],"product_tag":[444,445,186],"class_list":{"0":"post-10899","1":"product","2":"type-product","3":"status-publish","4":"has-post-thumbnail","6":"product_cat-flores-de-seda-es","7":"product_tag-fular-de-cuello","8":"product_tag-fular-rosa","9":"product_tag-fulard-de-seda","11":"first","12":"instock","13":"taxable","14":"shipping-taxable","15":"purchasable","16":"product-type-simple"},"yoast_head":"<!-- This site is optimized with the Yoast SEO plugin v27.0 - https:\/\/yoast.com\/product\/yoast-seo-wordpress\/ -->\n<title>Flor de seda natural rosa - Art en Seda<\/title>\n<meta name=\"description\" content=\"Flor de seda natural rosa. Pieza \u00fanica pintada a mano a base de manchas de color rosa. Medida de 150x45. Presentada como una flor. Para reglar o regalarte.\" \/>\n<meta name=\"robots\" content=\"index, follow, max-snippet:-1, max-image-preview:large, max-video-preview:-1\" \/>\n<link rel=\"canonical\" href=\"https:\/\/annaalbert.com\/es\/producto-es\/flor-seda-natural-rosas\/\" \/>\n<meta property=\"og:locale\" content=\"es_ES\" \/>\n<meta property=\"og:type\" content=\"article\" \/>\n<meta property=\"og:title\" content=\"Flor de seda natural rosa - Art en Seda\" \/>\n<meta property=\"og:description\" content=\"Flor de seda natural rosa. Pieza \u00fanica pintada a mano a base de manchas de color rosa. Medida de 150x45. Presentada como una flor. Para reglar o regalarte.\" \/>\n<meta property=\"og:url\" content=\"https:\/\/annaalbert.com\/es\/producto-es\/flor-seda-natural-rosas\/\" \/>\n<meta property=\"og:site_name\" content=\"Art en Seda\" \/>\n<meta property=\"article:modified_time\" content=\"2024-04-03T08:45:08+00:00\" \/>\n<meta property=\"og:image\" content=\"https:\/\/annaalbert.com\/wp-content\/uploads\/2020\/04\/rosa-rosa1.jpg\" \/>\n\t<meta property=\"og:image:width\" content=\"800\" \/>\n\t<meta property=\"og:image:height\" content=\"960\" \/>\n\t<meta property=\"og:image:type\" content=\"image\/jpeg\" \/>\n<meta name=\"twitter:card\" content=\"summary_large_image\" \/>\n<meta name=\"twitter:label1\" content=\"Tiempo de lectura\" \/>\n\t<meta name=\"twitter:data1\" content=\"1 minuto\" \/>\n<script type=\"application\/ld+json\" class=\"yoast-schema-graph\">{\"@context\":\"https:\/\/schema.org\",\"@graph\":[{\"@type\":\"WebPage\",\"@id\":\"https:\/\/annaalbert.com\/es\/producto-es\/flor-seda-natural-rosas\/\",\"url\":\"https:\/\/annaalbert.com\/es\/producto-es\/flor-seda-natural-rosas\/\",\"name\":\"Flor de seda natural rosa - Art en Seda\",\"isPartOf\":{\"@id\":\"https:\/\/annaalbert.com\/es\/#website\"},\"primaryImageOfPage\":{\"@id\":\"https:\/\/annaalbert.com\/es\/producto-es\/flor-seda-natural-rosas\/#primaryimage\"},\"image\":{\"@id\":\"https:\/\/annaalbert.com\/es\/producto-es\/flor-seda-natural-rosas\/#primaryimage\"},\"thumbnailUrl\":\"https:\/\/annaalbert.com\/wp-content\/uploads\/2020\/04\/rosa-rosa1.jpg\",\"datePublished\":\"2020-04-17T14:47:46+00:00\",\"dateModified\":\"2024-04-03T08:45:08+00:00\",\"description\":\"Flor de seda natural rosa. Pieza \u00fanica pintada a mano a base de manchas de color rosa. Medida de 150x45. Presentada como una flor. Para reglar o regalarte.\",\"breadcrumb\":{\"@id\":\"https:\/\/annaalbert.com\/es\/producto-es\/flor-seda-natural-rosas\/#breadcrumb\"},\"inLanguage\":\"es\",\"potentialAction\":[{\"@type\":\"ReadAction\",\"target\":[\"https:\/\/annaalbert.com\/es\/producto-es\/flor-seda-natural-rosas\/\"]}]},{\"@type\":\"ImageObject\",\"inLanguage\":\"es\",\"@id\":\"https:\/\/annaalbert.com\/es\/producto-es\/flor-seda-natural-rosas\/#primaryimage\",\"url\":\"https:\/\/annaalbert.com\/wp-content\/uploads\/2020\/04\/rosa-rosa1.jpg\",\"contentUrl\":\"https:\/\/annaalbert.com\/wp-content\/uploads\/2020\/04\/rosa-rosa1.jpg\",\"width\":800,\"height\":960,\"caption\":\"Flor seda natural rosa\"},{\"@type\":\"BreadcrumbList\",\"@id\":\"https:\/\/annaalbert.com\/es\/producto-es\/flor-seda-natural-rosas\/#breadcrumb\",\"itemListElement\":[{\"@type\":\"ListItem\",\"position\":1,\"name\":\"Portada\",\"item\":\"https:\/\/annaalbert.com\/es\/\"},{\"@type\":\"ListItem\",\"position\":2,\"name\":\"Tienda\",\"item\":\"https:\/\/annaalbert.com\/tienda\/\"},{\"@type\":\"ListItem\",\"position\":3,\"name\":\"FLOR DE SEDA NATURAL ROSA\"}]},{\"@type\":\"WebSite\",\"@id\":\"https:\/\/annaalbert.com\/es\/#website\",\"url\":\"https:\/\/annaalbert.com\/es\/\",\"name\":\"Art en Seda\",\"description\":\"Productos de seda pintada a mano, asi como cursos, talleres, experiencias por la artesana Anna Albert\",\"publisher\":{\"@id\":\"https:\/\/annaalbert.com\/es\/#organization\"},\"potentialAction\":[{\"@type\":\"SearchAction\",\"target\":{\"@type\":\"EntryPoint\",\"urlTemplate\":\"https:\/\/annaalbert.com\/es\/?s={search_term_string}\"},\"query-input\":{\"@type\":\"PropertyValueSpecification\",\"valueRequired\":true,\"valueName\":\"search_term_string\"}}],\"inLanguage\":\"es\"},{\"@type\":\"Organization\",\"@id\":\"https:\/\/annaalbert.com\/es\/#organization\",\"name\":\"Art en Seda by Anna Albert\",\"url\":\"https:\/\/annaalbert.com\/es\/\",\"logo\":{\"@type\":\"ImageObject\",\"inLanguage\":\"es\",\"@id\":\"https:\/\/annaalbert.com\/es\/#\/schema\/logo\/image\/\",\"url\":\"https:\/\/annaalbert.com\/wp-content\/uploads\/2021\/01\/horitzontal_fonsblanc-scaled.jpg\",\"contentUrl\":\"https:\/\/annaalbert.com\/wp-content\/uploads\/2021\/01\/horitzontal_fonsblanc-scaled.jpg\",\"width\":2560,\"height\":779,\"caption\":\"Art en Seda by Anna Albert\"},\"image\":{\"@id\":\"https:\/\/annaalbert.com\/es\/#\/schema\/logo\/image\/\"}}]}<\/script>\n<!-- \/ Yoast SEO plugin. -->","yoast_head_json":{"title":"Flor de seda natural rosa - Art en Seda","description":"Flor de seda natural rosa. Pieza \u00fanica pintada a mano a base de manchas de color rosa. Medida de 150x45. Presentada como una flor. Para reglar o regalarte.","robots":{"index":"index","follow":"follow","max-snippet":"max-snippet:-1","max-image-preview":"max-image-preview:large","max-video-preview":"max-video-preview:-1"},"canonical":"https:\/\/annaalbert.com\/es\/producto-es\/flor-seda-natural-rosas\/","og_locale":"es_ES","og_type":"article","og_title":"Flor de seda natural rosa - Art en Seda","og_description":"Flor de seda natural rosa. Pieza \u00fanica pintada a mano a base de manchas de color rosa. Medida de 150x45. Presentada como una flor. Para reglar o regalarte.","og_url":"https:\/\/annaalbert.com\/es\/producto-es\/flor-seda-natural-rosas\/","og_site_name":"Art en Seda","article_modified_time":"2024-04-03T08:45:08+00:00","og_image":[{"width":800,"height":960,"url":"https:\/\/annaalbert.com\/wp-content\/uploads\/2020\/04\/rosa-rosa1.jpg","type":"image\/jpeg"}],"twitter_card":"summary_large_image","twitter_misc":{"Tiempo de lectura":"1 minuto"},"schema":{"@context":"https:\/\/schema.org","@graph":[{"@type":"WebPage","@id":"https:\/\/annaalbert.com\/es\/producto-es\/flor-seda-natural-rosas\/","url":"https:\/\/annaalbert.com\/es\/producto-es\/flor-seda-natural-rosas\/","name":"Flor de seda natural rosa - Art en Seda","isPartOf":{"@id":"https:\/\/annaalbert.com\/es\/#website"},"primaryImageOfPage":{"@id":"https:\/\/annaalbert.com\/es\/producto-es\/flor-seda-natural-rosas\/#primaryimage"},"image":{"@id":"https:\/\/annaalbert.com\/es\/producto-es\/flor-seda-natural-rosas\/#primaryimage"},"thumbnailUrl":"https:\/\/annaalbert.com\/wp-content\/uploads\/2020\/04\/rosa-rosa1.jpg","datePublished":"2020-04-17T14:47:46+00:00","dateModified":"2024-04-03T08:45:08+00:00","description":"Flor de seda natural rosa. Pieza \u00fanica pintada a mano a base de manchas de color rosa. Medida de 150x45. Presentada como una flor. Para reglar o regalarte.","breadcrumb":{"@id":"https:\/\/annaalbert.com\/es\/producto-es\/flor-seda-natural-rosas\/#breadcrumb"},"inLanguage":"es","potentialAction":[{"@type":"ReadAction","target":["https:\/\/annaalbert.com\/es\/producto-es\/flor-seda-natural-rosas\/"]}]},{"@type":"ImageObject","inLanguage":"es","@id":"https:\/\/annaalbert.com\/es\/producto-es\/flor-seda-natural-rosas\/#primaryimage","url":"https:\/\/annaalbert.com\/wp-content\/uploads\/2020\/04\/rosa-rosa1.jpg","contentUrl":"https:\/\/annaalbert.com\/wp-content\/uploads\/2020\/04\/rosa-rosa1.jpg","width":800,"height":960,"caption":"Flor seda natural rosa"},{"@type":"BreadcrumbList","@id":"https:\/\/annaalbert.com\/es\/producto-es\/flor-seda-natural-rosas\/#breadcrumb","itemListElement":[{"@type":"ListItem","position":1,"name":"Portada","item":"https:\/\/annaalbert.com\/es\/"},{"@type":"ListItem","position":2,"name":"Tienda","item":"https:\/\/annaalbert.com\/tienda\/"},{"@type":"ListItem","position":3,"name":"FLOR DE SEDA NATURAL ROSA"}]},{"@type":"WebSite","@id":"https:\/\/annaalbert.com\/es\/#website","url":"https:\/\/annaalbert.com\/es\/","name":"Art en Seda","description":"Productos de seda pintada a mano, asi como cursos, talleres, experiencias por la artesana Anna Albert","publisher":{"@id":"https:\/\/annaalbert.com\/es\/#organization"},"potentialAction":[{"@type":"SearchAction","target":{"@type":"EntryPoint","urlTemplate":"https:\/\/annaalbert.com\/es\/?s={search_term_string}"},"query-input":{"@type":"PropertyValueSpecification","valueRequired":true,"valueName":"search_term_string"}}],"inLanguage":"es"},{"@type":"Organization","@id":"https:\/\/annaalbert.com\/es\/#organization","name":"Art en Seda by Anna Albert","url":"https:\/\/annaalbert.com\/es\/","logo":{"@type":"ImageObject","inLanguage":"es","@id":"https:\/\/annaalbert.com\/es\/#\/schema\/logo\/image\/","url":"https:\/\/annaalbert.com\/wp-content\/uploads\/2021\/01\/horitzontal_fonsblanc-scaled.jpg","contentUrl":"https:\/\/annaalbert.com\/wp-content\/uploads\/2021\/01\/horitzontal_fonsblanc-scaled.jpg","width":2560,"height":779,"caption":"Art en Seda by Anna Albert"},"image":{"@id":"https:\/\/annaalbert.com\/es\/#\/schema\/logo\/image\/"}}]}},"_links":{"self":[{"href":"https:\/\/annaalbert.com\/es\/wp-json\/wp\/v2\/product\/10899","targetHints":{"allow":["GET"]}}],"collection":[{"href":"https:\/\/annaalbert.com\/es\/wp-json\/wp\/v2\/product"}],"about":[{"href":"https:\/\/annaalbert.com\/es\/wp-json\/wp\/v2\/types\/product"}],"replies":[{"embeddable":true,"href":"https:\/\/annaalbert.com\/es\/wp-json\/wp\/v2\/comments?post=10899"}],"wp:featuredmedia":[{"embeddable":true,"href":"https:\/\/annaalbert.com\/es\/wp-json\/wp\/v2\/media\/8361"}],"wp:attachment":[{"href":"https:\/\/annaalbert.com\/es\/wp-json\/wp\/v2\/media?parent=10899"}],"wp:term":[{"taxonomy":"product_brand","embeddable":true,"href":"https:\/\/annaalbert.com\/es\/wp-json\/wp\/v2\/product_brand?post=10899"},{"taxonomy":"product_cat","embeddable":true,"href":"https:\/\/annaalbert.com\/es\/wp-json\/wp\/v2\/product_cat?post=10899"},{"taxonomy":"product_tag","embeddable":true,"href":"https:\/\/annaalbert.com\/es\/wp-json\/wp\/v2\/product_tag?post=10899"}],"curies":[{"name":"wp","href":"https:\/\/api.w.org\/{rel}","templated":true}]}}