{"id":10895,"date":"2020-04-17T14:54:32","date_gmt":"2020-04-17T14:54:32","guid":{"rendered":"https:\/\/annaalbert.com\/producto\/flor-seda-natural-naranja\/"},"modified":"2024-04-03T08:18:57","modified_gmt":"2024-04-03T08:18:57","slug":"flor-seda-natural-naranja","status":"publish","type":"product","link":"https:\/\/annaalbert.com\/es\/producto-es\/flor-seda-natural-naranja\/","title":{"rendered":"FLOR DE SEDA NATURAL NARANJA"},"content":{"rendered":"<p>Flor de seda natural naranja.<\/p>\n<p>Pa\u00f1uelo de seda muselina color naranja. Mide 150&#215;45.<\/p>\n<p>Los pa\u00f1uelos de seda natural son una obra de arte que cautiva la esencia de la elegancia y la sofisticaci\u00f3n. Nuestro pa\u00f1uelo de seda naranja no es una excepci\u00f3n, sino una manifestaci\u00f3n de esta belleza atemporal. Con una seda suave y ligera, este fular ofrece una sensaci\u00f3n exquisita al tacto y una apariencia impresionante que te har\u00e1 destacar en cualquier ocasi\u00f3n. Es una seda vaporosa y suave, una caricia por el cuerpo.<\/p>\n<p>Esta flor de seda natural naranja es un modelo abstracto a base de manchas de colores y muy combinable para cualquier outfit casual. La tonalidad naranja evoca sentimientos de calidez, alegr\u00eda y energ\u00eda, y aportar\u00e1 una vitalidad extra a tu estilo personal.<\/p>\n<p>Es el fular m\u00e1s multifunci\u00f3n que tengo y lo dispongo de muchos colores diferentes.<\/p>\n<p>Tambi\u00e9n se puede llevar en verano como pareo, de cintur\u00f3n, en la cabeza, entre los cabellos haciendo una trenza como en el cuello a pleno invierno.<\/p>\n<p>Este pa\u00f1uelo de seda natural tambi\u00e9n tiene la grandeza de ser un producto ecol\u00f3gico y sostenible.<\/p>\n<p>Este pa\u00f1uelo de seda muselina de color naranja se presenta envuelto c\u00f3mo si fuera una flor.<\/p>\n<p>Quiz\u00e1s te guste ver otros colores de <a href=\"https:\/\/annaalbert.com\/producto\/flor-de-seda-rosa-colors\/\">flor de seda<\/a><\/p>\n<p>&nbsp;<\/p>\n<p>&nbsp;<\/p>\n","protected":false},"excerpt":{"rendered":"<p>Pa\u00f1uelo de seda muselina pintado con manchas de colores naranja y el contraste del blanco del pa\u00f1uelo<\/p>\n<p>Medidas de 150&#215;45<\/p>\n<p>&nbsp;<\/p>\n","protected":false},"featured_media":8355,"comment_status":"closed","ping_status":"closed","template":"","meta":{"_et_pb_use_builder":"","_et_pb_old_content":"","_et_gb_content_width":""},"product_brand":[],"product_cat":[430],"product_tag":[],"class_list":{"0":"post-10895","1":"product","2":"type-product","3":"status-publish","4":"has-post-thumbnail","6":"product_cat-flores-de-seda-es","8":"first","9":"instock","10":"taxable","11":"shipping-taxable","12":"purchasable","13":"product-type-simple"},"yoast_head":"<!-- This site is optimized with the Yoast SEO plugin v27.0 - https:\/\/yoast.com\/product\/yoast-seo-wordpress\/ -->\n<title>Flor de seda natural naranja - Art en Seda<\/title>\n<meta name=\"description\" content=\"Flor de seda natural naranja. Mide 150x45. Pieza \u00fanica pintada a mano a base de manchas de colores y presentada en forma de flor.\" \/>\n<meta name=\"robots\" content=\"index, follow, max-snippet:-1, max-image-preview:large, max-video-preview:-1\" \/>\n<link rel=\"canonical\" href=\"https:\/\/annaalbert.com\/es\/producto-es\/flor-seda-natural-naranja\/\" \/>\n<meta property=\"og:locale\" content=\"es_ES\" \/>\n<meta property=\"og:type\" content=\"article\" \/>\n<meta property=\"og:title\" content=\"Flor de seda natural naranja - Art en Seda\" \/>\n<meta property=\"og:description\" content=\"Flor de seda natural naranja. Mide 150x45. Pieza \u00fanica pintada a mano a base de manchas de colores y presentada en forma de flor.\" \/>\n<meta property=\"og:url\" content=\"https:\/\/annaalbert.com\/es\/producto-es\/flor-seda-natural-naranja\/\" \/>\n<meta property=\"og:site_name\" content=\"Art en Seda\" \/>\n<meta property=\"article:modified_time\" content=\"2024-04-03T08:18:57+00:00\" \/>\n<meta property=\"og:image\" content=\"https:\/\/annaalbert.com\/wp-content\/uploads\/2020\/04\/rosa-taronja-b.jpg\" \/>\n\t<meta property=\"og:image:width\" content=\"800\" \/>\n\t<meta property=\"og:image:height\" content=\"960\" \/>\n\t<meta property=\"og:image:type\" content=\"image\/jpeg\" \/>\n<meta name=\"twitter:card\" content=\"summary_large_image\" \/>\n<meta name=\"twitter:label1\" content=\"Tiempo de lectura\" \/>\n\t<meta name=\"twitter:data1\" content=\"1 minuto\" \/>\n<script type=\"application\/ld+json\" class=\"yoast-schema-graph\">{\"@context\":\"https:\/\/schema.org\",\"@graph\":[{\"@type\":\"WebPage\",\"@id\":\"https:\/\/annaalbert.com\/es\/producto-es\/flor-seda-natural-naranja\/\",\"url\":\"https:\/\/annaalbert.com\/es\/producto-es\/flor-seda-natural-naranja\/\",\"name\":\"Flor de seda natural naranja - Art en Seda\",\"isPartOf\":{\"@id\":\"https:\/\/annaalbert.com\/es\/#website\"},\"primaryImageOfPage\":{\"@id\":\"https:\/\/annaalbert.com\/es\/producto-es\/flor-seda-natural-naranja\/#primaryimage\"},\"image\":{\"@id\":\"https:\/\/annaalbert.com\/es\/producto-es\/flor-seda-natural-naranja\/#primaryimage\"},\"thumbnailUrl\":\"https:\/\/annaalbert.com\/wp-content\/uploads\/2020\/04\/rosa-taronja-b.jpg\",\"datePublished\":\"2020-04-17T14:54:32+00:00\",\"dateModified\":\"2024-04-03T08:18:57+00:00\",\"description\":\"Flor de seda natural naranja. Mide 150x45. Pieza \u00fanica pintada a mano a base de manchas de colores y presentada en forma de flor.\",\"breadcrumb\":{\"@id\":\"https:\/\/annaalbert.com\/es\/producto-es\/flor-seda-natural-naranja\/#breadcrumb\"},\"inLanguage\":\"es\",\"potentialAction\":[{\"@type\":\"ReadAction\",\"target\":[\"https:\/\/annaalbert.com\/es\/producto-es\/flor-seda-natural-naranja\/\"]}]},{\"@type\":\"ImageObject\",\"inLanguage\":\"es\",\"@id\":\"https:\/\/annaalbert.com\/es\/producto-es\/flor-seda-natural-naranja\/#primaryimage\",\"url\":\"https:\/\/annaalbert.com\/wp-content\/uploads\/2020\/04\/rosa-taronja-b.jpg\",\"contentUrl\":\"https:\/\/annaalbert.com\/wp-content\/uploads\/2020\/04\/rosa-taronja-b.jpg\",\"width\":800,\"height\":960,\"caption\":\"Flor seda natural taronja\"},{\"@type\":\"BreadcrumbList\",\"@id\":\"https:\/\/annaalbert.com\/es\/producto-es\/flor-seda-natural-naranja\/#breadcrumb\",\"itemListElement\":[{\"@type\":\"ListItem\",\"position\":1,\"name\":\"Portada\",\"item\":\"https:\/\/annaalbert.com\/es\/\"},{\"@type\":\"ListItem\",\"position\":2,\"name\":\"Tienda\",\"item\":\"https:\/\/annaalbert.com\/tienda\/\"},{\"@type\":\"ListItem\",\"position\":3,\"name\":\"FLOR DE SEDA NATURAL NARANJA\"}]},{\"@type\":\"WebSite\",\"@id\":\"https:\/\/annaalbert.com\/es\/#website\",\"url\":\"https:\/\/annaalbert.com\/es\/\",\"name\":\"Art en Seda\",\"description\":\"Productos de seda pintada a mano, asi como cursos, talleres, experiencias por la artesana Anna Albert\",\"publisher\":{\"@id\":\"https:\/\/annaalbert.com\/es\/#organization\"},\"potentialAction\":[{\"@type\":\"SearchAction\",\"target\":{\"@type\":\"EntryPoint\",\"urlTemplate\":\"https:\/\/annaalbert.com\/es\/?s={search_term_string}\"},\"query-input\":{\"@type\":\"PropertyValueSpecification\",\"valueRequired\":true,\"valueName\":\"search_term_string\"}}],\"inLanguage\":\"es\"},{\"@type\":\"Organization\",\"@id\":\"https:\/\/annaalbert.com\/es\/#organization\",\"name\":\"Art en Seda by Anna Albert\",\"url\":\"https:\/\/annaalbert.com\/es\/\",\"logo\":{\"@type\":\"ImageObject\",\"inLanguage\":\"es\",\"@id\":\"https:\/\/annaalbert.com\/es\/#\/schema\/logo\/image\/\",\"url\":\"https:\/\/annaalbert.com\/wp-content\/uploads\/2021\/01\/horitzontal_fonsblanc-scaled.jpg\",\"contentUrl\":\"https:\/\/annaalbert.com\/wp-content\/uploads\/2021\/01\/horitzontal_fonsblanc-scaled.jpg\",\"width\":2560,\"height\":779,\"caption\":\"Art en Seda by Anna Albert\"},\"image\":{\"@id\":\"https:\/\/annaalbert.com\/es\/#\/schema\/logo\/image\/\"}}]}<\/script>\n<!-- \/ Yoast SEO plugin. -->","yoast_head_json":{"title":"Flor de seda natural naranja - Art en Seda","description":"Flor de seda natural naranja. Mide 150x45. Pieza \u00fanica pintada a mano a base de manchas de colores y presentada en forma de flor.","robots":{"index":"index","follow":"follow","max-snippet":"max-snippet:-1","max-image-preview":"max-image-preview:large","max-video-preview":"max-video-preview:-1"},"canonical":"https:\/\/annaalbert.com\/es\/producto-es\/flor-seda-natural-naranja\/","og_locale":"es_ES","og_type":"article","og_title":"Flor de seda natural naranja - Art en Seda","og_description":"Flor de seda natural naranja. Mide 150x45. Pieza \u00fanica pintada a mano a base de manchas de colores y presentada en forma de flor.","og_url":"https:\/\/annaalbert.com\/es\/producto-es\/flor-seda-natural-naranja\/","og_site_name":"Art en Seda","article_modified_time":"2024-04-03T08:18:57+00:00","og_image":[{"width":800,"height":960,"url":"https:\/\/annaalbert.com\/wp-content\/uploads\/2020\/04\/rosa-taronja-b.jpg","type":"image\/jpeg"}],"twitter_card":"summary_large_image","twitter_misc":{"Tiempo de lectura":"1 minuto"},"schema":{"@context":"https:\/\/schema.org","@graph":[{"@type":"WebPage","@id":"https:\/\/annaalbert.com\/es\/producto-es\/flor-seda-natural-naranja\/","url":"https:\/\/annaalbert.com\/es\/producto-es\/flor-seda-natural-naranja\/","name":"Flor de seda natural naranja - Art en Seda","isPartOf":{"@id":"https:\/\/annaalbert.com\/es\/#website"},"primaryImageOfPage":{"@id":"https:\/\/annaalbert.com\/es\/producto-es\/flor-seda-natural-naranja\/#primaryimage"},"image":{"@id":"https:\/\/annaalbert.com\/es\/producto-es\/flor-seda-natural-naranja\/#primaryimage"},"thumbnailUrl":"https:\/\/annaalbert.com\/wp-content\/uploads\/2020\/04\/rosa-taronja-b.jpg","datePublished":"2020-04-17T14:54:32+00:00","dateModified":"2024-04-03T08:18:57+00:00","description":"Flor de seda natural naranja. Mide 150x45. Pieza \u00fanica pintada a mano a base de manchas de colores y presentada en forma de flor.","breadcrumb":{"@id":"https:\/\/annaalbert.com\/es\/producto-es\/flor-seda-natural-naranja\/#breadcrumb"},"inLanguage":"es","potentialAction":[{"@type":"ReadAction","target":["https:\/\/annaalbert.com\/es\/producto-es\/flor-seda-natural-naranja\/"]}]},{"@type":"ImageObject","inLanguage":"es","@id":"https:\/\/annaalbert.com\/es\/producto-es\/flor-seda-natural-naranja\/#primaryimage","url":"https:\/\/annaalbert.com\/wp-content\/uploads\/2020\/04\/rosa-taronja-b.jpg","contentUrl":"https:\/\/annaalbert.com\/wp-content\/uploads\/2020\/04\/rosa-taronja-b.jpg","width":800,"height":960,"caption":"Flor seda natural taronja"},{"@type":"BreadcrumbList","@id":"https:\/\/annaalbert.com\/es\/producto-es\/flor-seda-natural-naranja\/#breadcrumb","itemListElement":[{"@type":"ListItem","position":1,"name":"Portada","item":"https:\/\/annaalbert.com\/es\/"},{"@type":"ListItem","position":2,"name":"Tienda","item":"https:\/\/annaalbert.com\/tienda\/"},{"@type":"ListItem","position":3,"name":"FLOR DE SEDA NATURAL NARANJA"}]},{"@type":"WebSite","@id":"https:\/\/annaalbert.com\/es\/#website","url":"https:\/\/annaalbert.com\/es\/","name":"Art en Seda","description":"Productos de seda pintada a mano, asi como cursos, talleres, experiencias por la artesana Anna Albert","publisher":{"@id":"https:\/\/annaalbert.com\/es\/#organization"},"potentialAction":[{"@type":"SearchAction","target":{"@type":"EntryPoint","urlTemplate":"https:\/\/annaalbert.com\/es\/?s={search_term_string}"},"query-input":{"@type":"PropertyValueSpecification","valueRequired":true,"valueName":"search_term_string"}}],"inLanguage":"es"},{"@type":"Organization","@id":"https:\/\/annaalbert.com\/es\/#organization","name":"Art en Seda by Anna Albert","url":"https:\/\/annaalbert.com\/es\/","logo":{"@type":"ImageObject","inLanguage":"es","@id":"https:\/\/annaalbert.com\/es\/#\/schema\/logo\/image\/","url":"https:\/\/annaalbert.com\/wp-content\/uploads\/2021\/01\/horitzontal_fonsblanc-scaled.jpg","contentUrl":"https:\/\/annaalbert.com\/wp-content\/uploads\/2021\/01\/horitzontal_fonsblanc-scaled.jpg","width":2560,"height":779,"caption":"Art en Seda by Anna Albert"},"image":{"@id":"https:\/\/annaalbert.com\/es\/#\/schema\/logo\/image\/"}}]}},"_links":{"self":[{"href":"https:\/\/annaalbert.com\/es\/wp-json\/wp\/v2\/product\/10895","targetHints":{"allow":["GET"]}}],"collection":[{"href":"https:\/\/annaalbert.com\/es\/wp-json\/wp\/v2\/product"}],"about":[{"href":"https:\/\/annaalbert.com\/es\/wp-json\/wp\/v2\/types\/product"}],"replies":[{"embeddable":true,"href":"https:\/\/annaalbert.com\/es\/wp-json\/wp\/v2\/comments?post=10895"}],"wp:featuredmedia":[{"embeddable":true,"href":"https:\/\/annaalbert.com\/es\/wp-json\/wp\/v2\/media\/8355"}],"wp:attachment":[{"href":"https:\/\/annaalbert.com\/es\/wp-json\/wp\/v2\/media?parent=10895"}],"wp:term":[{"taxonomy":"product_brand","embeddable":true,"href":"https:\/\/annaalbert.com\/es\/wp-json\/wp\/v2\/product_brand?post=10895"},{"taxonomy":"product_cat","embeddable":true,"href":"https:\/\/annaalbert.com\/es\/wp-json\/wp\/v2\/product_cat?post=10895"},{"taxonomy":"product_tag","embeddable":true,"href":"https:\/\/annaalbert.com\/es\/wp-json\/wp\/v2\/product_tag?post=10895"}],"curies":[{"name":"wp","href":"https:\/\/api.w.org\/{rel}","templated":true}]}}