{"id":10889,"date":"2020-04-17T15:29:48","date_gmt":"2020-04-17T15:29:48","guid":{"rendered":"https:\/\/annaalbert.com\/producto\/flor-seda-natural-lila\/"},"modified":"2024-04-03T07:50:45","modified_gmt":"2024-04-03T07:50:45","slug":"flor-seda-natural-lilas","status":"publish","type":"product","link":"https:\/\/annaalbert.com\/es\/producto-es\/flor-seda-natural-lilas\/","title":{"rendered":"FLOR DE SEDA NATURAL LILA"},"content":{"rendered":"<p>Una flor de seda natural lila, un regalo \u00fanico y eterno para expresar sentimientos profundos. Adem\u00e1s, la belleza y la elegancia de la naturaleza se combinan en esta creaci\u00f3n artesanal que captura la delicadeza y el esplendor de las flores reales.<\/p>\n<p>Siendo un s\u00edmbolo de la pura devoci\u00f3n y amor incondicional, la flor de seda natural lila se puede transformar en un fular. Es el regalo perfecto para aquella persona especial a quien quieres expresar tus sentimientos m\u00e1s profundos y sinceros. Tanto si es para una ocasi\u00f3n rom\u00e1ntica como el D\u00eda de San Valent\u00edn, un cumplea\u00f1os o simplemente para demostrar el aprecio y gratitud, esta flor ser\u00e1 un testigo eterno de tu amor y afecto.<\/p>\n<p>Pa\u00f1uelo de seda muselina de color lila. La seda natural es conocida por su calidad incomparable. Adem\u00e1s, este fular est\u00e1 hecho con las mejores fibras de seda, que se extraen de manera responsable y sostenible, respetando la natura. Su textura es delicada y sedosa, y su durabilidad te permitir\u00e1 disfrutar de esta pieza durante muchos a\u00f1os.<\/p>\n<p>Mide 150&#215;45 y, es una seda vaporosa y suave, una caricia por el cuerpo y muy combinable por un outfit casual.<\/p>\n<p>Pintado a pincel a base de manchas de colores, teniendo a disposici\u00f3n multitud de colores, pero, si no encuentras el color que buscas, lo puedo pintar por ti.<\/p>\n<p>Este pa\u00f1uelo de seda muselina de color lila se puede llevar en verano como pareo, de cintur\u00f3n, en la cabeza, entre los cabellos haciendo una trenza o en el cuello a pleno invierno.<\/p>\n<p>&nbsp;<\/p>\n<p>&nbsp;<\/p>\n<p>&nbsp;<\/p>\n","protected":false},"excerpt":{"rendered":"<p>Pa\u00f1uelo de seda muselina pintado con manchas de color lila y el contraste del blanco del pa\u00f1uelo<\/p>\n<p>Medidas de 150&#215;45<\/p>\n","protected":false},"featured_media":8370,"comment_status":"closed","ping_status":"closed","template":"","meta":{"_et_pb_use_builder":"","_et_pb_old_content":"","_et_gb_content_width":""},"product_brand":[],"product_cat":[430],"product_tag":[],"class_list":{"0":"post-10889","1":"product","2":"type-product","3":"status-publish","4":"has-post-thumbnail","6":"product_cat-flores-de-seda-es","8":"first","9":"instock","10":"taxable","11":"shipping-taxable","12":"purchasable","13":"product-type-simple"},"yoast_head":"<!-- This site is optimized with the Yoast SEO plugin v27.0 - https:\/\/yoast.com\/product\/yoast-seo-wordpress\/ -->\n<title>Flor de seda natural lila - Art en Seda<\/title>\n<meta name=\"description\" content=\"Flor de seda natural lila. Mide 150x45. Se puede llevar como pareo, en la cabeza, como cintur\u00f3n o en el cuello. Presentada en forma de flor.\" \/>\n<meta name=\"robots\" content=\"index, follow, max-snippet:-1, max-image-preview:large, max-video-preview:-1\" \/>\n<link rel=\"canonical\" href=\"https:\/\/annaalbert.com\/es\/producto-es\/flor-seda-natural-lilas\/\" \/>\n<meta property=\"og:locale\" content=\"es_ES\" \/>\n<meta property=\"og:type\" content=\"article\" \/>\n<meta property=\"og:title\" content=\"Flor de seda natural lila - Art en Seda\" \/>\n<meta property=\"og:description\" content=\"Flor de seda natural lila. Mide 150x45. Se puede llevar como pareo, en la cabeza, como cintur\u00f3n o en el cuello. Presentada en forma de flor.\" \/>\n<meta property=\"og:url\" content=\"https:\/\/annaalbert.com\/es\/producto-es\/flor-seda-natural-lilas\/\" \/>\n<meta property=\"og:site_name\" content=\"Art en Seda\" \/>\n<meta property=\"article:modified_time\" content=\"2024-04-03T07:50:45+00:00\" \/>\n<meta property=\"og:image\" content=\"https:\/\/annaalbert.com\/wp-content\/uploads\/2020\/04\/rosa-lila.jpg\" \/>\n\t<meta property=\"og:image:width\" content=\"800\" \/>\n\t<meta property=\"og:image:height\" content=\"960\" \/>\n\t<meta property=\"og:image:type\" content=\"image\/jpeg\" \/>\n<meta name=\"twitter:card\" content=\"summary_large_image\" \/>\n<meta name=\"twitter:label1\" content=\"Tiempo de lectura\" \/>\n\t<meta name=\"twitter:data1\" content=\"1 minuto\" \/>\n<script type=\"application\/ld+json\" class=\"yoast-schema-graph\">{\"@context\":\"https:\/\/schema.org\",\"@graph\":[{\"@type\":\"WebPage\",\"@id\":\"https:\/\/annaalbert.com\/es\/producto-es\/flor-seda-natural-lilas\/\",\"url\":\"https:\/\/annaalbert.com\/es\/producto-es\/flor-seda-natural-lilas\/\",\"name\":\"Flor de seda natural lila - Art en Seda\",\"isPartOf\":{\"@id\":\"https:\/\/annaalbert.com\/es\/#website\"},\"primaryImageOfPage\":{\"@id\":\"https:\/\/annaalbert.com\/es\/producto-es\/flor-seda-natural-lilas\/#primaryimage\"},\"image\":{\"@id\":\"https:\/\/annaalbert.com\/es\/producto-es\/flor-seda-natural-lilas\/#primaryimage\"},\"thumbnailUrl\":\"https:\/\/annaalbert.com\/wp-content\/uploads\/2020\/04\/rosa-lila.jpg\",\"datePublished\":\"2020-04-17T15:29:48+00:00\",\"dateModified\":\"2024-04-03T07:50:45+00:00\",\"description\":\"Flor de seda natural lila. Mide 150x45. Se puede llevar como pareo, en la cabeza, como cintur\u00f3n o en el cuello. Presentada en forma de flor.\",\"breadcrumb\":{\"@id\":\"https:\/\/annaalbert.com\/es\/producto-es\/flor-seda-natural-lilas\/#breadcrumb\"},\"inLanguage\":\"es\",\"potentialAction\":[{\"@type\":\"ReadAction\",\"target\":[\"https:\/\/annaalbert.com\/es\/producto-es\/flor-seda-natural-lilas\/\"]}]},{\"@type\":\"ImageObject\",\"inLanguage\":\"es\",\"@id\":\"https:\/\/annaalbert.com\/es\/producto-es\/flor-seda-natural-lilas\/#primaryimage\",\"url\":\"https:\/\/annaalbert.com\/wp-content\/uploads\/2020\/04\/rosa-lila.jpg\",\"contentUrl\":\"https:\/\/annaalbert.com\/wp-content\/uploads\/2020\/04\/rosa-lila.jpg\",\"width\":800,\"height\":960,\"caption\":\"Flor seda natural lila\"},{\"@type\":\"BreadcrumbList\",\"@id\":\"https:\/\/annaalbert.com\/es\/producto-es\/flor-seda-natural-lilas\/#breadcrumb\",\"itemListElement\":[{\"@type\":\"ListItem\",\"position\":1,\"name\":\"Portada\",\"item\":\"https:\/\/annaalbert.com\/es\/\"},{\"@type\":\"ListItem\",\"position\":2,\"name\":\"Tienda\",\"item\":\"https:\/\/annaalbert.com\/tienda\/\"},{\"@type\":\"ListItem\",\"position\":3,\"name\":\"FLOR DE SEDA NATURAL LILA\"}]},{\"@type\":\"WebSite\",\"@id\":\"https:\/\/annaalbert.com\/es\/#website\",\"url\":\"https:\/\/annaalbert.com\/es\/\",\"name\":\"Art en Seda\",\"description\":\"Productos de seda pintada a mano, asi como cursos, talleres, experiencias por la artesana Anna Albert\",\"publisher\":{\"@id\":\"https:\/\/annaalbert.com\/es\/#organization\"},\"potentialAction\":[{\"@type\":\"SearchAction\",\"target\":{\"@type\":\"EntryPoint\",\"urlTemplate\":\"https:\/\/annaalbert.com\/es\/?s={search_term_string}\"},\"query-input\":{\"@type\":\"PropertyValueSpecification\",\"valueRequired\":true,\"valueName\":\"search_term_string\"}}],\"inLanguage\":\"es\"},{\"@type\":\"Organization\",\"@id\":\"https:\/\/annaalbert.com\/es\/#organization\",\"name\":\"Art en Seda by Anna Albert\",\"url\":\"https:\/\/annaalbert.com\/es\/\",\"logo\":{\"@type\":\"ImageObject\",\"inLanguage\":\"es\",\"@id\":\"https:\/\/annaalbert.com\/es\/#\/schema\/logo\/image\/\",\"url\":\"https:\/\/annaalbert.com\/wp-content\/uploads\/2021\/01\/horitzontal_fonsblanc-scaled.jpg\",\"contentUrl\":\"https:\/\/annaalbert.com\/wp-content\/uploads\/2021\/01\/horitzontal_fonsblanc-scaled.jpg\",\"width\":2560,\"height\":779,\"caption\":\"Art en Seda by Anna Albert\"},\"image\":{\"@id\":\"https:\/\/annaalbert.com\/es\/#\/schema\/logo\/image\/\"}}]}<\/script>\n<!-- \/ Yoast SEO plugin. -->","yoast_head_json":{"title":"Flor de seda natural lila - Art en Seda","description":"Flor de seda natural lila. Mide 150x45. Se puede llevar como pareo, en la cabeza, como cintur\u00f3n o en el cuello. Presentada en forma de flor.","robots":{"index":"index","follow":"follow","max-snippet":"max-snippet:-1","max-image-preview":"max-image-preview:large","max-video-preview":"max-video-preview:-1"},"canonical":"https:\/\/annaalbert.com\/es\/producto-es\/flor-seda-natural-lilas\/","og_locale":"es_ES","og_type":"article","og_title":"Flor de seda natural lila - Art en Seda","og_description":"Flor de seda natural lila. Mide 150x45. Se puede llevar como pareo, en la cabeza, como cintur\u00f3n o en el cuello. Presentada en forma de flor.","og_url":"https:\/\/annaalbert.com\/es\/producto-es\/flor-seda-natural-lilas\/","og_site_name":"Art en Seda","article_modified_time":"2024-04-03T07:50:45+00:00","og_image":[{"width":800,"height":960,"url":"https:\/\/annaalbert.com\/wp-content\/uploads\/2020\/04\/rosa-lila.jpg","type":"image\/jpeg"}],"twitter_card":"summary_large_image","twitter_misc":{"Tiempo de lectura":"1 minuto"},"schema":{"@context":"https:\/\/schema.org","@graph":[{"@type":"WebPage","@id":"https:\/\/annaalbert.com\/es\/producto-es\/flor-seda-natural-lilas\/","url":"https:\/\/annaalbert.com\/es\/producto-es\/flor-seda-natural-lilas\/","name":"Flor de seda natural lila - Art en Seda","isPartOf":{"@id":"https:\/\/annaalbert.com\/es\/#website"},"primaryImageOfPage":{"@id":"https:\/\/annaalbert.com\/es\/producto-es\/flor-seda-natural-lilas\/#primaryimage"},"image":{"@id":"https:\/\/annaalbert.com\/es\/producto-es\/flor-seda-natural-lilas\/#primaryimage"},"thumbnailUrl":"https:\/\/annaalbert.com\/wp-content\/uploads\/2020\/04\/rosa-lila.jpg","datePublished":"2020-04-17T15:29:48+00:00","dateModified":"2024-04-03T07:50:45+00:00","description":"Flor de seda natural lila. Mide 150x45. Se puede llevar como pareo, en la cabeza, como cintur\u00f3n o en el cuello. Presentada en forma de flor.","breadcrumb":{"@id":"https:\/\/annaalbert.com\/es\/producto-es\/flor-seda-natural-lilas\/#breadcrumb"},"inLanguage":"es","potentialAction":[{"@type":"ReadAction","target":["https:\/\/annaalbert.com\/es\/producto-es\/flor-seda-natural-lilas\/"]}]},{"@type":"ImageObject","inLanguage":"es","@id":"https:\/\/annaalbert.com\/es\/producto-es\/flor-seda-natural-lilas\/#primaryimage","url":"https:\/\/annaalbert.com\/wp-content\/uploads\/2020\/04\/rosa-lila.jpg","contentUrl":"https:\/\/annaalbert.com\/wp-content\/uploads\/2020\/04\/rosa-lila.jpg","width":800,"height":960,"caption":"Flor seda natural lila"},{"@type":"BreadcrumbList","@id":"https:\/\/annaalbert.com\/es\/producto-es\/flor-seda-natural-lilas\/#breadcrumb","itemListElement":[{"@type":"ListItem","position":1,"name":"Portada","item":"https:\/\/annaalbert.com\/es\/"},{"@type":"ListItem","position":2,"name":"Tienda","item":"https:\/\/annaalbert.com\/tienda\/"},{"@type":"ListItem","position":3,"name":"FLOR DE SEDA NATURAL LILA"}]},{"@type":"WebSite","@id":"https:\/\/annaalbert.com\/es\/#website","url":"https:\/\/annaalbert.com\/es\/","name":"Art en Seda","description":"Productos de seda pintada a mano, asi como cursos, talleres, experiencias por la artesana Anna Albert","publisher":{"@id":"https:\/\/annaalbert.com\/es\/#organization"},"potentialAction":[{"@type":"SearchAction","target":{"@type":"EntryPoint","urlTemplate":"https:\/\/annaalbert.com\/es\/?s={search_term_string}"},"query-input":{"@type":"PropertyValueSpecification","valueRequired":true,"valueName":"search_term_string"}}],"inLanguage":"es"},{"@type":"Organization","@id":"https:\/\/annaalbert.com\/es\/#organization","name":"Art en Seda by Anna Albert","url":"https:\/\/annaalbert.com\/es\/","logo":{"@type":"ImageObject","inLanguage":"es","@id":"https:\/\/annaalbert.com\/es\/#\/schema\/logo\/image\/","url":"https:\/\/annaalbert.com\/wp-content\/uploads\/2021\/01\/horitzontal_fonsblanc-scaled.jpg","contentUrl":"https:\/\/annaalbert.com\/wp-content\/uploads\/2021\/01\/horitzontal_fonsblanc-scaled.jpg","width":2560,"height":779,"caption":"Art en Seda by Anna Albert"},"image":{"@id":"https:\/\/annaalbert.com\/es\/#\/schema\/logo\/image\/"}}]}},"_links":{"self":[{"href":"https:\/\/annaalbert.com\/es\/wp-json\/wp\/v2\/product\/10889","targetHints":{"allow":["GET"]}}],"collection":[{"href":"https:\/\/annaalbert.com\/es\/wp-json\/wp\/v2\/product"}],"about":[{"href":"https:\/\/annaalbert.com\/es\/wp-json\/wp\/v2\/types\/product"}],"replies":[{"embeddable":true,"href":"https:\/\/annaalbert.com\/es\/wp-json\/wp\/v2\/comments?post=10889"}],"wp:featuredmedia":[{"embeddable":true,"href":"https:\/\/annaalbert.com\/es\/wp-json\/wp\/v2\/media\/8370"}],"wp:attachment":[{"href":"https:\/\/annaalbert.com\/es\/wp-json\/wp\/v2\/media?parent=10889"}],"wp:term":[{"taxonomy":"product_brand","embeddable":true,"href":"https:\/\/annaalbert.com\/es\/wp-json\/wp\/v2\/product_brand?post=10889"},{"taxonomy":"product_cat","embeddable":true,"href":"https:\/\/annaalbert.com\/es\/wp-json\/wp\/v2\/product_cat?post=10889"},{"taxonomy":"product_tag","embeddable":true,"href":"https:\/\/annaalbert.com\/es\/wp-json\/wp\/v2\/product_tag?post=10889"}],"curies":[{"name":"wp","href":"https:\/\/api.w.org\/{rel}","templated":true}]}}