{"id":10881,"date":"2020-04-30T08:08:20","date_gmt":"2020-04-30T08:08:20","guid":{"rendered":"https:\/\/annaalbert.com\/producto\/tarjeta-de-muestras\/"},"modified":"2023-10-26T08:58:21","modified_gmt":"2023-10-26T08:58:21","slug":"tarjeta-de-prueba","status":"publish","type":"product","link":"https:\/\/annaalbert.com\/es\/producto-es\/tarjeta-de-prueba\/","title":{"rendered":"TARJETA DE MUESTRAS"},"content":{"rendered":"<div>As\u00ed como la seda es conocida como \u00abla reina de las fibras\u00bb y ha cautivado la humanidad con su elegancia y luminosidad durante siglos. Con esta tarjeta de muestras, tendr\u00e1s la oportunidad de probar tres variedades \u00fanicas de seda, cada una con sus caracter\u00edsticas inigualables. Podr\u00e1s descubrir el lujo y la elegancia de la seda natural con nuestra exclusiva tarjeta de muestras, de tres tipos \u00fanicos de seda, las cuales te transportar\u00e1n en un mundo de delicadeza y belleza inigualables.<\/div>\n<div><\/div>\n<div>Pide esta tarjeta con sedas de verdad y experimenta con los sentidos, que te permitir\u00e1 experimentar directamente la riqueza de la seda y elegir la que mejor que se ajuste a tus necesidades y gustos. Es una oportunidad \u00fanica para conocer y enamorarte de la seda en toda su diversidad. Adem\u00e1s, te lo enviamos a casa, as\u00ed podr\u00e1s ver, tocar y sentir tres tipos de seda y saber cu\u00e1l te gusta m\u00e1s.<\/div>\n<div><\/div>\n<div>Desde el sof\u00e1 de casa, con la calma y la tranquilidad. Porque hay muchos y muchos tipos de seda y cada una tiene sus caracter\u00edsticas. Esta tarjeta llevar\u00e1 tres recortes de seda pintados por m\u00ed y cada uno con un tipo de seda. \u00bfQuieres saber cu\u00e1l es tu preferida?<\/div>\n<div><\/div>\n<div><\/div>\n<div>delante<\/div>\n<div><img fetchpriority=\"high\" fetchpriority=\"high\" decoding=\"async\" class=\"alignnone wp-image-8600\" src=\"https:\/\/annaalbert.com\/wp-content\/uploads\/2020\/04\/targeta-cara-A-20x10-1.jpg\" alt=\"\" width=\"505\" height=\"288\" srcset=\"https:\/\/annaalbert.com\/wp-content\/uploads\/2020\/04\/targeta-cara-A-20x10-1-980x560.jpg 980w, https:\/\/annaalbert.com\/wp-content\/uploads\/2020\/04\/targeta-cara-A-20x10-1-480x274.jpg 480w\" sizes=\"(min-width: 0px) and (max-width: 480px) 480px, (min-width: 481px) and (max-width: 980px) 980px, 100vw\" \/><\/div>\n<div><\/div>\n<div>detr\u00e1s<\/div>\n<div><img decoding=\"async\" class=\"alignnone wp-image-8602\" src=\"https:\/\/annaalbert.com\/wp-content\/uploads\/2020\/04\/targeta-cara-B-20x10-1.jpg\" alt=\"\" width=\"506\" height=\"289\"><\/div>\n<div><img decoding=\"async\" class=\"wp-image-8648 alignleft\" src=\"https:\/\/annaalbert.com\/wp-content\/uploads\/2020\/04\/20200510_164953-scaled.jpg\" alt=\"\" width=\"520\" height=\"693\"><\/div>\n<div><\/div>\n<div><\/div>\n<div><\/div>\n","protected":false},"excerpt":{"rendered":"<p>As\u00ed como la seda es conocida como \u00abla reina de las fibras\u00bb y ha cautivado la humanidad con su elegancia y luminosidad durante siglos. Con esta tarjeta de muestras, tendr\u00e1s la oportunidad de probar tres variedades \u00fanicas de seda, cada una con sus caracter\u00edsticas inigualables. Podr\u00e1s descubrir el lujo y la elegancia de la seda [&hellip;]<\/p>\n","protected":false},"featured_media":10882,"comment_status":"closed","ping_status":"closed","template":"","meta":{"_et_pb_use_builder":"","_et_pb_old_content":"","_et_gb_content_width":""},"product_brand":[],"product_cat":[428],"product_tag":[],"class_list":{"0":"post-10881","1":"product","2":"type-product","3":"status-publish","4":"has-post-thumbnail","6":"product_cat-sin-categorizar-es","8":"first","9":"instock","10":"purchasable","11":"product-type-simple"},"yoast_head":"<!-- This site is optimized with the Yoast SEO plugin v27.0 - https:\/\/yoast.com\/product\/yoast-seo-wordpress\/ -->\n<title>TARJETA DE MUESTRAS - Art en Seda<\/title>\n<meta name=\"description\" content=\"Aqu\u00ed podr\u00e9is obtener una tarjeta de muestras de tipos de seda de manera gratuita para que pod\u00e1is comparar y determinar cu\u00e1l os gusta m\u00e1s.\" \/>\n<meta name=\"robots\" content=\"index, follow, max-snippet:-1, max-image-preview:large, max-video-preview:-1\" \/>\n<link rel=\"canonical\" href=\"https:\/\/annaalbert.com\/es\/producto-es\/tarjeta-de-prueba\/\" \/>\n<meta property=\"og:locale\" content=\"es_ES\" \/>\n<meta property=\"og:type\" content=\"article\" \/>\n<meta property=\"og:title\" content=\"TARJETA DE MUESTRAS - Art en Seda\" \/>\n<meta property=\"og:description\" content=\"Aqu\u00ed podr\u00e9is obtener una tarjeta de muestras de tipos de seda de manera gratuita para que pod\u00e1is comparar y determinar cu\u00e1l os gusta m\u00e1s.\" \/>\n<meta property=\"og:url\" content=\"https:\/\/annaalbert.com\/es\/producto-es\/tarjeta-de-prueba\/\" \/>\n<meta property=\"og:site_name\" content=\"Art en Seda\" \/>\n<meta property=\"article:modified_time\" content=\"2023-10-26T08:58:21+00:00\" \/>\n<meta property=\"og:image\" content=\"https:\/\/annaalbert.com\/wp-content\/uploads\/2020\/04\/targeta-cara-A-20x10-1.jpg\" \/>\n\t<meta property=\"og:image:width\" content=\"1050\" \/>\n\t<meta property=\"og:image:height\" content=\"600\" \/>\n\t<meta property=\"og:image:type\" content=\"image\/jpeg\" \/>\n<meta name=\"twitter:card\" content=\"summary_large_image\" \/>\n<meta name=\"twitter:label1\" content=\"Tiempo de lectura\" \/>\n\t<meta name=\"twitter:data1\" content=\"1 minuto\" \/>\n<script type=\"application\/ld+json\" class=\"yoast-schema-graph\">{\"@context\":\"https:\/\/schema.org\",\"@graph\":[{\"@type\":\"WebPage\",\"@id\":\"https:\/\/annaalbert.com\/es\/producto-es\/tarjeta-de-prueba\/\",\"url\":\"https:\/\/annaalbert.com\/es\/producto-es\/tarjeta-de-prueba\/\",\"name\":\"TARJETA DE MUESTRAS - Art en Seda\",\"isPartOf\":{\"@id\":\"https:\/\/annaalbert.com\/es\/#website\"},\"primaryImageOfPage\":{\"@id\":\"https:\/\/annaalbert.com\/es\/producto-es\/tarjeta-de-prueba\/#primaryimage\"},\"image\":{\"@id\":\"https:\/\/annaalbert.com\/es\/producto-es\/tarjeta-de-prueba\/#primaryimage\"},\"thumbnailUrl\":\"https:\/\/annaalbert.com\/wp-content\/uploads\/2020\/04\/targeta-cara-A-20x10-1.jpg\",\"datePublished\":\"2020-04-30T08:08:20+00:00\",\"dateModified\":\"2023-10-26T08:58:21+00:00\",\"description\":\"Aqu\u00ed podr\u00e9is obtener una tarjeta de muestras de tipos de seda de manera gratuita para que pod\u00e1is comparar y determinar cu\u00e1l os gusta m\u00e1s.\",\"breadcrumb\":{\"@id\":\"https:\/\/annaalbert.com\/es\/producto-es\/tarjeta-de-prueba\/#breadcrumb\"},\"inLanguage\":\"es\",\"potentialAction\":[{\"@type\":\"ReadAction\",\"target\":[\"https:\/\/annaalbert.com\/es\/producto-es\/tarjeta-de-prueba\/\"]}]},{\"@type\":\"ImageObject\",\"inLanguage\":\"es\",\"@id\":\"https:\/\/annaalbert.com\/es\/producto-es\/tarjeta-de-prueba\/#primaryimage\",\"url\":\"https:\/\/annaalbert.com\/wp-content\/uploads\/2020\/04\/targeta-cara-A-20x10-1.jpg\",\"contentUrl\":\"https:\/\/annaalbert.com\/wp-content\/uploads\/2020\/04\/targeta-cara-A-20x10-1.jpg\",\"width\":1050,\"height\":600,\"caption\":\"targeta seda natural\"},{\"@type\":\"BreadcrumbList\",\"@id\":\"https:\/\/annaalbert.com\/es\/producto-es\/tarjeta-de-prueba\/#breadcrumb\",\"itemListElement\":[{\"@type\":\"ListItem\",\"position\":1,\"name\":\"Portada\",\"item\":\"https:\/\/annaalbert.com\/es\/\"},{\"@type\":\"ListItem\",\"position\":2,\"name\":\"Tienda\",\"item\":\"https:\/\/annaalbert.com\/tienda\/\"},{\"@type\":\"ListItem\",\"position\":3,\"name\":\"TARJETA DE MUESTRAS\"}]},{\"@type\":\"WebSite\",\"@id\":\"https:\/\/annaalbert.com\/es\/#website\",\"url\":\"https:\/\/annaalbert.com\/es\/\",\"name\":\"Art en Seda\",\"description\":\"Productos de seda pintada a mano, asi como cursos, talleres, experiencias por la artesana Anna Albert\",\"publisher\":{\"@id\":\"https:\/\/annaalbert.com\/es\/#organization\"},\"potentialAction\":[{\"@type\":\"SearchAction\",\"target\":{\"@type\":\"EntryPoint\",\"urlTemplate\":\"https:\/\/annaalbert.com\/es\/?s={search_term_string}\"},\"query-input\":{\"@type\":\"PropertyValueSpecification\",\"valueRequired\":true,\"valueName\":\"search_term_string\"}}],\"inLanguage\":\"es\"},{\"@type\":\"Organization\",\"@id\":\"https:\/\/annaalbert.com\/es\/#organization\",\"name\":\"Art en Seda by Anna Albert\",\"url\":\"https:\/\/annaalbert.com\/es\/\",\"logo\":{\"@type\":\"ImageObject\",\"inLanguage\":\"es\",\"@id\":\"https:\/\/annaalbert.com\/es\/#\/schema\/logo\/image\/\",\"url\":\"https:\/\/annaalbert.com\/wp-content\/uploads\/2021\/01\/horitzontal_fonsblanc-scaled.jpg\",\"contentUrl\":\"https:\/\/annaalbert.com\/wp-content\/uploads\/2021\/01\/horitzontal_fonsblanc-scaled.jpg\",\"width\":2560,\"height\":779,\"caption\":\"Art en Seda by Anna Albert\"},\"image\":{\"@id\":\"https:\/\/annaalbert.com\/es\/#\/schema\/logo\/image\/\"}}]}<\/script>\n<!-- \/ Yoast SEO plugin. -->","yoast_head_json":{"title":"TARJETA DE MUESTRAS - Art en Seda","description":"Aqu\u00ed podr\u00e9is obtener una tarjeta de muestras de tipos de seda de manera gratuita para que pod\u00e1is comparar y determinar cu\u00e1l os gusta m\u00e1s.","robots":{"index":"index","follow":"follow","max-snippet":"max-snippet:-1","max-image-preview":"max-image-preview:large","max-video-preview":"max-video-preview:-1"},"canonical":"https:\/\/annaalbert.com\/es\/producto-es\/tarjeta-de-prueba\/","og_locale":"es_ES","og_type":"article","og_title":"TARJETA DE MUESTRAS - Art en Seda","og_description":"Aqu\u00ed podr\u00e9is obtener una tarjeta de muestras de tipos de seda de manera gratuita para que pod\u00e1is comparar y determinar cu\u00e1l os gusta m\u00e1s.","og_url":"https:\/\/annaalbert.com\/es\/producto-es\/tarjeta-de-prueba\/","og_site_name":"Art en Seda","article_modified_time":"2023-10-26T08:58:21+00:00","og_image":[{"width":1050,"height":600,"url":"https:\/\/annaalbert.com\/wp-content\/uploads\/2020\/04\/targeta-cara-A-20x10-1.jpg","type":"image\/jpeg"}],"twitter_card":"summary_large_image","twitter_misc":{"Tiempo de lectura":"1 minuto"},"schema":{"@context":"https:\/\/schema.org","@graph":[{"@type":"WebPage","@id":"https:\/\/annaalbert.com\/es\/producto-es\/tarjeta-de-prueba\/","url":"https:\/\/annaalbert.com\/es\/producto-es\/tarjeta-de-prueba\/","name":"TARJETA DE MUESTRAS - Art en Seda","isPartOf":{"@id":"https:\/\/annaalbert.com\/es\/#website"},"primaryImageOfPage":{"@id":"https:\/\/annaalbert.com\/es\/producto-es\/tarjeta-de-prueba\/#primaryimage"},"image":{"@id":"https:\/\/annaalbert.com\/es\/producto-es\/tarjeta-de-prueba\/#primaryimage"},"thumbnailUrl":"https:\/\/annaalbert.com\/wp-content\/uploads\/2020\/04\/targeta-cara-A-20x10-1.jpg","datePublished":"2020-04-30T08:08:20+00:00","dateModified":"2023-10-26T08:58:21+00:00","description":"Aqu\u00ed podr\u00e9is obtener una tarjeta de muestras de tipos de seda de manera gratuita para que pod\u00e1is comparar y determinar cu\u00e1l os gusta m\u00e1s.","breadcrumb":{"@id":"https:\/\/annaalbert.com\/es\/producto-es\/tarjeta-de-prueba\/#breadcrumb"},"inLanguage":"es","potentialAction":[{"@type":"ReadAction","target":["https:\/\/annaalbert.com\/es\/producto-es\/tarjeta-de-prueba\/"]}]},{"@type":"ImageObject","inLanguage":"es","@id":"https:\/\/annaalbert.com\/es\/producto-es\/tarjeta-de-prueba\/#primaryimage","url":"https:\/\/annaalbert.com\/wp-content\/uploads\/2020\/04\/targeta-cara-A-20x10-1.jpg","contentUrl":"https:\/\/annaalbert.com\/wp-content\/uploads\/2020\/04\/targeta-cara-A-20x10-1.jpg","width":1050,"height":600,"caption":"targeta seda natural"},{"@type":"BreadcrumbList","@id":"https:\/\/annaalbert.com\/es\/producto-es\/tarjeta-de-prueba\/#breadcrumb","itemListElement":[{"@type":"ListItem","position":1,"name":"Portada","item":"https:\/\/annaalbert.com\/es\/"},{"@type":"ListItem","position":2,"name":"Tienda","item":"https:\/\/annaalbert.com\/tienda\/"},{"@type":"ListItem","position":3,"name":"TARJETA DE MUESTRAS"}]},{"@type":"WebSite","@id":"https:\/\/annaalbert.com\/es\/#website","url":"https:\/\/annaalbert.com\/es\/","name":"Art en Seda","description":"Productos de seda pintada a mano, asi como cursos, talleres, experiencias por la artesana Anna Albert","publisher":{"@id":"https:\/\/annaalbert.com\/es\/#organization"},"potentialAction":[{"@type":"SearchAction","target":{"@type":"EntryPoint","urlTemplate":"https:\/\/annaalbert.com\/es\/?s={search_term_string}"},"query-input":{"@type":"PropertyValueSpecification","valueRequired":true,"valueName":"search_term_string"}}],"inLanguage":"es"},{"@type":"Organization","@id":"https:\/\/annaalbert.com\/es\/#organization","name":"Art en Seda by Anna Albert","url":"https:\/\/annaalbert.com\/es\/","logo":{"@type":"ImageObject","inLanguage":"es","@id":"https:\/\/annaalbert.com\/es\/#\/schema\/logo\/image\/","url":"https:\/\/annaalbert.com\/wp-content\/uploads\/2021\/01\/horitzontal_fonsblanc-scaled.jpg","contentUrl":"https:\/\/annaalbert.com\/wp-content\/uploads\/2021\/01\/horitzontal_fonsblanc-scaled.jpg","width":2560,"height":779,"caption":"Art en Seda by Anna Albert"},"image":{"@id":"https:\/\/annaalbert.com\/es\/#\/schema\/logo\/image\/"}}]}},"_links":{"self":[{"href":"https:\/\/annaalbert.com\/es\/wp-json\/wp\/v2\/product\/10881","targetHints":{"allow":["GET"]}}],"collection":[{"href":"https:\/\/annaalbert.com\/es\/wp-json\/wp\/v2\/product"}],"about":[{"href":"https:\/\/annaalbert.com\/es\/wp-json\/wp\/v2\/types\/product"}],"replies":[{"embeddable":true,"href":"https:\/\/annaalbert.com\/es\/wp-json\/wp\/v2\/comments?post=10881"}],"wp:featuredmedia":[{"embeddable":true,"href":"https:\/\/annaalbert.com\/es\/wp-json\/wp\/v2\/media\/10882"}],"wp:attachment":[{"href":"https:\/\/annaalbert.com\/es\/wp-json\/wp\/v2\/media?parent=10881"}],"wp:term":[{"taxonomy":"product_brand","embeddable":true,"href":"https:\/\/annaalbert.com\/es\/wp-json\/wp\/v2\/product_brand?post=10881"},{"taxonomy":"product_cat","embeddable":true,"href":"https:\/\/annaalbert.com\/es\/wp-json\/wp\/v2\/product_cat?post=10881"},{"taxonomy":"product_tag","embeddable":true,"href":"https:\/\/annaalbert.com\/es\/wp-json\/wp\/v2\/product_tag?post=10881"}],"curies":[{"name":"wp","href":"https:\/\/api.w.org\/{rel}","templated":true}]}}