{"id":10877,"date":"2020-05-20T16:19:20","date_gmt":"2020-05-20T16:19:20","guid":{"rendered":"https:\/\/annaalbert.com\/producto\/bolso-mujer-algodon-seda-mariposas\/"},"modified":"2023-10-20T10:44:04","modified_gmt":"2023-10-20T10:44:04","slug":"bolso-mujer-algodon-seda-mariposas","status":"publish","type":"product","link":"https:\/\/annaalbert.com\/es\/producto-es\/bolso-mujer-algodon-seda-mariposas\/","title":{"rendered":"BOLSO MUJER ALGOD\u00d3N SEDA MARIPOSAS"},"content":{"rendered":"<p>Bolso mujer algod\u00f3n seda mariposas.<\/p>\n<p>Esta bolsita tiene una medida ideal para llevar el m\u00f3vil, las llaves y la cartera.<\/p>\n<p>Delante es un estampado de algod\u00f3n donde hay mariposas estampadas de colores. Las aplicaciones con formas de flores de fantas\u00eda son sedas pintadas y otras texturas como lanas, botones o brillantes.<\/p>\n<p>Esta colecci\u00f3n nace con el confinamiento y el inicio de la primavera. La ropa la compr\u00e9 en un viaje a Nice y ahora ha sido la ocasi\u00f3n de utilizarla. Pero como hab\u00eda pocos metros, el que tengo expuesto es todo el que tendr\u00e1. Es una colecci\u00f3n extremadamente limitada, de piezas \u00fanicas y muy \u00fanicas.<\/p>\n<p>La parte de detr\u00e1s y la asa larga son de loneta negra y, las asas acaban con un nudo a ambos lados, de forma que se puede acortar con facilidad si se necesita.<\/p>\n<p>El interior del bolso mujer algod\u00f3n seda mariposas viene forrado y lleva un bolsillo doble. Tambi\u00e9n lleva dos etiquetas, una interior y una colgada de la cremallera con un escrito donde certifica que est\u00e1s ante una pieza \u00fanica mimada con todos los detalles por la autora.<\/p>\n<p>Es un complemento original y \u00fatil pensado para gustar a la mujer que busca accesorios exclusivos.<\/p>\n<p>\u00a1Pieza \u00fanica!<\/p>\n<p>&nbsp;<\/p>\n","protected":false},"excerpt":{"rendered":"<p>Bolso de algod\u00f3n y sedas<\/p>\n<p>Medida peque\u00f1a 20x16cm<\/p>\n","protected":false},"featured_media":8703,"comment_status":"closed","ping_status":"closed","template":"","meta":{"_et_pb_use_builder":"","_et_pb_old_content":"","_et_gb_content_width":""},"product_brand":[],"product_cat":[358],"product_tag":[],"class_list":{"0":"post-10877","1":"product","2":"type-product","3":"status-publish","4":"has-post-thumbnail","6":"product_cat-bolsos-es-2","8":"first","9":"outofstock","10":"taxable","11":"shipping-taxable","12":"purchasable","13":"product-type-simple"},"yoast_head":"<!-- This site is optimized with the Yoast SEO plugin v27.0 - https:\/\/yoast.com\/product\/yoast-seo-wordpress\/ -->\n<title>Bolso mujer algod\u00f3n seda mariposas - Art en Seda<\/title>\n<meta name=\"description\" content=\"Bolso mujer algod\u00f3n seda mariposas. Pieza \u00fanica con la medida ideal para llevar el m\u00f3vil, las claves, y la cartera de dinero. Complemento original i \u00fatil.\" \/>\n<meta name=\"robots\" content=\"index, follow, max-snippet:-1, max-image-preview:large, max-video-preview:-1\" \/>\n<link rel=\"canonical\" href=\"https:\/\/annaalbert.com\/es\/producto-es\/bolso-mujer-algodon-seda-mariposas\/\" \/>\n<meta property=\"og:locale\" content=\"es_ES\" \/>\n<meta property=\"og:type\" content=\"article\" \/>\n<meta property=\"og:title\" content=\"Bolso mujer algod\u00f3n seda mariposas - Art en Seda\" \/>\n<meta property=\"og:description\" content=\"Bolso mujer algod\u00f3n seda mariposas. Pieza \u00fanica con la medida ideal para llevar el m\u00f3vil, las claves, y la cartera de dinero. Complemento original i \u00fatil.\" \/>\n<meta property=\"og:url\" content=\"https:\/\/annaalbert.com\/es\/producto-es\/bolso-mujer-algodon-seda-mariposas\/\" \/>\n<meta property=\"og:site_name\" content=\"Art en Seda\" \/>\n<meta property=\"article:modified_time\" content=\"2023-10-20T10:44:04+00:00\" \/>\n<meta property=\"og:image\" content=\"https:\/\/annaalbert.com\/wp-content\/uploads\/2020\/05\/bolso-petit-4.jpg\" \/>\n\t<meta property=\"og:image:width\" content=\"800\" \/>\n\t<meta property=\"og:image:height\" content=\"960\" \/>\n\t<meta property=\"og:image:type\" content=\"image\/jpeg\" \/>\n<meta name=\"twitter:card\" content=\"summary_large_image\" \/>\n<meta name=\"twitter:label1\" content=\"Tiempo de lectura\" \/>\n\t<meta name=\"twitter:data1\" content=\"1 minuto\" \/>\n<script type=\"application\/ld+json\" class=\"yoast-schema-graph\">{\"@context\":\"https:\/\/schema.org\",\"@graph\":[{\"@type\":\"WebPage\",\"@id\":\"https:\/\/annaalbert.com\/es\/producto-es\/bolso-mujer-algodon-seda-mariposas\/\",\"url\":\"https:\/\/annaalbert.com\/es\/producto-es\/bolso-mujer-algodon-seda-mariposas\/\",\"name\":\"Bolso mujer algod\u00f3n seda mariposas - Art en Seda\",\"isPartOf\":{\"@id\":\"https:\/\/annaalbert.com\/es\/#website\"},\"primaryImageOfPage\":{\"@id\":\"https:\/\/annaalbert.com\/es\/producto-es\/bolso-mujer-algodon-seda-mariposas\/#primaryimage\"},\"image\":{\"@id\":\"https:\/\/annaalbert.com\/es\/producto-es\/bolso-mujer-algodon-seda-mariposas\/#primaryimage\"},\"thumbnailUrl\":\"https:\/\/annaalbert.com\/wp-content\/uploads\/2020\/05\/bolso-petit-4.jpg\",\"datePublished\":\"2020-05-20T16:19:20+00:00\",\"dateModified\":\"2023-10-20T10:44:04+00:00\",\"description\":\"Bolso mujer algod\u00f3n seda mariposas. Pieza \u00fanica con la medida ideal para llevar el m\u00f3vil, las claves, y la cartera de dinero. Complemento original i \u00fatil.\",\"breadcrumb\":{\"@id\":\"https:\/\/annaalbert.com\/es\/producto-es\/bolso-mujer-algodon-seda-mariposas\/#breadcrumb\"},\"inLanguage\":\"es\",\"potentialAction\":[{\"@type\":\"ReadAction\",\"target\":[\"https:\/\/annaalbert.com\/es\/producto-es\/bolso-mujer-algodon-seda-mariposas\/\"]}]},{\"@type\":\"ImageObject\",\"inLanguage\":\"es\",\"@id\":\"https:\/\/annaalbert.com\/es\/producto-es\/bolso-mujer-algodon-seda-mariposas\/#primaryimage\",\"url\":\"https:\/\/annaalbert.com\/wp-content\/uploads\/2020\/05\/bolso-petit-4.jpg\",\"contentUrl\":\"https:\/\/annaalbert.com\/wp-content\/uploads\/2020\/05\/bolso-petit-4.jpg\",\"width\":800,\"height\":960,\"caption\":\"bossa dona cot\u00f3 seda papallones\"},{\"@type\":\"BreadcrumbList\",\"@id\":\"https:\/\/annaalbert.com\/es\/producto-es\/bolso-mujer-algodon-seda-mariposas\/#breadcrumb\",\"itemListElement\":[{\"@type\":\"ListItem\",\"position\":1,\"name\":\"Portada\",\"item\":\"https:\/\/annaalbert.com\/es\/\"},{\"@type\":\"ListItem\",\"position\":2,\"name\":\"Tienda\",\"item\":\"https:\/\/annaalbert.com\/tienda\/\"},{\"@type\":\"ListItem\",\"position\":3,\"name\":\"BOLSO MUJER ALGOD\u00d3N SEDA MARIPOSAS\"}]},{\"@type\":\"WebSite\",\"@id\":\"https:\/\/annaalbert.com\/es\/#website\",\"url\":\"https:\/\/annaalbert.com\/es\/\",\"name\":\"Art en Seda\",\"description\":\"Productos de seda pintada a mano, asi como cursos, talleres, experiencias por la artesana Anna Albert\",\"publisher\":{\"@id\":\"https:\/\/annaalbert.com\/es\/#organization\"},\"potentialAction\":[{\"@type\":\"SearchAction\",\"target\":{\"@type\":\"EntryPoint\",\"urlTemplate\":\"https:\/\/annaalbert.com\/es\/?s={search_term_string}\"},\"query-input\":{\"@type\":\"PropertyValueSpecification\",\"valueRequired\":true,\"valueName\":\"search_term_string\"}}],\"inLanguage\":\"es\"},{\"@type\":\"Organization\",\"@id\":\"https:\/\/annaalbert.com\/es\/#organization\",\"name\":\"Art en Seda by Anna Albert\",\"url\":\"https:\/\/annaalbert.com\/es\/\",\"logo\":{\"@type\":\"ImageObject\",\"inLanguage\":\"es\",\"@id\":\"https:\/\/annaalbert.com\/es\/#\/schema\/logo\/image\/\",\"url\":\"https:\/\/annaalbert.com\/wp-content\/uploads\/2021\/01\/horitzontal_fonsblanc-scaled.jpg\",\"contentUrl\":\"https:\/\/annaalbert.com\/wp-content\/uploads\/2021\/01\/horitzontal_fonsblanc-scaled.jpg\",\"width\":2560,\"height\":779,\"caption\":\"Art en Seda by Anna Albert\"},\"image\":{\"@id\":\"https:\/\/annaalbert.com\/es\/#\/schema\/logo\/image\/\"}}]}<\/script>\n<!-- \/ Yoast SEO plugin. -->","yoast_head_json":{"title":"Bolso mujer algod\u00f3n seda mariposas - Art en Seda","description":"Bolso mujer algod\u00f3n seda mariposas. Pieza \u00fanica con la medida ideal para llevar el m\u00f3vil, las claves, y la cartera de dinero. Complemento original i \u00fatil.","robots":{"index":"index","follow":"follow","max-snippet":"max-snippet:-1","max-image-preview":"max-image-preview:large","max-video-preview":"max-video-preview:-1"},"canonical":"https:\/\/annaalbert.com\/es\/producto-es\/bolso-mujer-algodon-seda-mariposas\/","og_locale":"es_ES","og_type":"article","og_title":"Bolso mujer algod\u00f3n seda mariposas - Art en Seda","og_description":"Bolso mujer algod\u00f3n seda mariposas. Pieza \u00fanica con la medida ideal para llevar el m\u00f3vil, las claves, y la cartera de dinero. Complemento original i \u00fatil.","og_url":"https:\/\/annaalbert.com\/es\/producto-es\/bolso-mujer-algodon-seda-mariposas\/","og_site_name":"Art en Seda","article_modified_time":"2023-10-20T10:44:04+00:00","og_image":[{"width":800,"height":960,"url":"https:\/\/annaalbert.com\/wp-content\/uploads\/2020\/05\/bolso-petit-4.jpg","type":"image\/jpeg"}],"twitter_card":"summary_large_image","twitter_misc":{"Tiempo de lectura":"1 minuto"},"schema":{"@context":"https:\/\/schema.org","@graph":[{"@type":"WebPage","@id":"https:\/\/annaalbert.com\/es\/producto-es\/bolso-mujer-algodon-seda-mariposas\/","url":"https:\/\/annaalbert.com\/es\/producto-es\/bolso-mujer-algodon-seda-mariposas\/","name":"Bolso mujer algod\u00f3n seda mariposas - Art en Seda","isPartOf":{"@id":"https:\/\/annaalbert.com\/es\/#website"},"primaryImageOfPage":{"@id":"https:\/\/annaalbert.com\/es\/producto-es\/bolso-mujer-algodon-seda-mariposas\/#primaryimage"},"image":{"@id":"https:\/\/annaalbert.com\/es\/producto-es\/bolso-mujer-algodon-seda-mariposas\/#primaryimage"},"thumbnailUrl":"https:\/\/annaalbert.com\/wp-content\/uploads\/2020\/05\/bolso-petit-4.jpg","datePublished":"2020-05-20T16:19:20+00:00","dateModified":"2023-10-20T10:44:04+00:00","description":"Bolso mujer algod\u00f3n seda mariposas. Pieza \u00fanica con la medida ideal para llevar el m\u00f3vil, las claves, y la cartera de dinero. Complemento original i \u00fatil.","breadcrumb":{"@id":"https:\/\/annaalbert.com\/es\/producto-es\/bolso-mujer-algodon-seda-mariposas\/#breadcrumb"},"inLanguage":"es","potentialAction":[{"@type":"ReadAction","target":["https:\/\/annaalbert.com\/es\/producto-es\/bolso-mujer-algodon-seda-mariposas\/"]}]},{"@type":"ImageObject","inLanguage":"es","@id":"https:\/\/annaalbert.com\/es\/producto-es\/bolso-mujer-algodon-seda-mariposas\/#primaryimage","url":"https:\/\/annaalbert.com\/wp-content\/uploads\/2020\/05\/bolso-petit-4.jpg","contentUrl":"https:\/\/annaalbert.com\/wp-content\/uploads\/2020\/05\/bolso-petit-4.jpg","width":800,"height":960,"caption":"bossa dona cot\u00f3 seda papallones"},{"@type":"BreadcrumbList","@id":"https:\/\/annaalbert.com\/es\/producto-es\/bolso-mujer-algodon-seda-mariposas\/#breadcrumb","itemListElement":[{"@type":"ListItem","position":1,"name":"Portada","item":"https:\/\/annaalbert.com\/es\/"},{"@type":"ListItem","position":2,"name":"Tienda","item":"https:\/\/annaalbert.com\/tienda\/"},{"@type":"ListItem","position":3,"name":"BOLSO MUJER ALGOD\u00d3N SEDA MARIPOSAS"}]},{"@type":"WebSite","@id":"https:\/\/annaalbert.com\/es\/#website","url":"https:\/\/annaalbert.com\/es\/","name":"Art en Seda","description":"Productos de seda pintada a mano, asi como cursos, talleres, experiencias por la artesana Anna Albert","publisher":{"@id":"https:\/\/annaalbert.com\/es\/#organization"},"potentialAction":[{"@type":"SearchAction","target":{"@type":"EntryPoint","urlTemplate":"https:\/\/annaalbert.com\/es\/?s={search_term_string}"},"query-input":{"@type":"PropertyValueSpecification","valueRequired":true,"valueName":"search_term_string"}}],"inLanguage":"es"},{"@type":"Organization","@id":"https:\/\/annaalbert.com\/es\/#organization","name":"Art en Seda by Anna Albert","url":"https:\/\/annaalbert.com\/es\/","logo":{"@type":"ImageObject","inLanguage":"es","@id":"https:\/\/annaalbert.com\/es\/#\/schema\/logo\/image\/","url":"https:\/\/annaalbert.com\/wp-content\/uploads\/2021\/01\/horitzontal_fonsblanc-scaled.jpg","contentUrl":"https:\/\/annaalbert.com\/wp-content\/uploads\/2021\/01\/horitzontal_fonsblanc-scaled.jpg","width":2560,"height":779,"caption":"Art en Seda by Anna Albert"},"image":{"@id":"https:\/\/annaalbert.com\/es\/#\/schema\/logo\/image\/"}}]}},"_links":{"self":[{"href":"https:\/\/annaalbert.com\/es\/wp-json\/wp\/v2\/product\/10877","targetHints":{"allow":["GET"]}}],"collection":[{"href":"https:\/\/annaalbert.com\/es\/wp-json\/wp\/v2\/product"}],"about":[{"href":"https:\/\/annaalbert.com\/es\/wp-json\/wp\/v2\/types\/product"}],"replies":[{"embeddable":true,"href":"https:\/\/annaalbert.com\/es\/wp-json\/wp\/v2\/comments?post=10877"}],"wp:featuredmedia":[{"embeddable":true,"href":"https:\/\/annaalbert.com\/es\/wp-json\/wp\/v2\/media\/8703"}],"wp:attachment":[{"href":"https:\/\/annaalbert.com\/es\/wp-json\/wp\/v2\/media?parent=10877"}],"wp:term":[{"taxonomy":"product_brand","embeddable":true,"href":"https:\/\/annaalbert.com\/es\/wp-json\/wp\/v2\/product_brand?post=10877"},{"taxonomy":"product_cat","embeddable":true,"href":"https:\/\/annaalbert.com\/es\/wp-json\/wp\/v2\/product_cat?post=10877"},{"taxonomy":"product_tag","embeddable":true,"href":"https:\/\/annaalbert.com\/es\/wp-json\/wp\/v2\/product_tag?post=10877"}],"curies":[{"name":"wp","href":"https:\/\/api.w.org\/{rel}","templated":true}]}}