{"id":10861,"date":"2020-05-25T07:59:29","date_gmt":"2020-05-25T07:59:29","guid":{"rendered":"https:\/\/annaalbert.com\/producto\/taller-online-crea-y-colorea-tu-mandala-en-seda\/"},"modified":"2023-10-20T10:02:24","modified_gmt":"2023-10-20T10:02:24","slug":"mandala-en-seda-taller-creacion","status":"publish","type":"product","link":"https:\/\/annaalbert.com\/es\/producto-es\/mandala-en-seda-taller-creacion\/","title":{"rendered":"Mandala en seda: taller en l\u00ednea de creaci\u00f3n y acoloramiento"},"content":{"rendered":"<p>Bienvenidos a nuestro emocionante Taller en l\u00ednea de Mandala en Seda! Si est\u00e1s buscando una manera \u00fanica y relajante de desconectar del estr\u00e9s diario y estimular tu creatividad, este taller es perfecto para ti.<\/p>\n<p>En el taller aprender\u00e1s a crear tu propio mandala desde el principio hasta el final. A trav\u00e9s de 20 pasos construir\u00e1s tu propio universo, reflejo de tus emociones y aprender\u00e1s a interpretar las diferentes figuras que surgen. Podr\u00e1s explorar una gran variedad de patrones y dise\u00f1os mientras aprendes t\u00e9cnicas de pintura en seda, todo desde el confort de tu casa. No importa si eres un principiante o un artista experimentado, este taller est\u00e1 dise\u00f1ado para todo el mundo.<\/p>\n<p>Una vez creado el mandala podr\u00e1s colorearlo en l\u00e1piz aprendiendo las bases del color y tambi\u00e9n tendr\u00e1s la oportunidad de ver tu mandala creado en seda.<\/p>\n<p>Este taller no solo es una oportunidad para expresar tu creatividad, sino tambi\u00e9n una manera relajante de conectar con tu propia paz interior. Vive la experiencia de manera consciente, conecta con tu interior y tu propia creatividad. Y, sobre todo, divi\u00e9rtete.<\/p>\n<p>Qu\u00e9 incluye:<\/p>\n<p>1 video explicativo de la creaci\u00f3n del mandala<\/p>\n<p>1 video explicativo con demostraci\u00f3n de como colorear tu mandala y como llevarlo a la seda<\/p>\n<p>1 pdf para que tengas tus plantillas<\/p>\n<p>1 tu plantilla base<\/p>\n","protected":false},"excerpt":{"rendered":"<p>Bienvenidos a nuestro emocionante Taller en l\u00ednea de Mandala en Seda! Si est\u00e1s buscando una manera \u00fanica y relajante de desconectar del estr\u00e9s diario y estimular tu creatividad, este taller es perfecto para ti. En el taller aprender\u00e1s a crear tu propio mandala desde el principio hasta el final. A trav\u00e9s de 20 pasos construir\u00e1s [&hellip;]<\/p>\n","protected":false},"featured_media":10862,"comment_status":"closed","ping_status":"closed","template":"","meta":{"_et_pb_use_builder":"","_et_pb_old_content":"","_et_gb_content_width":""},"product_brand":[],"product_cat":[424,162,159],"product_tag":[],"class_list":{"0":"post-10861","1":"product","2":"type-product","3":"status-publish","4":"has-post-thumbnail","6":"product_cat-rebajas-es","7":"product_cat-home-es","8":"product_cat-tallers-es","10":"first","11":"instock","12":"sale","13":"featured","14":"downloadable","15":"taxable","16":"shipping-taxable","17":"purchasable","18":"product-type-simple"},"yoast_head":"<!-- This site is optimized with the Yoast SEO plugin v27.0 - https:\/\/yoast.com\/product\/yoast-seo-wordpress\/ -->\n<title>Mandala en seda: taller en l\u00ednea de creaci\u00f3n y acoloramiento - Art en Seda<\/title>\n<meta name=\"description\" content=\"Curso en l\u00ednea para aprender a crear tu mandala en seda, con conciencia, colorearlo en l\u00e1piz y\/o pintarlo a tu propia seda.\" \/>\n<meta name=\"robots\" content=\"index, follow, max-snippet:-1, max-image-preview:large, max-video-preview:-1\" \/>\n<link rel=\"canonical\" href=\"https:\/\/annaalbert.com\/es\/producto-es\/mandala-en-seda-taller-creacion\/\" \/>\n<meta property=\"og:locale\" content=\"es_ES\" \/>\n<meta property=\"og:type\" content=\"article\" \/>\n<meta property=\"og:title\" content=\"Mandala en seda: taller en l\u00ednea de creaci\u00f3n y acoloramiento - Art en Seda\" \/>\n<meta property=\"og:description\" content=\"Curso en l\u00ednea para aprender a crear tu mandala en seda, con conciencia, colorearlo en l\u00e1piz y\/o pintarlo a tu propia seda.\" \/>\n<meta property=\"og:url\" content=\"https:\/\/annaalbert.com\/es\/producto-es\/mandala-en-seda-taller-creacion\/\" \/>\n<meta property=\"og:site_name\" content=\"Art en Seda\" \/>\n<meta property=\"article:modified_time\" content=\"2023-10-20T10:02:24+00:00\" \/>\n<meta property=\"og:image\" content=\"https:\/\/annaalbert.com\/wp-content\/uploads\/2016\/10\/abundanciamandala-1-2018_10_29-12_33_57-UTC.jpg\" \/>\n\t<meta property=\"og:image:width\" content=\"1600\" \/>\n\t<meta property=\"og:image:height\" content=\"933\" \/>\n\t<meta property=\"og:image:type\" content=\"image\/jpeg\" \/>\n<meta name=\"twitter:card\" content=\"summary_large_image\" \/>\n<meta name=\"twitter:label1\" content=\"Tiempo de lectura\" \/>\n\t<meta name=\"twitter:data1\" content=\"1 minuto\" \/>\n<script type=\"application\/ld+json\" class=\"yoast-schema-graph\">{\"@context\":\"https:\/\/schema.org\",\"@graph\":[{\"@type\":\"WebPage\",\"@id\":\"https:\/\/annaalbert.com\/es\/producto-es\/mandala-en-seda-taller-creacion\/\",\"url\":\"https:\/\/annaalbert.com\/es\/producto-es\/mandala-en-seda-taller-creacion\/\",\"name\":\"Mandala en seda: taller en l\u00ednea de creaci\u00f3n y acoloramiento - Art en Seda\",\"isPartOf\":{\"@id\":\"https:\/\/annaalbert.com\/es\/#website\"},\"primaryImageOfPage\":{\"@id\":\"https:\/\/annaalbert.com\/es\/producto-es\/mandala-en-seda-taller-creacion\/#primaryimage\"},\"image\":{\"@id\":\"https:\/\/annaalbert.com\/es\/producto-es\/mandala-en-seda-taller-creacion\/#primaryimage\"},\"thumbnailUrl\":\"https:\/\/annaalbert.com\/wp-content\/uploads\/2016\/10\/abundanciamandala-1-2018_10_29-12_33_57-UTC.jpg\",\"datePublished\":\"2020-05-25T07:59:29+00:00\",\"dateModified\":\"2023-10-20T10:02:24+00:00\",\"description\":\"Curso en l\u00ednea para aprender a crear tu mandala en seda, con conciencia, colorearlo en l\u00e1piz y\/o pintarlo a tu propia seda.\",\"breadcrumb\":{\"@id\":\"https:\/\/annaalbert.com\/es\/producto-es\/mandala-en-seda-taller-creacion\/#breadcrumb\"},\"inLanguage\":\"es\",\"potentialAction\":[{\"@type\":\"ReadAction\",\"target\":[\"https:\/\/annaalbert.com\/es\/producto-es\/mandala-en-seda-taller-creacion\/\"]}]},{\"@type\":\"ImageObject\",\"inLanguage\":\"es\",\"@id\":\"https:\/\/annaalbert.com\/es\/producto-es\/mandala-en-seda-taller-creacion\/#primaryimage\",\"url\":\"https:\/\/annaalbert.com\/wp-content\/uploads\/2016\/10\/abundanciamandala-1-2018_10_29-12_33_57-UTC.jpg\",\"contentUrl\":\"https:\/\/annaalbert.com\/wp-content\/uploads\/2016\/10\/abundanciamandala-1-2018_10_29-12_33_57-UTC.jpg\",\"width\":1600,\"height\":933,\"caption\":\"mandala en seda\"},{\"@type\":\"BreadcrumbList\",\"@id\":\"https:\/\/annaalbert.com\/es\/producto-es\/mandala-en-seda-taller-creacion\/#breadcrumb\",\"itemListElement\":[{\"@type\":\"ListItem\",\"position\":1,\"name\":\"Portada\",\"item\":\"https:\/\/annaalbert.com\/es\/\"},{\"@type\":\"ListItem\",\"position\":2,\"name\":\"Tienda\",\"item\":\"https:\/\/annaalbert.com\/tienda\/\"},{\"@type\":\"ListItem\",\"position\":3,\"name\":\"Mandala en seda: taller en l\u00ednea de creaci\u00f3n y acoloramiento\"}]},{\"@type\":\"WebSite\",\"@id\":\"https:\/\/annaalbert.com\/es\/#website\",\"url\":\"https:\/\/annaalbert.com\/es\/\",\"name\":\"Art en Seda\",\"description\":\"Productos de seda pintada a mano, asi como cursos, talleres, experiencias por la artesana Anna Albert\",\"publisher\":{\"@id\":\"https:\/\/annaalbert.com\/es\/#organization\"},\"potentialAction\":[{\"@type\":\"SearchAction\",\"target\":{\"@type\":\"EntryPoint\",\"urlTemplate\":\"https:\/\/annaalbert.com\/es\/?s={search_term_string}\"},\"query-input\":{\"@type\":\"PropertyValueSpecification\",\"valueRequired\":true,\"valueName\":\"search_term_string\"}}],\"inLanguage\":\"es\"},{\"@type\":\"Organization\",\"@id\":\"https:\/\/annaalbert.com\/es\/#organization\",\"name\":\"Art en Seda by Anna Albert\",\"url\":\"https:\/\/annaalbert.com\/es\/\",\"logo\":{\"@type\":\"ImageObject\",\"inLanguage\":\"es\",\"@id\":\"https:\/\/annaalbert.com\/es\/#\/schema\/logo\/image\/\",\"url\":\"https:\/\/annaalbert.com\/wp-content\/uploads\/2021\/01\/horitzontal_fonsblanc-scaled.jpg\",\"contentUrl\":\"https:\/\/annaalbert.com\/wp-content\/uploads\/2021\/01\/horitzontal_fonsblanc-scaled.jpg\",\"width\":2560,\"height\":779,\"caption\":\"Art en Seda by Anna Albert\"},\"image\":{\"@id\":\"https:\/\/annaalbert.com\/es\/#\/schema\/logo\/image\/\"}}]}<\/script>\n<!-- \/ Yoast SEO plugin. -->","yoast_head_json":{"title":"Mandala en seda: taller en l\u00ednea de creaci\u00f3n y acoloramiento - Art en Seda","description":"Curso en l\u00ednea para aprender a crear tu mandala en seda, con conciencia, colorearlo en l\u00e1piz y\/o pintarlo a tu propia seda.","robots":{"index":"index","follow":"follow","max-snippet":"max-snippet:-1","max-image-preview":"max-image-preview:large","max-video-preview":"max-video-preview:-1"},"canonical":"https:\/\/annaalbert.com\/es\/producto-es\/mandala-en-seda-taller-creacion\/","og_locale":"es_ES","og_type":"article","og_title":"Mandala en seda: taller en l\u00ednea de creaci\u00f3n y acoloramiento - Art en Seda","og_description":"Curso en l\u00ednea para aprender a crear tu mandala en seda, con conciencia, colorearlo en l\u00e1piz y\/o pintarlo a tu propia seda.","og_url":"https:\/\/annaalbert.com\/es\/producto-es\/mandala-en-seda-taller-creacion\/","og_site_name":"Art en Seda","article_modified_time":"2023-10-20T10:02:24+00:00","og_image":[{"width":1600,"height":933,"url":"https:\/\/annaalbert.com\/wp-content\/uploads\/2016\/10\/abundanciamandala-1-2018_10_29-12_33_57-UTC.jpg","type":"image\/jpeg"}],"twitter_card":"summary_large_image","twitter_misc":{"Tiempo de lectura":"1 minuto"},"schema":{"@context":"https:\/\/schema.org","@graph":[{"@type":"WebPage","@id":"https:\/\/annaalbert.com\/es\/producto-es\/mandala-en-seda-taller-creacion\/","url":"https:\/\/annaalbert.com\/es\/producto-es\/mandala-en-seda-taller-creacion\/","name":"Mandala en seda: taller en l\u00ednea de creaci\u00f3n y acoloramiento - Art en Seda","isPartOf":{"@id":"https:\/\/annaalbert.com\/es\/#website"},"primaryImageOfPage":{"@id":"https:\/\/annaalbert.com\/es\/producto-es\/mandala-en-seda-taller-creacion\/#primaryimage"},"image":{"@id":"https:\/\/annaalbert.com\/es\/producto-es\/mandala-en-seda-taller-creacion\/#primaryimage"},"thumbnailUrl":"https:\/\/annaalbert.com\/wp-content\/uploads\/2016\/10\/abundanciamandala-1-2018_10_29-12_33_57-UTC.jpg","datePublished":"2020-05-25T07:59:29+00:00","dateModified":"2023-10-20T10:02:24+00:00","description":"Curso en l\u00ednea para aprender a crear tu mandala en seda, con conciencia, colorearlo en l\u00e1piz y\/o pintarlo a tu propia seda.","breadcrumb":{"@id":"https:\/\/annaalbert.com\/es\/producto-es\/mandala-en-seda-taller-creacion\/#breadcrumb"},"inLanguage":"es","potentialAction":[{"@type":"ReadAction","target":["https:\/\/annaalbert.com\/es\/producto-es\/mandala-en-seda-taller-creacion\/"]}]},{"@type":"ImageObject","inLanguage":"es","@id":"https:\/\/annaalbert.com\/es\/producto-es\/mandala-en-seda-taller-creacion\/#primaryimage","url":"https:\/\/annaalbert.com\/wp-content\/uploads\/2016\/10\/abundanciamandala-1-2018_10_29-12_33_57-UTC.jpg","contentUrl":"https:\/\/annaalbert.com\/wp-content\/uploads\/2016\/10\/abundanciamandala-1-2018_10_29-12_33_57-UTC.jpg","width":1600,"height":933,"caption":"mandala en seda"},{"@type":"BreadcrumbList","@id":"https:\/\/annaalbert.com\/es\/producto-es\/mandala-en-seda-taller-creacion\/#breadcrumb","itemListElement":[{"@type":"ListItem","position":1,"name":"Portada","item":"https:\/\/annaalbert.com\/es\/"},{"@type":"ListItem","position":2,"name":"Tienda","item":"https:\/\/annaalbert.com\/tienda\/"},{"@type":"ListItem","position":3,"name":"Mandala en seda: taller en l\u00ednea de creaci\u00f3n y acoloramiento"}]},{"@type":"WebSite","@id":"https:\/\/annaalbert.com\/es\/#website","url":"https:\/\/annaalbert.com\/es\/","name":"Art en Seda","description":"Productos de seda pintada a mano, asi como cursos, talleres, experiencias por la artesana Anna Albert","publisher":{"@id":"https:\/\/annaalbert.com\/es\/#organization"},"potentialAction":[{"@type":"SearchAction","target":{"@type":"EntryPoint","urlTemplate":"https:\/\/annaalbert.com\/es\/?s={search_term_string}"},"query-input":{"@type":"PropertyValueSpecification","valueRequired":true,"valueName":"search_term_string"}}],"inLanguage":"es"},{"@type":"Organization","@id":"https:\/\/annaalbert.com\/es\/#organization","name":"Art en Seda by Anna Albert","url":"https:\/\/annaalbert.com\/es\/","logo":{"@type":"ImageObject","inLanguage":"es","@id":"https:\/\/annaalbert.com\/es\/#\/schema\/logo\/image\/","url":"https:\/\/annaalbert.com\/wp-content\/uploads\/2021\/01\/horitzontal_fonsblanc-scaled.jpg","contentUrl":"https:\/\/annaalbert.com\/wp-content\/uploads\/2021\/01\/horitzontal_fonsblanc-scaled.jpg","width":2560,"height":779,"caption":"Art en Seda by Anna Albert"},"image":{"@id":"https:\/\/annaalbert.com\/es\/#\/schema\/logo\/image\/"}}]}},"_links":{"self":[{"href":"https:\/\/annaalbert.com\/es\/wp-json\/wp\/v2\/product\/10861","targetHints":{"allow":["GET"]}}],"collection":[{"href":"https:\/\/annaalbert.com\/es\/wp-json\/wp\/v2\/product"}],"about":[{"href":"https:\/\/annaalbert.com\/es\/wp-json\/wp\/v2\/types\/product"}],"replies":[{"embeddable":true,"href":"https:\/\/annaalbert.com\/es\/wp-json\/wp\/v2\/comments?post=10861"}],"wp:featuredmedia":[{"embeddable":true,"href":"https:\/\/annaalbert.com\/es\/wp-json\/wp\/v2\/media\/10862"}],"wp:attachment":[{"href":"https:\/\/annaalbert.com\/es\/wp-json\/wp\/v2\/media?parent=10861"}],"wp:term":[{"taxonomy":"product_brand","embeddable":true,"href":"https:\/\/annaalbert.com\/es\/wp-json\/wp\/v2\/product_brand?post=10861"},{"taxonomy":"product_cat","embeddable":true,"href":"https:\/\/annaalbert.com\/es\/wp-json\/wp\/v2\/product_cat?post=10861"},{"taxonomy":"product_tag","embeddable":true,"href":"https:\/\/annaalbert.com\/es\/wp-json\/wp\/v2\/product_tag?post=10861"}],"curies":[{"name":"wp","href":"https:\/\/api.w.org\/{rel}","templated":true}]}}