{"id":10855,"date":"2020-06-08T18:43:11","date_gmt":"2020-06-08T18:43:11","guid":{"rendered":"https:\/\/annaalbert.com\/producto\/bolso-mujer-hecho-a-mano-hojas\/"},"modified":"2023-10-20T08:43:43","modified_gmt":"2023-10-20T08:43:43","slug":"bolso-mujer-hecha-a-mano-hojas","status":"publish","type":"product","link":"https:\/\/annaalbert.com\/es\/producto-es\/bolso-mujer-hecha-a-mano-hojas\/","title":{"rendered":"BOLSO MUJER HECHO A MANO HOJAS"},"content":{"rendered":"<p>La belleza de la natura y la elegancia de la artesan\u00eda se fusionan en este espectacular bolso de mujer hecho a mano con hojas de seda natural. Este bolso es de ropa con sedas y algod\u00f3n natura, con sedas pintadas y otras texturas.<\/p>\n<p>La seda, con su textura suave y lujosa, es el material perfecto para esta creaci\u00f3n, dando una sensaci\u00f3n de delicadeza y sofisticaci\u00f3n a la propietaria.<\/p>\n<p>Pieza \u00fanica con sus detalles que la hacen diferente y original. El asa es para ir cruzada y se puede adaptar seg\u00fan la altura. En este caso lo he hecho con la misma ropa de algod\u00f3n del delante.<\/p>\n<p>La parte de detr\u00e1s es de loneta negro. Adem\u00e1s, el interior viene forrado y lleva un bolsillo doble. Este bolso de tela con sedas lleva dos etiquetas, una interior y una colgada de la cremallera con un escrito donde certifica que est\u00e1s ante una pieza \u00fanica mimada con todos los detalles por la autora. Hecho con amor y dedicaci\u00f3n, este bolso de mujer de seda natural no solo te har\u00e1 destacar, sino que tambi\u00e9n te conectar\u00e1 con la natura y la tradici\u00f3n artesanal.<\/p>\n<p>No solo estar\u00e1s adquiriendo un bolso, sino tambi\u00e9n una pieza que refleja tu compromiso con la calidad, la artesan\u00eda y el respeto por el medio ambiente.<\/p>\n<p>Si quieres ver otro bolso con flores clica <a href=\"https:\/\/annaalbert.com\/producto\/bossa-de-roba-per-dona-primavera\/\"><strong>aqu\u00ed<\/strong><\/a><\/p>\n","protected":false},"excerpt":{"rendered":"<p>Bolso Nature con sedas y otros detalles<\/p>\n","protected":false},"featured_media":9588,"comment_status":"closed","ping_status":"closed","template":"","meta":{"_et_pb_use_builder":"","_et_pb_old_content":"","_et_gb_content_width":""},"product_brand":[],"product_cat":[358],"product_tag":[],"class_list":{"0":"post-10855","1":"product","2":"type-product","3":"status-publish","4":"has-post-thumbnail","6":"product_cat-bolsos-es-2","8":"first","9":"outofstock","10":"taxable","11":"shipping-taxable","12":"purchasable","13":"product-type-simple"},"yoast_head":"<!-- This site is optimized with the Yoast SEO plugin v27.0 - https:\/\/yoast.com\/product\/yoast-seo-wordpress\/ -->\n<title>Bolso mujer hecho a mano hojas - Art en Seda<\/title>\n<meta name=\"description\" content=\"Bolso mujer hecho a mano hojas. Con sedas pintadas y otras texturas, lo hace una pieza \u00fanica con sus detalles que lo hacen diferente y original.\" \/>\n<meta name=\"robots\" content=\"index, follow, max-snippet:-1, max-image-preview:large, max-video-preview:-1\" \/>\n<link rel=\"canonical\" href=\"https:\/\/annaalbert.com\/es\/producto-es\/bolso-mujer-hecha-a-mano-hojas\/\" \/>\n<meta property=\"og:locale\" content=\"es_ES\" \/>\n<meta property=\"og:type\" content=\"article\" \/>\n<meta property=\"og:title\" content=\"Bolso mujer hecho a mano hojas - Art en Seda\" \/>\n<meta property=\"og:description\" content=\"Bolso mujer hecho a mano hojas. Con sedas pintadas y otras texturas, lo hace una pieza \u00fanica con sus detalles que lo hacen diferente y original.\" \/>\n<meta property=\"og:url\" content=\"https:\/\/annaalbert.com\/es\/producto-es\/bolso-mujer-hecha-a-mano-hojas\/\" \/>\n<meta property=\"og:site_name\" content=\"Art en Seda\" \/>\n<meta property=\"article:modified_time\" content=\"2023-10-20T08:43:43+00:00\" \/>\n<meta property=\"og:image\" content=\"https:\/\/annaalbert.com\/wp-content\/uploads\/2020\/06\/bossa-de-disseny-flors.jpg\" \/>\n\t<meta property=\"og:image:width\" content=\"800\" \/>\n\t<meta property=\"og:image:height\" content=\"960\" \/>\n\t<meta property=\"og:image:type\" content=\"image\/jpeg\" \/>\n<meta name=\"twitter:card\" content=\"summary_large_image\" \/>\n<meta name=\"twitter:label1\" content=\"Tiempo de lectura\" \/>\n\t<meta name=\"twitter:data1\" content=\"1 minuto\" \/>\n<script type=\"application\/ld+json\" class=\"yoast-schema-graph\">{\"@context\":\"https:\/\/schema.org\",\"@graph\":[{\"@type\":\"WebPage\",\"@id\":\"https:\/\/annaalbert.com\/es\/producto-es\/bolso-mujer-hecha-a-mano-hojas\/\",\"url\":\"https:\/\/annaalbert.com\/es\/producto-es\/bolso-mujer-hecha-a-mano-hojas\/\",\"name\":\"Bolso mujer hecho a mano hojas - Art en Seda\",\"isPartOf\":{\"@id\":\"https:\/\/annaalbert.com\/es\/#website\"},\"primaryImageOfPage\":{\"@id\":\"https:\/\/annaalbert.com\/es\/producto-es\/bolso-mujer-hecha-a-mano-hojas\/#primaryimage\"},\"image\":{\"@id\":\"https:\/\/annaalbert.com\/es\/producto-es\/bolso-mujer-hecha-a-mano-hojas\/#primaryimage\"},\"thumbnailUrl\":\"https:\/\/annaalbert.com\/wp-content\/uploads\/2020\/06\/bossa-de-disseny-flors.jpg\",\"datePublished\":\"2020-06-08T18:43:11+00:00\",\"dateModified\":\"2023-10-20T08:43:43+00:00\",\"description\":\"Bolso mujer hecho a mano hojas. Con sedas pintadas y otras texturas, lo hace una pieza \u00fanica con sus detalles que lo hacen diferente y original.\",\"breadcrumb\":{\"@id\":\"https:\/\/annaalbert.com\/es\/producto-es\/bolso-mujer-hecha-a-mano-hojas\/#breadcrumb\"},\"inLanguage\":\"es\",\"potentialAction\":[{\"@type\":\"ReadAction\",\"target\":[\"https:\/\/annaalbert.com\/es\/producto-es\/bolso-mujer-hecha-a-mano-hojas\/\"]}]},{\"@type\":\"ImageObject\",\"inLanguage\":\"es\",\"@id\":\"https:\/\/annaalbert.com\/es\/producto-es\/bolso-mujer-hecha-a-mano-hojas\/#primaryimage\",\"url\":\"https:\/\/annaalbert.com\/wp-content\/uploads\/2020\/06\/bossa-de-disseny-flors.jpg\",\"contentUrl\":\"https:\/\/annaalbert.com\/wp-content\/uploads\/2020\/06\/bossa-de-disseny-flors.jpg\",\"width\":800,\"height\":960,\"caption\":\"bossa dona feta a m\u00e0 fulles\"},{\"@type\":\"BreadcrumbList\",\"@id\":\"https:\/\/annaalbert.com\/es\/producto-es\/bolso-mujer-hecha-a-mano-hojas\/#breadcrumb\",\"itemListElement\":[{\"@type\":\"ListItem\",\"position\":1,\"name\":\"Portada\",\"item\":\"https:\/\/annaalbert.com\/es\/\"},{\"@type\":\"ListItem\",\"position\":2,\"name\":\"Tienda\",\"item\":\"https:\/\/annaalbert.com\/tienda\/\"},{\"@type\":\"ListItem\",\"position\":3,\"name\":\"BOLSO MUJER HECHO A MANO HOJAS\"}]},{\"@type\":\"WebSite\",\"@id\":\"https:\/\/annaalbert.com\/es\/#website\",\"url\":\"https:\/\/annaalbert.com\/es\/\",\"name\":\"Art en Seda\",\"description\":\"Productos de seda pintada a mano, asi como cursos, talleres, experiencias por la artesana Anna Albert\",\"publisher\":{\"@id\":\"https:\/\/annaalbert.com\/es\/#organization\"},\"potentialAction\":[{\"@type\":\"SearchAction\",\"target\":{\"@type\":\"EntryPoint\",\"urlTemplate\":\"https:\/\/annaalbert.com\/es\/?s={search_term_string}\"},\"query-input\":{\"@type\":\"PropertyValueSpecification\",\"valueRequired\":true,\"valueName\":\"search_term_string\"}}],\"inLanguage\":\"es\"},{\"@type\":\"Organization\",\"@id\":\"https:\/\/annaalbert.com\/es\/#organization\",\"name\":\"Art en Seda by Anna Albert\",\"url\":\"https:\/\/annaalbert.com\/es\/\",\"logo\":{\"@type\":\"ImageObject\",\"inLanguage\":\"es\",\"@id\":\"https:\/\/annaalbert.com\/es\/#\/schema\/logo\/image\/\",\"url\":\"https:\/\/annaalbert.com\/wp-content\/uploads\/2021\/01\/horitzontal_fonsblanc-scaled.jpg\",\"contentUrl\":\"https:\/\/annaalbert.com\/wp-content\/uploads\/2021\/01\/horitzontal_fonsblanc-scaled.jpg\",\"width\":2560,\"height\":779,\"caption\":\"Art en Seda by Anna Albert\"},\"image\":{\"@id\":\"https:\/\/annaalbert.com\/es\/#\/schema\/logo\/image\/\"}}]}<\/script>\n<!-- \/ Yoast SEO plugin. -->","yoast_head_json":{"title":"Bolso mujer hecho a mano hojas - Art en Seda","description":"Bolso mujer hecho a mano hojas. Con sedas pintadas y otras texturas, lo hace una pieza \u00fanica con sus detalles que lo hacen diferente y original.","robots":{"index":"index","follow":"follow","max-snippet":"max-snippet:-1","max-image-preview":"max-image-preview:large","max-video-preview":"max-video-preview:-1"},"canonical":"https:\/\/annaalbert.com\/es\/producto-es\/bolso-mujer-hecha-a-mano-hojas\/","og_locale":"es_ES","og_type":"article","og_title":"Bolso mujer hecho a mano hojas - Art en Seda","og_description":"Bolso mujer hecho a mano hojas. Con sedas pintadas y otras texturas, lo hace una pieza \u00fanica con sus detalles que lo hacen diferente y original.","og_url":"https:\/\/annaalbert.com\/es\/producto-es\/bolso-mujer-hecha-a-mano-hojas\/","og_site_name":"Art en Seda","article_modified_time":"2023-10-20T08:43:43+00:00","og_image":[{"width":800,"height":960,"url":"https:\/\/annaalbert.com\/wp-content\/uploads\/2020\/06\/bossa-de-disseny-flors.jpg","type":"image\/jpeg"}],"twitter_card":"summary_large_image","twitter_misc":{"Tiempo de lectura":"1 minuto"},"schema":{"@context":"https:\/\/schema.org","@graph":[{"@type":"WebPage","@id":"https:\/\/annaalbert.com\/es\/producto-es\/bolso-mujer-hecha-a-mano-hojas\/","url":"https:\/\/annaalbert.com\/es\/producto-es\/bolso-mujer-hecha-a-mano-hojas\/","name":"Bolso mujer hecho a mano hojas - Art en Seda","isPartOf":{"@id":"https:\/\/annaalbert.com\/es\/#website"},"primaryImageOfPage":{"@id":"https:\/\/annaalbert.com\/es\/producto-es\/bolso-mujer-hecha-a-mano-hojas\/#primaryimage"},"image":{"@id":"https:\/\/annaalbert.com\/es\/producto-es\/bolso-mujer-hecha-a-mano-hojas\/#primaryimage"},"thumbnailUrl":"https:\/\/annaalbert.com\/wp-content\/uploads\/2020\/06\/bossa-de-disseny-flors.jpg","datePublished":"2020-06-08T18:43:11+00:00","dateModified":"2023-10-20T08:43:43+00:00","description":"Bolso mujer hecho a mano hojas. Con sedas pintadas y otras texturas, lo hace una pieza \u00fanica con sus detalles que lo hacen diferente y original.","breadcrumb":{"@id":"https:\/\/annaalbert.com\/es\/producto-es\/bolso-mujer-hecha-a-mano-hojas\/#breadcrumb"},"inLanguage":"es","potentialAction":[{"@type":"ReadAction","target":["https:\/\/annaalbert.com\/es\/producto-es\/bolso-mujer-hecha-a-mano-hojas\/"]}]},{"@type":"ImageObject","inLanguage":"es","@id":"https:\/\/annaalbert.com\/es\/producto-es\/bolso-mujer-hecha-a-mano-hojas\/#primaryimage","url":"https:\/\/annaalbert.com\/wp-content\/uploads\/2020\/06\/bossa-de-disseny-flors.jpg","contentUrl":"https:\/\/annaalbert.com\/wp-content\/uploads\/2020\/06\/bossa-de-disseny-flors.jpg","width":800,"height":960,"caption":"bossa dona feta a m\u00e0 fulles"},{"@type":"BreadcrumbList","@id":"https:\/\/annaalbert.com\/es\/producto-es\/bolso-mujer-hecha-a-mano-hojas\/#breadcrumb","itemListElement":[{"@type":"ListItem","position":1,"name":"Portada","item":"https:\/\/annaalbert.com\/es\/"},{"@type":"ListItem","position":2,"name":"Tienda","item":"https:\/\/annaalbert.com\/tienda\/"},{"@type":"ListItem","position":3,"name":"BOLSO MUJER HECHO A MANO HOJAS"}]},{"@type":"WebSite","@id":"https:\/\/annaalbert.com\/es\/#website","url":"https:\/\/annaalbert.com\/es\/","name":"Art en Seda","description":"Productos de seda pintada a mano, asi como cursos, talleres, experiencias por la artesana Anna Albert","publisher":{"@id":"https:\/\/annaalbert.com\/es\/#organization"},"potentialAction":[{"@type":"SearchAction","target":{"@type":"EntryPoint","urlTemplate":"https:\/\/annaalbert.com\/es\/?s={search_term_string}"},"query-input":{"@type":"PropertyValueSpecification","valueRequired":true,"valueName":"search_term_string"}}],"inLanguage":"es"},{"@type":"Organization","@id":"https:\/\/annaalbert.com\/es\/#organization","name":"Art en Seda by Anna Albert","url":"https:\/\/annaalbert.com\/es\/","logo":{"@type":"ImageObject","inLanguage":"es","@id":"https:\/\/annaalbert.com\/es\/#\/schema\/logo\/image\/","url":"https:\/\/annaalbert.com\/wp-content\/uploads\/2021\/01\/horitzontal_fonsblanc-scaled.jpg","contentUrl":"https:\/\/annaalbert.com\/wp-content\/uploads\/2021\/01\/horitzontal_fonsblanc-scaled.jpg","width":2560,"height":779,"caption":"Art en Seda by Anna Albert"},"image":{"@id":"https:\/\/annaalbert.com\/es\/#\/schema\/logo\/image\/"}}]}},"_links":{"self":[{"href":"https:\/\/annaalbert.com\/es\/wp-json\/wp\/v2\/product\/10855","targetHints":{"allow":["GET"]}}],"collection":[{"href":"https:\/\/annaalbert.com\/es\/wp-json\/wp\/v2\/product"}],"about":[{"href":"https:\/\/annaalbert.com\/es\/wp-json\/wp\/v2\/types\/product"}],"replies":[{"embeddable":true,"href":"https:\/\/annaalbert.com\/es\/wp-json\/wp\/v2\/comments?post=10855"}],"wp:featuredmedia":[{"embeddable":true,"href":"https:\/\/annaalbert.com\/es\/wp-json\/wp\/v2\/media\/9588"}],"wp:attachment":[{"href":"https:\/\/annaalbert.com\/es\/wp-json\/wp\/v2\/media?parent=10855"}],"wp:term":[{"taxonomy":"product_brand","embeddable":true,"href":"https:\/\/annaalbert.com\/es\/wp-json\/wp\/v2\/product_brand?post=10855"},{"taxonomy":"product_cat","embeddable":true,"href":"https:\/\/annaalbert.com\/es\/wp-json\/wp\/v2\/product_cat?post=10855"},{"taxonomy":"product_tag","embeddable":true,"href":"https:\/\/annaalbert.com\/es\/wp-json\/wp\/v2\/product_tag?post=10855"}],"curies":[{"name":"wp","href":"https:\/\/api.w.org\/{rel}","templated":true}]}}