{"id":10851,"date":"2020-09-02T15:45:43","date_gmt":"2020-09-02T15:45:43","guid":{"rendered":"https:\/\/annaalbert.com\/producto\/mascarilla-colores\/"},"modified":"2024-04-03T07:20:39","modified_gmt":"2024-04-03T07:20:39","slug":"mascarilla-colores","status":"publish","type":"product","link":"https:\/\/annaalbert.com\/es\/producto-es\/mascarilla-colores\/","title":{"rendered":"Mascarilla de colores"},"content":{"rendered":"<p>Esta mascarilla de colores es una pieza \u00fanica de seda natural pintada a mano.<\/p>\n<p>La seda natural es el material perfecto para tus mascarillas. Es suave, ligera y, el m\u00e1s importante, transpirable. Esto significa que podr\u00e1s llevar tu mascarilla durante horas sin sentirte anonadado. La seda es ideal para la piel, puesto que es suave y evita la fricci\u00f3n que puede causar irritaciones. El interior es de algod\u00f3n de color negro y el cord\u00f3n el\u00e1stico es del mismo color.<\/p>\n<p>Dispone de una apertura para poner un filtro si as\u00ed lo prefieres. Pero tienes que saber que la seda es antibacteriana y que repelo los agentes externos a la vez que es transpirable y natural.<\/p>\n<p>Se puede lavar a mano y a la lavadora.<\/p>\n<p>La mascarilla se ha convertido en un complemento de nuestro d\u00eda a d\u00eda y es por eso que te ofrecemos una diversidad de dise\u00f1os y colores para que la puedas combinar con tu outfit. Con nuestras mascarillas de seda natural, puedes protegerte con estilo y confort. Haz una declaraci\u00f3n de moda y mant\u00e9n tu salud al m\u00e1ximo nivel. No comprometas la comodidad ni el estilo cuando se trata de tu mascarilla. Elegir una mascarilla de seda natural es elegir la mejor calidad y elegancia. Es elegir la seguridad sin renunciar al estilo.<\/p>\n<p>Si deseas el fular a conjunto, con la mascarilla de colores, o un color o estampado especial, ponte en contacto y te lo har\u00e9 a medida.<\/p>\n<p>S\u00e9 original y diferente!<\/p>\n<p>Mascarillas con estilo, para personas \u00fanicas.<\/p>\n","protected":false},"excerpt":{"rendered":"<p>Mascarilla de seda natural pintada y algod\u00f3n<\/p>\n","protected":false},"featured_media":10852,"comment_status":"closed","ping_status":"closed","template":"","meta":{"_et_pb_use_builder":"","_et_pb_old_content":"","_et_gb_content_width":""},"product_brand":[],"product_cat":[416,332],"product_tag":[],"class_list":{"0":"post-10851","1":"product","2":"type-product","3":"status-publish","4":"has-post-thumbnail","6":"product_cat-otros-complementos-es","7":"product_cat-mascarilla","9":"first","10":"instock","11":"taxable","12":"shipping-taxable","13":"purchasable","14":"product-type-simple"},"yoast_head":"<!-- This site is optimized with the Yoast SEO plugin v27.0 - https:\/\/yoast.com\/product\/yoast-seo-wordpress\/ -->\n<title>Mascarilla de colores - Art en Seda<\/title>\n<meta name=\"description\" content=\"Mascarilla de colores de seda natural pintada y hecha a mano por una artesana experta. De seda sostenible, puedes conseguir el fular de conjunto!\" \/>\n<meta name=\"robots\" content=\"index, follow, max-snippet:-1, max-image-preview:large, max-video-preview:-1\" \/>\n<link rel=\"canonical\" href=\"https:\/\/annaalbert.com\/es\/producto-es\/mascarilla-colores\/\" \/>\n<meta property=\"og:locale\" content=\"es_ES\" \/>\n<meta property=\"og:type\" content=\"article\" \/>\n<meta property=\"og:title\" content=\"Mascarilla de colores - Art en Seda\" \/>\n<meta property=\"og:description\" content=\"Mascarilla de colores de seda natural pintada y hecha a mano por una artesana experta. De seda sostenible, puedes conseguir el fular de conjunto!\" \/>\n<meta property=\"og:url\" content=\"https:\/\/annaalbert.com\/es\/producto-es\/mascarilla-colores\/\" \/>\n<meta property=\"og:site_name\" content=\"Art en Seda\" \/>\n<meta property=\"article:modified_time\" content=\"2024-04-03T07:20:39+00:00\" \/>\n<meta property=\"og:image\" content=\"https:\/\/annaalbert.com\/wp-content\/uploads\/2020\/09\/pinzellades3.jpg\" \/>\n\t<meta property=\"og:image:width\" content=\"800\" \/>\n\t<meta property=\"og:image:height\" content=\"960\" \/>\n\t<meta property=\"og:image:type\" content=\"image\/jpeg\" \/>\n<meta name=\"twitter:card\" content=\"summary_large_image\" \/>\n<meta name=\"twitter:label1\" content=\"Tiempo de lectura\" \/>\n\t<meta name=\"twitter:data1\" content=\"1 minuto\" \/>\n<script type=\"application\/ld+json\" class=\"yoast-schema-graph\">{\"@context\":\"https:\/\/schema.org\",\"@graph\":[{\"@type\":\"WebPage\",\"@id\":\"https:\/\/annaalbert.com\/es\/producto-es\/mascarilla-colores\/\",\"url\":\"https:\/\/annaalbert.com\/es\/producto-es\/mascarilla-colores\/\",\"name\":\"Mascarilla de colores - Art en Seda\",\"isPartOf\":{\"@id\":\"https:\/\/annaalbert.com\/es\/#website\"},\"primaryImageOfPage\":{\"@id\":\"https:\/\/annaalbert.com\/es\/producto-es\/mascarilla-colores\/#primaryimage\"},\"image\":{\"@id\":\"https:\/\/annaalbert.com\/es\/producto-es\/mascarilla-colores\/#primaryimage\"},\"thumbnailUrl\":\"https:\/\/annaalbert.com\/wp-content\/uploads\/2020\/09\/pinzellades3.jpg\",\"datePublished\":\"2020-09-02T15:45:43+00:00\",\"dateModified\":\"2024-04-03T07:20:39+00:00\",\"description\":\"Mascarilla de colores de seda natural pintada y hecha a mano por una artesana experta. De seda sostenible, puedes conseguir el fular de conjunto!\",\"breadcrumb\":{\"@id\":\"https:\/\/annaalbert.com\/es\/producto-es\/mascarilla-colores\/#breadcrumb\"},\"inLanguage\":\"es\",\"potentialAction\":[{\"@type\":\"ReadAction\",\"target\":[\"https:\/\/annaalbert.com\/es\/producto-es\/mascarilla-colores\/\"]}]},{\"@type\":\"ImageObject\",\"inLanguage\":\"es\",\"@id\":\"https:\/\/annaalbert.com\/es\/producto-es\/mascarilla-colores\/#primaryimage\",\"url\":\"https:\/\/annaalbert.com\/wp-content\/uploads\/2020\/09\/pinzellades3.jpg\",\"contentUrl\":\"https:\/\/annaalbert.com\/wp-content\/uploads\/2020\/09\/pinzellades3.jpg\",\"width\":800,\"height\":960,\"caption\":\"mascareta colors\"},{\"@type\":\"BreadcrumbList\",\"@id\":\"https:\/\/annaalbert.com\/es\/producto-es\/mascarilla-colores\/#breadcrumb\",\"itemListElement\":[{\"@type\":\"ListItem\",\"position\":1,\"name\":\"Portada\",\"item\":\"https:\/\/annaalbert.com\/es\/\"},{\"@type\":\"ListItem\",\"position\":2,\"name\":\"Tienda\",\"item\":\"https:\/\/annaalbert.com\/tienda\/\"},{\"@type\":\"ListItem\",\"position\":3,\"name\":\"Mascarilla de colores\"}]},{\"@type\":\"WebSite\",\"@id\":\"https:\/\/annaalbert.com\/es\/#website\",\"url\":\"https:\/\/annaalbert.com\/es\/\",\"name\":\"Art en Seda\",\"description\":\"Productos de seda pintada a mano, asi como cursos, talleres, experiencias por la artesana Anna Albert\",\"publisher\":{\"@id\":\"https:\/\/annaalbert.com\/es\/#organization\"},\"potentialAction\":[{\"@type\":\"SearchAction\",\"target\":{\"@type\":\"EntryPoint\",\"urlTemplate\":\"https:\/\/annaalbert.com\/es\/?s={search_term_string}\"},\"query-input\":{\"@type\":\"PropertyValueSpecification\",\"valueRequired\":true,\"valueName\":\"search_term_string\"}}],\"inLanguage\":\"es\"},{\"@type\":\"Organization\",\"@id\":\"https:\/\/annaalbert.com\/es\/#organization\",\"name\":\"Art en Seda by Anna Albert\",\"url\":\"https:\/\/annaalbert.com\/es\/\",\"logo\":{\"@type\":\"ImageObject\",\"inLanguage\":\"es\",\"@id\":\"https:\/\/annaalbert.com\/es\/#\/schema\/logo\/image\/\",\"url\":\"https:\/\/annaalbert.com\/wp-content\/uploads\/2021\/01\/horitzontal_fonsblanc-scaled.jpg\",\"contentUrl\":\"https:\/\/annaalbert.com\/wp-content\/uploads\/2021\/01\/horitzontal_fonsblanc-scaled.jpg\",\"width\":2560,\"height\":779,\"caption\":\"Art en Seda by Anna Albert\"},\"image\":{\"@id\":\"https:\/\/annaalbert.com\/es\/#\/schema\/logo\/image\/\"}}]}<\/script>\n<!-- \/ Yoast SEO plugin. -->","yoast_head_json":{"title":"Mascarilla de colores - Art en Seda","description":"Mascarilla de colores de seda natural pintada y hecha a mano por una artesana experta. De seda sostenible, puedes conseguir el fular de conjunto!","robots":{"index":"index","follow":"follow","max-snippet":"max-snippet:-1","max-image-preview":"max-image-preview:large","max-video-preview":"max-video-preview:-1"},"canonical":"https:\/\/annaalbert.com\/es\/producto-es\/mascarilla-colores\/","og_locale":"es_ES","og_type":"article","og_title":"Mascarilla de colores - Art en Seda","og_description":"Mascarilla de colores de seda natural pintada y hecha a mano por una artesana experta. De seda sostenible, puedes conseguir el fular de conjunto!","og_url":"https:\/\/annaalbert.com\/es\/producto-es\/mascarilla-colores\/","og_site_name":"Art en Seda","article_modified_time":"2024-04-03T07:20:39+00:00","og_image":[{"width":800,"height":960,"url":"https:\/\/annaalbert.com\/wp-content\/uploads\/2020\/09\/pinzellades3.jpg","type":"image\/jpeg"}],"twitter_card":"summary_large_image","twitter_misc":{"Tiempo de lectura":"1 minuto"},"schema":{"@context":"https:\/\/schema.org","@graph":[{"@type":"WebPage","@id":"https:\/\/annaalbert.com\/es\/producto-es\/mascarilla-colores\/","url":"https:\/\/annaalbert.com\/es\/producto-es\/mascarilla-colores\/","name":"Mascarilla de colores - Art en Seda","isPartOf":{"@id":"https:\/\/annaalbert.com\/es\/#website"},"primaryImageOfPage":{"@id":"https:\/\/annaalbert.com\/es\/producto-es\/mascarilla-colores\/#primaryimage"},"image":{"@id":"https:\/\/annaalbert.com\/es\/producto-es\/mascarilla-colores\/#primaryimage"},"thumbnailUrl":"https:\/\/annaalbert.com\/wp-content\/uploads\/2020\/09\/pinzellades3.jpg","datePublished":"2020-09-02T15:45:43+00:00","dateModified":"2024-04-03T07:20:39+00:00","description":"Mascarilla de colores de seda natural pintada y hecha a mano por una artesana experta. De seda sostenible, puedes conseguir el fular de conjunto!","breadcrumb":{"@id":"https:\/\/annaalbert.com\/es\/producto-es\/mascarilla-colores\/#breadcrumb"},"inLanguage":"es","potentialAction":[{"@type":"ReadAction","target":["https:\/\/annaalbert.com\/es\/producto-es\/mascarilla-colores\/"]}]},{"@type":"ImageObject","inLanguage":"es","@id":"https:\/\/annaalbert.com\/es\/producto-es\/mascarilla-colores\/#primaryimage","url":"https:\/\/annaalbert.com\/wp-content\/uploads\/2020\/09\/pinzellades3.jpg","contentUrl":"https:\/\/annaalbert.com\/wp-content\/uploads\/2020\/09\/pinzellades3.jpg","width":800,"height":960,"caption":"mascareta colors"},{"@type":"BreadcrumbList","@id":"https:\/\/annaalbert.com\/es\/producto-es\/mascarilla-colores\/#breadcrumb","itemListElement":[{"@type":"ListItem","position":1,"name":"Portada","item":"https:\/\/annaalbert.com\/es\/"},{"@type":"ListItem","position":2,"name":"Tienda","item":"https:\/\/annaalbert.com\/tienda\/"},{"@type":"ListItem","position":3,"name":"Mascarilla de colores"}]},{"@type":"WebSite","@id":"https:\/\/annaalbert.com\/es\/#website","url":"https:\/\/annaalbert.com\/es\/","name":"Art en Seda","description":"Productos de seda pintada a mano, asi como cursos, talleres, experiencias por la artesana Anna Albert","publisher":{"@id":"https:\/\/annaalbert.com\/es\/#organization"},"potentialAction":[{"@type":"SearchAction","target":{"@type":"EntryPoint","urlTemplate":"https:\/\/annaalbert.com\/es\/?s={search_term_string}"},"query-input":{"@type":"PropertyValueSpecification","valueRequired":true,"valueName":"search_term_string"}}],"inLanguage":"es"},{"@type":"Organization","@id":"https:\/\/annaalbert.com\/es\/#organization","name":"Art en Seda by Anna Albert","url":"https:\/\/annaalbert.com\/es\/","logo":{"@type":"ImageObject","inLanguage":"es","@id":"https:\/\/annaalbert.com\/es\/#\/schema\/logo\/image\/","url":"https:\/\/annaalbert.com\/wp-content\/uploads\/2021\/01\/horitzontal_fonsblanc-scaled.jpg","contentUrl":"https:\/\/annaalbert.com\/wp-content\/uploads\/2021\/01\/horitzontal_fonsblanc-scaled.jpg","width":2560,"height":779,"caption":"Art en Seda by Anna Albert"},"image":{"@id":"https:\/\/annaalbert.com\/es\/#\/schema\/logo\/image\/"}}]}},"_links":{"self":[{"href":"https:\/\/annaalbert.com\/es\/wp-json\/wp\/v2\/product\/10851","targetHints":{"allow":["GET"]}}],"collection":[{"href":"https:\/\/annaalbert.com\/es\/wp-json\/wp\/v2\/product"}],"about":[{"href":"https:\/\/annaalbert.com\/es\/wp-json\/wp\/v2\/types\/product"}],"replies":[{"embeddable":true,"href":"https:\/\/annaalbert.com\/es\/wp-json\/wp\/v2\/comments?post=10851"}],"wp:featuredmedia":[{"embeddable":true,"href":"https:\/\/annaalbert.com\/es\/wp-json\/wp\/v2\/media\/10852"}],"wp:attachment":[{"href":"https:\/\/annaalbert.com\/es\/wp-json\/wp\/v2\/media?parent=10851"}],"wp:term":[{"taxonomy":"product_brand","embeddable":true,"href":"https:\/\/annaalbert.com\/es\/wp-json\/wp\/v2\/product_brand?post=10851"},{"taxonomy":"product_cat","embeddable":true,"href":"https:\/\/annaalbert.com\/es\/wp-json\/wp\/v2\/product_cat?post=10851"},{"taxonomy":"product_tag","embeddable":true,"href":"https:\/\/annaalbert.com\/es\/wp-json\/wp\/v2\/product_tag?post=10851"}],"curies":[{"name":"wp","href":"https:\/\/api.w.org\/{rel}","templated":true}]}}