{"id":10811,"date":"2020-09-02T18:35:57","date_gmt":"2020-09-02T18:35:57","guid":{"rendered":"https:\/\/annaalbert.com\/producto\/mascarilla-mar\/"},"modified":"2024-04-03T07:13:59","modified_gmt":"2024-04-03T07:13:59","slug":"mascarilla-seda-natural-mar","status":"publish","type":"product","link":"https:\/\/annaalbert.com\/es\/producto-es\/mascarilla-seda-natural-mar\/","title":{"rendered":"Mascarilla de seda natural mar"},"content":{"rendered":"<p>Esta mascarilla de seda natural mar es una pieza \u00fanica de seda natural pintada a mano. Cada mascarilla es una expresi\u00f3n de creatividad y destreza, confeccionada con amor y cura por la artesana, disfrutando de su oficio.<\/p>\n<p>El interior es de algod\u00f3n de color negro y el cord\u00f3n el\u00e1stico es del mismo color.<\/p>\n<p>Dispone de una apertura para poner un filtro si as\u00ed lo prefieres. Pero tienes que saber que la seda es antibacteriana y que repelo los agentes externos a la vez que es transpirable y natural.<\/p>\n<p>Se puede lavar a mano y a la lavadora. Nuestra mascarilla de seda natural mar hecho a mano no solo te ofrece protecci\u00f3n y comodidad, sino tambi\u00e9n una pieza de arte que te hace sentir especial. Si est\u00e1s buscando una manera de mantenerte seguro y estilos en el mismo tiempo, esta es la mascarilla para ti. Haz una declaraci\u00f3n de moda y prot\u00e9gete con nuestra mascarilla de seda natural hecha a mano.<\/p>\n<p>La mascarilla se ha convertido en un complemento de nuestro d\u00eda a d\u00eda y es por eso que te ofrecemos una diversidad de dise\u00f1os y colores para que la puedas combinar con tu outfit.<\/p>\n<p>Si deseas la mascarilla seda natural mar con el fular a conjunto o un color o estampado especial, ponte en contacto y te lo har\u00e9 a medida.<\/p>\n<p>S\u00e9 original y diferente! Mascarillas con estilo, para personas \u00fanicas.<\/p>\n","protected":false},"excerpt":{"rendered":"<p>Mascarilla de seda natural pintada a mano<\/p>\n","protected":false},"featured_media":10812,"comment_status":"closed","ping_status":"closed","template":"","meta":{"_et_pb_use_builder":"","_et_pb_old_content":"","_et_gb_content_width":""},"product_brand":[],"product_cat":[416,332],"product_tag":[],"class_list":{"0":"post-10811","1":"product","2":"type-product","3":"status-publish","4":"has-post-thumbnail","6":"product_cat-otros-complementos-es","7":"product_cat-mascarilla","9":"first","10":"instock","11":"taxable","12":"shipping-taxable","13":"purchasable","14":"product-type-simple"},"yoast_head":"<!-- This site is optimized with the Yoast SEO plugin v27.0 - https:\/\/yoast.com\/product\/yoast-seo-wordpress\/ -->\n<title>Mascarilla de seda natural mar - Art en Seda<\/title>\n<meta name=\"description\" content=\"Mascarilla de seda natural inspirada en el color del mar. Completamente hecha a mano, con la oportunidad de tener un fular de conjunto!\" \/>\n<meta name=\"robots\" content=\"index, follow, max-snippet:-1, max-image-preview:large, max-video-preview:-1\" \/>\n<link rel=\"canonical\" href=\"https:\/\/annaalbert.com\/es\/producto-es\/mascarilla-seda-natural-mar\/\" \/>\n<meta property=\"og:locale\" content=\"es_ES\" \/>\n<meta property=\"og:type\" content=\"article\" \/>\n<meta property=\"og:title\" content=\"Mascarilla de seda natural mar - Art en Seda\" \/>\n<meta property=\"og:description\" content=\"Mascarilla de seda natural inspirada en el color del mar. Completamente hecha a mano, con la oportunidad de tener un fular de conjunto!\" \/>\n<meta property=\"og:url\" content=\"https:\/\/annaalbert.com\/es\/producto-es\/mascarilla-seda-natural-mar\/\" \/>\n<meta property=\"og:site_name\" content=\"Art en Seda\" \/>\n<meta property=\"article:modified_time\" content=\"2024-04-03T07:13:59+00:00\" \/>\n<meta property=\"og:image\" content=\"https:\/\/annaalbert.com\/wp-content\/uploads\/2020\/09\/textura-blau.jpg\" \/>\n\t<meta property=\"og:image:width\" content=\"800\" \/>\n\t<meta property=\"og:image:height\" content=\"960\" \/>\n\t<meta property=\"og:image:type\" content=\"image\/jpeg\" \/>\n<meta name=\"twitter:card\" content=\"summary_large_image\" \/>\n<meta name=\"twitter:label1\" content=\"Tiempo de lectura\" \/>\n\t<meta name=\"twitter:data1\" content=\"1 minuto\" \/>\n<script type=\"application\/ld+json\" class=\"yoast-schema-graph\">{\"@context\":\"https:\/\/schema.org\",\"@graph\":[{\"@type\":\"WebPage\",\"@id\":\"https:\/\/annaalbert.com\/es\/producto-es\/mascarilla-seda-natural-mar\/\",\"url\":\"https:\/\/annaalbert.com\/es\/producto-es\/mascarilla-seda-natural-mar\/\",\"name\":\"Mascarilla de seda natural mar - Art en Seda\",\"isPartOf\":{\"@id\":\"https:\/\/annaalbert.com\/es\/#website\"},\"primaryImageOfPage\":{\"@id\":\"https:\/\/annaalbert.com\/es\/producto-es\/mascarilla-seda-natural-mar\/#primaryimage\"},\"image\":{\"@id\":\"https:\/\/annaalbert.com\/es\/producto-es\/mascarilla-seda-natural-mar\/#primaryimage\"},\"thumbnailUrl\":\"https:\/\/annaalbert.com\/wp-content\/uploads\/2020\/09\/textura-blau.jpg\",\"datePublished\":\"2020-09-02T18:35:57+00:00\",\"dateModified\":\"2024-04-03T07:13:59+00:00\",\"description\":\"Mascarilla de seda natural inspirada en el color del mar. Completamente hecha a mano, con la oportunidad de tener un fular de conjunto!\",\"breadcrumb\":{\"@id\":\"https:\/\/annaalbert.com\/es\/producto-es\/mascarilla-seda-natural-mar\/#breadcrumb\"},\"inLanguage\":\"es\",\"potentialAction\":[{\"@type\":\"ReadAction\",\"target\":[\"https:\/\/annaalbert.com\/es\/producto-es\/mascarilla-seda-natural-mar\/\"]}]},{\"@type\":\"ImageObject\",\"inLanguage\":\"es\",\"@id\":\"https:\/\/annaalbert.com\/es\/producto-es\/mascarilla-seda-natural-mar\/#primaryimage\",\"url\":\"https:\/\/annaalbert.com\/wp-content\/uploads\/2020\/09\/textura-blau.jpg\",\"contentUrl\":\"https:\/\/annaalbert.com\/wp-content\/uploads\/2020\/09\/textura-blau.jpg\",\"width\":800,\"height\":960,\"caption\":\"mascareta seda natural mar\"},{\"@type\":\"BreadcrumbList\",\"@id\":\"https:\/\/annaalbert.com\/es\/producto-es\/mascarilla-seda-natural-mar\/#breadcrumb\",\"itemListElement\":[{\"@type\":\"ListItem\",\"position\":1,\"name\":\"Portada\",\"item\":\"https:\/\/annaalbert.com\/es\/\"},{\"@type\":\"ListItem\",\"position\":2,\"name\":\"Tienda\",\"item\":\"https:\/\/annaalbert.com\/tienda\/\"},{\"@type\":\"ListItem\",\"position\":3,\"name\":\"Mascarilla de seda natural mar\"}]},{\"@type\":\"WebSite\",\"@id\":\"https:\/\/annaalbert.com\/es\/#website\",\"url\":\"https:\/\/annaalbert.com\/es\/\",\"name\":\"Art en Seda\",\"description\":\"Productos de seda pintada a mano, asi como cursos, talleres, experiencias por la artesana Anna Albert\",\"publisher\":{\"@id\":\"https:\/\/annaalbert.com\/es\/#organization\"},\"potentialAction\":[{\"@type\":\"SearchAction\",\"target\":{\"@type\":\"EntryPoint\",\"urlTemplate\":\"https:\/\/annaalbert.com\/es\/?s={search_term_string}\"},\"query-input\":{\"@type\":\"PropertyValueSpecification\",\"valueRequired\":true,\"valueName\":\"search_term_string\"}}],\"inLanguage\":\"es\"},{\"@type\":\"Organization\",\"@id\":\"https:\/\/annaalbert.com\/es\/#organization\",\"name\":\"Art en Seda by Anna Albert\",\"url\":\"https:\/\/annaalbert.com\/es\/\",\"logo\":{\"@type\":\"ImageObject\",\"inLanguage\":\"es\",\"@id\":\"https:\/\/annaalbert.com\/es\/#\/schema\/logo\/image\/\",\"url\":\"https:\/\/annaalbert.com\/wp-content\/uploads\/2021\/01\/horitzontal_fonsblanc-scaled.jpg\",\"contentUrl\":\"https:\/\/annaalbert.com\/wp-content\/uploads\/2021\/01\/horitzontal_fonsblanc-scaled.jpg\",\"width\":2560,\"height\":779,\"caption\":\"Art en Seda by Anna Albert\"},\"image\":{\"@id\":\"https:\/\/annaalbert.com\/es\/#\/schema\/logo\/image\/\"}}]}<\/script>\n<!-- \/ Yoast SEO plugin. -->","yoast_head_json":{"title":"Mascarilla de seda natural mar - Art en Seda","description":"Mascarilla de seda natural inspirada en el color del mar. Completamente hecha a mano, con la oportunidad de tener un fular de conjunto!","robots":{"index":"index","follow":"follow","max-snippet":"max-snippet:-1","max-image-preview":"max-image-preview:large","max-video-preview":"max-video-preview:-1"},"canonical":"https:\/\/annaalbert.com\/es\/producto-es\/mascarilla-seda-natural-mar\/","og_locale":"es_ES","og_type":"article","og_title":"Mascarilla de seda natural mar - Art en Seda","og_description":"Mascarilla de seda natural inspirada en el color del mar. Completamente hecha a mano, con la oportunidad de tener un fular de conjunto!","og_url":"https:\/\/annaalbert.com\/es\/producto-es\/mascarilla-seda-natural-mar\/","og_site_name":"Art en Seda","article_modified_time":"2024-04-03T07:13:59+00:00","og_image":[{"width":800,"height":960,"url":"https:\/\/annaalbert.com\/wp-content\/uploads\/2020\/09\/textura-blau.jpg","type":"image\/jpeg"}],"twitter_card":"summary_large_image","twitter_misc":{"Tiempo de lectura":"1 minuto"},"schema":{"@context":"https:\/\/schema.org","@graph":[{"@type":"WebPage","@id":"https:\/\/annaalbert.com\/es\/producto-es\/mascarilla-seda-natural-mar\/","url":"https:\/\/annaalbert.com\/es\/producto-es\/mascarilla-seda-natural-mar\/","name":"Mascarilla de seda natural mar - Art en Seda","isPartOf":{"@id":"https:\/\/annaalbert.com\/es\/#website"},"primaryImageOfPage":{"@id":"https:\/\/annaalbert.com\/es\/producto-es\/mascarilla-seda-natural-mar\/#primaryimage"},"image":{"@id":"https:\/\/annaalbert.com\/es\/producto-es\/mascarilla-seda-natural-mar\/#primaryimage"},"thumbnailUrl":"https:\/\/annaalbert.com\/wp-content\/uploads\/2020\/09\/textura-blau.jpg","datePublished":"2020-09-02T18:35:57+00:00","dateModified":"2024-04-03T07:13:59+00:00","description":"Mascarilla de seda natural inspirada en el color del mar. Completamente hecha a mano, con la oportunidad de tener un fular de conjunto!","breadcrumb":{"@id":"https:\/\/annaalbert.com\/es\/producto-es\/mascarilla-seda-natural-mar\/#breadcrumb"},"inLanguage":"es","potentialAction":[{"@type":"ReadAction","target":["https:\/\/annaalbert.com\/es\/producto-es\/mascarilla-seda-natural-mar\/"]}]},{"@type":"ImageObject","inLanguage":"es","@id":"https:\/\/annaalbert.com\/es\/producto-es\/mascarilla-seda-natural-mar\/#primaryimage","url":"https:\/\/annaalbert.com\/wp-content\/uploads\/2020\/09\/textura-blau.jpg","contentUrl":"https:\/\/annaalbert.com\/wp-content\/uploads\/2020\/09\/textura-blau.jpg","width":800,"height":960,"caption":"mascareta seda natural mar"},{"@type":"BreadcrumbList","@id":"https:\/\/annaalbert.com\/es\/producto-es\/mascarilla-seda-natural-mar\/#breadcrumb","itemListElement":[{"@type":"ListItem","position":1,"name":"Portada","item":"https:\/\/annaalbert.com\/es\/"},{"@type":"ListItem","position":2,"name":"Tienda","item":"https:\/\/annaalbert.com\/tienda\/"},{"@type":"ListItem","position":3,"name":"Mascarilla de seda natural mar"}]},{"@type":"WebSite","@id":"https:\/\/annaalbert.com\/es\/#website","url":"https:\/\/annaalbert.com\/es\/","name":"Art en Seda","description":"Productos de seda pintada a mano, asi como cursos, talleres, experiencias por la artesana Anna Albert","publisher":{"@id":"https:\/\/annaalbert.com\/es\/#organization"},"potentialAction":[{"@type":"SearchAction","target":{"@type":"EntryPoint","urlTemplate":"https:\/\/annaalbert.com\/es\/?s={search_term_string}"},"query-input":{"@type":"PropertyValueSpecification","valueRequired":true,"valueName":"search_term_string"}}],"inLanguage":"es"},{"@type":"Organization","@id":"https:\/\/annaalbert.com\/es\/#organization","name":"Art en Seda by Anna Albert","url":"https:\/\/annaalbert.com\/es\/","logo":{"@type":"ImageObject","inLanguage":"es","@id":"https:\/\/annaalbert.com\/es\/#\/schema\/logo\/image\/","url":"https:\/\/annaalbert.com\/wp-content\/uploads\/2021\/01\/horitzontal_fonsblanc-scaled.jpg","contentUrl":"https:\/\/annaalbert.com\/wp-content\/uploads\/2021\/01\/horitzontal_fonsblanc-scaled.jpg","width":2560,"height":779,"caption":"Art en Seda by Anna Albert"},"image":{"@id":"https:\/\/annaalbert.com\/es\/#\/schema\/logo\/image\/"}}]}},"_links":{"self":[{"href":"https:\/\/annaalbert.com\/es\/wp-json\/wp\/v2\/product\/10811","targetHints":{"allow":["GET"]}}],"collection":[{"href":"https:\/\/annaalbert.com\/es\/wp-json\/wp\/v2\/product"}],"about":[{"href":"https:\/\/annaalbert.com\/es\/wp-json\/wp\/v2\/types\/product"}],"replies":[{"embeddable":true,"href":"https:\/\/annaalbert.com\/es\/wp-json\/wp\/v2\/comments?post=10811"}],"wp:featuredmedia":[{"embeddable":true,"href":"https:\/\/annaalbert.com\/es\/wp-json\/wp\/v2\/media\/10812"}],"wp:attachment":[{"href":"https:\/\/annaalbert.com\/es\/wp-json\/wp\/v2\/media?parent=10811"}],"wp:term":[{"taxonomy":"product_brand","embeddable":true,"href":"https:\/\/annaalbert.com\/es\/wp-json\/wp\/v2\/product_brand?post=10811"},{"taxonomy":"product_cat","embeddable":true,"href":"https:\/\/annaalbert.com\/es\/wp-json\/wp\/v2\/product_cat?post=10811"},{"taxonomy":"product_tag","embeddable":true,"href":"https:\/\/annaalbert.com\/es\/wp-json\/wp\/v2\/product_tag?post=10811"}],"curies":[{"name":"wp","href":"https:\/\/api.w.org\/{rel}","templated":true}]}}