{"id":10807,"date":"2020-09-07T22:38:55","date_gmt":"2020-09-07T22:38:55","guid":{"rendered":"https:\/\/annaalbert.com\/producto\/chal-seda-natural-peces\/"},"modified":"2023-10-19T11:28:02","modified_gmt":"2023-10-19T11:28:02","slug":"chal-seda-natural-peces","status":"publish","type":"product","link":"https:\/\/annaalbert.com\/es\/producto-es\/chal-seda-natural-peces\/","title":{"rendered":"CHAL SEDA NATURAL PECES"},"content":{"rendered":"<p>El mundo de la moda y la artesan\u00eda est\u00e1 lleno de maravillas, y nuestro chal seda natural peces es sin duda una de ellas.<\/p>\n<p>La seda natural es conocida por su suavidad y ligereza, y este chal no hace excepci\u00f3n.<\/p>\n<p>Chal inspirado en el fondo marino de nuestro mediterr\u00e1neo. Riqueza de texturas, colores y vida marina es el que transmite este complemento de seda natural pintado a mano.<\/p>\n<p>Este chal seda natural peces forma parte de la colecci\u00f3n sedas del mediterr\u00e1neo, una propuesta atractiva que se present\u00f3 en el entorno del Puerto del Masnou entre barcos y la luz especial del Maresme. Es m\u00e1s que una prenda de ropa; es una declaraci\u00f3n de estilo y un recordatorio de la belleza de la naturaleza.<\/p>\n<p>Este dise\u00f1o lo puedes encontrar en forma de fular de 180x45cm o en esta medida generosa de chal de 200x90cm, una medida espectacular que realmente te hace sentir rodeada de mar.<\/p>\n<p>Azules, verdes, turquesas, colores tierra y coral. Combinable tanto en verano como en invierno.<\/p>\n<p>Pensado tanto como cuadro as\u00ed como a complemento de moda.<\/p>\n<p>Cuando compr\u00e1is un de nuestros chales de seda natural, est\u00e1is haciendo una inversi\u00f3n en artesan\u00eda de calidad y sostenibilidad. La seda es un material renovable, y nuestra producci\u00f3n respeta el entorno.<\/p>\n","protected":false},"excerpt":{"rendered":"<p>Chal de seda inspirado en el fondo marino del mediterr\u00e1neo<\/p>\n<p>Seda pong\u00e9<\/p>\n<p>Medidas 200x90cm<\/p>\n","protected":false},"featured_media":8878,"comment_status":"closed","ping_status":"closed","template":"","meta":{"_et_pb_use_builder":"","_et_pb_old_content":"","_et_gb_content_width":""},"product_brand":[],"product_cat":[174],"product_tag":[],"class_list":{"0":"post-10807","1":"product","2":"type-product","3":"status-publish","4":"has-post-thumbnail","6":"product_cat-fulards","8":"first","9":"outofstock","10":"taxable","11":"shipping-taxable","12":"purchasable","13":"product-type-simple"},"yoast_head":"<!-- This site is optimized with the Yoast SEO plugin v27.0 - https:\/\/yoast.com\/product\/yoast-seo-wordpress\/ -->\n<title>Chal seda natural peces - Art en Seda<\/title>\n<meta name=\"description\" content=\"Chal seda natural peces inspirado en el fondo marino de nuestro mediterr\u00e1neo. Este dise\u00f1o lo puedes encontrar en forma de fular o de chal.\" \/>\n<meta name=\"robots\" content=\"index, follow, max-snippet:-1, max-image-preview:large, max-video-preview:-1\" \/>\n<link rel=\"canonical\" href=\"https:\/\/annaalbert.com\/es\/producto-es\/chal-seda-natural-peces\/\" \/>\n<meta property=\"og:locale\" content=\"es_ES\" \/>\n<meta property=\"og:type\" content=\"article\" \/>\n<meta property=\"og:title\" content=\"Chal seda natural peces - Art en Seda\" \/>\n<meta property=\"og:description\" content=\"Chal seda natural peces inspirado en el fondo marino de nuestro mediterr\u00e1neo. Este dise\u00f1o lo puedes encontrar en forma de fular o de chal.\" \/>\n<meta property=\"og:url\" content=\"https:\/\/annaalbert.com\/es\/producto-es\/chal-seda-natural-peces\/\" \/>\n<meta property=\"og:site_name\" content=\"Art en Seda\" \/>\n<meta property=\"article:modified_time\" content=\"2023-10-19T11:28:02+00:00\" \/>\n<meta property=\"og:image\" content=\"https:\/\/annaalbert.com\/wp-content\/uploads\/2020\/09\/2.jpg\" \/>\n\t<meta property=\"og:image:width\" content=\"800\" \/>\n\t<meta property=\"og:image:height\" content=\"960\" \/>\n\t<meta property=\"og:image:type\" content=\"image\/jpeg\" \/>\n<meta name=\"twitter:card\" content=\"summary_large_image\" \/>\n<meta name=\"twitter:label1\" content=\"Tiempo de lectura\" \/>\n\t<meta name=\"twitter:data1\" content=\"1 minuto\" \/>\n<script type=\"application\/ld+json\" class=\"yoast-schema-graph\">{\"@context\":\"https:\/\/schema.org\",\"@graph\":[{\"@type\":\"WebPage\",\"@id\":\"https:\/\/annaalbert.com\/es\/producto-es\/chal-seda-natural-peces\/\",\"url\":\"https:\/\/annaalbert.com\/es\/producto-es\/chal-seda-natural-peces\/\",\"name\":\"Chal seda natural peces - Art en Seda\",\"isPartOf\":{\"@id\":\"https:\/\/annaalbert.com\/es\/#website\"},\"primaryImageOfPage\":{\"@id\":\"https:\/\/annaalbert.com\/es\/producto-es\/chal-seda-natural-peces\/#primaryimage\"},\"image\":{\"@id\":\"https:\/\/annaalbert.com\/es\/producto-es\/chal-seda-natural-peces\/#primaryimage\"},\"thumbnailUrl\":\"https:\/\/annaalbert.com\/wp-content\/uploads\/2020\/09\/2.jpg\",\"datePublished\":\"2020-09-07T22:38:55+00:00\",\"dateModified\":\"2023-10-19T11:28:02+00:00\",\"description\":\"Chal seda natural peces inspirado en el fondo marino de nuestro mediterr\u00e1neo. Este dise\u00f1o lo puedes encontrar en forma de fular o de chal.\",\"breadcrumb\":{\"@id\":\"https:\/\/annaalbert.com\/es\/producto-es\/chal-seda-natural-peces\/#breadcrumb\"},\"inLanguage\":\"es\",\"potentialAction\":[{\"@type\":\"ReadAction\",\"target\":[\"https:\/\/annaalbert.com\/es\/producto-es\/chal-seda-natural-peces\/\"]}]},{\"@type\":\"ImageObject\",\"inLanguage\":\"es\",\"@id\":\"https:\/\/annaalbert.com\/es\/producto-es\/chal-seda-natural-peces\/#primaryimage\",\"url\":\"https:\/\/annaalbert.com\/wp-content\/uploads\/2020\/09\/2.jpg\",\"contentUrl\":\"https:\/\/annaalbert.com\/wp-content\/uploads\/2020\/09\/2.jpg\",\"width\":800,\"height\":960,\"caption\":\"xal seda natural peixos\"},{\"@type\":\"BreadcrumbList\",\"@id\":\"https:\/\/annaalbert.com\/es\/producto-es\/chal-seda-natural-peces\/#breadcrumb\",\"itemListElement\":[{\"@type\":\"ListItem\",\"position\":1,\"name\":\"Portada\",\"item\":\"https:\/\/annaalbert.com\/es\/\"},{\"@type\":\"ListItem\",\"position\":2,\"name\":\"Tienda\",\"item\":\"https:\/\/annaalbert.com\/tienda\/\"},{\"@type\":\"ListItem\",\"position\":3,\"name\":\"CHAL SEDA NATURAL PECES\"}]},{\"@type\":\"WebSite\",\"@id\":\"https:\/\/annaalbert.com\/es\/#website\",\"url\":\"https:\/\/annaalbert.com\/es\/\",\"name\":\"Art en Seda\",\"description\":\"Productos de seda pintada a mano, asi como cursos, talleres, experiencias por la artesana Anna Albert\",\"publisher\":{\"@id\":\"https:\/\/annaalbert.com\/es\/#organization\"},\"potentialAction\":[{\"@type\":\"SearchAction\",\"target\":{\"@type\":\"EntryPoint\",\"urlTemplate\":\"https:\/\/annaalbert.com\/es\/?s={search_term_string}\"},\"query-input\":{\"@type\":\"PropertyValueSpecification\",\"valueRequired\":true,\"valueName\":\"search_term_string\"}}],\"inLanguage\":\"es\"},{\"@type\":\"Organization\",\"@id\":\"https:\/\/annaalbert.com\/es\/#organization\",\"name\":\"Art en Seda by Anna Albert\",\"url\":\"https:\/\/annaalbert.com\/es\/\",\"logo\":{\"@type\":\"ImageObject\",\"inLanguage\":\"es\",\"@id\":\"https:\/\/annaalbert.com\/es\/#\/schema\/logo\/image\/\",\"url\":\"https:\/\/annaalbert.com\/wp-content\/uploads\/2021\/01\/horitzontal_fonsblanc-scaled.jpg\",\"contentUrl\":\"https:\/\/annaalbert.com\/wp-content\/uploads\/2021\/01\/horitzontal_fonsblanc-scaled.jpg\",\"width\":2560,\"height\":779,\"caption\":\"Art en Seda by Anna Albert\"},\"image\":{\"@id\":\"https:\/\/annaalbert.com\/es\/#\/schema\/logo\/image\/\"}}]}<\/script>\n<!-- \/ Yoast SEO plugin. -->","yoast_head_json":{"title":"Chal seda natural peces - Art en Seda","description":"Chal seda natural peces inspirado en el fondo marino de nuestro mediterr\u00e1neo. Este dise\u00f1o lo puedes encontrar en forma de fular o de chal.","robots":{"index":"index","follow":"follow","max-snippet":"max-snippet:-1","max-image-preview":"max-image-preview:large","max-video-preview":"max-video-preview:-1"},"canonical":"https:\/\/annaalbert.com\/es\/producto-es\/chal-seda-natural-peces\/","og_locale":"es_ES","og_type":"article","og_title":"Chal seda natural peces - Art en Seda","og_description":"Chal seda natural peces inspirado en el fondo marino de nuestro mediterr\u00e1neo. Este dise\u00f1o lo puedes encontrar en forma de fular o de chal.","og_url":"https:\/\/annaalbert.com\/es\/producto-es\/chal-seda-natural-peces\/","og_site_name":"Art en Seda","article_modified_time":"2023-10-19T11:28:02+00:00","og_image":[{"width":800,"height":960,"url":"https:\/\/annaalbert.com\/wp-content\/uploads\/2020\/09\/2.jpg","type":"image\/jpeg"}],"twitter_card":"summary_large_image","twitter_misc":{"Tiempo de lectura":"1 minuto"},"schema":{"@context":"https:\/\/schema.org","@graph":[{"@type":"WebPage","@id":"https:\/\/annaalbert.com\/es\/producto-es\/chal-seda-natural-peces\/","url":"https:\/\/annaalbert.com\/es\/producto-es\/chal-seda-natural-peces\/","name":"Chal seda natural peces - Art en Seda","isPartOf":{"@id":"https:\/\/annaalbert.com\/es\/#website"},"primaryImageOfPage":{"@id":"https:\/\/annaalbert.com\/es\/producto-es\/chal-seda-natural-peces\/#primaryimage"},"image":{"@id":"https:\/\/annaalbert.com\/es\/producto-es\/chal-seda-natural-peces\/#primaryimage"},"thumbnailUrl":"https:\/\/annaalbert.com\/wp-content\/uploads\/2020\/09\/2.jpg","datePublished":"2020-09-07T22:38:55+00:00","dateModified":"2023-10-19T11:28:02+00:00","description":"Chal seda natural peces inspirado en el fondo marino de nuestro mediterr\u00e1neo. Este dise\u00f1o lo puedes encontrar en forma de fular o de chal.","breadcrumb":{"@id":"https:\/\/annaalbert.com\/es\/producto-es\/chal-seda-natural-peces\/#breadcrumb"},"inLanguage":"es","potentialAction":[{"@type":"ReadAction","target":["https:\/\/annaalbert.com\/es\/producto-es\/chal-seda-natural-peces\/"]}]},{"@type":"ImageObject","inLanguage":"es","@id":"https:\/\/annaalbert.com\/es\/producto-es\/chal-seda-natural-peces\/#primaryimage","url":"https:\/\/annaalbert.com\/wp-content\/uploads\/2020\/09\/2.jpg","contentUrl":"https:\/\/annaalbert.com\/wp-content\/uploads\/2020\/09\/2.jpg","width":800,"height":960,"caption":"xal seda natural peixos"},{"@type":"BreadcrumbList","@id":"https:\/\/annaalbert.com\/es\/producto-es\/chal-seda-natural-peces\/#breadcrumb","itemListElement":[{"@type":"ListItem","position":1,"name":"Portada","item":"https:\/\/annaalbert.com\/es\/"},{"@type":"ListItem","position":2,"name":"Tienda","item":"https:\/\/annaalbert.com\/tienda\/"},{"@type":"ListItem","position":3,"name":"CHAL SEDA NATURAL PECES"}]},{"@type":"WebSite","@id":"https:\/\/annaalbert.com\/es\/#website","url":"https:\/\/annaalbert.com\/es\/","name":"Art en Seda","description":"Productos de seda pintada a mano, asi como cursos, talleres, experiencias por la artesana Anna Albert","publisher":{"@id":"https:\/\/annaalbert.com\/es\/#organization"},"potentialAction":[{"@type":"SearchAction","target":{"@type":"EntryPoint","urlTemplate":"https:\/\/annaalbert.com\/es\/?s={search_term_string}"},"query-input":{"@type":"PropertyValueSpecification","valueRequired":true,"valueName":"search_term_string"}}],"inLanguage":"es"},{"@type":"Organization","@id":"https:\/\/annaalbert.com\/es\/#organization","name":"Art en Seda by Anna Albert","url":"https:\/\/annaalbert.com\/es\/","logo":{"@type":"ImageObject","inLanguage":"es","@id":"https:\/\/annaalbert.com\/es\/#\/schema\/logo\/image\/","url":"https:\/\/annaalbert.com\/wp-content\/uploads\/2021\/01\/horitzontal_fonsblanc-scaled.jpg","contentUrl":"https:\/\/annaalbert.com\/wp-content\/uploads\/2021\/01\/horitzontal_fonsblanc-scaled.jpg","width":2560,"height":779,"caption":"Art en Seda by Anna Albert"},"image":{"@id":"https:\/\/annaalbert.com\/es\/#\/schema\/logo\/image\/"}}]}},"_links":{"self":[{"href":"https:\/\/annaalbert.com\/es\/wp-json\/wp\/v2\/product\/10807","targetHints":{"allow":["GET"]}}],"collection":[{"href":"https:\/\/annaalbert.com\/es\/wp-json\/wp\/v2\/product"}],"about":[{"href":"https:\/\/annaalbert.com\/es\/wp-json\/wp\/v2\/types\/product"}],"replies":[{"embeddable":true,"href":"https:\/\/annaalbert.com\/es\/wp-json\/wp\/v2\/comments?post=10807"}],"wp:featuredmedia":[{"embeddable":true,"href":"https:\/\/annaalbert.com\/es\/wp-json\/wp\/v2\/media\/8878"}],"wp:attachment":[{"href":"https:\/\/annaalbert.com\/es\/wp-json\/wp\/v2\/media?parent=10807"}],"wp:term":[{"taxonomy":"product_brand","embeddable":true,"href":"https:\/\/annaalbert.com\/es\/wp-json\/wp\/v2\/product_brand?post=10807"},{"taxonomy":"product_cat","embeddable":true,"href":"https:\/\/annaalbert.com\/es\/wp-json\/wp\/v2\/product_cat?post=10807"},{"taxonomy":"product_tag","embeddable":true,"href":"https:\/\/annaalbert.com\/es\/wp-json\/wp\/v2\/product_tag?post=10807"}],"curies":[{"name":"wp","href":"https:\/\/api.w.org\/{rel}","templated":true}]}}