{"id":10803,"date":"2020-10-01T11:21:36","date_gmt":"2020-10-01T11:21:36","guid":{"rendered":"https:\/\/annaalbert.com\/producto\/cinta-seda-natural-roja\/"},"modified":"2024-04-02T15:29:36","modified_gmt":"2024-04-02T15:29:36","slug":"cinta-seda-natural-roja","status":"publish","type":"product","link":"https:\/\/annaalbert.com\/es\/producto-es\/cinta-seda-natural-roja\/","title":{"rendered":"CINTA DE SEDA NATURAL ROJA"},"content":{"rendered":"<p>Estas cintas nacen de vuestras sugerencias y de la necesidad de tener que llevar mascarilla todo el d\u00eda. Aqu\u00ed lo hacemos pr\u00e1ctico y bonito y te proponemos este complemento original para sostener la mascarilla cuando te la sacas por un momento o por un rato.<\/p>\n<p>Se ha acabado aguantarla con la mano, dejarla sobre la mesa o no saber qu\u00e9 hacer.<\/p>\n<p>He te\u00f1ido las cintas de seda de diferentes colores y los acabados de los extremos son un detalle decorativo que decora y no pesa. Al final lleva una fornitura para coger las cintas de la mascarilla.<\/p>\n<p>Esta es monocolor con tonos rojos. Color de la pasi\u00f3n y del amor. Puedes escoger los abalorios con negro o cromato, solo hay que indicarlo a las observaciones.<\/p>\n<p>Si este es el que m\u00e1s te gusta quiero que sepas que el transporte el tenso gratuito y que si haces la compra ahora y quieres una mascarilla de seda que puedes comprar lo pac mascarilla+cinta con 3 euros de descuento mientras dure la promoci\u00f3n.<\/p>\n<p>Y si quieres una cinta de regalo la puedes obtener con el pac de tres mascarillas y el transporte tambi\u00e9n es gratuito.<\/p>\n<p>Esta cinta de seda natural roja combina muy bien con la <a href=\"https:\/\/annaalbert.com\/producto\/mascareta-vermella-itineraris\/\"><span style=\"color: #0000ff;\">mascarilla itinerarios<\/span><\/a><\/p>\n","protected":false},"excerpt":{"rendered":"<p>Cinta roja de seda para mascarilla<\/p>\n","protected":false},"featured_media":9241,"comment_status":"closed","ping_status":"closed","template":"","meta":{"_et_pb_use_builder":"","_et_pb_old_content":"","_et_gb_content_width":""},"product_brand":[],"product_cat":[416,333,162],"product_tag":[],"class_list":{"0":"post-10803","1":"product","2":"type-product","3":"status-publish","4":"has-post-thumbnail","6":"product_cat-otros-complementos-es","7":"product_cat-cintas","8":"product_cat-home-es","10":"first","11":"instock","12":"taxable","13":"shipping-taxable","14":"product-type-simple"},"yoast_head":"<!-- This site is optimized with the Yoast SEO plugin v27.0 - https:\/\/yoast.com\/product\/yoast-seo-wordpress\/ -->\n<title>Cinta de seda natural roja - Art en Seda<\/title>\n<meta name=\"description\" content=\"Cinta de seda natural roja para aguantar la mascarilla. Puedes escoger los abalorios con negro o cromato, solo hay que indicarlo a las observaciones.\" \/>\n<meta name=\"robots\" content=\"index, follow, max-snippet:-1, max-image-preview:large, max-video-preview:-1\" \/>\n<link rel=\"canonical\" href=\"https:\/\/annaalbert.com\/es\/producto-es\/cinta-seda-natural-roja\/\" \/>\n<meta property=\"og:locale\" content=\"es_ES\" \/>\n<meta property=\"og:type\" content=\"article\" \/>\n<meta property=\"og:title\" content=\"Cinta de seda natural roja - Art en Seda\" \/>\n<meta property=\"og:description\" content=\"Cinta de seda natural roja para aguantar la mascarilla. Puedes escoger los abalorios con negro o cromato, solo hay que indicarlo a las observaciones.\" \/>\n<meta property=\"og:url\" content=\"https:\/\/annaalbert.com\/es\/producto-es\/cinta-seda-natural-roja\/\" \/>\n<meta property=\"og:site_name\" content=\"Art en Seda\" \/>\n<meta property=\"article:modified_time\" content=\"2024-04-02T15:29:36+00:00\" \/>\n<meta property=\"og:image\" content=\"https:\/\/annaalbert.com\/wp-content\/uploads\/2020\/10\/cinta-vermell-bola-transparent.jpg\" \/>\n\t<meta property=\"og:image:width\" content=\"600\" \/>\n\t<meta property=\"og:image:height\" content=\"900\" \/>\n\t<meta property=\"og:image:type\" content=\"image\/jpeg\" \/>\n<meta name=\"twitter:card\" content=\"summary_large_image\" \/>\n<meta name=\"twitter:label1\" content=\"Tiempo de lectura\" \/>\n\t<meta name=\"twitter:data1\" content=\"1 minuto\" \/>\n<script type=\"application\/ld+json\" class=\"yoast-schema-graph\">{\"@context\":\"https:\/\/schema.org\",\"@graph\":[{\"@type\":\"WebPage\",\"@id\":\"https:\/\/annaalbert.com\/es\/producto-es\/cinta-seda-natural-roja\/\",\"url\":\"https:\/\/annaalbert.com\/es\/producto-es\/cinta-seda-natural-roja\/\",\"name\":\"Cinta de seda natural roja - Art en Seda\",\"isPartOf\":{\"@id\":\"https:\/\/annaalbert.com\/es\/#website\"},\"primaryImageOfPage\":{\"@id\":\"https:\/\/annaalbert.com\/es\/producto-es\/cinta-seda-natural-roja\/#primaryimage\"},\"image\":{\"@id\":\"https:\/\/annaalbert.com\/es\/producto-es\/cinta-seda-natural-roja\/#primaryimage\"},\"thumbnailUrl\":\"https:\/\/annaalbert.com\/wp-content\/uploads\/2020\/10\/cinta-vermell-bola-transparent.jpg\",\"datePublished\":\"2020-10-01T11:21:36+00:00\",\"dateModified\":\"2024-04-02T15:29:36+00:00\",\"description\":\"Cinta de seda natural roja para aguantar la mascarilla. Puedes escoger los abalorios con negro o cromato, solo hay que indicarlo a las observaciones.\",\"breadcrumb\":{\"@id\":\"https:\/\/annaalbert.com\/es\/producto-es\/cinta-seda-natural-roja\/#breadcrumb\"},\"inLanguage\":\"es\",\"potentialAction\":[{\"@type\":\"ReadAction\",\"target\":[\"https:\/\/annaalbert.com\/es\/producto-es\/cinta-seda-natural-roja\/\"]}]},{\"@type\":\"ImageObject\",\"inLanguage\":\"es\",\"@id\":\"https:\/\/annaalbert.com\/es\/producto-es\/cinta-seda-natural-roja\/#primaryimage\",\"url\":\"https:\/\/annaalbert.com\/wp-content\/uploads\/2020\/10\/cinta-vermell-bola-transparent.jpg\",\"contentUrl\":\"https:\/\/annaalbert.com\/wp-content\/uploads\/2020\/10\/cinta-vermell-bola-transparent.jpg\",\"width\":600,\"height\":900,\"caption\":\"cinta seda natural vermella\"},{\"@type\":\"BreadcrumbList\",\"@id\":\"https:\/\/annaalbert.com\/es\/producto-es\/cinta-seda-natural-roja\/#breadcrumb\",\"itemListElement\":[{\"@type\":\"ListItem\",\"position\":1,\"name\":\"Portada\",\"item\":\"https:\/\/annaalbert.com\/es\/\"},{\"@type\":\"ListItem\",\"position\":2,\"name\":\"Tienda\",\"item\":\"https:\/\/annaalbert.com\/tienda\/\"},{\"@type\":\"ListItem\",\"position\":3,\"name\":\"CINTA DE SEDA NATURAL ROJA\"}]},{\"@type\":\"WebSite\",\"@id\":\"https:\/\/annaalbert.com\/es\/#website\",\"url\":\"https:\/\/annaalbert.com\/es\/\",\"name\":\"Art en Seda\",\"description\":\"Productos de seda pintada a mano, asi como cursos, talleres, experiencias por la artesana Anna Albert\",\"publisher\":{\"@id\":\"https:\/\/annaalbert.com\/es\/#organization\"},\"potentialAction\":[{\"@type\":\"SearchAction\",\"target\":{\"@type\":\"EntryPoint\",\"urlTemplate\":\"https:\/\/annaalbert.com\/es\/?s={search_term_string}\"},\"query-input\":{\"@type\":\"PropertyValueSpecification\",\"valueRequired\":true,\"valueName\":\"search_term_string\"}}],\"inLanguage\":\"es\"},{\"@type\":\"Organization\",\"@id\":\"https:\/\/annaalbert.com\/es\/#organization\",\"name\":\"Art en Seda by Anna Albert\",\"url\":\"https:\/\/annaalbert.com\/es\/\",\"logo\":{\"@type\":\"ImageObject\",\"inLanguage\":\"es\",\"@id\":\"https:\/\/annaalbert.com\/es\/#\/schema\/logo\/image\/\",\"url\":\"https:\/\/annaalbert.com\/wp-content\/uploads\/2021\/01\/horitzontal_fonsblanc-scaled.jpg\",\"contentUrl\":\"https:\/\/annaalbert.com\/wp-content\/uploads\/2021\/01\/horitzontal_fonsblanc-scaled.jpg\",\"width\":2560,\"height\":779,\"caption\":\"Art en Seda by Anna Albert\"},\"image\":{\"@id\":\"https:\/\/annaalbert.com\/es\/#\/schema\/logo\/image\/\"}}]}<\/script>\n<!-- \/ Yoast SEO plugin. -->","yoast_head_json":{"title":"Cinta de seda natural roja - Art en Seda","description":"Cinta de seda natural roja para aguantar la mascarilla. Puedes escoger los abalorios con negro o cromato, solo hay que indicarlo a las observaciones.","robots":{"index":"index","follow":"follow","max-snippet":"max-snippet:-1","max-image-preview":"max-image-preview:large","max-video-preview":"max-video-preview:-1"},"canonical":"https:\/\/annaalbert.com\/es\/producto-es\/cinta-seda-natural-roja\/","og_locale":"es_ES","og_type":"article","og_title":"Cinta de seda natural roja - Art en Seda","og_description":"Cinta de seda natural roja para aguantar la mascarilla. Puedes escoger los abalorios con negro o cromato, solo hay que indicarlo a las observaciones.","og_url":"https:\/\/annaalbert.com\/es\/producto-es\/cinta-seda-natural-roja\/","og_site_name":"Art en Seda","article_modified_time":"2024-04-02T15:29:36+00:00","og_image":[{"width":600,"height":900,"url":"https:\/\/annaalbert.com\/wp-content\/uploads\/2020\/10\/cinta-vermell-bola-transparent.jpg","type":"image\/jpeg"}],"twitter_card":"summary_large_image","twitter_misc":{"Tiempo de lectura":"1 minuto"},"schema":{"@context":"https:\/\/schema.org","@graph":[{"@type":"WebPage","@id":"https:\/\/annaalbert.com\/es\/producto-es\/cinta-seda-natural-roja\/","url":"https:\/\/annaalbert.com\/es\/producto-es\/cinta-seda-natural-roja\/","name":"Cinta de seda natural roja - Art en Seda","isPartOf":{"@id":"https:\/\/annaalbert.com\/es\/#website"},"primaryImageOfPage":{"@id":"https:\/\/annaalbert.com\/es\/producto-es\/cinta-seda-natural-roja\/#primaryimage"},"image":{"@id":"https:\/\/annaalbert.com\/es\/producto-es\/cinta-seda-natural-roja\/#primaryimage"},"thumbnailUrl":"https:\/\/annaalbert.com\/wp-content\/uploads\/2020\/10\/cinta-vermell-bola-transparent.jpg","datePublished":"2020-10-01T11:21:36+00:00","dateModified":"2024-04-02T15:29:36+00:00","description":"Cinta de seda natural roja para aguantar la mascarilla. Puedes escoger los abalorios con negro o cromato, solo hay que indicarlo a las observaciones.","breadcrumb":{"@id":"https:\/\/annaalbert.com\/es\/producto-es\/cinta-seda-natural-roja\/#breadcrumb"},"inLanguage":"es","potentialAction":[{"@type":"ReadAction","target":["https:\/\/annaalbert.com\/es\/producto-es\/cinta-seda-natural-roja\/"]}]},{"@type":"ImageObject","inLanguage":"es","@id":"https:\/\/annaalbert.com\/es\/producto-es\/cinta-seda-natural-roja\/#primaryimage","url":"https:\/\/annaalbert.com\/wp-content\/uploads\/2020\/10\/cinta-vermell-bola-transparent.jpg","contentUrl":"https:\/\/annaalbert.com\/wp-content\/uploads\/2020\/10\/cinta-vermell-bola-transparent.jpg","width":600,"height":900,"caption":"cinta seda natural vermella"},{"@type":"BreadcrumbList","@id":"https:\/\/annaalbert.com\/es\/producto-es\/cinta-seda-natural-roja\/#breadcrumb","itemListElement":[{"@type":"ListItem","position":1,"name":"Portada","item":"https:\/\/annaalbert.com\/es\/"},{"@type":"ListItem","position":2,"name":"Tienda","item":"https:\/\/annaalbert.com\/tienda\/"},{"@type":"ListItem","position":3,"name":"CINTA DE SEDA NATURAL ROJA"}]},{"@type":"WebSite","@id":"https:\/\/annaalbert.com\/es\/#website","url":"https:\/\/annaalbert.com\/es\/","name":"Art en Seda","description":"Productos de seda pintada a mano, asi como cursos, talleres, experiencias por la artesana Anna Albert","publisher":{"@id":"https:\/\/annaalbert.com\/es\/#organization"},"potentialAction":[{"@type":"SearchAction","target":{"@type":"EntryPoint","urlTemplate":"https:\/\/annaalbert.com\/es\/?s={search_term_string}"},"query-input":{"@type":"PropertyValueSpecification","valueRequired":true,"valueName":"search_term_string"}}],"inLanguage":"es"},{"@type":"Organization","@id":"https:\/\/annaalbert.com\/es\/#organization","name":"Art en Seda by Anna Albert","url":"https:\/\/annaalbert.com\/es\/","logo":{"@type":"ImageObject","inLanguage":"es","@id":"https:\/\/annaalbert.com\/es\/#\/schema\/logo\/image\/","url":"https:\/\/annaalbert.com\/wp-content\/uploads\/2021\/01\/horitzontal_fonsblanc-scaled.jpg","contentUrl":"https:\/\/annaalbert.com\/wp-content\/uploads\/2021\/01\/horitzontal_fonsblanc-scaled.jpg","width":2560,"height":779,"caption":"Art en Seda by Anna Albert"},"image":{"@id":"https:\/\/annaalbert.com\/es\/#\/schema\/logo\/image\/"}}]}},"_links":{"self":[{"href":"https:\/\/annaalbert.com\/es\/wp-json\/wp\/v2\/product\/10803","targetHints":{"allow":["GET"]}}],"collection":[{"href":"https:\/\/annaalbert.com\/es\/wp-json\/wp\/v2\/product"}],"about":[{"href":"https:\/\/annaalbert.com\/es\/wp-json\/wp\/v2\/types\/product"}],"replies":[{"embeddable":true,"href":"https:\/\/annaalbert.com\/es\/wp-json\/wp\/v2\/comments?post=10803"}],"wp:featuredmedia":[{"embeddable":true,"href":"https:\/\/annaalbert.com\/es\/wp-json\/wp\/v2\/media\/9241"}],"wp:attachment":[{"href":"https:\/\/annaalbert.com\/es\/wp-json\/wp\/v2\/media?parent=10803"}],"wp:term":[{"taxonomy":"product_brand","embeddable":true,"href":"https:\/\/annaalbert.com\/es\/wp-json\/wp\/v2\/product_brand?post=10803"},{"taxonomy":"product_cat","embeddable":true,"href":"https:\/\/annaalbert.com\/es\/wp-json\/wp\/v2\/product_cat?post=10803"},{"taxonomy":"product_tag","embeddable":true,"href":"https:\/\/annaalbert.com\/es\/wp-json\/wp\/v2\/product_tag?post=10803"}],"curies":[{"name":"wp","href":"https:\/\/api.w.org\/{rel}","templated":true}]}}