{"id":10785,"date":"2020-11-01T16:19:35","date_gmt":"2020-11-01T16:19:35","guid":{"rendered":"https:\/\/annaalbert.com\/producto\/buff-seda-natural-flores-polar\/"},"modified":"2024-04-02T11:46:47","modified_gmt":"2024-04-02T11:46:47","slug":"buff-seda-natural-flores-polar","status":"publish","type":"product","link":"https:\/\/annaalbert.com\/es\/producto-es\/buff-seda-natural-flores-polar\/","title":{"rendered":"BUFF DE SEDA NATURAL DE FLORES POLAR"},"content":{"rendered":"<p>Buff de seda natural de flores polar.<\/p>\n<p><strong>Buff de polar y seda pintada con algod\u00f3n hidr\u00f3fugo<\/strong> entremedias para que sirva tambi\u00e9n de mascarilla. \u00bfBuena idea, oi?<\/p>\n<p><strong>Con este buff NO hay que llevar mascarilla!!<\/strong><\/p>\n<p>Este buff es de polar y seda pintada a mano y entre los dos tejidos hay algod\u00f3n hidr\u00f3fugo que <strong>nos protege del todo contra el coronavirus<\/strong>. La seda es tambi\u00e9n antibacteriana y el polar es bastante c\u00e1lido para las \u00e9pocas de m\u00e1s fr\u00edo. As\u00ed pues no hay que llevar la mascarilla si escoges este buff como complemento por este oto\u00f1o invierno. Lo he pensado como complemento que te protege del fr\u00edo y de los agentes externos. A un lado lleva una goma para pon\u00e9rtelo a medida.<\/p>\n<p>Ah!! Y lo puedes lavar perfectamente sin problemas. Polares de diferentes colores y sedas de estampados \u00fanicos pintados por m\u00ed. \u00bf\u00bfCu\u00e1l es tu preferido??<\/p>\n<p>\u00bfHas pensado por estas fiestas autorregalarte una cosa pr\u00e1ctica, que adem\u00e1s sea pieza \u00fanica y que lo haya hecho alg\u00fan artesano? \u00bfQuieres comprarte este para ti y regalar otro?<\/p>\n<p>Pues ahora es el momento. Si no est\u00e1s registrada en la p\u00e1gina, puedes hacerlo ahora y utilizar el c\u00f3digo de descuento de bienvenida: welcomesilk<\/p>\n<p>Ahora m\u00e1s que nunca, apoya la artesan\u00eda y el comercio peque\u00f1o de tu proximidad.<\/p>\n<p>Este buff de seda natural de flores polar tiene unas flores impresionistas de colores que te permite ir vestida c\u00f3mo quieras y dar la distinci\u00f3n con el buff. Dise\u00f1o gestual y alegre.<\/p>\n","protected":false},"excerpt":{"rendered":"<p>Buff mascarilla de polar y seda pintada y entremedias algod\u00f3n hidr\u00f3fugo para protegerte del fr\u00edo y del coronavirus. El polar interior es rojo.<\/p>\n","protected":false},"featured_media":9061,"comment_status":"closed","ping_status":"closed","template":"","meta":{"_et_pb_use_builder":"","_et_pb_old_content":"","_et_gb_content_width":""},"product_brand":[],"product_cat":[417],"product_tag":[],"class_list":{"0":"post-10785","1":"product","2":"type-product","3":"status-publish","4":"has-post-thumbnail","6":"product_cat-buff-es","8":"first","9":"instock","10":"taxable","11":"shipping-taxable","12":"purchasable","13":"product-type-simple"},"yoast_head":"<!-- This site is optimized with the Yoast SEO plugin v27.0 - https:\/\/yoast.com\/product\/yoast-seo-wordpress\/ -->\n<title>Buff de seda natural de flores polar - Art en Seda<\/title>\n<meta name=\"description\" content=\"Buff de seda natural de flores polar en tiempos de fr\u00edo. Nos permite llevarlo de diferentes maneras, tanto para deporte como para vestir.\" \/>\n<meta name=\"robots\" content=\"index, follow, max-snippet:-1, max-image-preview:large, max-video-preview:-1\" \/>\n<link rel=\"canonical\" href=\"https:\/\/annaalbert.com\/es\/producto-es\/buff-seda-natural-flores-polar\/\" \/>\n<meta property=\"og:locale\" content=\"es_ES\" \/>\n<meta property=\"og:type\" content=\"article\" \/>\n<meta property=\"og:title\" content=\"Buff de seda natural de flores polar - Art en Seda\" \/>\n<meta property=\"og:description\" content=\"Buff de seda natural de flores polar en tiempos de fr\u00edo. Nos permite llevarlo de diferentes maneras, tanto para deporte como para vestir.\" \/>\n<meta property=\"og:url\" content=\"https:\/\/annaalbert.com\/es\/producto-es\/buff-seda-natural-flores-polar\/\" \/>\n<meta property=\"og:site_name\" content=\"Art en Seda\" \/>\n<meta property=\"article:modified_time\" content=\"2024-04-02T11:46:47+00:00\" \/>\n<meta property=\"og:image\" content=\"https:\/\/annaalbert.com\/wp-content\/uploads\/2020\/11\/ok5.jpg\" \/>\n\t<meta property=\"og:image:width\" content=\"800\" \/>\n\t<meta property=\"og:image:height\" content=\"960\" \/>\n\t<meta property=\"og:image:type\" content=\"image\/jpeg\" \/>\n<meta name=\"twitter:card\" content=\"summary_large_image\" \/>\n<meta name=\"twitter:label1\" content=\"Tiempo de lectura\" \/>\n\t<meta name=\"twitter:data1\" content=\"1 minuto\" \/>\n<script type=\"application\/ld+json\" class=\"yoast-schema-graph\">{\"@context\":\"https:\/\/schema.org\",\"@graph\":[{\"@type\":\"WebPage\",\"@id\":\"https:\/\/annaalbert.com\/es\/producto-es\/buff-seda-natural-flores-polar\/\",\"url\":\"https:\/\/annaalbert.com\/es\/producto-es\/buff-seda-natural-flores-polar\/\",\"name\":\"Buff de seda natural de flores polar - Art en Seda\",\"isPartOf\":{\"@id\":\"https:\/\/annaalbert.com\/es\/#website\"},\"primaryImageOfPage\":{\"@id\":\"https:\/\/annaalbert.com\/es\/producto-es\/buff-seda-natural-flores-polar\/#primaryimage\"},\"image\":{\"@id\":\"https:\/\/annaalbert.com\/es\/producto-es\/buff-seda-natural-flores-polar\/#primaryimage\"},\"thumbnailUrl\":\"https:\/\/annaalbert.com\/wp-content\/uploads\/2020\/11\/ok5.jpg\",\"datePublished\":\"2020-11-01T16:19:35+00:00\",\"dateModified\":\"2024-04-02T11:46:47+00:00\",\"description\":\"Buff de seda natural de flores polar en tiempos de fr\u00edo. Nos permite llevarlo de diferentes maneras, tanto para deporte como para vestir.\",\"breadcrumb\":{\"@id\":\"https:\/\/annaalbert.com\/es\/producto-es\/buff-seda-natural-flores-polar\/#breadcrumb\"},\"inLanguage\":\"es\",\"potentialAction\":[{\"@type\":\"ReadAction\",\"target\":[\"https:\/\/annaalbert.com\/es\/producto-es\/buff-seda-natural-flores-polar\/\"]}]},{\"@type\":\"ImageObject\",\"inLanguage\":\"es\",\"@id\":\"https:\/\/annaalbert.com\/es\/producto-es\/buff-seda-natural-flores-polar\/#primaryimage\",\"url\":\"https:\/\/annaalbert.com\/wp-content\/uploads\/2020\/11\/ok5.jpg\",\"contentUrl\":\"https:\/\/annaalbert.com\/wp-content\/uploads\/2020\/11\/ok5.jpg\",\"width\":800,\"height\":960,\"caption\":\"Buff seda natural flors polar\"},{\"@type\":\"BreadcrumbList\",\"@id\":\"https:\/\/annaalbert.com\/es\/producto-es\/buff-seda-natural-flores-polar\/#breadcrumb\",\"itemListElement\":[{\"@type\":\"ListItem\",\"position\":1,\"name\":\"Portada\",\"item\":\"https:\/\/annaalbert.com\/es\/\"},{\"@type\":\"ListItem\",\"position\":2,\"name\":\"Tienda\",\"item\":\"https:\/\/annaalbert.com\/tienda\/\"},{\"@type\":\"ListItem\",\"position\":3,\"name\":\"BUFF DE SEDA NATURAL DE FLORES POLAR\"}]},{\"@type\":\"WebSite\",\"@id\":\"https:\/\/annaalbert.com\/es\/#website\",\"url\":\"https:\/\/annaalbert.com\/es\/\",\"name\":\"Art en Seda\",\"description\":\"Productos de seda pintada a mano, asi como cursos, talleres, experiencias por la artesana Anna Albert\",\"publisher\":{\"@id\":\"https:\/\/annaalbert.com\/es\/#organization\"},\"potentialAction\":[{\"@type\":\"SearchAction\",\"target\":{\"@type\":\"EntryPoint\",\"urlTemplate\":\"https:\/\/annaalbert.com\/es\/?s={search_term_string}\"},\"query-input\":{\"@type\":\"PropertyValueSpecification\",\"valueRequired\":true,\"valueName\":\"search_term_string\"}}],\"inLanguage\":\"es\"},{\"@type\":\"Organization\",\"@id\":\"https:\/\/annaalbert.com\/es\/#organization\",\"name\":\"Art en Seda by Anna Albert\",\"url\":\"https:\/\/annaalbert.com\/es\/\",\"logo\":{\"@type\":\"ImageObject\",\"inLanguage\":\"es\",\"@id\":\"https:\/\/annaalbert.com\/es\/#\/schema\/logo\/image\/\",\"url\":\"https:\/\/annaalbert.com\/wp-content\/uploads\/2021\/01\/horitzontal_fonsblanc-scaled.jpg\",\"contentUrl\":\"https:\/\/annaalbert.com\/wp-content\/uploads\/2021\/01\/horitzontal_fonsblanc-scaled.jpg\",\"width\":2560,\"height\":779,\"caption\":\"Art en Seda by Anna Albert\"},\"image\":{\"@id\":\"https:\/\/annaalbert.com\/es\/#\/schema\/logo\/image\/\"}}]}<\/script>\n<!-- \/ Yoast SEO plugin. -->","yoast_head_json":{"title":"Buff de seda natural de flores polar - Art en Seda","description":"Buff de seda natural de flores polar en tiempos de fr\u00edo. Nos permite llevarlo de diferentes maneras, tanto para deporte como para vestir.","robots":{"index":"index","follow":"follow","max-snippet":"max-snippet:-1","max-image-preview":"max-image-preview:large","max-video-preview":"max-video-preview:-1"},"canonical":"https:\/\/annaalbert.com\/es\/producto-es\/buff-seda-natural-flores-polar\/","og_locale":"es_ES","og_type":"article","og_title":"Buff de seda natural de flores polar - Art en Seda","og_description":"Buff de seda natural de flores polar en tiempos de fr\u00edo. Nos permite llevarlo de diferentes maneras, tanto para deporte como para vestir.","og_url":"https:\/\/annaalbert.com\/es\/producto-es\/buff-seda-natural-flores-polar\/","og_site_name":"Art en Seda","article_modified_time":"2024-04-02T11:46:47+00:00","og_image":[{"width":800,"height":960,"url":"https:\/\/annaalbert.com\/wp-content\/uploads\/2020\/11\/ok5.jpg","type":"image\/jpeg"}],"twitter_card":"summary_large_image","twitter_misc":{"Tiempo de lectura":"1 minuto"},"schema":{"@context":"https:\/\/schema.org","@graph":[{"@type":"WebPage","@id":"https:\/\/annaalbert.com\/es\/producto-es\/buff-seda-natural-flores-polar\/","url":"https:\/\/annaalbert.com\/es\/producto-es\/buff-seda-natural-flores-polar\/","name":"Buff de seda natural de flores polar - Art en Seda","isPartOf":{"@id":"https:\/\/annaalbert.com\/es\/#website"},"primaryImageOfPage":{"@id":"https:\/\/annaalbert.com\/es\/producto-es\/buff-seda-natural-flores-polar\/#primaryimage"},"image":{"@id":"https:\/\/annaalbert.com\/es\/producto-es\/buff-seda-natural-flores-polar\/#primaryimage"},"thumbnailUrl":"https:\/\/annaalbert.com\/wp-content\/uploads\/2020\/11\/ok5.jpg","datePublished":"2020-11-01T16:19:35+00:00","dateModified":"2024-04-02T11:46:47+00:00","description":"Buff de seda natural de flores polar en tiempos de fr\u00edo. Nos permite llevarlo de diferentes maneras, tanto para deporte como para vestir.","breadcrumb":{"@id":"https:\/\/annaalbert.com\/es\/producto-es\/buff-seda-natural-flores-polar\/#breadcrumb"},"inLanguage":"es","potentialAction":[{"@type":"ReadAction","target":["https:\/\/annaalbert.com\/es\/producto-es\/buff-seda-natural-flores-polar\/"]}]},{"@type":"ImageObject","inLanguage":"es","@id":"https:\/\/annaalbert.com\/es\/producto-es\/buff-seda-natural-flores-polar\/#primaryimage","url":"https:\/\/annaalbert.com\/wp-content\/uploads\/2020\/11\/ok5.jpg","contentUrl":"https:\/\/annaalbert.com\/wp-content\/uploads\/2020\/11\/ok5.jpg","width":800,"height":960,"caption":"Buff seda natural flors polar"},{"@type":"BreadcrumbList","@id":"https:\/\/annaalbert.com\/es\/producto-es\/buff-seda-natural-flores-polar\/#breadcrumb","itemListElement":[{"@type":"ListItem","position":1,"name":"Portada","item":"https:\/\/annaalbert.com\/es\/"},{"@type":"ListItem","position":2,"name":"Tienda","item":"https:\/\/annaalbert.com\/tienda\/"},{"@type":"ListItem","position":3,"name":"BUFF DE SEDA NATURAL DE FLORES POLAR"}]},{"@type":"WebSite","@id":"https:\/\/annaalbert.com\/es\/#website","url":"https:\/\/annaalbert.com\/es\/","name":"Art en Seda","description":"Productos de seda pintada a mano, asi como cursos, talleres, experiencias por la artesana Anna Albert","publisher":{"@id":"https:\/\/annaalbert.com\/es\/#organization"},"potentialAction":[{"@type":"SearchAction","target":{"@type":"EntryPoint","urlTemplate":"https:\/\/annaalbert.com\/es\/?s={search_term_string}"},"query-input":{"@type":"PropertyValueSpecification","valueRequired":true,"valueName":"search_term_string"}}],"inLanguage":"es"},{"@type":"Organization","@id":"https:\/\/annaalbert.com\/es\/#organization","name":"Art en Seda by Anna Albert","url":"https:\/\/annaalbert.com\/es\/","logo":{"@type":"ImageObject","inLanguage":"es","@id":"https:\/\/annaalbert.com\/es\/#\/schema\/logo\/image\/","url":"https:\/\/annaalbert.com\/wp-content\/uploads\/2021\/01\/horitzontal_fonsblanc-scaled.jpg","contentUrl":"https:\/\/annaalbert.com\/wp-content\/uploads\/2021\/01\/horitzontal_fonsblanc-scaled.jpg","width":2560,"height":779,"caption":"Art en Seda by Anna Albert"},"image":{"@id":"https:\/\/annaalbert.com\/es\/#\/schema\/logo\/image\/"}}]}},"_links":{"self":[{"href":"https:\/\/annaalbert.com\/es\/wp-json\/wp\/v2\/product\/10785","targetHints":{"allow":["GET"]}}],"collection":[{"href":"https:\/\/annaalbert.com\/es\/wp-json\/wp\/v2\/product"}],"about":[{"href":"https:\/\/annaalbert.com\/es\/wp-json\/wp\/v2\/types\/product"}],"replies":[{"embeddable":true,"href":"https:\/\/annaalbert.com\/es\/wp-json\/wp\/v2\/comments?post=10785"}],"wp:featuredmedia":[{"embeddable":true,"href":"https:\/\/annaalbert.com\/es\/wp-json\/wp\/v2\/media\/9061"}],"wp:attachment":[{"href":"https:\/\/annaalbert.com\/es\/wp-json\/wp\/v2\/media?parent=10785"}],"wp:term":[{"taxonomy":"product_brand","embeddable":true,"href":"https:\/\/annaalbert.com\/es\/wp-json\/wp\/v2\/product_brand?post=10785"},{"taxonomy":"product_cat","embeddable":true,"href":"https:\/\/annaalbert.com\/es\/wp-json\/wp\/v2\/product_cat?post=10785"},{"taxonomy":"product_tag","embeddable":true,"href":"https:\/\/annaalbert.com\/es\/wp-json\/wp\/v2\/product_tag?post=10785"}],"curies":[{"name":"wp","href":"https:\/\/api.w.org\/{rel}","templated":true}]}}