{"id":10783,"date":"2020-11-01T16:42:28","date_gmt":"2020-11-01T16:42:28","guid":{"rendered":"https:\/\/annaalbert.com\/producto\/buff-seda-natural-otono\/"},"modified":"2023-10-16T14:43:20","modified_gmt":"2023-10-16T14:43:20","slug":"buff-seda-natural-otono","status":"publish","type":"product","link":"https:\/\/annaalbert.com\/es\/producto-es\/buff-seda-natural-otono\/","title":{"rendered":"BUFF SEDA NATURAL OTO\u00d1O"},"content":{"rendered":"<p>Buff seda natural oto\u00f1o.<\/p>\n<p><strong>Buff de polar y seda pintada con algod\u00f3n hidr\u00f3fugo<\/strong> entremedias para que sirva tambi\u00e9n de mascarilla.<\/p>\n<p>\u00bfBuena idea, oi?<\/p>\n<p><strong>Con este buff NO hay que llevar mascarilla!!<\/strong><\/p>\n<p>Este buff es de <strong>polar y seda pintada a mano<\/strong> y entre los dos tejidos hay algod\u00f3n hidr\u00f3fugo que nos protege del todo contra el coronavirus. La seda es tambi\u00e9n antibacteriana y el polar es bastante c\u00e1lido para las \u00e9pocas de m\u00e1s fr\u00edo. As\u00ed pues no hay que llevar la mascarilla si escoges este buff como <strong>complemento por este oto\u00f1o invierno.<\/strong> Lo he pensado como complemento que te protege del fr\u00edo y de los agentes externos. A un lado lleva una goma para pon\u00e9rtelo a medida.<\/p>\n<p>Ah!! Y lo puedes lavar perfectamente sin problemas. Polares de diferentes colores y sedas de estampados \u00fanicos pintados por m\u00ed. \u00bf\u00bfCu\u00e1l es tu preferido??<\/p>\n<p>\u00bfHas pensado por estas fiestas autorregalarte una cosa pr\u00e1ctica, que adem\u00e1s sea pieza \u00fanica y que lo haya hecho alg\u00fan artesano? \u00bfQuieres comprarte este para ti y regalar otro?<\/p>\n<p>Pues ahora es el momento. Si no est\u00e1s registrada en la p\u00e1gina, puedes hacerlo ahora y utilizar el c\u00f3digo de descuento de bienvenida: welcomesilk<\/p>\n<p>Ahora m\u00e1s que nunca, apoya la artesan\u00eda y el comercio de proximidad. Cosas bonitas y de calidad hechas con las manos. Con este buff me he inspirado con la natura y el color de las hojas que caen y que tienen todos los tonos tostados y se lo he puesto el toque de fantas\u00eda que me gusta dar a todas las piezas.<\/p>\n<p>Espero que te guste mucho este buff seda natural oto\u00f1o!<\/p>\n<p>&nbsp;<\/p>\n<p>&nbsp;<\/p>\n","protected":false},"excerpt":{"rendered":"<p>Buff mascarilla de polar y seda pintada y entremedias algod\u00f3n hidr\u00f3fugo para protegerte del fr\u00edo y del coronavirus.<\/p>\n","protected":false},"featured_media":9069,"comment_status":"closed","ping_status":"closed","template":"","meta":{"_et_pb_use_builder":"","_et_pb_old_content":"","_et_gb_content_width":""},"product_brand":[],"product_cat":[417,416],"product_tag":[418],"class_list":{"0":"post-10783","1":"product","2":"type-product","3":"status-publish","4":"has-post-thumbnail","6":"product_cat-buff-es","7":"product_cat-otros-complementos-es","8":"product_tag-cuello-de-polar-y-seda","10":"first","11":"outofstock","12":"taxable","13":"shipping-taxable","14":"purchasable","15":"product-type-simple"},"yoast_head":"<!-- This site is optimized with the Yoast SEO plugin v27.0 - https:\/\/yoast.com\/product\/yoast-seo-wordpress\/ -->\n<title>Buff seda natural oto\u00f1o - Art en Seda<\/title>\n<meta name=\"description\" content=\"Buff seda natural oto\u00f1o en tiempo de fr\u00edo. Nos permite llevarlo de diferentes maneras, tanto para deporte como para vestir. Completamente pintado a mano!\" \/>\n<meta name=\"robots\" content=\"index, follow, max-snippet:-1, max-image-preview:large, max-video-preview:-1\" \/>\n<link rel=\"canonical\" href=\"https:\/\/annaalbert.com\/es\/producto-es\/buff-seda-natural-otono\/\" \/>\n<meta property=\"og:locale\" content=\"es_ES\" \/>\n<meta property=\"og:type\" content=\"article\" \/>\n<meta property=\"og:title\" content=\"Buff seda natural oto\u00f1o - Art en Seda\" \/>\n<meta property=\"og:description\" content=\"Buff seda natural oto\u00f1o en tiempo de fr\u00edo. Nos permite llevarlo de diferentes maneras, tanto para deporte como para vestir. Completamente pintado a mano!\" \/>\n<meta property=\"og:url\" content=\"https:\/\/annaalbert.com\/es\/producto-es\/buff-seda-natural-otono\/\" \/>\n<meta property=\"og:site_name\" content=\"Art en Seda\" \/>\n<meta property=\"article:modified_time\" content=\"2023-10-16T14:43:20+00:00\" \/>\n<meta property=\"og:image\" content=\"https:\/\/annaalbert.com\/wp-content\/uploads\/2020\/11\/ok4.jpg\" \/>\n\t<meta property=\"og:image:width\" content=\"800\" \/>\n\t<meta property=\"og:image:height\" content=\"960\" \/>\n\t<meta property=\"og:image:type\" content=\"image\/jpeg\" \/>\n<meta name=\"twitter:card\" content=\"summary_large_image\" \/>\n<meta name=\"twitter:label1\" content=\"Tiempo de lectura\" \/>\n\t<meta name=\"twitter:data1\" content=\"1 minuto\" \/>\n<script type=\"application\/ld+json\" class=\"yoast-schema-graph\">{\"@context\":\"https:\/\/schema.org\",\"@graph\":[{\"@type\":\"WebPage\",\"@id\":\"https:\/\/annaalbert.com\/es\/producto-es\/buff-seda-natural-otono\/\",\"url\":\"https:\/\/annaalbert.com\/es\/producto-es\/buff-seda-natural-otono\/\",\"name\":\"Buff seda natural oto\u00f1o - Art en Seda\",\"isPartOf\":{\"@id\":\"https:\/\/annaalbert.com\/es\/#website\"},\"primaryImageOfPage\":{\"@id\":\"https:\/\/annaalbert.com\/es\/producto-es\/buff-seda-natural-otono\/#primaryimage\"},\"image\":{\"@id\":\"https:\/\/annaalbert.com\/es\/producto-es\/buff-seda-natural-otono\/#primaryimage\"},\"thumbnailUrl\":\"https:\/\/annaalbert.com\/wp-content\/uploads\/2020\/11\/ok4.jpg\",\"datePublished\":\"2020-11-01T16:42:28+00:00\",\"dateModified\":\"2023-10-16T14:43:20+00:00\",\"description\":\"Buff seda natural oto\u00f1o en tiempo de fr\u00edo. Nos permite llevarlo de diferentes maneras, tanto para deporte como para vestir. Completamente pintado a mano!\",\"breadcrumb\":{\"@id\":\"https:\/\/annaalbert.com\/es\/producto-es\/buff-seda-natural-otono\/#breadcrumb\"},\"inLanguage\":\"es\",\"potentialAction\":[{\"@type\":\"ReadAction\",\"target\":[\"https:\/\/annaalbert.com\/es\/producto-es\/buff-seda-natural-otono\/\"]}]},{\"@type\":\"ImageObject\",\"inLanguage\":\"es\",\"@id\":\"https:\/\/annaalbert.com\/es\/producto-es\/buff-seda-natural-otono\/#primaryimage\",\"url\":\"https:\/\/annaalbert.com\/wp-content\/uploads\/2020\/11\/ok4.jpg\",\"contentUrl\":\"https:\/\/annaalbert.com\/wp-content\/uploads\/2020\/11\/ok4.jpg\",\"width\":800,\"height\":960,\"caption\":\"Buff seda natural tardor\"},{\"@type\":\"BreadcrumbList\",\"@id\":\"https:\/\/annaalbert.com\/es\/producto-es\/buff-seda-natural-otono\/#breadcrumb\",\"itemListElement\":[{\"@type\":\"ListItem\",\"position\":1,\"name\":\"Portada\",\"item\":\"https:\/\/annaalbert.com\/es\/\"},{\"@type\":\"ListItem\",\"position\":2,\"name\":\"Tienda\",\"item\":\"https:\/\/annaalbert.com\/tienda\/\"},{\"@type\":\"ListItem\",\"position\":3,\"name\":\"BUFF SEDA NATURAL OTO\u00d1O\"}]},{\"@type\":\"WebSite\",\"@id\":\"https:\/\/annaalbert.com\/es\/#website\",\"url\":\"https:\/\/annaalbert.com\/es\/\",\"name\":\"Art en Seda\",\"description\":\"Productos de seda pintada a mano, asi como cursos, talleres, experiencias por la artesana Anna Albert\",\"publisher\":{\"@id\":\"https:\/\/annaalbert.com\/es\/#organization\"},\"potentialAction\":[{\"@type\":\"SearchAction\",\"target\":{\"@type\":\"EntryPoint\",\"urlTemplate\":\"https:\/\/annaalbert.com\/es\/?s={search_term_string}\"},\"query-input\":{\"@type\":\"PropertyValueSpecification\",\"valueRequired\":true,\"valueName\":\"search_term_string\"}}],\"inLanguage\":\"es\"},{\"@type\":\"Organization\",\"@id\":\"https:\/\/annaalbert.com\/es\/#organization\",\"name\":\"Art en Seda by Anna Albert\",\"url\":\"https:\/\/annaalbert.com\/es\/\",\"logo\":{\"@type\":\"ImageObject\",\"inLanguage\":\"es\",\"@id\":\"https:\/\/annaalbert.com\/es\/#\/schema\/logo\/image\/\",\"url\":\"https:\/\/annaalbert.com\/wp-content\/uploads\/2021\/01\/horitzontal_fonsblanc-scaled.jpg\",\"contentUrl\":\"https:\/\/annaalbert.com\/wp-content\/uploads\/2021\/01\/horitzontal_fonsblanc-scaled.jpg\",\"width\":2560,\"height\":779,\"caption\":\"Art en Seda by Anna Albert\"},\"image\":{\"@id\":\"https:\/\/annaalbert.com\/es\/#\/schema\/logo\/image\/\"}}]}<\/script>\n<!-- \/ Yoast SEO plugin. -->","yoast_head_json":{"title":"Buff seda natural oto\u00f1o - Art en Seda","description":"Buff seda natural oto\u00f1o en tiempo de fr\u00edo. Nos permite llevarlo de diferentes maneras, tanto para deporte como para vestir. Completamente pintado a mano!","robots":{"index":"index","follow":"follow","max-snippet":"max-snippet:-1","max-image-preview":"max-image-preview:large","max-video-preview":"max-video-preview:-1"},"canonical":"https:\/\/annaalbert.com\/es\/producto-es\/buff-seda-natural-otono\/","og_locale":"es_ES","og_type":"article","og_title":"Buff seda natural oto\u00f1o - Art en Seda","og_description":"Buff seda natural oto\u00f1o en tiempo de fr\u00edo. Nos permite llevarlo de diferentes maneras, tanto para deporte como para vestir. Completamente pintado a mano!","og_url":"https:\/\/annaalbert.com\/es\/producto-es\/buff-seda-natural-otono\/","og_site_name":"Art en Seda","article_modified_time":"2023-10-16T14:43:20+00:00","og_image":[{"width":800,"height":960,"url":"https:\/\/annaalbert.com\/wp-content\/uploads\/2020\/11\/ok4.jpg","type":"image\/jpeg"}],"twitter_card":"summary_large_image","twitter_misc":{"Tiempo de lectura":"1 minuto"},"schema":{"@context":"https:\/\/schema.org","@graph":[{"@type":"WebPage","@id":"https:\/\/annaalbert.com\/es\/producto-es\/buff-seda-natural-otono\/","url":"https:\/\/annaalbert.com\/es\/producto-es\/buff-seda-natural-otono\/","name":"Buff seda natural oto\u00f1o - Art en Seda","isPartOf":{"@id":"https:\/\/annaalbert.com\/es\/#website"},"primaryImageOfPage":{"@id":"https:\/\/annaalbert.com\/es\/producto-es\/buff-seda-natural-otono\/#primaryimage"},"image":{"@id":"https:\/\/annaalbert.com\/es\/producto-es\/buff-seda-natural-otono\/#primaryimage"},"thumbnailUrl":"https:\/\/annaalbert.com\/wp-content\/uploads\/2020\/11\/ok4.jpg","datePublished":"2020-11-01T16:42:28+00:00","dateModified":"2023-10-16T14:43:20+00:00","description":"Buff seda natural oto\u00f1o en tiempo de fr\u00edo. Nos permite llevarlo de diferentes maneras, tanto para deporte como para vestir. Completamente pintado a mano!","breadcrumb":{"@id":"https:\/\/annaalbert.com\/es\/producto-es\/buff-seda-natural-otono\/#breadcrumb"},"inLanguage":"es","potentialAction":[{"@type":"ReadAction","target":["https:\/\/annaalbert.com\/es\/producto-es\/buff-seda-natural-otono\/"]}]},{"@type":"ImageObject","inLanguage":"es","@id":"https:\/\/annaalbert.com\/es\/producto-es\/buff-seda-natural-otono\/#primaryimage","url":"https:\/\/annaalbert.com\/wp-content\/uploads\/2020\/11\/ok4.jpg","contentUrl":"https:\/\/annaalbert.com\/wp-content\/uploads\/2020\/11\/ok4.jpg","width":800,"height":960,"caption":"Buff seda natural tardor"},{"@type":"BreadcrumbList","@id":"https:\/\/annaalbert.com\/es\/producto-es\/buff-seda-natural-otono\/#breadcrumb","itemListElement":[{"@type":"ListItem","position":1,"name":"Portada","item":"https:\/\/annaalbert.com\/es\/"},{"@type":"ListItem","position":2,"name":"Tienda","item":"https:\/\/annaalbert.com\/tienda\/"},{"@type":"ListItem","position":3,"name":"BUFF SEDA NATURAL OTO\u00d1O"}]},{"@type":"WebSite","@id":"https:\/\/annaalbert.com\/es\/#website","url":"https:\/\/annaalbert.com\/es\/","name":"Art en Seda","description":"Productos de seda pintada a mano, asi como cursos, talleres, experiencias por la artesana Anna Albert","publisher":{"@id":"https:\/\/annaalbert.com\/es\/#organization"},"potentialAction":[{"@type":"SearchAction","target":{"@type":"EntryPoint","urlTemplate":"https:\/\/annaalbert.com\/es\/?s={search_term_string}"},"query-input":{"@type":"PropertyValueSpecification","valueRequired":true,"valueName":"search_term_string"}}],"inLanguage":"es"},{"@type":"Organization","@id":"https:\/\/annaalbert.com\/es\/#organization","name":"Art en Seda by Anna Albert","url":"https:\/\/annaalbert.com\/es\/","logo":{"@type":"ImageObject","inLanguage":"es","@id":"https:\/\/annaalbert.com\/es\/#\/schema\/logo\/image\/","url":"https:\/\/annaalbert.com\/wp-content\/uploads\/2021\/01\/horitzontal_fonsblanc-scaled.jpg","contentUrl":"https:\/\/annaalbert.com\/wp-content\/uploads\/2021\/01\/horitzontal_fonsblanc-scaled.jpg","width":2560,"height":779,"caption":"Art en Seda by Anna Albert"},"image":{"@id":"https:\/\/annaalbert.com\/es\/#\/schema\/logo\/image\/"}}]}},"_links":{"self":[{"href":"https:\/\/annaalbert.com\/es\/wp-json\/wp\/v2\/product\/10783","targetHints":{"allow":["GET"]}}],"collection":[{"href":"https:\/\/annaalbert.com\/es\/wp-json\/wp\/v2\/product"}],"about":[{"href":"https:\/\/annaalbert.com\/es\/wp-json\/wp\/v2\/types\/product"}],"replies":[{"embeddable":true,"href":"https:\/\/annaalbert.com\/es\/wp-json\/wp\/v2\/comments?post=10783"}],"wp:featuredmedia":[{"embeddable":true,"href":"https:\/\/annaalbert.com\/es\/wp-json\/wp\/v2\/media\/9069"}],"wp:attachment":[{"href":"https:\/\/annaalbert.com\/es\/wp-json\/wp\/v2\/media?parent=10783"}],"wp:term":[{"taxonomy":"product_brand","embeddable":true,"href":"https:\/\/annaalbert.com\/es\/wp-json\/wp\/v2\/product_brand?post=10783"},{"taxonomy":"product_cat","embeddable":true,"href":"https:\/\/annaalbert.com\/es\/wp-json\/wp\/v2\/product_cat?post=10783"},{"taxonomy":"product_tag","embeddable":true,"href":"https:\/\/annaalbert.com\/es\/wp-json\/wp\/v2\/product_tag?post=10783"}],"curies":[{"name":"wp","href":"https:\/\/api.w.org\/{rel}","templated":true}]}}