{"id":10777,"date":"2020-11-10T17:17:16","date_gmt":"2020-11-10T17:17:16","guid":{"rendered":"https:\/\/annaalbert.com\/producto\/fular-seda-naranja-turron\/"},"modified":"2024-04-02T11:06:46","modified_gmt":"2024-04-02T11:06:46","slug":"fular-seda-naranja-turron","status":"publish","type":"product","link":"https:\/\/annaalbert.com\/es\/producto-es\/fular-seda-naranja-turron\/","title":{"rendered":"PA\u00d1UELO DE SEDA TURR\u00d3N NARANJA"},"content":{"rendered":"<p>Pa\u00f1uelo de seda turr\u00f3n naranja<\/p>\n<p>\u00bfNo sabes que regalar estas fiestas?<\/p>\n<p>\u00bfPiensas que ya tenemos de todo y que cada a\u00f1o es m\u00e1s complicado triunfar?<\/p>\n<p>\u00bfSabes cu\u00e1l es su color preferido? \u00bfSi le quedan m\u00e1s bien los tonos fr\u00edos o calientes? \u00bfDe qu\u00e9 color tiene el abrigo? Aqu\u00ed tienes la opci\u00f3n de regalar un turr\u00f3n de seda artesanal. Calidad y originalidad.<\/p>\n<p>Este turr\u00f3n es un pa\u00f1uelo de seda muselina de 150x45cm con un estampado de colores que va bien tanto si vas vestido de una manera como de otra.<\/p>\n<p>Este fular es fino pero es c\u00e1lido en invierno y fresco en tiempo de calor. Es un fular muy resolutivo que puedes llevar tanto en el cuello como de cintur\u00f3n o incluso en la cabeza.<\/p>\n<p>Tienes una variedad inacabable de colores y tonalidades y si no encuentras el que buscas, pide la mezcla que m\u00e1s te guste y la cocinar\u00e9 para ti.<\/p>\n<p>De hecho, si quieres que te escriba alg\u00fan mensaje y acabas de hacer el regalo completamente personalizado, solo lo tienes que pedir.<\/p>\n<p>No te he dicho que este pa\u00f1uelo de seda turr\u00f3n naranja lleva un escrito con los ingredientes, las instrucciones de uso, de lavado y la fecha de caducidad. Peque\u00f1os detalles que hacen grande el detalle. Un regalo original que bien seguro sorprender\u00e1.<\/p>\n<h4><strong>\u00bfNo te acaba de convencer el color naranja?<\/strong><\/h4>\n<p>\u00bfQuieres ver el turr\u00f3n <span style=\"color: #ff0000;\"><a style=\"color: #ff0000;\" href=\"https:\/\/annaalbert.com\/producto\/torro-cirera\/\">color cereza <\/a><span style=\"color: #333333;\">? La combinaci\u00f3n rojo y blanco es muy pr\u00e1ctica para dar un toque de color cuando vas vestida un poco oscura. Contrasta y te da luz y personalidad. <\/span><\/span><\/p>\n<p><span style=\"color: #ff0000;\"><span style=\"color: #333333;\">El rojo transmite vida y pasi\u00f3n y si lo que quieres es transmitir seguridad, un fular rojo tienes que tener siempre a punto.<\/span><\/span><\/p>\n<p>\u00bfQuiz\u00e1s eres m\u00e1s de llevar muchos colores a la vez? entonces puedes mirar el turr\u00f3n <a href=\"https:\/\/annaalbert.com\/producto\/fulard-seda-colors-torro\/\"><span style=\"color: #ff0000;\">tutti frutti<\/span><\/a> que es una combinaci\u00f3n alegre y estimulante que va bien con toda la ropa.<\/p>\n<p>Naranja, rojo o tutti frutti, cualquiera de ellos es una buena elecci\u00f3n.<\/p>\n<p>Recuerda que ahora el transporte nacional es gratuito.<\/p>\n<p>&nbsp;<\/p>\n","protected":false},"excerpt":{"rendered":"<p>Fular de seda muselina de tonos naranjas. Medidas de 150x45cm. Packaging con caja de turr\u00f3n.<\/p>\n","protected":false},"featured_media":9145,"comment_status":"closed","ping_status":"closed","template":"","meta":{"_et_pb_use_builder":"","_et_pb_old_content":"","_et_gb_content_width":""},"product_brand":[],"product_cat":[336],"product_tag":[],"class_list":{"0":"post-10777","1":"product","2":"type-product","3":"status-publish","4":"has-post-thumbnail","6":"product_cat-turrones","8":"first","9":"instock","10":"featured","11":"taxable","12":"shipping-taxable","13":"purchasable","14":"product-type-simple"},"yoast_head":"<!-- This site is optimized with the Yoast SEO plugin v27.4 - https:\/\/yoast.com\/product\/yoast-seo-wordpress\/ -->\n<title>Pa\u00f1uelo de seda turr\u00f3n naranja - Art en Seda<\/title>\n<meta name=\"description\" content=\"Pa\u00f1uelo de seda turr\u00f3n naranja fino pero c\u00e1lido en invierno y fresco en tiempo de calor. Lo puedes llevar en el cuello como cintur\u00f3n o incluso en la cabeza.\" \/>\n<meta name=\"robots\" content=\"index, follow, max-snippet:-1, max-image-preview:large, max-video-preview:-1\" \/>\n<link rel=\"canonical\" href=\"https:\/\/annaalbert.com\/es\/producto-es\/fular-seda-naranja-turron\/\" \/>\n<meta property=\"og:locale\" content=\"es_ES\" \/>\n<meta property=\"og:type\" content=\"article\" \/>\n<meta property=\"og:title\" content=\"Pa\u00f1uelo de seda turr\u00f3n naranja - Art en Seda\" \/>\n<meta property=\"og:description\" content=\"Pa\u00f1uelo de seda turr\u00f3n naranja fino pero c\u00e1lido en invierno y fresco en tiempo de calor. Lo puedes llevar en el cuello como cintur\u00f3n o incluso en la cabeza.\" \/>\n<meta property=\"og:url\" content=\"https:\/\/annaalbert.com\/es\/producto-es\/fular-seda-naranja-turron\/\" \/>\n<meta property=\"og:site_name\" content=\"Art en Seda\" \/>\n<meta property=\"article:modified_time\" content=\"2024-04-02T11:06:46+00:00\" \/>\n<meta property=\"og:image\" content=\"https:\/\/annaalbert.com\/wp-content\/uploads\/2020\/11\/torro-orange-1.jpg\" \/>\n\t<meta property=\"og:image:width\" content=\"800\" \/>\n\t<meta property=\"og:image:height\" content=\"960\" \/>\n\t<meta property=\"og:image:type\" content=\"image\/jpeg\" \/>\n<meta name=\"twitter:card\" content=\"summary_large_image\" \/>\n<meta name=\"twitter:label1\" content=\"Tiempo de lectura\" \/>\n\t<meta name=\"twitter:data1\" content=\"2 minutos\" \/>\n<script type=\"application\/ld+json\" class=\"yoast-schema-graph\">{\"@context\":\"https:\\\/\\\/schema.org\",\"@graph\":[{\"@type\":\"WebPage\",\"@id\":\"https:\\\/\\\/annaalbert.com\\\/es\\\/producto-es\\\/fular-seda-naranja-turron\\\/\",\"url\":\"https:\\\/\\\/annaalbert.com\\\/es\\\/producto-es\\\/fular-seda-naranja-turron\\\/\",\"name\":\"Pa\u00f1uelo de seda turr\u00f3n naranja - Art en Seda\",\"isPartOf\":{\"@id\":\"https:\\\/\\\/annaalbert.com\\\/es\\\/#website\"},\"primaryImageOfPage\":{\"@id\":\"https:\\\/\\\/annaalbert.com\\\/es\\\/producto-es\\\/fular-seda-naranja-turron\\\/#primaryimage\"},\"image\":{\"@id\":\"https:\\\/\\\/annaalbert.com\\\/es\\\/producto-es\\\/fular-seda-naranja-turron\\\/#primaryimage\"},\"thumbnailUrl\":\"https:\\\/\\\/annaalbert.com\\\/wp-content\\\/uploads\\\/2020\\\/11\\\/torro-orange-1.jpg\",\"datePublished\":\"2020-11-10T17:17:16+00:00\",\"dateModified\":\"2024-04-02T11:06:46+00:00\",\"description\":\"Pa\u00f1uelo de seda turr\u00f3n naranja fino pero c\u00e1lido en invierno y fresco en tiempo de calor. Lo puedes llevar en el cuello como cintur\u00f3n o incluso en la cabeza.\",\"breadcrumb\":{\"@id\":\"https:\\\/\\\/annaalbert.com\\\/es\\\/producto-es\\\/fular-seda-naranja-turron\\\/#breadcrumb\"},\"inLanguage\":\"es\",\"potentialAction\":[{\"@type\":\"ReadAction\",\"target\":[\"https:\\\/\\\/annaalbert.com\\\/es\\\/producto-es\\\/fular-seda-naranja-turron\\\/\"]}]},{\"@type\":\"ImageObject\",\"inLanguage\":\"es\",\"@id\":\"https:\\\/\\\/annaalbert.com\\\/es\\\/producto-es\\\/fular-seda-naranja-turron\\\/#primaryimage\",\"url\":\"https:\\\/\\\/annaalbert.com\\\/wp-content\\\/uploads\\\/2020\\\/11\\\/torro-orange-1.jpg\",\"contentUrl\":\"https:\\\/\\\/annaalbert.com\\\/wp-content\\\/uploads\\\/2020\\\/11\\\/torro-orange-1.jpg\",\"width\":800,\"height\":960,\"caption\":\"Fulard seda taronja\"},{\"@type\":\"BreadcrumbList\",\"@id\":\"https:\\\/\\\/annaalbert.com\\\/es\\\/producto-es\\\/fular-seda-naranja-turron\\\/#breadcrumb\",\"itemListElement\":[{\"@type\":\"ListItem\",\"position\":1,\"name\":\"Portada\",\"item\":\"https:\\\/\\\/annaalbert.com\\\/es\\\/\"},{\"@type\":\"ListItem\",\"position\":2,\"name\":\"Tienda\",\"item\":\"https:\\\/\\\/annaalbert.com\\\/tienda\\\/\"},{\"@type\":\"ListItem\",\"position\":3,\"name\":\"PA\u00d1UELO DE SEDA TURR\u00d3N NARANJA\"}]},{\"@type\":\"WebSite\",\"@id\":\"https:\\\/\\\/annaalbert.com\\\/es\\\/#website\",\"url\":\"https:\\\/\\\/annaalbert.com\\\/es\\\/\",\"name\":\"Art en Seda\",\"description\":\"Productos de seda pintada a mano, asi como cursos, talleres, experiencias por la artesana Anna Albert\",\"publisher\":{\"@id\":\"https:\\\/\\\/annaalbert.com\\\/es\\\/#organization\"},\"potentialAction\":[{\"@type\":\"SearchAction\",\"target\":{\"@type\":\"EntryPoint\",\"urlTemplate\":\"https:\\\/\\\/annaalbert.com\\\/es\\\/?s={search_term_string}\"},\"query-input\":{\"@type\":\"PropertyValueSpecification\",\"valueRequired\":true,\"valueName\":\"search_term_string\"}}],\"inLanguage\":\"es\"},{\"@type\":\"Organization\",\"@id\":\"https:\\\/\\\/annaalbert.com\\\/es\\\/#organization\",\"name\":\"Art en Seda by Anna Albert\",\"url\":\"https:\\\/\\\/annaalbert.com\\\/es\\\/\",\"logo\":{\"@type\":\"ImageObject\",\"inLanguage\":\"es\",\"@id\":\"https:\\\/\\\/annaalbert.com\\\/es\\\/#\\\/schema\\\/logo\\\/image\\\/\",\"url\":\"https:\\\/\\\/annaalbert.com\\\/wp-content\\\/uploads\\\/2021\\\/01\\\/horitzontal_fonsblanc-scaled.jpg\",\"contentUrl\":\"https:\\\/\\\/annaalbert.com\\\/wp-content\\\/uploads\\\/2021\\\/01\\\/horitzontal_fonsblanc-scaled.jpg\",\"width\":2560,\"height\":779,\"caption\":\"Art en Seda by Anna Albert\"},\"image\":{\"@id\":\"https:\\\/\\\/annaalbert.com\\\/es\\\/#\\\/schema\\\/logo\\\/image\\\/\"}}]}<\/script>\n<!-- \/ Yoast SEO plugin. -->","yoast_head_json":{"title":"Pa\u00f1uelo de seda turr\u00f3n naranja - Art en Seda","description":"Pa\u00f1uelo de seda turr\u00f3n naranja fino pero c\u00e1lido en invierno y fresco en tiempo de calor. Lo puedes llevar en el cuello como cintur\u00f3n o incluso en la cabeza.","robots":{"index":"index","follow":"follow","max-snippet":"max-snippet:-1","max-image-preview":"max-image-preview:large","max-video-preview":"max-video-preview:-1"},"canonical":"https:\/\/annaalbert.com\/es\/producto-es\/fular-seda-naranja-turron\/","og_locale":"es_ES","og_type":"article","og_title":"Pa\u00f1uelo de seda turr\u00f3n naranja - Art en Seda","og_description":"Pa\u00f1uelo de seda turr\u00f3n naranja fino pero c\u00e1lido en invierno y fresco en tiempo de calor. Lo puedes llevar en el cuello como cintur\u00f3n o incluso en la cabeza.","og_url":"https:\/\/annaalbert.com\/es\/producto-es\/fular-seda-naranja-turron\/","og_site_name":"Art en Seda","article_modified_time":"2024-04-02T11:06:46+00:00","og_image":[{"width":800,"height":960,"url":"https:\/\/annaalbert.com\/wp-content\/uploads\/2020\/11\/torro-orange-1.jpg","type":"image\/jpeg"}],"twitter_card":"summary_large_image","twitter_misc":{"Tiempo de lectura":"2 minutos"},"schema":{"@context":"https:\/\/schema.org","@graph":[{"@type":"WebPage","@id":"https:\/\/annaalbert.com\/es\/producto-es\/fular-seda-naranja-turron\/","url":"https:\/\/annaalbert.com\/es\/producto-es\/fular-seda-naranja-turron\/","name":"Pa\u00f1uelo de seda turr\u00f3n naranja - Art en Seda","isPartOf":{"@id":"https:\/\/annaalbert.com\/es\/#website"},"primaryImageOfPage":{"@id":"https:\/\/annaalbert.com\/es\/producto-es\/fular-seda-naranja-turron\/#primaryimage"},"image":{"@id":"https:\/\/annaalbert.com\/es\/producto-es\/fular-seda-naranja-turron\/#primaryimage"},"thumbnailUrl":"https:\/\/annaalbert.com\/wp-content\/uploads\/2020\/11\/torro-orange-1.jpg","datePublished":"2020-11-10T17:17:16+00:00","dateModified":"2024-04-02T11:06:46+00:00","description":"Pa\u00f1uelo de seda turr\u00f3n naranja fino pero c\u00e1lido en invierno y fresco en tiempo de calor. Lo puedes llevar en el cuello como cintur\u00f3n o incluso en la cabeza.","breadcrumb":{"@id":"https:\/\/annaalbert.com\/es\/producto-es\/fular-seda-naranja-turron\/#breadcrumb"},"inLanguage":"es","potentialAction":[{"@type":"ReadAction","target":["https:\/\/annaalbert.com\/es\/producto-es\/fular-seda-naranja-turron\/"]}]},{"@type":"ImageObject","inLanguage":"es","@id":"https:\/\/annaalbert.com\/es\/producto-es\/fular-seda-naranja-turron\/#primaryimage","url":"https:\/\/annaalbert.com\/wp-content\/uploads\/2020\/11\/torro-orange-1.jpg","contentUrl":"https:\/\/annaalbert.com\/wp-content\/uploads\/2020\/11\/torro-orange-1.jpg","width":800,"height":960,"caption":"Fulard seda taronja"},{"@type":"BreadcrumbList","@id":"https:\/\/annaalbert.com\/es\/producto-es\/fular-seda-naranja-turron\/#breadcrumb","itemListElement":[{"@type":"ListItem","position":1,"name":"Portada","item":"https:\/\/annaalbert.com\/es\/"},{"@type":"ListItem","position":2,"name":"Tienda","item":"https:\/\/annaalbert.com\/tienda\/"},{"@type":"ListItem","position":3,"name":"PA\u00d1UELO DE SEDA TURR\u00d3N NARANJA"}]},{"@type":"WebSite","@id":"https:\/\/annaalbert.com\/es\/#website","url":"https:\/\/annaalbert.com\/es\/","name":"Art en Seda","description":"Productos de seda pintada a mano, asi como cursos, talleres, experiencias por la artesana Anna Albert","publisher":{"@id":"https:\/\/annaalbert.com\/es\/#organization"},"potentialAction":[{"@type":"SearchAction","target":{"@type":"EntryPoint","urlTemplate":"https:\/\/annaalbert.com\/es\/?s={search_term_string}"},"query-input":{"@type":"PropertyValueSpecification","valueRequired":true,"valueName":"search_term_string"}}],"inLanguage":"es"},{"@type":"Organization","@id":"https:\/\/annaalbert.com\/es\/#organization","name":"Art en Seda by Anna Albert","url":"https:\/\/annaalbert.com\/es\/","logo":{"@type":"ImageObject","inLanguage":"es","@id":"https:\/\/annaalbert.com\/es\/#\/schema\/logo\/image\/","url":"https:\/\/annaalbert.com\/wp-content\/uploads\/2021\/01\/horitzontal_fonsblanc-scaled.jpg","contentUrl":"https:\/\/annaalbert.com\/wp-content\/uploads\/2021\/01\/horitzontal_fonsblanc-scaled.jpg","width":2560,"height":779,"caption":"Art en Seda by Anna Albert"},"image":{"@id":"https:\/\/annaalbert.com\/es\/#\/schema\/logo\/image\/"}}]}},"_links":{"self":[{"href":"https:\/\/annaalbert.com\/es\/wp-json\/wp\/v2\/product\/10777","targetHints":{"allow":["GET"]}}],"collection":[{"href":"https:\/\/annaalbert.com\/es\/wp-json\/wp\/v2\/product"}],"about":[{"href":"https:\/\/annaalbert.com\/es\/wp-json\/wp\/v2\/types\/product"}],"replies":[{"embeddable":true,"href":"https:\/\/annaalbert.com\/es\/wp-json\/wp\/v2\/comments?post=10777"}],"wp:featuredmedia":[{"embeddable":true,"href":"https:\/\/annaalbert.com\/es\/wp-json\/wp\/v2\/media\/9145"}],"wp:attachment":[{"href":"https:\/\/annaalbert.com\/es\/wp-json\/wp\/v2\/media?parent=10777"}],"wp:term":[{"taxonomy":"product_brand","embeddable":true,"href":"https:\/\/annaalbert.com\/es\/wp-json\/wp\/v2\/product_brand?post=10777"},{"taxonomy":"product_cat","embeddable":true,"href":"https:\/\/annaalbert.com\/es\/wp-json\/wp\/v2\/product_cat?post=10777"},{"taxonomy":"product_tag","embeddable":true,"href":"https:\/\/annaalbert.com\/es\/wp-json\/wp\/v2\/product_tag?post=10777"}],"curies":[{"name":"wp","href":"https:\/\/api.w.org\/{rel}","templated":true}]}}