{"id":10773,"date":"2020-11-10T17:27:28","date_gmt":"2020-11-10T17:27:28","guid":{"rendered":"https:\/\/annaalbert.com\/producto\/fular-seda-rojo-turron\/"},"modified":"2024-04-02T09:49:50","modified_gmt":"2024-04-02T09:49:50","slug":"fular-seda-rojo-turron","status":"publish","type":"product","link":"https:\/\/annaalbert.com\/es\/producto-es\/fular-seda-rojo-turron\/","title":{"rendered":"PA\u00d1UELO DE SEDA TURR\u00d3N ROJO"},"content":{"rendered":"<p>Pa\u00f1uelo de seda turr\u00f3n rojo.<\/p>\n<p>\u00bfNo sabes que regalar estas fiestas?<\/p>\n<p>\u00bfPiensas que ya tenemos de todo y que cada a\u00f1o es m\u00e1s complicado triunfar?<\/p>\n<p>\u00bfSabes cu\u00e1l es su color preferido? \u00bfSi le quedan m\u00e1s bien los tonos fr\u00edos o calientes? \u00bfDe qu\u00e9 color tiene el abrigo? Aqu\u00ed tienes la opci\u00f3n de regalar un turr\u00f3n de seda artesanal.<\/p>\n<p>Este turr\u00f3n es un pa\u00f1uelo de seda muselina de 150x45cm con un estampado de colores que va bien tanto si vas vestido de una manera como de otra. Este fular es fino pero es c\u00e1lido en invierno y fresco en tiempo de calor. Es un fular muy resolutivo que puedes llevar tanto en el cuello como de cintur\u00f3n o incluso en la cabeza.<\/p>\n<p>Tienes una variedad inacabable de colores y tonalidades y si no encuentras el que buscas, pide la mezcla que m\u00e1s te guste y la cocinar\u00e9 para ti.<\/p>\n<p>De hecho, si quieres que te escriba alg\u00fan mensaje y acabas de hacer el regalo completamente personalizado, solo lo tienes que pedir.<\/p>\n<p>No te he dicho que este pa\u00f1uelo de seda turr\u00f3n rojo lleva un escrito con los ingredientes, las instrucciones de uso, de lavado y la fecha de caducidad. Peque\u00f1os detalles que hacen grande el detalle.<\/p>\n<p>Un regalo original que muy seguro sorprender\u00e1.<\/p>\n<p>&nbsp;<\/p>\n","protected":false},"excerpt":{"rendered":"<p>Fular de seda muselina de 150&#215;45. Packaging caja de turr\u00f3n.<\/p>\n","protected":false},"featured_media":9133,"comment_status":"closed","ping_status":"closed","template":"","meta":{"_et_pb_use_builder":"","_et_pb_old_content":"","_et_gb_content_width":""},"product_brand":[],"product_cat":[336],"product_tag":[],"class_list":{"0":"post-10773","1":"product","2":"type-product","3":"status-publish","4":"has-post-thumbnail","6":"product_cat-turrones","8":"first","9":"instock","10":"featured","11":"taxable","12":"shipping-taxable","13":"purchasable","14":"product-type-simple"},"yoast_head":"<!-- This site is optimized with the Yoast SEO plugin v27.0 - https:\/\/yoast.com\/product\/yoast-seo-wordpress\/ -->\n<title>Pa\u00f1uelo de seda turr\u00f3n rojo - Art en Seda<\/title>\n<meta name=\"description\" content=\"Pa\u00f1uelo de seda turr\u00f3n rojo fino pero c\u00e1lido en invierno y fresco en tiempo de calor. Lo puedes llevar en el cuello como cintur\u00f3n o incluso en la cabeza.\" \/>\n<meta name=\"robots\" content=\"index, follow, max-snippet:-1, max-image-preview:large, max-video-preview:-1\" \/>\n<link rel=\"canonical\" href=\"https:\/\/annaalbert.com\/es\/producto-es\/fular-seda-rojo-turron\/\" \/>\n<meta property=\"og:locale\" content=\"es_ES\" \/>\n<meta property=\"og:type\" content=\"article\" \/>\n<meta property=\"og:title\" content=\"Pa\u00f1uelo de seda turr\u00f3n rojo - Art en Seda\" \/>\n<meta property=\"og:description\" content=\"Pa\u00f1uelo de seda turr\u00f3n rojo fino pero c\u00e1lido en invierno y fresco en tiempo de calor. Lo puedes llevar en el cuello como cintur\u00f3n o incluso en la cabeza.\" \/>\n<meta property=\"og:url\" content=\"https:\/\/annaalbert.com\/es\/producto-es\/fular-seda-rojo-turron\/\" \/>\n<meta property=\"og:site_name\" content=\"Art en Seda\" \/>\n<meta property=\"article:modified_time\" content=\"2024-04-02T09:49:50+00:00\" \/>\n<meta property=\"og:image\" content=\"https:\/\/annaalbert.com\/wp-content\/uploads\/2020\/11\/fresanata.jpg\" \/>\n\t<meta property=\"og:image:width\" content=\"800\" \/>\n\t<meta property=\"og:image:height\" content=\"960\" \/>\n\t<meta property=\"og:image:type\" content=\"image\/jpeg\" \/>\n<meta name=\"twitter:card\" content=\"summary_large_image\" \/>\n<meta name=\"twitter:label1\" content=\"Tiempo de lectura\" \/>\n\t<meta name=\"twitter:data1\" content=\"1 minuto\" \/>\n<script type=\"application\/ld+json\" class=\"yoast-schema-graph\">{\"@context\":\"https:\/\/schema.org\",\"@graph\":[{\"@type\":\"WebPage\",\"@id\":\"https:\/\/annaalbert.com\/es\/producto-es\/fular-seda-rojo-turron\/\",\"url\":\"https:\/\/annaalbert.com\/es\/producto-es\/fular-seda-rojo-turron\/\",\"name\":\"Pa\u00f1uelo de seda turr\u00f3n rojo - Art en Seda\",\"isPartOf\":{\"@id\":\"https:\/\/annaalbert.com\/es\/#website\"},\"primaryImageOfPage\":{\"@id\":\"https:\/\/annaalbert.com\/es\/producto-es\/fular-seda-rojo-turron\/#primaryimage\"},\"image\":{\"@id\":\"https:\/\/annaalbert.com\/es\/producto-es\/fular-seda-rojo-turron\/#primaryimage\"},\"thumbnailUrl\":\"https:\/\/annaalbert.com\/wp-content\/uploads\/2020\/11\/fresanata.jpg\",\"datePublished\":\"2020-11-10T17:27:28+00:00\",\"dateModified\":\"2024-04-02T09:49:50+00:00\",\"description\":\"Pa\u00f1uelo de seda turr\u00f3n rojo fino pero c\u00e1lido en invierno y fresco en tiempo de calor. Lo puedes llevar en el cuello como cintur\u00f3n o incluso en la cabeza.\",\"breadcrumb\":{\"@id\":\"https:\/\/annaalbert.com\/es\/producto-es\/fular-seda-rojo-turron\/#breadcrumb\"},\"inLanguage\":\"es\",\"potentialAction\":[{\"@type\":\"ReadAction\",\"target\":[\"https:\/\/annaalbert.com\/es\/producto-es\/fular-seda-rojo-turron\/\"]}]},{\"@type\":\"ImageObject\",\"inLanguage\":\"es\",\"@id\":\"https:\/\/annaalbert.com\/es\/producto-es\/fular-seda-rojo-turron\/#primaryimage\",\"url\":\"https:\/\/annaalbert.com\/wp-content\/uploads\/2020\/11\/fresanata.jpg\",\"contentUrl\":\"https:\/\/annaalbert.com\/wp-content\/uploads\/2020\/11\/fresanata.jpg\",\"width\":800,\"height\":960,\"caption\":\"Fulard seda vermell\"},{\"@type\":\"BreadcrumbList\",\"@id\":\"https:\/\/annaalbert.com\/es\/producto-es\/fular-seda-rojo-turron\/#breadcrumb\",\"itemListElement\":[{\"@type\":\"ListItem\",\"position\":1,\"name\":\"Portada\",\"item\":\"https:\/\/annaalbert.com\/es\/\"},{\"@type\":\"ListItem\",\"position\":2,\"name\":\"Tienda\",\"item\":\"https:\/\/annaalbert.com\/tienda\/\"},{\"@type\":\"ListItem\",\"position\":3,\"name\":\"PA\u00d1UELO DE SEDA TURR\u00d3N ROJO\"}]},{\"@type\":\"WebSite\",\"@id\":\"https:\/\/annaalbert.com\/es\/#website\",\"url\":\"https:\/\/annaalbert.com\/es\/\",\"name\":\"Art en Seda\",\"description\":\"Productos de seda pintada a mano, asi como cursos, talleres, experiencias por la artesana Anna Albert\",\"publisher\":{\"@id\":\"https:\/\/annaalbert.com\/es\/#organization\"},\"potentialAction\":[{\"@type\":\"SearchAction\",\"target\":{\"@type\":\"EntryPoint\",\"urlTemplate\":\"https:\/\/annaalbert.com\/es\/?s={search_term_string}\"},\"query-input\":{\"@type\":\"PropertyValueSpecification\",\"valueRequired\":true,\"valueName\":\"search_term_string\"}}],\"inLanguage\":\"es\"},{\"@type\":\"Organization\",\"@id\":\"https:\/\/annaalbert.com\/es\/#organization\",\"name\":\"Art en Seda by Anna Albert\",\"url\":\"https:\/\/annaalbert.com\/es\/\",\"logo\":{\"@type\":\"ImageObject\",\"inLanguage\":\"es\",\"@id\":\"https:\/\/annaalbert.com\/es\/#\/schema\/logo\/image\/\",\"url\":\"https:\/\/annaalbert.com\/wp-content\/uploads\/2021\/01\/horitzontal_fonsblanc-scaled.jpg\",\"contentUrl\":\"https:\/\/annaalbert.com\/wp-content\/uploads\/2021\/01\/horitzontal_fonsblanc-scaled.jpg\",\"width\":2560,\"height\":779,\"caption\":\"Art en Seda by Anna Albert\"},\"image\":{\"@id\":\"https:\/\/annaalbert.com\/es\/#\/schema\/logo\/image\/\"}}]}<\/script>\n<!-- \/ Yoast SEO plugin. -->","yoast_head_json":{"title":"Pa\u00f1uelo de seda turr\u00f3n rojo - Art en Seda","description":"Pa\u00f1uelo de seda turr\u00f3n rojo fino pero c\u00e1lido en invierno y fresco en tiempo de calor. Lo puedes llevar en el cuello como cintur\u00f3n o incluso en la cabeza.","robots":{"index":"index","follow":"follow","max-snippet":"max-snippet:-1","max-image-preview":"max-image-preview:large","max-video-preview":"max-video-preview:-1"},"canonical":"https:\/\/annaalbert.com\/es\/producto-es\/fular-seda-rojo-turron\/","og_locale":"es_ES","og_type":"article","og_title":"Pa\u00f1uelo de seda turr\u00f3n rojo - Art en Seda","og_description":"Pa\u00f1uelo de seda turr\u00f3n rojo fino pero c\u00e1lido en invierno y fresco en tiempo de calor. Lo puedes llevar en el cuello como cintur\u00f3n o incluso en la cabeza.","og_url":"https:\/\/annaalbert.com\/es\/producto-es\/fular-seda-rojo-turron\/","og_site_name":"Art en Seda","article_modified_time":"2024-04-02T09:49:50+00:00","og_image":[{"width":800,"height":960,"url":"https:\/\/annaalbert.com\/wp-content\/uploads\/2020\/11\/fresanata.jpg","type":"image\/jpeg"}],"twitter_card":"summary_large_image","twitter_misc":{"Tiempo de lectura":"1 minuto"},"schema":{"@context":"https:\/\/schema.org","@graph":[{"@type":"WebPage","@id":"https:\/\/annaalbert.com\/es\/producto-es\/fular-seda-rojo-turron\/","url":"https:\/\/annaalbert.com\/es\/producto-es\/fular-seda-rojo-turron\/","name":"Pa\u00f1uelo de seda turr\u00f3n rojo - Art en Seda","isPartOf":{"@id":"https:\/\/annaalbert.com\/es\/#website"},"primaryImageOfPage":{"@id":"https:\/\/annaalbert.com\/es\/producto-es\/fular-seda-rojo-turron\/#primaryimage"},"image":{"@id":"https:\/\/annaalbert.com\/es\/producto-es\/fular-seda-rojo-turron\/#primaryimage"},"thumbnailUrl":"https:\/\/annaalbert.com\/wp-content\/uploads\/2020\/11\/fresanata.jpg","datePublished":"2020-11-10T17:27:28+00:00","dateModified":"2024-04-02T09:49:50+00:00","description":"Pa\u00f1uelo de seda turr\u00f3n rojo fino pero c\u00e1lido en invierno y fresco en tiempo de calor. Lo puedes llevar en el cuello como cintur\u00f3n o incluso en la cabeza.","breadcrumb":{"@id":"https:\/\/annaalbert.com\/es\/producto-es\/fular-seda-rojo-turron\/#breadcrumb"},"inLanguage":"es","potentialAction":[{"@type":"ReadAction","target":["https:\/\/annaalbert.com\/es\/producto-es\/fular-seda-rojo-turron\/"]}]},{"@type":"ImageObject","inLanguage":"es","@id":"https:\/\/annaalbert.com\/es\/producto-es\/fular-seda-rojo-turron\/#primaryimage","url":"https:\/\/annaalbert.com\/wp-content\/uploads\/2020\/11\/fresanata.jpg","contentUrl":"https:\/\/annaalbert.com\/wp-content\/uploads\/2020\/11\/fresanata.jpg","width":800,"height":960,"caption":"Fulard seda vermell"},{"@type":"BreadcrumbList","@id":"https:\/\/annaalbert.com\/es\/producto-es\/fular-seda-rojo-turron\/#breadcrumb","itemListElement":[{"@type":"ListItem","position":1,"name":"Portada","item":"https:\/\/annaalbert.com\/es\/"},{"@type":"ListItem","position":2,"name":"Tienda","item":"https:\/\/annaalbert.com\/tienda\/"},{"@type":"ListItem","position":3,"name":"PA\u00d1UELO DE SEDA TURR\u00d3N ROJO"}]},{"@type":"WebSite","@id":"https:\/\/annaalbert.com\/es\/#website","url":"https:\/\/annaalbert.com\/es\/","name":"Art en Seda","description":"Productos de seda pintada a mano, asi como cursos, talleres, experiencias por la artesana Anna Albert","publisher":{"@id":"https:\/\/annaalbert.com\/es\/#organization"},"potentialAction":[{"@type":"SearchAction","target":{"@type":"EntryPoint","urlTemplate":"https:\/\/annaalbert.com\/es\/?s={search_term_string}"},"query-input":{"@type":"PropertyValueSpecification","valueRequired":true,"valueName":"search_term_string"}}],"inLanguage":"es"},{"@type":"Organization","@id":"https:\/\/annaalbert.com\/es\/#organization","name":"Art en Seda by Anna Albert","url":"https:\/\/annaalbert.com\/es\/","logo":{"@type":"ImageObject","inLanguage":"es","@id":"https:\/\/annaalbert.com\/es\/#\/schema\/logo\/image\/","url":"https:\/\/annaalbert.com\/wp-content\/uploads\/2021\/01\/horitzontal_fonsblanc-scaled.jpg","contentUrl":"https:\/\/annaalbert.com\/wp-content\/uploads\/2021\/01\/horitzontal_fonsblanc-scaled.jpg","width":2560,"height":779,"caption":"Art en Seda by Anna Albert"},"image":{"@id":"https:\/\/annaalbert.com\/es\/#\/schema\/logo\/image\/"}}]}},"_links":{"self":[{"href":"https:\/\/annaalbert.com\/es\/wp-json\/wp\/v2\/product\/10773","targetHints":{"allow":["GET"]}}],"collection":[{"href":"https:\/\/annaalbert.com\/es\/wp-json\/wp\/v2\/product"}],"about":[{"href":"https:\/\/annaalbert.com\/es\/wp-json\/wp\/v2\/types\/product"}],"replies":[{"embeddable":true,"href":"https:\/\/annaalbert.com\/es\/wp-json\/wp\/v2\/comments?post=10773"}],"wp:featuredmedia":[{"embeddable":true,"href":"https:\/\/annaalbert.com\/es\/wp-json\/wp\/v2\/media\/9133"}],"wp:attachment":[{"href":"https:\/\/annaalbert.com\/es\/wp-json\/wp\/v2\/media?parent=10773"}],"wp:term":[{"taxonomy":"product_brand","embeddable":true,"href":"https:\/\/annaalbert.com\/es\/wp-json\/wp\/v2\/product_brand?post=10773"},{"taxonomy":"product_cat","embeddable":true,"href":"https:\/\/annaalbert.com\/es\/wp-json\/wp\/v2\/product_cat?post=10773"},{"taxonomy":"product_tag","embeddable":true,"href":"https:\/\/annaalbert.com\/es\/wp-json\/wp\/v2\/product_tag?post=10773"}],"curies":[{"name":"wp","href":"https:\/\/api.w.org\/{rel}","templated":true}]}}