{"id":10759,"date":"2020-11-14T14:48:02","date_gmt":"2020-11-14T14:48:02","guid":{"rendered":"https:\/\/annaalbert.com\/producto\/cinta-seda-natural-amarilla\/"},"modified":"2024-03-27T15:45:22","modified_gmt":"2024-03-27T15:45:22","slug":"cinta-seda-natural-amarilla","status":"publish","type":"product","link":"https:\/\/annaalbert.com\/es\/producto-es\/cinta-seda-natural-amarilla\/","title":{"rendered":"CINTA DE SEDA NATURAL AMARILLA"},"content":{"rendered":"<p>Cinta de seda natural amarilla.<\/p>\n<p>Cinta de tres cordones de seda, te\u00f1idos de color amarillo de manera artesanal, y que tienen una utilidad muy pr\u00e1ctica para sostener la mascarilla.<\/p>\n<p>Estas cintas nacen de vuestras sugerencias y de la necesidad de tener que llevar mascarilla todo el d\u00eda. Aqu\u00ed lo hacemos pr\u00e1ctico y bonito y te proponemos este complemento original para sostener la mascarilla cuando te la sacas por un momento o por un rato.<\/p>\n<p>Se ha acabado aguantarla con la mano, dejarla sobre la mesa o no saber qu\u00e9 hacer.<\/p>\n<p>He te\u00f1ido las cintas de seda de diferentes colores y los acabados de los extremos son un detalle decorativo que decora y no pesa. Al final lleva una fornitura para coger las cintas de la mascarilla.<\/p>\n<p>Este es monocolor con tonos beis. Muy discreto, para personas que quieren ir diferentes pero discretas<\/p>\n<p>Si esta cinta de seda natural amarilla es la que m\u00e1s te gusta quiero que sepas que el transporte lo tienes gratuito y que si haces la compra ahora y quieres una mascarilla de seda que puedes comprar el pack mascarilla+cinta con 3 euros de descuento mientras dure la promoci\u00f3n.<\/p>\n<p>Y si quieres una cinta de regalo la puedes obtener con el pac de tres mascarillas y el transporte tambi\u00e9n es gratuito.<\/p>\n","protected":false},"excerpt":{"rendered":"<p>Cinta de color amarilla para sostener la mascarilla<\/p>\n","protected":false},"featured_media":9161,"comment_status":"closed","ping_status":"closed","template":"","meta":{"_et_pb_use_builder":"","_et_pb_old_content":"","_et_gb_content_width":""},"product_brand":[],"product_cat":[333],"product_tag":[],"class_list":{"0":"post-10759","1":"product","2":"type-product","3":"status-publish","4":"has-post-thumbnail","6":"product_cat-cintas","8":"first","9":"instock","10":"taxable","11":"shipping-taxable","12":"purchasable","13":"product-type-simple"},"yoast_head":"<!-- This site is optimized with the Yoast SEO plugin v27.4 - https:\/\/yoast.com\/product\/yoast-seo-wordpress\/ -->\n<title>Cinta de seda natural amarilla - Art en Seda<\/title>\n<meta name=\"description\" content=\"Cinta de seda natural amarilla con tonos que recuerdan al Sol. Cinta muy discreta, para personas que quieren ir diferentes pero discretas.\" \/>\n<meta name=\"robots\" content=\"index, follow, max-snippet:-1, max-image-preview:large, max-video-preview:-1\" \/>\n<link rel=\"canonical\" href=\"https:\/\/annaalbert.com\/es\/producto-es\/cinta-seda-natural-amarilla\/\" \/>\n<meta property=\"og:locale\" content=\"es_ES\" \/>\n<meta property=\"og:type\" content=\"article\" \/>\n<meta property=\"og:title\" content=\"Cinta de seda natural amarilla - Art en Seda\" \/>\n<meta property=\"og:description\" content=\"Cinta de seda natural amarilla con tonos que recuerdan al Sol. Cinta muy discreta, para personas que quieren ir diferentes pero discretas.\" \/>\n<meta property=\"og:url\" content=\"https:\/\/annaalbert.com\/es\/producto-es\/cinta-seda-natural-amarilla\/\" \/>\n<meta property=\"og:site_name\" content=\"Art en Seda\" \/>\n<meta property=\"article:modified_time\" content=\"2024-03-27T15:45:22+00:00\" \/>\n<meta property=\"og:image\" content=\"https:\/\/annaalbert.com\/wp-content\/uploads\/2020\/11\/groc.jpg\" \/>\n\t<meta property=\"og:image:width\" content=\"800\" \/>\n\t<meta property=\"og:image:height\" content=\"960\" \/>\n\t<meta property=\"og:image:type\" content=\"image\/jpeg\" \/>\n<meta name=\"twitter:card\" content=\"summary_large_image\" \/>\n<meta name=\"twitter:label1\" content=\"Tiempo de lectura\" \/>\n\t<meta name=\"twitter:data1\" content=\"1 minuto\" \/>\n<script type=\"application\/ld+json\" class=\"yoast-schema-graph\">{\"@context\":\"https:\\\/\\\/schema.org\",\"@graph\":[{\"@type\":\"WebPage\",\"@id\":\"https:\\\/\\\/annaalbert.com\\\/es\\\/producto-es\\\/cinta-seda-natural-amarilla\\\/\",\"url\":\"https:\\\/\\\/annaalbert.com\\\/es\\\/producto-es\\\/cinta-seda-natural-amarilla\\\/\",\"name\":\"Cinta de seda natural amarilla - Art en Seda\",\"isPartOf\":{\"@id\":\"https:\\\/\\\/annaalbert.com\\\/es\\\/#website\"},\"primaryImageOfPage\":{\"@id\":\"https:\\\/\\\/annaalbert.com\\\/es\\\/producto-es\\\/cinta-seda-natural-amarilla\\\/#primaryimage\"},\"image\":{\"@id\":\"https:\\\/\\\/annaalbert.com\\\/es\\\/producto-es\\\/cinta-seda-natural-amarilla\\\/#primaryimage\"},\"thumbnailUrl\":\"https:\\\/\\\/annaalbert.com\\\/wp-content\\\/uploads\\\/2020\\\/11\\\/groc.jpg\",\"datePublished\":\"2020-11-14T14:48:02+00:00\",\"dateModified\":\"2024-03-27T15:45:22+00:00\",\"description\":\"Cinta de seda natural amarilla con tonos que recuerdan al Sol. Cinta muy discreta, para personas que quieren ir diferentes pero discretas.\",\"breadcrumb\":{\"@id\":\"https:\\\/\\\/annaalbert.com\\\/es\\\/producto-es\\\/cinta-seda-natural-amarilla\\\/#breadcrumb\"},\"inLanguage\":\"es\",\"potentialAction\":[{\"@type\":\"ReadAction\",\"target\":[\"https:\\\/\\\/annaalbert.com\\\/es\\\/producto-es\\\/cinta-seda-natural-amarilla\\\/\"]}]},{\"@type\":\"ImageObject\",\"inLanguage\":\"es\",\"@id\":\"https:\\\/\\\/annaalbert.com\\\/es\\\/producto-es\\\/cinta-seda-natural-amarilla\\\/#primaryimage\",\"url\":\"https:\\\/\\\/annaalbert.com\\\/wp-content\\\/uploads\\\/2020\\\/11\\\/groc.jpg\",\"contentUrl\":\"https:\\\/\\\/annaalbert.com\\\/wp-content\\\/uploads\\\/2020\\\/11\\\/groc.jpg\",\"width\":800,\"height\":960,\"caption\":\"Cinta seda natural groga\"},{\"@type\":\"BreadcrumbList\",\"@id\":\"https:\\\/\\\/annaalbert.com\\\/es\\\/producto-es\\\/cinta-seda-natural-amarilla\\\/#breadcrumb\",\"itemListElement\":[{\"@type\":\"ListItem\",\"position\":1,\"name\":\"Portada\",\"item\":\"https:\\\/\\\/annaalbert.com\\\/es\\\/\"},{\"@type\":\"ListItem\",\"position\":2,\"name\":\"Tienda\",\"item\":\"https:\\\/\\\/annaalbert.com\\\/tienda\\\/\"},{\"@type\":\"ListItem\",\"position\":3,\"name\":\"CINTA DE SEDA NATURAL AMARILLA\"}]},{\"@type\":\"WebSite\",\"@id\":\"https:\\\/\\\/annaalbert.com\\\/es\\\/#website\",\"url\":\"https:\\\/\\\/annaalbert.com\\\/es\\\/\",\"name\":\"Art en Seda\",\"description\":\"Productos de seda pintada a mano, asi como cursos, talleres, experiencias por la artesana Anna Albert\",\"publisher\":{\"@id\":\"https:\\\/\\\/annaalbert.com\\\/es\\\/#organization\"},\"potentialAction\":[{\"@type\":\"SearchAction\",\"target\":{\"@type\":\"EntryPoint\",\"urlTemplate\":\"https:\\\/\\\/annaalbert.com\\\/es\\\/?s={search_term_string}\"},\"query-input\":{\"@type\":\"PropertyValueSpecification\",\"valueRequired\":true,\"valueName\":\"search_term_string\"}}],\"inLanguage\":\"es\"},{\"@type\":\"Organization\",\"@id\":\"https:\\\/\\\/annaalbert.com\\\/es\\\/#organization\",\"name\":\"Art en Seda by Anna Albert\",\"url\":\"https:\\\/\\\/annaalbert.com\\\/es\\\/\",\"logo\":{\"@type\":\"ImageObject\",\"inLanguage\":\"es\",\"@id\":\"https:\\\/\\\/annaalbert.com\\\/es\\\/#\\\/schema\\\/logo\\\/image\\\/\",\"url\":\"https:\\\/\\\/annaalbert.com\\\/wp-content\\\/uploads\\\/2021\\\/01\\\/horitzontal_fonsblanc-scaled.jpg\",\"contentUrl\":\"https:\\\/\\\/annaalbert.com\\\/wp-content\\\/uploads\\\/2021\\\/01\\\/horitzontal_fonsblanc-scaled.jpg\",\"width\":2560,\"height\":779,\"caption\":\"Art en Seda by Anna Albert\"},\"image\":{\"@id\":\"https:\\\/\\\/annaalbert.com\\\/es\\\/#\\\/schema\\\/logo\\\/image\\\/\"}}]}<\/script>\n<!-- \/ Yoast SEO plugin. -->","yoast_head_json":{"title":"Cinta de seda natural amarilla - Art en Seda","description":"Cinta de seda natural amarilla con tonos que recuerdan al Sol. Cinta muy discreta, para personas que quieren ir diferentes pero discretas.","robots":{"index":"index","follow":"follow","max-snippet":"max-snippet:-1","max-image-preview":"max-image-preview:large","max-video-preview":"max-video-preview:-1"},"canonical":"https:\/\/annaalbert.com\/es\/producto-es\/cinta-seda-natural-amarilla\/","og_locale":"es_ES","og_type":"article","og_title":"Cinta de seda natural amarilla - Art en Seda","og_description":"Cinta de seda natural amarilla con tonos que recuerdan al Sol. Cinta muy discreta, para personas que quieren ir diferentes pero discretas.","og_url":"https:\/\/annaalbert.com\/es\/producto-es\/cinta-seda-natural-amarilla\/","og_site_name":"Art en Seda","article_modified_time":"2024-03-27T15:45:22+00:00","og_image":[{"width":800,"height":960,"url":"https:\/\/annaalbert.com\/wp-content\/uploads\/2020\/11\/groc.jpg","type":"image\/jpeg"}],"twitter_card":"summary_large_image","twitter_misc":{"Tiempo de lectura":"1 minuto"},"schema":{"@context":"https:\/\/schema.org","@graph":[{"@type":"WebPage","@id":"https:\/\/annaalbert.com\/es\/producto-es\/cinta-seda-natural-amarilla\/","url":"https:\/\/annaalbert.com\/es\/producto-es\/cinta-seda-natural-amarilla\/","name":"Cinta de seda natural amarilla - Art en Seda","isPartOf":{"@id":"https:\/\/annaalbert.com\/es\/#website"},"primaryImageOfPage":{"@id":"https:\/\/annaalbert.com\/es\/producto-es\/cinta-seda-natural-amarilla\/#primaryimage"},"image":{"@id":"https:\/\/annaalbert.com\/es\/producto-es\/cinta-seda-natural-amarilla\/#primaryimage"},"thumbnailUrl":"https:\/\/annaalbert.com\/wp-content\/uploads\/2020\/11\/groc.jpg","datePublished":"2020-11-14T14:48:02+00:00","dateModified":"2024-03-27T15:45:22+00:00","description":"Cinta de seda natural amarilla con tonos que recuerdan al Sol. Cinta muy discreta, para personas que quieren ir diferentes pero discretas.","breadcrumb":{"@id":"https:\/\/annaalbert.com\/es\/producto-es\/cinta-seda-natural-amarilla\/#breadcrumb"},"inLanguage":"es","potentialAction":[{"@type":"ReadAction","target":["https:\/\/annaalbert.com\/es\/producto-es\/cinta-seda-natural-amarilla\/"]}]},{"@type":"ImageObject","inLanguage":"es","@id":"https:\/\/annaalbert.com\/es\/producto-es\/cinta-seda-natural-amarilla\/#primaryimage","url":"https:\/\/annaalbert.com\/wp-content\/uploads\/2020\/11\/groc.jpg","contentUrl":"https:\/\/annaalbert.com\/wp-content\/uploads\/2020\/11\/groc.jpg","width":800,"height":960,"caption":"Cinta seda natural groga"},{"@type":"BreadcrumbList","@id":"https:\/\/annaalbert.com\/es\/producto-es\/cinta-seda-natural-amarilla\/#breadcrumb","itemListElement":[{"@type":"ListItem","position":1,"name":"Portada","item":"https:\/\/annaalbert.com\/es\/"},{"@type":"ListItem","position":2,"name":"Tienda","item":"https:\/\/annaalbert.com\/tienda\/"},{"@type":"ListItem","position":3,"name":"CINTA DE SEDA NATURAL AMARILLA"}]},{"@type":"WebSite","@id":"https:\/\/annaalbert.com\/es\/#website","url":"https:\/\/annaalbert.com\/es\/","name":"Art en Seda","description":"Productos de seda pintada a mano, asi como cursos, talleres, experiencias por la artesana Anna Albert","publisher":{"@id":"https:\/\/annaalbert.com\/es\/#organization"},"potentialAction":[{"@type":"SearchAction","target":{"@type":"EntryPoint","urlTemplate":"https:\/\/annaalbert.com\/es\/?s={search_term_string}"},"query-input":{"@type":"PropertyValueSpecification","valueRequired":true,"valueName":"search_term_string"}}],"inLanguage":"es"},{"@type":"Organization","@id":"https:\/\/annaalbert.com\/es\/#organization","name":"Art en Seda by Anna Albert","url":"https:\/\/annaalbert.com\/es\/","logo":{"@type":"ImageObject","inLanguage":"es","@id":"https:\/\/annaalbert.com\/es\/#\/schema\/logo\/image\/","url":"https:\/\/annaalbert.com\/wp-content\/uploads\/2021\/01\/horitzontal_fonsblanc-scaled.jpg","contentUrl":"https:\/\/annaalbert.com\/wp-content\/uploads\/2021\/01\/horitzontal_fonsblanc-scaled.jpg","width":2560,"height":779,"caption":"Art en Seda by Anna Albert"},"image":{"@id":"https:\/\/annaalbert.com\/es\/#\/schema\/logo\/image\/"}}]}},"_links":{"self":[{"href":"https:\/\/annaalbert.com\/es\/wp-json\/wp\/v2\/product\/10759","targetHints":{"allow":["GET"]}}],"collection":[{"href":"https:\/\/annaalbert.com\/es\/wp-json\/wp\/v2\/product"}],"about":[{"href":"https:\/\/annaalbert.com\/es\/wp-json\/wp\/v2\/types\/product"}],"replies":[{"embeddable":true,"href":"https:\/\/annaalbert.com\/es\/wp-json\/wp\/v2\/comments?post=10759"}],"wp:featuredmedia":[{"embeddable":true,"href":"https:\/\/annaalbert.com\/es\/wp-json\/wp\/v2\/media\/9161"}],"wp:attachment":[{"href":"https:\/\/annaalbert.com\/es\/wp-json\/wp\/v2\/media?parent=10759"}],"wp:term":[{"taxonomy":"product_brand","embeddable":true,"href":"https:\/\/annaalbert.com\/es\/wp-json\/wp\/v2\/product_brand?post=10759"},{"taxonomy":"product_cat","embeddable":true,"href":"https:\/\/annaalbert.com\/es\/wp-json\/wp\/v2\/product_cat?post=10759"},{"taxonomy":"product_tag","embeddable":true,"href":"https:\/\/annaalbert.com\/es\/wp-json\/wp\/v2\/product_tag?post=10759"}],"curies":[{"name":"wp","href":"https:\/\/api.w.org\/{rel}","templated":true}]}}