{"id":10755,"date":"2020-11-14T17:29:55","date_gmt":"2020-11-14T17:29:55","guid":{"rendered":"https:\/\/annaalbert.com\/producto\/abanico-seda-natural-casa-batllo\/"},"modified":"2025-10-15T08:48:12","modified_gmt":"2025-10-15T08:48:12","slug":"abanico-seda-natural-casa-batllo","status":"publish","type":"product","link":"https:\/\/annaalbert.com\/es\/producto-es\/abanico-seda-natural-casa-batllo\/","title":{"rendered":"ABANICO SEDA NATURAL CASA BATLL\u00d3"},"content":{"rendered":"<p>Descubre la elegancia y la exclusividad con el abanico seda natural Casa Batll\u00f3. Cada pieza, meticulosamente hecha a mano, es una obra de arte que combina la seda natural y la madera de peral para crear una fusi\u00f3n \u00fanica de belleza y funcionalidad. Este abanico captura la esencia de la arquitectura modernista de Gaud\u00ed y la transforma en una pieza de moda exquisita.<\/p>\n<p>Abanico inspirado en los mosaicos del patio de la Casa Batll\u00f3 de Barcelona, edificio dise\u00f1ado por el arquitecto Antonio Gaud\u00ed, m\u00e1ximo representante del modernismo catal\u00e1n. Cuando te paseas por esta casa emblem\u00e1tica los ojos van y vienen sin dejar ning\u00fan rinc\u00f3n para fotografiar.<\/p>\n<p>Uno de los lugares que m\u00e1s me enamoran son los mosaicos de cer\u00e1mica que hay en el patio exterior. Una explosi\u00f3n de trozos de colores que juegan entre ellos. Una verdadera maravilla que ha inspirado este abanico.<\/p>\n<p>La Casa Batll\u00f3 es uno de los tesoros m\u00e1s valorados de Barcelona, en pleno barrio del Eixample. Visita imprescindible tan si vives en la ciudad como si la visitas como turista.<\/p>\n<p>Su fachada es una obra extraordinaria llena de color y fantas\u00eda que no deja indiferente, sino todo el contrario, invita a entrar a un mundo m\u00e1gico irrepetible.<\/p>\n<p>El abanico de seda es pintado a mano desde el principio hasta el final y se ha montado con madera de peral de exquisita calidad por as\u00ed obtener un producto exclusivo y \u00fanico.<\/p>\n<p>Si os ha gustado este abanico seda natural Casa Batll\u00f3, <a href=\"https:\/\/annaalbert.com\/producto\/ventall-seda-natural-colors-trencadis\/\">aqu\u00ed<\/a> encontrar\u00e9is uno que os encantar\u00e1!<\/p>\n","protected":false},"excerpt":{"rendered":"<p>Abanico de seda y madera de peral.<\/p>\n","protected":false},"featured_media":9169,"comment_status":"closed","ping_status":"closed","template":"","meta":{"_et_pb_use_builder":"","_et_pb_old_content":"","_et_gb_content_width":""},"product_brand":[],"product_cat":[402],"product_tag":[],"class_list":{"0":"post-10755","1":"product","2":"type-product","3":"status-publish","4":"has-post-thumbnail","6":"product_cat-abanicos-es","8":"first","9":"instock","10":"taxable","11":"shipping-taxable","12":"purchasable","13":"product-type-simple"},"yoast_head":"<!-- This site is optimized with the Yoast SEO plugin v27.0 - https:\/\/yoast.com\/product\/yoast-seo-wordpress\/ -->\n<title>Abanico seda natural Casa Batll\u00f3 - Art en Seda<\/title>\n<meta name=\"description\" content=\"Abanico seda natural Casa Batll\u00f3, pintado a mano y montado con madera de peral de exquisita calidad para as\u00ed obtener un producto exclusivo y \u00fanico.\" \/>\n<meta name=\"robots\" content=\"index, follow, max-snippet:-1, max-image-preview:large, max-video-preview:-1\" \/>\n<link rel=\"canonical\" href=\"https:\/\/annaalbert.com\/es\/producto-es\/abanico-seda-natural-casa-batllo\/\" \/>\n<meta property=\"og:locale\" content=\"es_ES\" \/>\n<meta property=\"og:type\" content=\"article\" \/>\n<meta property=\"og:title\" content=\"Abanico seda natural Casa Batll\u00f3 - Art en Seda\" \/>\n<meta property=\"og:description\" content=\"Abanico seda natural Casa Batll\u00f3, pintado a mano y montado con madera de peral de exquisita calidad para as\u00ed obtener un producto exclusivo y \u00fanico.\" \/>\n<meta property=\"og:url\" content=\"https:\/\/annaalbert.com\/es\/producto-es\/abanico-seda-natural-casa-batllo\/\" \/>\n<meta property=\"og:site_name\" content=\"Art en Seda\" \/>\n<meta property=\"article:modified_time\" content=\"2025-10-15T08:48:12+00:00\" \/>\n<meta property=\"og:image\" content=\"https:\/\/annaalbert.com\/wp-content\/uploads\/2020\/11\/ventall-trencadis-casa-batllo-1.jpg\" \/>\n\t<meta property=\"og:image:width\" content=\"800\" \/>\n\t<meta property=\"og:image:height\" content=\"960\" \/>\n\t<meta property=\"og:image:type\" content=\"image\/jpeg\" \/>\n<meta name=\"twitter:card\" content=\"summary_large_image\" \/>\n<meta name=\"twitter:label1\" content=\"Tiempo de lectura\" \/>\n\t<meta name=\"twitter:data1\" content=\"1 minuto\" \/>\n<script type=\"application\/ld+json\" class=\"yoast-schema-graph\">{\"@context\":\"https:\/\/schema.org\",\"@graph\":[{\"@type\":\"WebPage\",\"@id\":\"https:\/\/annaalbert.com\/es\/producto-es\/abanico-seda-natural-casa-batllo\/\",\"url\":\"https:\/\/annaalbert.com\/es\/producto-es\/abanico-seda-natural-casa-batllo\/\",\"name\":\"Abanico seda natural Casa Batll\u00f3 - Art en Seda\",\"isPartOf\":{\"@id\":\"https:\/\/annaalbert.com\/es\/#website\"},\"primaryImageOfPage\":{\"@id\":\"https:\/\/annaalbert.com\/es\/producto-es\/abanico-seda-natural-casa-batllo\/#primaryimage\"},\"image\":{\"@id\":\"https:\/\/annaalbert.com\/es\/producto-es\/abanico-seda-natural-casa-batllo\/#primaryimage\"},\"thumbnailUrl\":\"https:\/\/annaalbert.com\/wp-content\/uploads\/2020\/11\/ventall-trencadis-casa-batllo-1.jpg\",\"datePublished\":\"2020-11-14T17:29:55+00:00\",\"dateModified\":\"2025-10-15T08:48:12+00:00\",\"description\":\"Abanico seda natural Casa Batll\u00f3, pintado a mano y montado con madera de peral de exquisita calidad para as\u00ed obtener un producto exclusivo y \u00fanico.\",\"breadcrumb\":{\"@id\":\"https:\/\/annaalbert.com\/es\/producto-es\/abanico-seda-natural-casa-batllo\/#breadcrumb\"},\"inLanguage\":\"es\",\"potentialAction\":[{\"@type\":\"ReadAction\",\"target\":[\"https:\/\/annaalbert.com\/es\/producto-es\/abanico-seda-natural-casa-batllo\/\"]}]},{\"@type\":\"ImageObject\",\"inLanguage\":\"es\",\"@id\":\"https:\/\/annaalbert.com\/es\/producto-es\/abanico-seda-natural-casa-batllo\/#primaryimage\",\"url\":\"https:\/\/annaalbert.com\/wp-content\/uploads\/2020\/11\/ventall-trencadis-casa-batllo-1.jpg\",\"contentUrl\":\"https:\/\/annaalbert.com\/wp-content\/uploads\/2020\/11\/ventall-trencadis-casa-batllo-1.jpg\",\"width\":800,\"height\":960,\"caption\":\"Ventall seda natural Casa Batll\u00f3\"},{\"@type\":\"BreadcrumbList\",\"@id\":\"https:\/\/annaalbert.com\/es\/producto-es\/abanico-seda-natural-casa-batllo\/#breadcrumb\",\"itemListElement\":[{\"@type\":\"ListItem\",\"position\":1,\"name\":\"Portada\",\"item\":\"https:\/\/annaalbert.com\/es\/\"},{\"@type\":\"ListItem\",\"position\":2,\"name\":\"Tienda\",\"item\":\"https:\/\/annaalbert.com\/tienda\/\"},{\"@type\":\"ListItem\",\"position\":3,\"name\":\"ABANICO SEDA NATURAL CASA BATLL\u00d3\"}]},{\"@type\":\"WebSite\",\"@id\":\"https:\/\/annaalbert.com\/es\/#website\",\"url\":\"https:\/\/annaalbert.com\/es\/\",\"name\":\"Art en Seda\",\"description\":\"Productos de seda pintada a mano, asi como cursos, talleres, experiencias por la artesana Anna Albert\",\"publisher\":{\"@id\":\"https:\/\/annaalbert.com\/es\/#organization\"},\"potentialAction\":[{\"@type\":\"SearchAction\",\"target\":{\"@type\":\"EntryPoint\",\"urlTemplate\":\"https:\/\/annaalbert.com\/es\/?s={search_term_string}\"},\"query-input\":{\"@type\":\"PropertyValueSpecification\",\"valueRequired\":true,\"valueName\":\"search_term_string\"}}],\"inLanguage\":\"es\"},{\"@type\":\"Organization\",\"@id\":\"https:\/\/annaalbert.com\/es\/#organization\",\"name\":\"Art en Seda by Anna Albert\",\"url\":\"https:\/\/annaalbert.com\/es\/\",\"logo\":{\"@type\":\"ImageObject\",\"inLanguage\":\"es\",\"@id\":\"https:\/\/annaalbert.com\/es\/#\/schema\/logo\/image\/\",\"url\":\"https:\/\/annaalbert.com\/wp-content\/uploads\/2021\/01\/horitzontal_fonsblanc-scaled.jpg\",\"contentUrl\":\"https:\/\/annaalbert.com\/wp-content\/uploads\/2021\/01\/horitzontal_fonsblanc-scaled.jpg\",\"width\":2560,\"height\":779,\"caption\":\"Art en Seda by Anna Albert\"},\"image\":{\"@id\":\"https:\/\/annaalbert.com\/es\/#\/schema\/logo\/image\/\"}}]}<\/script>\n<!-- \/ Yoast SEO plugin. -->","yoast_head_json":{"title":"Abanico seda natural Casa Batll\u00f3 - Art en Seda","description":"Abanico seda natural Casa Batll\u00f3, pintado a mano y montado con madera de peral de exquisita calidad para as\u00ed obtener un producto exclusivo y \u00fanico.","robots":{"index":"index","follow":"follow","max-snippet":"max-snippet:-1","max-image-preview":"max-image-preview:large","max-video-preview":"max-video-preview:-1"},"canonical":"https:\/\/annaalbert.com\/es\/producto-es\/abanico-seda-natural-casa-batllo\/","og_locale":"es_ES","og_type":"article","og_title":"Abanico seda natural Casa Batll\u00f3 - Art en Seda","og_description":"Abanico seda natural Casa Batll\u00f3, pintado a mano y montado con madera de peral de exquisita calidad para as\u00ed obtener un producto exclusivo y \u00fanico.","og_url":"https:\/\/annaalbert.com\/es\/producto-es\/abanico-seda-natural-casa-batllo\/","og_site_name":"Art en Seda","article_modified_time":"2025-10-15T08:48:12+00:00","og_image":[{"width":800,"height":960,"url":"https:\/\/annaalbert.com\/wp-content\/uploads\/2020\/11\/ventall-trencadis-casa-batllo-1.jpg","type":"image\/jpeg"}],"twitter_card":"summary_large_image","twitter_misc":{"Tiempo de lectura":"1 minuto"},"schema":{"@context":"https:\/\/schema.org","@graph":[{"@type":"WebPage","@id":"https:\/\/annaalbert.com\/es\/producto-es\/abanico-seda-natural-casa-batllo\/","url":"https:\/\/annaalbert.com\/es\/producto-es\/abanico-seda-natural-casa-batllo\/","name":"Abanico seda natural Casa Batll\u00f3 - Art en Seda","isPartOf":{"@id":"https:\/\/annaalbert.com\/es\/#website"},"primaryImageOfPage":{"@id":"https:\/\/annaalbert.com\/es\/producto-es\/abanico-seda-natural-casa-batllo\/#primaryimage"},"image":{"@id":"https:\/\/annaalbert.com\/es\/producto-es\/abanico-seda-natural-casa-batllo\/#primaryimage"},"thumbnailUrl":"https:\/\/annaalbert.com\/wp-content\/uploads\/2020\/11\/ventall-trencadis-casa-batllo-1.jpg","datePublished":"2020-11-14T17:29:55+00:00","dateModified":"2025-10-15T08:48:12+00:00","description":"Abanico seda natural Casa Batll\u00f3, pintado a mano y montado con madera de peral de exquisita calidad para as\u00ed obtener un producto exclusivo y \u00fanico.","breadcrumb":{"@id":"https:\/\/annaalbert.com\/es\/producto-es\/abanico-seda-natural-casa-batllo\/#breadcrumb"},"inLanguage":"es","potentialAction":[{"@type":"ReadAction","target":["https:\/\/annaalbert.com\/es\/producto-es\/abanico-seda-natural-casa-batllo\/"]}]},{"@type":"ImageObject","inLanguage":"es","@id":"https:\/\/annaalbert.com\/es\/producto-es\/abanico-seda-natural-casa-batllo\/#primaryimage","url":"https:\/\/annaalbert.com\/wp-content\/uploads\/2020\/11\/ventall-trencadis-casa-batllo-1.jpg","contentUrl":"https:\/\/annaalbert.com\/wp-content\/uploads\/2020\/11\/ventall-trencadis-casa-batllo-1.jpg","width":800,"height":960,"caption":"Ventall seda natural Casa Batll\u00f3"},{"@type":"BreadcrumbList","@id":"https:\/\/annaalbert.com\/es\/producto-es\/abanico-seda-natural-casa-batllo\/#breadcrumb","itemListElement":[{"@type":"ListItem","position":1,"name":"Portada","item":"https:\/\/annaalbert.com\/es\/"},{"@type":"ListItem","position":2,"name":"Tienda","item":"https:\/\/annaalbert.com\/tienda\/"},{"@type":"ListItem","position":3,"name":"ABANICO SEDA NATURAL CASA BATLL\u00d3"}]},{"@type":"WebSite","@id":"https:\/\/annaalbert.com\/es\/#website","url":"https:\/\/annaalbert.com\/es\/","name":"Art en Seda","description":"Productos de seda pintada a mano, asi como cursos, talleres, experiencias por la artesana Anna Albert","publisher":{"@id":"https:\/\/annaalbert.com\/es\/#organization"},"potentialAction":[{"@type":"SearchAction","target":{"@type":"EntryPoint","urlTemplate":"https:\/\/annaalbert.com\/es\/?s={search_term_string}"},"query-input":{"@type":"PropertyValueSpecification","valueRequired":true,"valueName":"search_term_string"}}],"inLanguage":"es"},{"@type":"Organization","@id":"https:\/\/annaalbert.com\/es\/#organization","name":"Art en Seda by Anna Albert","url":"https:\/\/annaalbert.com\/es\/","logo":{"@type":"ImageObject","inLanguage":"es","@id":"https:\/\/annaalbert.com\/es\/#\/schema\/logo\/image\/","url":"https:\/\/annaalbert.com\/wp-content\/uploads\/2021\/01\/horitzontal_fonsblanc-scaled.jpg","contentUrl":"https:\/\/annaalbert.com\/wp-content\/uploads\/2021\/01\/horitzontal_fonsblanc-scaled.jpg","width":2560,"height":779,"caption":"Art en Seda by Anna Albert"},"image":{"@id":"https:\/\/annaalbert.com\/es\/#\/schema\/logo\/image\/"}}]}},"_links":{"self":[{"href":"https:\/\/annaalbert.com\/es\/wp-json\/wp\/v2\/product\/10755","targetHints":{"allow":["GET"]}}],"collection":[{"href":"https:\/\/annaalbert.com\/es\/wp-json\/wp\/v2\/product"}],"about":[{"href":"https:\/\/annaalbert.com\/es\/wp-json\/wp\/v2\/types\/product"}],"replies":[{"embeddable":true,"href":"https:\/\/annaalbert.com\/es\/wp-json\/wp\/v2\/comments?post=10755"}],"wp:featuredmedia":[{"embeddable":true,"href":"https:\/\/annaalbert.com\/es\/wp-json\/wp\/v2\/media\/9169"}],"wp:attachment":[{"href":"https:\/\/annaalbert.com\/es\/wp-json\/wp\/v2\/media?parent=10755"}],"wp:term":[{"taxonomy":"product_brand","embeddable":true,"href":"https:\/\/annaalbert.com\/es\/wp-json\/wp\/v2\/product_brand?post=10755"},{"taxonomy":"product_cat","embeddable":true,"href":"https:\/\/annaalbert.com\/es\/wp-json\/wp\/v2\/product_cat?post=10755"},{"taxonomy":"product_tag","embeddable":true,"href":"https:\/\/annaalbert.com\/es\/wp-json\/wp\/v2\/product_tag?post=10755"}],"curies":[{"name":"wp","href":"https:\/\/api.w.org\/{rel}","templated":true}]}}