{"id":10753,"date":"2020-11-24T15:46:09","date_gmt":"2020-11-24T15:46:09","guid":{"rendered":"https:\/\/annaalbert.com\/producto\/pac-joya-panuelo-seda\/"},"modified":"2024-03-27T15:30:32","modified_gmt":"2024-03-27T15:30:32","slug":"pac-joya-panuelo-seda","status":"publish","type":"product","link":"https:\/\/annaalbert.com\/es\/producto-es\/pac-joya-panuelo-seda\/","title":{"rendered":"PAC JOYA Y PA\u00d1UELO DE SEDA"},"content":{"rendered":"<p>El pac joya que ofrecemos es una aut\u00e9ntica obra de arte que combina la belleza de la seda natural con la elegancia de la confecci\u00f3n a mano.<\/p>\n<p>El pa\u00f1uelo es muy vers\u00e1til y puede ser utilizado de varias maneras: como complemento perfecto para realzar tu estilo en una ocasi\u00f3n especial o como pieza cotidiana para dar un toque de elegancia a tus conjuntos.<\/p>\n<p>Este pac joya y pa\u00f1uelo de seda que te propongo tiene su historia. Nace de la colaboraci\u00f3n con el artista Mila Kuzmenko ya hace bastantes a\u00f1os. Dos almas creativas que desde que nos conocimos sentimos que ten\u00edamos que hacer alg\u00fan proyecto conjunto. Yo ten\u00eda capullos de seda de mis gusanos y a ella se le ocurri\u00f3 empezar a experimentar con ellos, pintarlos, tratarlos para endurecerlos y hacer de la seda una joya de plata. As\u00ed que surgieron pendientes, pulseras y agujas&#8230;<\/p>\n<p>La compra de este pac joya no solo te aportar\u00e1 una pieza de alto valor, sino que tambi\u00e9n estar\u00e1s apoyando la artesan\u00eda tradicional y la producci\u00f3n sostenible. Es m\u00e1s, este pa\u00f1uelo es un testigo de la belleza que la seda natural puede ofrecer, y est\u00e1 destinado a convertirse en una pieza que pasar\u00e1 de generaci\u00f3n en generaci\u00f3n. No dejes pasar esta oportunidad de tener una obra de arte a tu alcance y a\u00f1ade este pac joya a tu armario.<\/p>\n<p>Hoy te propongo la aguja roja, la flor. La puedes combinar con la seda del color que quieras de la colecci\u00f3n <span style=\"color: #ff0000;\"><a style=\"color: #ff0000;\" href=\"https:\/\/annaalbert.com\/torrons-fulards-fets-a-ma\/\">Fular turr\u00f3n de seda<\/a><\/span><\/p>\n<p>Para otras joyas con capullos consulta en el correo artenseda@annaalbert.com<\/p>\n<p>&nbsp;<\/p>\n","protected":false},"excerpt":{"rendered":"<p>Aguja de plata con capullo de seda tratado y pintado como si fuera una flor y pa\u00f1uelo de seda de 150&#215;45<\/p>\n","protected":false},"featured_media":9218,"comment_status":"closed","ping_status":"closed","template":"","meta":{"_et_pb_use_builder":"","_et_pb_old_content":"","_et_gb_content_width":""},"product_brand":[],"product_cat":[335],"product_tag":[],"class_list":{"0":"post-10753","1":"product","2":"type-product","3":"status-publish","4":"has-post-thumbnail","6":"product_cat-pacs","8":"first","9":"instock","10":"taxable","11":"shipping-taxable","12":"purchasable","13":"product-type-simple"},"yoast_head":"<!-- This site is optimized with the Yoast SEO plugin v27.4 - https:\/\/yoast.com\/product\/yoast-seo-wordpress\/ -->\n<title>Pac joya y pa\u00f1uelo de seda - Art en Seda<\/title>\n<meta name=\"description\" content=\"Pac joya y pa\u00f1uelo de seda. Joya de plata con capullo de seda y pa\u00f1uelo de seda natural pintado a mano. Pac art\u00edstico y artesano para quien valora la pieza \u00fanica.\" \/>\n<meta name=\"robots\" content=\"index, follow, max-snippet:-1, max-image-preview:large, max-video-preview:-1\" \/>\n<link rel=\"canonical\" href=\"https:\/\/annaalbert.com\/es\/producto-es\/pac-joya-panuelo-seda\/\" \/>\n<meta property=\"og:locale\" content=\"es_ES\" \/>\n<meta property=\"og:type\" content=\"article\" \/>\n<meta property=\"og:title\" content=\"Pac joya y pa\u00f1uelo de seda - Art en Seda\" \/>\n<meta property=\"og:description\" content=\"Pac joya y pa\u00f1uelo de seda. Joya de plata con capullo de seda y pa\u00f1uelo de seda natural pintado a mano. Pac art\u00edstico y artesano para quien valora la pieza \u00fanica.\" \/>\n<meta property=\"og:url\" content=\"https:\/\/annaalbert.com\/es\/producto-es\/pac-joya-panuelo-seda\/\" \/>\n<meta property=\"og:site_name\" content=\"Art en Seda\" \/>\n<meta property=\"article:modified_time\" content=\"2024-03-27T15:30:32+00:00\" \/>\n<meta property=\"og:image\" content=\"https:\/\/annaalbert.com\/wp-content\/uploads\/2020\/11\/Mila-crema-cremadaa.jpg\" \/>\n\t<meta property=\"og:image:width\" content=\"800\" \/>\n\t<meta property=\"og:image:height\" content=\"960\" \/>\n\t<meta property=\"og:image:type\" content=\"image\/jpeg\" \/>\n<meta name=\"twitter:card\" content=\"summary_large_image\" \/>\n<meta name=\"twitter:label1\" content=\"Tiempo de lectura\" \/>\n\t<meta name=\"twitter:data1\" content=\"1 minuto\" \/>\n<script type=\"application\/ld+json\" class=\"yoast-schema-graph\">{\"@context\":\"https:\\\/\\\/schema.org\",\"@graph\":[{\"@type\":\"WebPage\",\"@id\":\"https:\\\/\\\/annaalbert.com\\\/es\\\/producto-es\\\/pac-joya-panuelo-seda\\\/\",\"url\":\"https:\\\/\\\/annaalbert.com\\\/es\\\/producto-es\\\/pac-joya-panuelo-seda\\\/\",\"name\":\"Pac joya y pa\u00f1uelo de seda - Art en Seda\",\"isPartOf\":{\"@id\":\"https:\\\/\\\/annaalbert.com\\\/es\\\/#website\"},\"primaryImageOfPage\":{\"@id\":\"https:\\\/\\\/annaalbert.com\\\/es\\\/producto-es\\\/pac-joya-panuelo-seda\\\/#primaryimage\"},\"image\":{\"@id\":\"https:\\\/\\\/annaalbert.com\\\/es\\\/producto-es\\\/pac-joya-panuelo-seda\\\/#primaryimage\"},\"thumbnailUrl\":\"https:\\\/\\\/annaalbert.com\\\/wp-content\\\/uploads\\\/2020\\\/11\\\/Mila-crema-cremadaa.jpg\",\"datePublished\":\"2020-11-24T15:46:09+00:00\",\"dateModified\":\"2024-03-27T15:30:32+00:00\",\"description\":\"Pac joya y pa\u00f1uelo de seda. Joya de plata con capullo de seda y pa\u00f1uelo de seda natural pintado a mano. Pac art\u00edstico y artesano para quien valora la pieza \u00fanica.\",\"breadcrumb\":{\"@id\":\"https:\\\/\\\/annaalbert.com\\\/es\\\/producto-es\\\/pac-joya-panuelo-seda\\\/#breadcrumb\"},\"inLanguage\":\"es\",\"potentialAction\":[{\"@type\":\"ReadAction\",\"target\":[\"https:\\\/\\\/annaalbert.com\\\/es\\\/producto-es\\\/pac-joya-panuelo-seda\\\/\"]}]},{\"@type\":\"ImageObject\",\"inLanguage\":\"es\",\"@id\":\"https:\\\/\\\/annaalbert.com\\\/es\\\/producto-es\\\/pac-joya-panuelo-seda\\\/#primaryimage\",\"url\":\"https:\\\/\\\/annaalbert.com\\\/wp-content\\\/uploads\\\/2020\\\/11\\\/Mila-crema-cremadaa.jpg\",\"contentUrl\":\"https:\\\/\\\/annaalbert.com\\\/wp-content\\\/uploads\\\/2020\\\/11\\\/Mila-crema-cremadaa.jpg\",\"width\":800,\"height\":960,\"caption\":\"pac joia mocador seda\"},{\"@type\":\"BreadcrumbList\",\"@id\":\"https:\\\/\\\/annaalbert.com\\\/es\\\/producto-es\\\/pac-joya-panuelo-seda\\\/#breadcrumb\",\"itemListElement\":[{\"@type\":\"ListItem\",\"position\":1,\"name\":\"Portada\",\"item\":\"https:\\\/\\\/annaalbert.com\\\/es\\\/\"},{\"@type\":\"ListItem\",\"position\":2,\"name\":\"Tienda\",\"item\":\"https:\\\/\\\/annaalbert.com\\\/tienda\\\/\"},{\"@type\":\"ListItem\",\"position\":3,\"name\":\"PAC JOYA Y PA\u00d1UELO DE SEDA\"}]},{\"@type\":\"WebSite\",\"@id\":\"https:\\\/\\\/annaalbert.com\\\/es\\\/#website\",\"url\":\"https:\\\/\\\/annaalbert.com\\\/es\\\/\",\"name\":\"Art en Seda\",\"description\":\"Productos de seda pintada a mano, asi como cursos, talleres, experiencias por la artesana Anna Albert\",\"publisher\":{\"@id\":\"https:\\\/\\\/annaalbert.com\\\/es\\\/#organization\"},\"potentialAction\":[{\"@type\":\"SearchAction\",\"target\":{\"@type\":\"EntryPoint\",\"urlTemplate\":\"https:\\\/\\\/annaalbert.com\\\/es\\\/?s={search_term_string}\"},\"query-input\":{\"@type\":\"PropertyValueSpecification\",\"valueRequired\":true,\"valueName\":\"search_term_string\"}}],\"inLanguage\":\"es\"},{\"@type\":\"Organization\",\"@id\":\"https:\\\/\\\/annaalbert.com\\\/es\\\/#organization\",\"name\":\"Art en Seda by Anna Albert\",\"url\":\"https:\\\/\\\/annaalbert.com\\\/es\\\/\",\"logo\":{\"@type\":\"ImageObject\",\"inLanguage\":\"es\",\"@id\":\"https:\\\/\\\/annaalbert.com\\\/es\\\/#\\\/schema\\\/logo\\\/image\\\/\",\"url\":\"https:\\\/\\\/annaalbert.com\\\/wp-content\\\/uploads\\\/2021\\\/01\\\/horitzontal_fonsblanc-scaled.jpg\",\"contentUrl\":\"https:\\\/\\\/annaalbert.com\\\/wp-content\\\/uploads\\\/2021\\\/01\\\/horitzontal_fonsblanc-scaled.jpg\",\"width\":2560,\"height\":779,\"caption\":\"Art en Seda by Anna Albert\"},\"image\":{\"@id\":\"https:\\\/\\\/annaalbert.com\\\/es\\\/#\\\/schema\\\/logo\\\/image\\\/\"}}]}<\/script>\n<!-- \/ Yoast SEO plugin. -->","yoast_head_json":{"title":"Pac joya y pa\u00f1uelo de seda - Art en Seda","description":"Pac joya y pa\u00f1uelo de seda. Joya de plata con capullo de seda y pa\u00f1uelo de seda natural pintado a mano. Pac art\u00edstico y artesano para quien valora la pieza \u00fanica.","robots":{"index":"index","follow":"follow","max-snippet":"max-snippet:-1","max-image-preview":"max-image-preview:large","max-video-preview":"max-video-preview:-1"},"canonical":"https:\/\/annaalbert.com\/es\/producto-es\/pac-joya-panuelo-seda\/","og_locale":"es_ES","og_type":"article","og_title":"Pac joya y pa\u00f1uelo de seda - Art en Seda","og_description":"Pac joya y pa\u00f1uelo de seda. Joya de plata con capullo de seda y pa\u00f1uelo de seda natural pintado a mano. Pac art\u00edstico y artesano para quien valora la pieza \u00fanica.","og_url":"https:\/\/annaalbert.com\/es\/producto-es\/pac-joya-panuelo-seda\/","og_site_name":"Art en Seda","article_modified_time":"2024-03-27T15:30:32+00:00","og_image":[{"width":800,"height":960,"url":"https:\/\/annaalbert.com\/wp-content\/uploads\/2020\/11\/Mila-crema-cremadaa.jpg","type":"image\/jpeg"}],"twitter_card":"summary_large_image","twitter_misc":{"Tiempo de lectura":"1 minuto"},"schema":{"@context":"https:\/\/schema.org","@graph":[{"@type":"WebPage","@id":"https:\/\/annaalbert.com\/es\/producto-es\/pac-joya-panuelo-seda\/","url":"https:\/\/annaalbert.com\/es\/producto-es\/pac-joya-panuelo-seda\/","name":"Pac joya y pa\u00f1uelo de seda - Art en Seda","isPartOf":{"@id":"https:\/\/annaalbert.com\/es\/#website"},"primaryImageOfPage":{"@id":"https:\/\/annaalbert.com\/es\/producto-es\/pac-joya-panuelo-seda\/#primaryimage"},"image":{"@id":"https:\/\/annaalbert.com\/es\/producto-es\/pac-joya-panuelo-seda\/#primaryimage"},"thumbnailUrl":"https:\/\/annaalbert.com\/wp-content\/uploads\/2020\/11\/Mila-crema-cremadaa.jpg","datePublished":"2020-11-24T15:46:09+00:00","dateModified":"2024-03-27T15:30:32+00:00","description":"Pac joya y pa\u00f1uelo de seda. Joya de plata con capullo de seda y pa\u00f1uelo de seda natural pintado a mano. Pac art\u00edstico y artesano para quien valora la pieza \u00fanica.","breadcrumb":{"@id":"https:\/\/annaalbert.com\/es\/producto-es\/pac-joya-panuelo-seda\/#breadcrumb"},"inLanguage":"es","potentialAction":[{"@type":"ReadAction","target":["https:\/\/annaalbert.com\/es\/producto-es\/pac-joya-panuelo-seda\/"]}]},{"@type":"ImageObject","inLanguage":"es","@id":"https:\/\/annaalbert.com\/es\/producto-es\/pac-joya-panuelo-seda\/#primaryimage","url":"https:\/\/annaalbert.com\/wp-content\/uploads\/2020\/11\/Mila-crema-cremadaa.jpg","contentUrl":"https:\/\/annaalbert.com\/wp-content\/uploads\/2020\/11\/Mila-crema-cremadaa.jpg","width":800,"height":960,"caption":"pac joia mocador seda"},{"@type":"BreadcrumbList","@id":"https:\/\/annaalbert.com\/es\/producto-es\/pac-joya-panuelo-seda\/#breadcrumb","itemListElement":[{"@type":"ListItem","position":1,"name":"Portada","item":"https:\/\/annaalbert.com\/es\/"},{"@type":"ListItem","position":2,"name":"Tienda","item":"https:\/\/annaalbert.com\/tienda\/"},{"@type":"ListItem","position":3,"name":"PAC JOYA Y PA\u00d1UELO DE SEDA"}]},{"@type":"WebSite","@id":"https:\/\/annaalbert.com\/es\/#website","url":"https:\/\/annaalbert.com\/es\/","name":"Art en Seda","description":"Productos de seda pintada a mano, asi como cursos, talleres, experiencias por la artesana Anna Albert","publisher":{"@id":"https:\/\/annaalbert.com\/es\/#organization"},"potentialAction":[{"@type":"SearchAction","target":{"@type":"EntryPoint","urlTemplate":"https:\/\/annaalbert.com\/es\/?s={search_term_string}"},"query-input":{"@type":"PropertyValueSpecification","valueRequired":true,"valueName":"search_term_string"}}],"inLanguage":"es"},{"@type":"Organization","@id":"https:\/\/annaalbert.com\/es\/#organization","name":"Art en Seda by Anna Albert","url":"https:\/\/annaalbert.com\/es\/","logo":{"@type":"ImageObject","inLanguage":"es","@id":"https:\/\/annaalbert.com\/es\/#\/schema\/logo\/image\/","url":"https:\/\/annaalbert.com\/wp-content\/uploads\/2021\/01\/horitzontal_fonsblanc-scaled.jpg","contentUrl":"https:\/\/annaalbert.com\/wp-content\/uploads\/2021\/01\/horitzontal_fonsblanc-scaled.jpg","width":2560,"height":779,"caption":"Art en Seda by Anna Albert"},"image":{"@id":"https:\/\/annaalbert.com\/es\/#\/schema\/logo\/image\/"}}]}},"_links":{"self":[{"href":"https:\/\/annaalbert.com\/es\/wp-json\/wp\/v2\/product\/10753","targetHints":{"allow":["GET"]}}],"collection":[{"href":"https:\/\/annaalbert.com\/es\/wp-json\/wp\/v2\/product"}],"about":[{"href":"https:\/\/annaalbert.com\/es\/wp-json\/wp\/v2\/types\/product"}],"replies":[{"embeddable":true,"href":"https:\/\/annaalbert.com\/es\/wp-json\/wp\/v2\/comments?post=10753"}],"wp:featuredmedia":[{"embeddable":true,"href":"https:\/\/annaalbert.com\/es\/wp-json\/wp\/v2\/media\/9218"}],"wp:attachment":[{"href":"https:\/\/annaalbert.com\/es\/wp-json\/wp\/v2\/media?parent=10753"}],"wp:term":[{"taxonomy":"product_brand","embeddable":true,"href":"https:\/\/annaalbert.com\/es\/wp-json\/wp\/v2\/product_brand?post=10753"},{"taxonomy":"product_cat","embeddable":true,"href":"https:\/\/annaalbert.com\/es\/wp-json\/wp\/v2\/product_cat?post=10753"},{"taxonomy":"product_tag","embeddable":true,"href":"https:\/\/annaalbert.com\/es\/wp-json\/wp\/v2\/product_tag?post=10753"}],"curies":[{"name":"wp","href":"https:\/\/api.w.org\/{rel}","templated":true}]}}