{"id":10751,"date":"2020-11-28T19:20:31","date_gmt":"2020-11-28T19:20:31","guid":{"rendered":"https:\/\/annaalbert.com\/producto\/chal-seda-natural-hojas-otono\/"},"modified":"2024-03-27T15:19:24","modified_gmt":"2024-03-27T15:19:24","slug":"chal-seda-natural-hojas-otono","status":"publish","type":"product","link":"https:\/\/annaalbert.com\/es\/producto-es\/chal-seda-natural-hojas-otono\/","title":{"rendered":"CHAL DE SEDA NATURAL HOJAS DE OTO\u00d1O"},"content":{"rendered":"<p>Chal de seda natural hojas de oto\u00f1o.<\/p>\n<p>Sab\u00edas que este <strong>chal<\/strong> es el protagonista de la danza que la actriz <span style=\"color: #008000;\"><a style=\"color: #008000;\" href=\"https:\/\/clarasanchezcastro.com\/\"><strong>Clara S\u00e1nchez-Castro<\/strong><\/a><\/span>da vida en plena naturaleza de los bosques de Olot?<\/p>\n<h4 style=\"text-align: left;\"><a href=\"https:\/\/www.youtube.com\/watch?v=l5_nBmCk_OE\"><span style=\"color: #008000;\"> Video de la Danza a la naturaleza<\/span><\/a><\/h4>\n<p>&nbsp;<\/p>\n<p>\u00bfSientes la <strong>m\u00fasica de la danza<\/strong> con el viento?<\/p>\n<p>\u00bfSientes la <strong>caricia suave y c\u00e1lida<\/strong> de la seda en tu cara?<\/p>\n<p>\u00bfSientes la <strong>libertad<\/strong> que te da la natura?<\/p>\n<p>M\u00e1s que un <strong>chal de seda<\/strong>, un mimo a tu esencia de mujer libre y vital.<\/p>\n<p>Este chal de 200x90cm es una pieza \u00fanica pintada a mano y la t\u00e9cnica principal es el <strong>batik<\/strong>, pr\u00e1ctica originaria de Indonesia que utiliza la cera caliente y la parafina como reserva para el color. Despu\u00e9s de un trabajo laborioso nace esta pieza que quiere volar muy alto.<\/p>\n<p>\u00bfT\u00fa tambi\u00e9n quieres volar muy alto? Con este chal de seda natural hojas de oto\u00f1o sentir\u00e1s que tus pies no tocan al suelo.<\/p>\n<p>Si este chal os ha gustado, <a href=\"https:\/\/annaalbert.com\/producto\/fulard-de-seda-personalitzat-modernista\/\">aqu\u00ed<\/a> encontrar\u00e9is una pieza que os encantar\u00e1!<\/p>\n","protected":false},"excerpt":{"rendered":"<p>Chal de seda pong\u00e9 de 200x90cm trabajado con la t\u00e9cnica del Batik creando un estampado de hojas con todos los colores del oto\u00f1o.<\/p>\n","protected":false},"featured_media":9231,"comment_status":"closed","ping_status":"closed","template":"","meta":{"_et_pb_use_builder":"","_et_pb_old_content":"","_et_gb_content_width":""},"product_brand":[],"product_cat":[174],"product_tag":[390,392,388,393,391,394,389],"class_list":{"0":"post-10751","1":"product","2":"type-product","3":"status-publish","4":"has-post-thumbnail","6":"product_cat-fulards","7":"product_tag-chal","8":"product_tag-complemento","9":"product_tag-complemento-de-moda","10":"product_tag-exclusivo","11":"product_tag-fular","12":"product_tag-pieza-unica","13":"product_tag-seda-es","15":"first","16":"instock","17":"taxable","18":"shipping-taxable","19":"purchasable","20":"product-type-simple"},"yoast_head":"<!-- This site is optimized with the Yoast SEO plugin v27.0 - https:\/\/yoast.com\/product\/yoast-seo-wordpress\/ -->\n<title>Chal de seda natural hojas de oto\u00f1o - Art en Seda<\/title>\n<meta name=\"description\" content=\"Chal de seda natural hojas de oto\u00f1o inspirado en la naturaleza de pleno oto\u00f1o cuando las hojas tienen todos los colores tostados y nos hacen sentir bien.\" \/>\n<meta name=\"robots\" content=\"index, follow, max-snippet:-1, max-image-preview:large, max-video-preview:-1\" \/>\n<link rel=\"canonical\" href=\"https:\/\/annaalbert.com\/es\/producto-es\/chal-seda-natural-hojas-otono\/\" \/>\n<meta property=\"og:locale\" content=\"es_ES\" \/>\n<meta property=\"og:type\" content=\"article\" \/>\n<meta property=\"og:title\" content=\"Chal de seda natural hojas de oto\u00f1o - Art en Seda\" \/>\n<meta property=\"og:description\" content=\"Chal de seda natural hojas de oto\u00f1o inspirado en la naturaleza de pleno oto\u00f1o cuando las hojas tienen todos los colores tostados y nos hacen sentir bien.\" \/>\n<meta property=\"og:url\" content=\"https:\/\/annaalbert.com\/es\/producto-es\/chal-seda-natural-hojas-otono\/\" \/>\n<meta property=\"og:site_name\" content=\"Art en Seda\" \/>\n<meta property=\"article:modified_time\" content=\"2024-03-27T15:19:24+00:00\" \/>\n<meta property=\"og:image\" content=\"https:\/\/annaalbert.com\/wp-content\/uploads\/2020\/11\/fulles.jpg\" \/>\n\t<meta property=\"og:image:width\" content=\"800\" \/>\n\t<meta property=\"og:image:height\" content=\"960\" \/>\n\t<meta property=\"og:image:type\" content=\"image\/jpeg\" \/>\n<meta name=\"twitter:card\" content=\"summary_large_image\" \/>\n<meta name=\"twitter:label1\" content=\"Tiempo de lectura\" \/>\n\t<meta name=\"twitter:data1\" content=\"1 minuto\" \/>\n<script type=\"application\/ld+json\" class=\"yoast-schema-graph\">{\"@context\":\"https:\/\/schema.org\",\"@graph\":[{\"@type\":\"WebPage\",\"@id\":\"https:\/\/annaalbert.com\/es\/producto-es\/chal-seda-natural-hojas-otono\/\",\"url\":\"https:\/\/annaalbert.com\/es\/producto-es\/chal-seda-natural-hojas-otono\/\",\"name\":\"Chal de seda natural hojas de oto\u00f1o - Art en Seda\",\"isPartOf\":{\"@id\":\"https:\/\/annaalbert.com\/es\/#website\"},\"primaryImageOfPage\":{\"@id\":\"https:\/\/annaalbert.com\/es\/producto-es\/chal-seda-natural-hojas-otono\/#primaryimage\"},\"image\":{\"@id\":\"https:\/\/annaalbert.com\/es\/producto-es\/chal-seda-natural-hojas-otono\/#primaryimage\"},\"thumbnailUrl\":\"https:\/\/annaalbert.com\/wp-content\/uploads\/2020\/11\/fulles.jpg\",\"datePublished\":\"2020-11-28T19:20:31+00:00\",\"dateModified\":\"2024-03-27T15:19:24+00:00\",\"description\":\"Chal de seda natural hojas de oto\u00f1o inspirado en la naturaleza de pleno oto\u00f1o cuando las hojas tienen todos los colores tostados y nos hacen sentir bien.\",\"breadcrumb\":{\"@id\":\"https:\/\/annaalbert.com\/es\/producto-es\/chal-seda-natural-hojas-otono\/#breadcrumb\"},\"inLanguage\":\"es\",\"potentialAction\":[{\"@type\":\"ReadAction\",\"target\":[\"https:\/\/annaalbert.com\/es\/producto-es\/chal-seda-natural-hojas-otono\/\"]}]},{\"@type\":\"ImageObject\",\"inLanguage\":\"es\",\"@id\":\"https:\/\/annaalbert.com\/es\/producto-es\/chal-seda-natural-hojas-otono\/#primaryimage\",\"url\":\"https:\/\/annaalbert.com\/wp-content\/uploads\/2020\/11\/fulles.jpg\",\"contentUrl\":\"https:\/\/annaalbert.com\/wp-content\/uploads\/2020\/11\/fulles.jpg\",\"width\":800,\"height\":960,\"caption\":\"xal seda natural fulles tardor\"},{\"@type\":\"BreadcrumbList\",\"@id\":\"https:\/\/annaalbert.com\/es\/producto-es\/chal-seda-natural-hojas-otono\/#breadcrumb\",\"itemListElement\":[{\"@type\":\"ListItem\",\"position\":1,\"name\":\"Portada\",\"item\":\"https:\/\/annaalbert.com\/es\/\"},{\"@type\":\"ListItem\",\"position\":2,\"name\":\"Tienda\",\"item\":\"https:\/\/annaalbert.com\/tienda\/\"},{\"@type\":\"ListItem\",\"position\":3,\"name\":\"CHAL DE SEDA NATURAL HOJAS DE OTO\u00d1O\"}]},{\"@type\":\"WebSite\",\"@id\":\"https:\/\/annaalbert.com\/es\/#website\",\"url\":\"https:\/\/annaalbert.com\/es\/\",\"name\":\"Art en Seda\",\"description\":\"Productos de seda pintada a mano, asi como cursos, talleres, experiencias por la artesana Anna Albert\",\"publisher\":{\"@id\":\"https:\/\/annaalbert.com\/es\/#organization\"},\"potentialAction\":[{\"@type\":\"SearchAction\",\"target\":{\"@type\":\"EntryPoint\",\"urlTemplate\":\"https:\/\/annaalbert.com\/es\/?s={search_term_string}\"},\"query-input\":{\"@type\":\"PropertyValueSpecification\",\"valueRequired\":true,\"valueName\":\"search_term_string\"}}],\"inLanguage\":\"es\"},{\"@type\":\"Organization\",\"@id\":\"https:\/\/annaalbert.com\/es\/#organization\",\"name\":\"Art en Seda by Anna Albert\",\"url\":\"https:\/\/annaalbert.com\/es\/\",\"logo\":{\"@type\":\"ImageObject\",\"inLanguage\":\"es\",\"@id\":\"https:\/\/annaalbert.com\/es\/#\/schema\/logo\/image\/\",\"url\":\"https:\/\/annaalbert.com\/wp-content\/uploads\/2021\/01\/horitzontal_fonsblanc-scaled.jpg\",\"contentUrl\":\"https:\/\/annaalbert.com\/wp-content\/uploads\/2021\/01\/horitzontal_fonsblanc-scaled.jpg\",\"width\":2560,\"height\":779,\"caption\":\"Art en Seda by Anna Albert\"},\"image\":{\"@id\":\"https:\/\/annaalbert.com\/es\/#\/schema\/logo\/image\/\"}}]}<\/script>\n<!-- \/ Yoast SEO plugin. -->","yoast_head_json":{"title":"Chal de seda natural hojas de oto\u00f1o - Art en Seda","description":"Chal de seda natural hojas de oto\u00f1o inspirado en la naturaleza de pleno oto\u00f1o cuando las hojas tienen todos los colores tostados y nos hacen sentir bien.","robots":{"index":"index","follow":"follow","max-snippet":"max-snippet:-1","max-image-preview":"max-image-preview:large","max-video-preview":"max-video-preview:-1"},"canonical":"https:\/\/annaalbert.com\/es\/producto-es\/chal-seda-natural-hojas-otono\/","og_locale":"es_ES","og_type":"article","og_title":"Chal de seda natural hojas de oto\u00f1o - Art en Seda","og_description":"Chal de seda natural hojas de oto\u00f1o inspirado en la naturaleza de pleno oto\u00f1o cuando las hojas tienen todos los colores tostados y nos hacen sentir bien.","og_url":"https:\/\/annaalbert.com\/es\/producto-es\/chal-seda-natural-hojas-otono\/","og_site_name":"Art en Seda","article_modified_time":"2024-03-27T15:19:24+00:00","og_image":[{"width":800,"height":960,"url":"https:\/\/annaalbert.com\/wp-content\/uploads\/2020\/11\/fulles.jpg","type":"image\/jpeg"}],"twitter_card":"summary_large_image","twitter_misc":{"Tiempo de lectura":"1 minuto"},"schema":{"@context":"https:\/\/schema.org","@graph":[{"@type":"WebPage","@id":"https:\/\/annaalbert.com\/es\/producto-es\/chal-seda-natural-hojas-otono\/","url":"https:\/\/annaalbert.com\/es\/producto-es\/chal-seda-natural-hojas-otono\/","name":"Chal de seda natural hojas de oto\u00f1o - Art en Seda","isPartOf":{"@id":"https:\/\/annaalbert.com\/es\/#website"},"primaryImageOfPage":{"@id":"https:\/\/annaalbert.com\/es\/producto-es\/chal-seda-natural-hojas-otono\/#primaryimage"},"image":{"@id":"https:\/\/annaalbert.com\/es\/producto-es\/chal-seda-natural-hojas-otono\/#primaryimage"},"thumbnailUrl":"https:\/\/annaalbert.com\/wp-content\/uploads\/2020\/11\/fulles.jpg","datePublished":"2020-11-28T19:20:31+00:00","dateModified":"2024-03-27T15:19:24+00:00","description":"Chal de seda natural hojas de oto\u00f1o inspirado en la naturaleza de pleno oto\u00f1o cuando las hojas tienen todos los colores tostados y nos hacen sentir bien.","breadcrumb":{"@id":"https:\/\/annaalbert.com\/es\/producto-es\/chal-seda-natural-hojas-otono\/#breadcrumb"},"inLanguage":"es","potentialAction":[{"@type":"ReadAction","target":["https:\/\/annaalbert.com\/es\/producto-es\/chal-seda-natural-hojas-otono\/"]}]},{"@type":"ImageObject","inLanguage":"es","@id":"https:\/\/annaalbert.com\/es\/producto-es\/chal-seda-natural-hojas-otono\/#primaryimage","url":"https:\/\/annaalbert.com\/wp-content\/uploads\/2020\/11\/fulles.jpg","contentUrl":"https:\/\/annaalbert.com\/wp-content\/uploads\/2020\/11\/fulles.jpg","width":800,"height":960,"caption":"xal seda natural fulles tardor"},{"@type":"BreadcrumbList","@id":"https:\/\/annaalbert.com\/es\/producto-es\/chal-seda-natural-hojas-otono\/#breadcrumb","itemListElement":[{"@type":"ListItem","position":1,"name":"Portada","item":"https:\/\/annaalbert.com\/es\/"},{"@type":"ListItem","position":2,"name":"Tienda","item":"https:\/\/annaalbert.com\/tienda\/"},{"@type":"ListItem","position":3,"name":"CHAL DE SEDA NATURAL HOJAS DE OTO\u00d1O"}]},{"@type":"WebSite","@id":"https:\/\/annaalbert.com\/es\/#website","url":"https:\/\/annaalbert.com\/es\/","name":"Art en Seda","description":"Productos de seda pintada a mano, asi como cursos, talleres, experiencias por la artesana Anna Albert","publisher":{"@id":"https:\/\/annaalbert.com\/es\/#organization"},"potentialAction":[{"@type":"SearchAction","target":{"@type":"EntryPoint","urlTemplate":"https:\/\/annaalbert.com\/es\/?s={search_term_string}"},"query-input":{"@type":"PropertyValueSpecification","valueRequired":true,"valueName":"search_term_string"}}],"inLanguage":"es"},{"@type":"Organization","@id":"https:\/\/annaalbert.com\/es\/#organization","name":"Art en Seda by Anna Albert","url":"https:\/\/annaalbert.com\/es\/","logo":{"@type":"ImageObject","inLanguage":"es","@id":"https:\/\/annaalbert.com\/es\/#\/schema\/logo\/image\/","url":"https:\/\/annaalbert.com\/wp-content\/uploads\/2021\/01\/horitzontal_fonsblanc-scaled.jpg","contentUrl":"https:\/\/annaalbert.com\/wp-content\/uploads\/2021\/01\/horitzontal_fonsblanc-scaled.jpg","width":2560,"height":779,"caption":"Art en Seda by Anna Albert"},"image":{"@id":"https:\/\/annaalbert.com\/es\/#\/schema\/logo\/image\/"}}]}},"_links":{"self":[{"href":"https:\/\/annaalbert.com\/es\/wp-json\/wp\/v2\/product\/10751","targetHints":{"allow":["GET"]}}],"collection":[{"href":"https:\/\/annaalbert.com\/es\/wp-json\/wp\/v2\/product"}],"about":[{"href":"https:\/\/annaalbert.com\/es\/wp-json\/wp\/v2\/types\/product"}],"replies":[{"embeddable":true,"href":"https:\/\/annaalbert.com\/es\/wp-json\/wp\/v2\/comments?post=10751"}],"wp:featuredmedia":[{"embeddable":true,"href":"https:\/\/annaalbert.com\/es\/wp-json\/wp\/v2\/media\/9231"}],"wp:attachment":[{"href":"https:\/\/annaalbert.com\/es\/wp-json\/wp\/v2\/media?parent=10751"}],"wp:term":[{"taxonomy":"product_brand","embeddable":true,"href":"https:\/\/annaalbert.com\/es\/wp-json\/wp\/v2\/product_brand?post=10751"},{"taxonomy":"product_cat","embeddable":true,"href":"https:\/\/annaalbert.com\/es\/wp-json\/wp\/v2\/product_cat?post=10751"},{"taxonomy":"product_tag","embeddable":true,"href":"https:\/\/annaalbert.com\/es\/wp-json\/wp\/v2\/product_tag?post=10751"}],"curies":[{"name":"wp","href":"https:\/\/api.w.org\/{rel}","templated":true}]}}