{"id":10749,"date":"2021-02-11T16:20:09","date_gmt":"2021-02-11T16:20:09","guid":{"rendered":"https:\/\/annaalbert.com\/producto\/fular-seda-natural-corazones\/"},"modified":"2025-10-17T12:56:32","modified_gmt":"2025-10-17T12:56:32","slug":"fular-seda-natural-corazones","status":"publish","type":"product","link":"https:\/\/annaalbert.com\/es\/producto-es\/fular-seda-natural-corazones\/","title":{"rendered":"FULAR SEDA NATURAL CORAZONES"},"content":{"rendered":"<p>Fular seda natural corazones rojos, ideal para regalar el d\u00eda de San Valent\u00edn. Fular hecho a mano con la m\u00e1s fina seda natural, cada pieza captura la elegancia y la belleza de la naturaleza. Desde su suavidad excepcional hasta sus colores impresionantes, cada detalle est\u00e1 dise\u00f1ado para haceros sentir especial y cautivar todo el mundo a vuestro alrededor.<\/p>\n<p>Tambi\u00e9n ha sido pintado a mano como todo el que encontrar\u00e1s en esta tienda.<\/p>\n<p>Es el complemento perfecto para cualquier conjunto, ya sea casual o formal, pero tambi\u00e9n un regalo con encanto porque te lo regalen el d\u00eda de San Valent\u00edn, o para regal\u00e1rtelo a ti misma o a aquellas personas a qui\u00e9n m\u00e1s aprecies. Vuestra individualidad destacar\u00e1 gracias a los colores vivos y los detalles intrincados de este fular \u00fanico.<\/p>\n<p>Lo he dejado con el fondo blanco de la seda, que as\u00ed contrasta con los corazones rojos de diferentes medidas y reseguidos con un hilo dorado, queda precioso. Una seda fina y transparente que es una caricia por el cuello y el alma. Descubrid el arte de la seda natural y haceros con un fular que habla de vuestra elegancia y buen gusto.<\/p>\n<p>Si os ha gustado el fular seda natural corazones, <a href=\"https:\/\/annaalbert.com\/producto\/xal-seda-natural-fulles-tardor\/\">aqu\u00ed<\/a> encontrar\u00e9is uno que os encantar\u00e1!<\/p>\n","protected":false},"excerpt":{"rendered":"<p>Fular de seda con corazones rojos<\/p>\n<p> Tama\u00f1o de 150&#215;45<\/p>\n","protected":false},"featured_media":12424,"comment_status":"closed","ping_status":"closed","template":"","meta":{"_et_pb_use_builder":"","_et_pb_old_content":"","_et_gb_content_width":""},"product_brand":[],"product_cat":[174],"product_tag":[],"class_list":{"0":"post-10749","1":"product","2":"type-product","3":"status-publish","4":"has-post-thumbnail","6":"product_cat-fulards","8":"first","9":"instock","10":"taxable","11":"shipping-taxable","12":"purchasable","13":"product-type-simple"},"yoast_head":"<!-- This site is optimized with the Yoast SEO plugin v27.0 - https:\/\/yoast.com\/product\/yoast-seo-wordpress\/ -->\n<title>Fular seda natural corazones - Art en Seda<\/title>\n<meta name=\"description\" content=\"Fular seda natural corazones rojos pintado a mano, ideal para regalar el d\u00eda de San Valent\u00edn. Un regalo con encanto para las mejores ocasiones.\" \/>\n<meta name=\"robots\" content=\"index, follow, max-snippet:-1, max-image-preview:large, max-video-preview:-1\" \/>\n<link rel=\"canonical\" href=\"https:\/\/annaalbert.com\/es\/producto-es\/fular-seda-natural-corazones\/\" \/>\n<meta property=\"og:locale\" content=\"es_ES\" \/>\n<meta property=\"og:type\" content=\"article\" \/>\n<meta property=\"og:title\" content=\"Fular seda natural corazones - Art en Seda\" \/>\n<meta property=\"og:description\" content=\"Fular seda natural corazones rojos pintado a mano, ideal para regalar el d\u00eda de San Valent\u00edn. Un regalo con encanto para las mejores ocasiones.\" \/>\n<meta property=\"og:url\" content=\"https:\/\/annaalbert.com\/es\/producto-es\/fular-seda-natural-corazones\/\" \/>\n<meta property=\"og:site_name\" content=\"Art en Seda\" \/>\n<meta property=\"article:modified_time\" content=\"2025-10-17T12:56:32+00:00\" \/>\n<meta property=\"og:image\" content=\"https:\/\/annaalbert.com\/wp-content\/uploads\/2021\/02\/cors-1-2.jpg\" \/>\n\t<meta property=\"og:image:width\" content=\"800\" \/>\n\t<meta property=\"og:image:height\" content=\"960\" \/>\n\t<meta property=\"og:image:type\" content=\"image\/jpeg\" \/>\n<meta name=\"twitter:card\" content=\"summary_large_image\" \/>\n<meta name=\"twitter:label1\" content=\"Tiempo de lectura\" \/>\n\t<meta name=\"twitter:data1\" content=\"1 minuto\" \/>\n<script type=\"application\/ld+json\" class=\"yoast-schema-graph\">{\"@context\":\"https:\/\/schema.org\",\"@graph\":[{\"@type\":\"WebPage\",\"@id\":\"https:\/\/annaalbert.com\/es\/producto-es\/fular-seda-natural-corazones\/\",\"url\":\"https:\/\/annaalbert.com\/es\/producto-es\/fular-seda-natural-corazones\/\",\"name\":\"Fular seda natural corazones - Art en Seda\",\"isPartOf\":{\"@id\":\"https:\/\/annaalbert.com\/es\/#website\"},\"primaryImageOfPage\":{\"@id\":\"https:\/\/annaalbert.com\/es\/producto-es\/fular-seda-natural-corazones\/#primaryimage\"},\"image\":{\"@id\":\"https:\/\/annaalbert.com\/es\/producto-es\/fular-seda-natural-corazones\/#primaryimage\"},\"thumbnailUrl\":\"https:\/\/annaalbert.com\/wp-content\/uploads\/2021\/02\/cors-1-2.jpg\",\"datePublished\":\"2021-02-11T16:20:09+00:00\",\"dateModified\":\"2025-10-17T12:56:32+00:00\",\"description\":\"Fular seda natural corazones rojos pintado a mano, ideal para regalar el d\u00eda de San Valent\u00edn. Un regalo con encanto para las mejores ocasiones.\",\"breadcrumb\":{\"@id\":\"https:\/\/annaalbert.com\/es\/producto-es\/fular-seda-natural-corazones\/#breadcrumb\"},\"inLanguage\":\"es\",\"potentialAction\":[{\"@type\":\"ReadAction\",\"target\":[\"https:\/\/annaalbert.com\/es\/producto-es\/fular-seda-natural-corazones\/\"]}]},{\"@type\":\"ImageObject\",\"inLanguage\":\"es\",\"@id\":\"https:\/\/annaalbert.com\/es\/producto-es\/fular-seda-natural-corazones\/#primaryimage\",\"url\":\"https:\/\/annaalbert.com\/wp-content\/uploads\/2021\/02\/cors-1-2.jpg\",\"contentUrl\":\"https:\/\/annaalbert.com\/wp-content\/uploads\/2021\/02\/cors-1-2.jpg\",\"width\":800,\"height\":960,\"caption\":\"cors\"},{\"@type\":\"BreadcrumbList\",\"@id\":\"https:\/\/annaalbert.com\/es\/producto-es\/fular-seda-natural-corazones\/#breadcrumb\",\"itemListElement\":[{\"@type\":\"ListItem\",\"position\":1,\"name\":\"Portada\",\"item\":\"https:\/\/annaalbert.com\/es\/\"},{\"@type\":\"ListItem\",\"position\":2,\"name\":\"Tienda\",\"item\":\"https:\/\/annaalbert.com\/tienda\/\"},{\"@type\":\"ListItem\",\"position\":3,\"name\":\"FULAR SEDA NATURAL CORAZONES\"}]},{\"@type\":\"WebSite\",\"@id\":\"https:\/\/annaalbert.com\/es\/#website\",\"url\":\"https:\/\/annaalbert.com\/es\/\",\"name\":\"Art en Seda\",\"description\":\"Productos de seda pintada a mano, asi como cursos, talleres, experiencias por la artesana Anna Albert\",\"publisher\":{\"@id\":\"https:\/\/annaalbert.com\/es\/#organization\"},\"potentialAction\":[{\"@type\":\"SearchAction\",\"target\":{\"@type\":\"EntryPoint\",\"urlTemplate\":\"https:\/\/annaalbert.com\/es\/?s={search_term_string}\"},\"query-input\":{\"@type\":\"PropertyValueSpecification\",\"valueRequired\":true,\"valueName\":\"search_term_string\"}}],\"inLanguage\":\"es\"},{\"@type\":\"Organization\",\"@id\":\"https:\/\/annaalbert.com\/es\/#organization\",\"name\":\"Art en Seda by Anna Albert\",\"url\":\"https:\/\/annaalbert.com\/es\/\",\"logo\":{\"@type\":\"ImageObject\",\"inLanguage\":\"es\",\"@id\":\"https:\/\/annaalbert.com\/es\/#\/schema\/logo\/image\/\",\"url\":\"https:\/\/annaalbert.com\/wp-content\/uploads\/2021\/01\/horitzontal_fonsblanc-scaled.jpg\",\"contentUrl\":\"https:\/\/annaalbert.com\/wp-content\/uploads\/2021\/01\/horitzontal_fonsblanc-scaled.jpg\",\"width\":2560,\"height\":779,\"caption\":\"Art en Seda by Anna Albert\"},\"image\":{\"@id\":\"https:\/\/annaalbert.com\/es\/#\/schema\/logo\/image\/\"}}]}<\/script>\n<!-- \/ Yoast SEO plugin. -->","yoast_head_json":{"title":"Fular seda natural corazones - Art en Seda","description":"Fular seda natural corazones rojos pintado a mano, ideal para regalar el d\u00eda de San Valent\u00edn. Un regalo con encanto para las mejores ocasiones.","robots":{"index":"index","follow":"follow","max-snippet":"max-snippet:-1","max-image-preview":"max-image-preview:large","max-video-preview":"max-video-preview:-1"},"canonical":"https:\/\/annaalbert.com\/es\/producto-es\/fular-seda-natural-corazones\/","og_locale":"es_ES","og_type":"article","og_title":"Fular seda natural corazones - Art en Seda","og_description":"Fular seda natural corazones rojos pintado a mano, ideal para regalar el d\u00eda de San Valent\u00edn. Un regalo con encanto para las mejores ocasiones.","og_url":"https:\/\/annaalbert.com\/es\/producto-es\/fular-seda-natural-corazones\/","og_site_name":"Art en Seda","article_modified_time":"2025-10-17T12:56:32+00:00","og_image":[{"width":800,"height":960,"url":"https:\/\/annaalbert.com\/wp-content\/uploads\/2021\/02\/cors-1-2.jpg","type":"image\/jpeg"}],"twitter_card":"summary_large_image","twitter_misc":{"Tiempo de lectura":"1 minuto"},"schema":{"@context":"https:\/\/schema.org","@graph":[{"@type":"WebPage","@id":"https:\/\/annaalbert.com\/es\/producto-es\/fular-seda-natural-corazones\/","url":"https:\/\/annaalbert.com\/es\/producto-es\/fular-seda-natural-corazones\/","name":"Fular seda natural corazones - Art en Seda","isPartOf":{"@id":"https:\/\/annaalbert.com\/es\/#website"},"primaryImageOfPage":{"@id":"https:\/\/annaalbert.com\/es\/producto-es\/fular-seda-natural-corazones\/#primaryimage"},"image":{"@id":"https:\/\/annaalbert.com\/es\/producto-es\/fular-seda-natural-corazones\/#primaryimage"},"thumbnailUrl":"https:\/\/annaalbert.com\/wp-content\/uploads\/2021\/02\/cors-1-2.jpg","datePublished":"2021-02-11T16:20:09+00:00","dateModified":"2025-10-17T12:56:32+00:00","description":"Fular seda natural corazones rojos pintado a mano, ideal para regalar el d\u00eda de San Valent\u00edn. Un regalo con encanto para las mejores ocasiones.","breadcrumb":{"@id":"https:\/\/annaalbert.com\/es\/producto-es\/fular-seda-natural-corazones\/#breadcrumb"},"inLanguage":"es","potentialAction":[{"@type":"ReadAction","target":["https:\/\/annaalbert.com\/es\/producto-es\/fular-seda-natural-corazones\/"]}]},{"@type":"ImageObject","inLanguage":"es","@id":"https:\/\/annaalbert.com\/es\/producto-es\/fular-seda-natural-corazones\/#primaryimage","url":"https:\/\/annaalbert.com\/wp-content\/uploads\/2021\/02\/cors-1-2.jpg","contentUrl":"https:\/\/annaalbert.com\/wp-content\/uploads\/2021\/02\/cors-1-2.jpg","width":800,"height":960,"caption":"cors"},{"@type":"BreadcrumbList","@id":"https:\/\/annaalbert.com\/es\/producto-es\/fular-seda-natural-corazones\/#breadcrumb","itemListElement":[{"@type":"ListItem","position":1,"name":"Portada","item":"https:\/\/annaalbert.com\/es\/"},{"@type":"ListItem","position":2,"name":"Tienda","item":"https:\/\/annaalbert.com\/tienda\/"},{"@type":"ListItem","position":3,"name":"FULAR SEDA NATURAL CORAZONES"}]},{"@type":"WebSite","@id":"https:\/\/annaalbert.com\/es\/#website","url":"https:\/\/annaalbert.com\/es\/","name":"Art en Seda","description":"Productos de seda pintada a mano, asi como cursos, talleres, experiencias por la artesana Anna Albert","publisher":{"@id":"https:\/\/annaalbert.com\/es\/#organization"},"potentialAction":[{"@type":"SearchAction","target":{"@type":"EntryPoint","urlTemplate":"https:\/\/annaalbert.com\/es\/?s={search_term_string}"},"query-input":{"@type":"PropertyValueSpecification","valueRequired":true,"valueName":"search_term_string"}}],"inLanguage":"es"},{"@type":"Organization","@id":"https:\/\/annaalbert.com\/es\/#organization","name":"Art en Seda by Anna Albert","url":"https:\/\/annaalbert.com\/es\/","logo":{"@type":"ImageObject","inLanguage":"es","@id":"https:\/\/annaalbert.com\/es\/#\/schema\/logo\/image\/","url":"https:\/\/annaalbert.com\/wp-content\/uploads\/2021\/01\/horitzontal_fonsblanc-scaled.jpg","contentUrl":"https:\/\/annaalbert.com\/wp-content\/uploads\/2021\/01\/horitzontal_fonsblanc-scaled.jpg","width":2560,"height":779,"caption":"Art en Seda by Anna Albert"},"image":{"@id":"https:\/\/annaalbert.com\/es\/#\/schema\/logo\/image\/"}}]}},"_links":{"self":[{"href":"https:\/\/annaalbert.com\/es\/wp-json\/wp\/v2\/product\/10749","targetHints":{"allow":["GET"]}}],"collection":[{"href":"https:\/\/annaalbert.com\/es\/wp-json\/wp\/v2\/product"}],"about":[{"href":"https:\/\/annaalbert.com\/es\/wp-json\/wp\/v2\/types\/product"}],"replies":[{"embeddable":true,"href":"https:\/\/annaalbert.com\/es\/wp-json\/wp\/v2\/comments?post=10749"}],"wp:featuredmedia":[{"embeddable":true,"href":"https:\/\/annaalbert.com\/es\/wp-json\/wp\/v2\/media\/12424"}],"wp:attachment":[{"href":"https:\/\/annaalbert.com\/es\/wp-json\/wp\/v2\/media?parent=10749"}],"wp:term":[{"taxonomy":"product_brand","embeddable":true,"href":"https:\/\/annaalbert.com\/es\/wp-json\/wp\/v2\/product_brand?post=10749"},{"taxonomy":"product_cat","embeddable":true,"href":"https:\/\/annaalbert.com\/es\/wp-json\/wp\/v2\/product_cat?post=10749"},{"taxonomy":"product_tag","embeddable":true,"href":"https:\/\/annaalbert.com\/es\/wp-json\/wp\/v2\/product_tag?post=10749"}],"curies":[{"name":"wp","href":"https:\/\/api.w.org\/{rel}","templated":true}]}}