{"id":10747,"date":"2021-02-17T07:55:42","date_gmt":"2021-02-17T07:55:42","guid":{"rendered":"https:\/\/annaalbert.com\/producto\/bolso-seda-tela-roja\/"},"modified":"2024-03-27T15:04:51","modified_gmt":"2024-03-27T15:04:51","slug":"bolso-seda-tela-roja","status":"publish","type":"product","link":"https:\/\/annaalbert.com\/es\/producto-es\/bolso-seda-tela-roja\/","title":{"rendered":"BOLSA DE TELA Y SEDA ROJA"},"content":{"rendered":"<p><strong>Bolsa de tela y seda roja pintada y elaborada con otros tejidos<\/strong>. <strong>Todo hecho a mano<\/strong> con un dise\u00f1o original y \u00fanico.<\/p>\n<p>Descubre la elegancia y el lujo de nuestra bolsa de tela y seda roja hecha a mano, una obra de arte de la moda que combina artesan\u00eda exquisita con la natura misma. Cada pieza de este bolso es un testigo del trabajo manual meticuloso y de la calidad suprema de la seda natural.<\/p>\n<p>El asa es para ir cruzada y se puede adaptar seg\u00fan la altura. En este caso la he hecho con la misma ropa de loneta negra del \u00faltimo. El interior viene forrado y lleva un bolsillo doble.<\/p>\n<p>Esta bolsa de tela de color rojo con sedas es una pieza \u00fanica y, por lo tanto, no encontrar\u00e1s ning\u00fan otro.<\/p>\n<p>He utilizado <strong>recortes de sedas<\/strong> y otros <strong>materiales sostenibles<\/strong>. Por lo tanto, adem\u00e1s de su belleza y elegancia, nuestro bolso de seda tambi\u00e9n es un testigo de nuestro compromiso con la sostenibilidad. La utilizaci\u00f3n de seda natural hecha a mano implica un proceso de producci\u00f3n eco-amigable que respeta la naturaleza.<\/p>\n<p>En definitiva, nuestra bolsa de tela y seda roja hecha a mano no es solo un accesorio de moda, sino una obra de arte, un testigo de elegancia y una declaraci\u00f3n de tu conciencia ambiental. Esta pieza de alta calidad es mucho m\u00e1s que una bolsa: es una inversi\u00f3n en tu propia belleza y en la preservaci\u00f3n de la natura. Lleva la seda roja y vive el arte de la moda con nuestro bolso hecho a mano con seda natural.<\/p>\n<p>Si os ha gustado esta bolsa de tela, <a href=\"https:\/\/annaalbert.com\/producto\/bossa-dona-feta-a-ma-original\/\">aqu\u00ed<\/a> encontrar\u00e9is una que os encantar\u00e1!<\/p>\n","protected":false},"excerpt":{"rendered":"<p>Bolso seda tela roja. Bolso sostenible.<\/p>\n","protected":false},"featured_media":12247,"comment_status":"closed","ping_status":"closed","template":"","meta":{"_et_pb_use_builder":"","_et_pb_old_content":"","_et_gb_content_width":""},"product_brand":[],"product_cat":[358],"product_tag":[370,384,382,383],"class_list":{"0":"post-10747","1":"product","2":"type-product","3":"status-publish","4":"has-post-thumbnail","6":"product_cat-bolsos-es-2","7":"product_tag-bolsa-de-diseno","8":"product_tag-bolso-con-sedas-pintadas","9":"product_tag-bolso-de-tela-es-2","10":"product_tag-bolso-pieza-unica","12":"first","13":"outofstock","14":"taxable","15":"shipping-taxable","16":"purchasable","17":"product-type-simple"},"yoast_head":"<!-- This site is optimized with the Yoast SEO plugin v27.0 - https:\/\/yoast.com\/product\/yoast-seo-wordpress\/ -->\n<title>Bolsa de tela y seda roja - Art en Seda<\/title>\n<meta name=\"description\" content=\"Bolsa de tela y seda roja pintada y elaborada con otros tejidos. Todo hecho a mano con un dise\u00f1o original y \u00fanico. Bolso sostenible.\" \/>\n<meta name=\"robots\" content=\"index, follow, max-snippet:-1, max-image-preview:large, max-video-preview:-1\" \/>\n<link rel=\"canonical\" href=\"https:\/\/annaalbert.com\/es\/producto-es\/bolso-seda-tela-roja\/\" \/>\n<meta property=\"og:locale\" content=\"es_ES\" \/>\n<meta property=\"og:type\" content=\"article\" \/>\n<meta property=\"og:title\" content=\"Bolsa de tela y seda roja - Art en Seda\" \/>\n<meta property=\"og:description\" content=\"Bolsa de tela y seda roja pintada y elaborada con otros tejidos. Todo hecho a mano con un dise\u00f1o original y \u00fanico. Bolso sostenible.\" \/>\n<meta property=\"og:url\" content=\"https:\/\/annaalbert.com\/es\/producto-es\/bolso-seda-tela-roja\/\" \/>\n<meta property=\"og:site_name\" content=\"Art en Seda\" \/>\n<meta property=\"article:modified_time\" content=\"2024-03-27T15:04:51+00:00\" \/>\n<meta property=\"og:image\" content=\"https:\/\/annaalbert.com\/wp-content\/uploads\/2021\/02\/bossa-de-disseny-color-vermell-i-sedes.jpg\" \/>\n\t<meta property=\"og:image:width\" content=\"800\" \/>\n\t<meta property=\"og:image:height\" content=\"960\" \/>\n\t<meta property=\"og:image:type\" content=\"image\/jpeg\" \/>\n<meta name=\"twitter:card\" content=\"summary_large_image\" \/>\n<meta name=\"twitter:label1\" content=\"Tiempo de lectura\" \/>\n\t<meta name=\"twitter:data1\" content=\"1 minuto\" \/>\n<script type=\"application\/ld+json\" class=\"yoast-schema-graph\">{\"@context\":\"https:\/\/schema.org\",\"@graph\":[{\"@type\":\"WebPage\",\"@id\":\"https:\/\/annaalbert.com\/es\/producto-es\/bolso-seda-tela-roja\/\",\"url\":\"https:\/\/annaalbert.com\/es\/producto-es\/bolso-seda-tela-roja\/\",\"name\":\"Bolsa de tela y seda roja - Art en Seda\",\"isPartOf\":{\"@id\":\"https:\/\/annaalbert.com\/es\/#website\"},\"primaryImageOfPage\":{\"@id\":\"https:\/\/annaalbert.com\/es\/producto-es\/bolso-seda-tela-roja\/#primaryimage\"},\"image\":{\"@id\":\"https:\/\/annaalbert.com\/es\/producto-es\/bolso-seda-tela-roja\/#primaryimage\"},\"thumbnailUrl\":\"https:\/\/annaalbert.com\/wp-content\/uploads\/2021\/02\/bolso8artenseda.jpg\",\"datePublished\":\"2021-02-17T07:55:42+00:00\",\"dateModified\":\"2024-03-27T15:04:51+00:00\",\"description\":\"Bolsa de tela y seda roja pintada y elaborada con otros tejidos. Todo hecho a mano con un dise\u00f1o original y \u00fanico. Bolso sostenible.\",\"breadcrumb\":{\"@id\":\"https:\/\/annaalbert.com\/es\/producto-es\/bolso-seda-tela-roja\/#breadcrumb\"},\"inLanguage\":\"es\",\"potentialAction\":[{\"@type\":\"ReadAction\",\"target\":[\"https:\/\/annaalbert.com\/es\/producto-es\/bolso-seda-tela-roja\/\"]}]},{\"@type\":\"ImageObject\",\"inLanguage\":\"es\",\"@id\":\"https:\/\/annaalbert.com\/es\/producto-es\/bolso-seda-tela-roja\/#primaryimage\",\"url\":\"https:\/\/annaalbert.com\/wp-content\/uploads\/2021\/02\/bolso8artenseda.jpg\",\"contentUrl\":\"https:\/\/annaalbert.com\/wp-content\/uploads\/2021\/02\/bolso8artenseda.jpg\",\"width\":800,\"height\":960,\"caption\":\"bolso vermell\"},{\"@type\":\"BreadcrumbList\",\"@id\":\"https:\/\/annaalbert.com\/es\/producto-es\/bolso-seda-tela-roja\/#breadcrumb\",\"itemListElement\":[{\"@type\":\"ListItem\",\"position\":1,\"name\":\"Portada\",\"item\":\"https:\/\/annaalbert.com\/es\/\"},{\"@type\":\"ListItem\",\"position\":2,\"name\":\"Tienda\",\"item\":\"https:\/\/annaalbert.com\/tienda\/\"},{\"@type\":\"ListItem\",\"position\":3,\"name\":\"BOLSA DE TELA Y SEDA ROJA\"}]},{\"@type\":\"WebSite\",\"@id\":\"https:\/\/annaalbert.com\/es\/#website\",\"url\":\"https:\/\/annaalbert.com\/es\/\",\"name\":\"Art en Seda\",\"description\":\"Productos de seda pintada a mano, asi como cursos, talleres, experiencias por la artesana Anna Albert\",\"publisher\":{\"@id\":\"https:\/\/annaalbert.com\/es\/#organization\"},\"potentialAction\":[{\"@type\":\"SearchAction\",\"target\":{\"@type\":\"EntryPoint\",\"urlTemplate\":\"https:\/\/annaalbert.com\/es\/?s={search_term_string}\"},\"query-input\":{\"@type\":\"PropertyValueSpecification\",\"valueRequired\":true,\"valueName\":\"search_term_string\"}}],\"inLanguage\":\"es\"},{\"@type\":\"Organization\",\"@id\":\"https:\/\/annaalbert.com\/es\/#organization\",\"name\":\"Art en Seda by Anna Albert\",\"url\":\"https:\/\/annaalbert.com\/es\/\",\"logo\":{\"@type\":\"ImageObject\",\"inLanguage\":\"es\",\"@id\":\"https:\/\/annaalbert.com\/es\/#\/schema\/logo\/image\/\",\"url\":\"https:\/\/annaalbert.com\/wp-content\/uploads\/2021\/01\/horitzontal_fonsblanc-scaled.jpg\",\"contentUrl\":\"https:\/\/annaalbert.com\/wp-content\/uploads\/2021\/01\/horitzontal_fonsblanc-scaled.jpg\",\"width\":2560,\"height\":779,\"caption\":\"Art en Seda by Anna Albert\"},\"image\":{\"@id\":\"https:\/\/annaalbert.com\/es\/#\/schema\/logo\/image\/\"}}]}<\/script>\n<!-- \/ Yoast SEO plugin. -->","yoast_head_json":{"title":"Bolsa de tela y seda roja - Art en Seda","description":"Bolsa de tela y seda roja pintada y elaborada con otros tejidos. Todo hecho a mano con un dise\u00f1o original y \u00fanico. Bolso sostenible.","robots":{"index":"index","follow":"follow","max-snippet":"max-snippet:-1","max-image-preview":"max-image-preview:large","max-video-preview":"max-video-preview:-1"},"canonical":"https:\/\/annaalbert.com\/es\/producto-es\/bolso-seda-tela-roja\/","og_locale":"es_ES","og_type":"article","og_title":"Bolsa de tela y seda roja - Art en Seda","og_description":"Bolsa de tela y seda roja pintada y elaborada con otros tejidos. Todo hecho a mano con un dise\u00f1o original y \u00fanico. Bolso sostenible.","og_url":"https:\/\/annaalbert.com\/es\/producto-es\/bolso-seda-tela-roja\/","og_site_name":"Art en Seda","article_modified_time":"2024-03-27T15:04:51+00:00","og_image":[{"width":800,"height":960,"url":"https:\/\/annaalbert.com\/wp-content\/uploads\/2021\/02\/bossa-de-disseny-color-vermell-i-sedes.jpg","type":"image\/jpeg"}],"twitter_card":"summary_large_image","twitter_misc":{"Tiempo de lectura":"1 minuto"},"schema":{"@context":"https:\/\/schema.org","@graph":[{"@type":"WebPage","@id":"https:\/\/annaalbert.com\/es\/producto-es\/bolso-seda-tela-roja\/","url":"https:\/\/annaalbert.com\/es\/producto-es\/bolso-seda-tela-roja\/","name":"Bolsa de tela y seda roja - Art en Seda","isPartOf":{"@id":"https:\/\/annaalbert.com\/es\/#website"},"primaryImageOfPage":{"@id":"https:\/\/annaalbert.com\/es\/producto-es\/bolso-seda-tela-roja\/#primaryimage"},"image":{"@id":"https:\/\/annaalbert.com\/es\/producto-es\/bolso-seda-tela-roja\/#primaryimage"},"thumbnailUrl":"https:\/\/annaalbert.com\/wp-content\/uploads\/2021\/02\/bolso8artenseda.jpg","datePublished":"2021-02-17T07:55:42+00:00","dateModified":"2024-03-27T15:04:51+00:00","description":"Bolsa de tela y seda roja pintada y elaborada con otros tejidos. Todo hecho a mano con un dise\u00f1o original y \u00fanico. Bolso sostenible.","breadcrumb":{"@id":"https:\/\/annaalbert.com\/es\/producto-es\/bolso-seda-tela-roja\/#breadcrumb"},"inLanguage":"es","potentialAction":[{"@type":"ReadAction","target":["https:\/\/annaalbert.com\/es\/producto-es\/bolso-seda-tela-roja\/"]}]},{"@type":"ImageObject","inLanguage":"es","@id":"https:\/\/annaalbert.com\/es\/producto-es\/bolso-seda-tela-roja\/#primaryimage","url":"https:\/\/annaalbert.com\/wp-content\/uploads\/2021\/02\/bolso8artenseda.jpg","contentUrl":"https:\/\/annaalbert.com\/wp-content\/uploads\/2021\/02\/bolso8artenseda.jpg","width":800,"height":960,"caption":"bolso vermell"},{"@type":"BreadcrumbList","@id":"https:\/\/annaalbert.com\/es\/producto-es\/bolso-seda-tela-roja\/#breadcrumb","itemListElement":[{"@type":"ListItem","position":1,"name":"Portada","item":"https:\/\/annaalbert.com\/es\/"},{"@type":"ListItem","position":2,"name":"Tienda","item":"https:\/\/annaalbert.com\/tienda\/"},{"@type":"ListItem","position":3,"name":"BOLSA DE TELA Y SEDA ROJA"}]},{"@type":"WebSite","@id":"https:\/\/annaalbert.com\/es\/#website","url":"https:\/\/annaalbert.com\/es\/","name":"Art en Seda","description":"Productos de seda pintada a mano, asi como cursos, talleres, experiencias por la artesana Anna Albert","publisher":{"@id":"https:\/\/annaalbert.com\/es\/#organization"},"potentialAction":[{"@type":"SearchAction","target":{"@type":"EntryPoint","urlTemplate":"https:\/\/annaalbert.com\/es\/?s={search_term_string}"},"query-input":{"@type":"PropertyValueSpecification","valueRequired":true,"valueName":"search_term_string"}}],"inLanguage":"es"},{"@type":"Organization","@id":"https:\/\/annaalbert.com\/es\/#organization","name":"Art en Seda by Anna Albert","url":"https:\/\/annaalbert.com\/es\/","logo":{"@type":"ImageObject","inLanguage":"es","@id":"https:\/\/annaalbert.com\/es\/#\/schema\/logo\/image\/","url":"https:\/\/annaalbert.com\/wp-content\/uploads\/2021\/01\/horitzontal_fonsblanc-scaled.jpg","contentUrl":"https:\/\/annaalbert.com\/wp-content\/uploads\/2021\/01\/horitzontal_fonsblanc-scaled.jpg","width":2560,"height":779,"caption":"Art en Seda by Anna Albert"},"image":{"@id":"https:\/\/annaalbert.com\/es\/#\/schema\/logo\/image\/"}}]}},"_links":{"self":[{"href":"https:\/\/annaalbert.com\/es\/wp-json\/wp\/v2\/product\/10747","targetHints":{"allow":["GET"]}}],"collection":[{"href":"https:\/\/annaalbert.com\/es\/wp-json\/wp\/v2\/product"}],"about":[{"href":"https:\/\/annaalbert.com\/es\/wp-json\/wp\/v2\/types\/product"}],"replies":[{"embeddable":true,"href":"https:\/\/annaalbert.com\/es\/wp-json\/wp\/v2\/comments?post=10747"}],"wp:featuredmedia":[{"embeddable":true,"href":"https:\/\/annaalbert.com\/es\/wp-json\/wp\/v2\/media\/12247"}],"wp:attachment":[{"href":"https:\/\/annaalbert.com\/es\/wp-json\/wp\/v2\/media?parent=10747"}],"wp:term":[{"taxonomy":"product_brand","embeddable":true,"href":"https:\/\/annaalbert.com\/es\/wp-json\/wp\/v2\/product_brand?post=10747"},{"taxonomy":"product_cat","embeddable":true,"href":"https:\/\/annaalbert.com\/es\/wp-json\/wp\/v2\/product_cat?post=10747"},{"taxonomy":"product_tag","embeddable":true,"href":"https:\/\/annaalbert.com\/es\/wp-json\/wp\/v2\/product_tag?post=10747"}],"curies":[{"name":"wp","href":"https:\/\/api.w.org\/{rel}","templated":true}]}}