{"id":10743,"date":"2021-02-17T08:02:08","date_gmt":"2021-02-17T08:02:08","guid":{"rendered":"https:\/\/annaalbert.com\/producto\/bolso-mujer-seda-hojas\/"},"modified":"2023-10-17T08:53:18","modified_gmt":"2023-10-17T08:53:18","slug":"bolso-mujer-seda-hojas","status":"publish","type":"product","link":"https:\/\/annaalbert.com\/es\/producto-es\/bolso-mujer-seda-hojas\/","title":{"rendered":"BOLSO MUJER SEDA HOJAS"},"content":{"rendered":"<p>Descubre la verdadera elegancia y artesan\u00eda de nuestro bolso de mujer de seda de hojas hecha a mano. Cada pieza de esta maravilla es una obra de arte \u00fanica, confeccionada con seda natural de alta calidad y creatividad sin l\u00edmites.<\/p>\n<p>La seda, conocida como \u00abla reina de las fibras\u00bb, ofrece una suavidad y una ligereza incomparables, y este bolso no es una excepci\u00f3n. Debido a esto, cada hilo de seda es delicadamente tejido por las manos expertas de artesanos dedicados, que usan las t\u00e9cnicas tradicionales para crear una pieza que perdurar\u00e1 en el tiempo.<\/p>\n<p>El dise\u00f1o de hojas, con sus colores vibrantes y detalles minuciosos, captura la belleza de la natura y la transforma en una obra de arte funcional. Las hojas son s\u00edmbolo de nuevas oportunidades, crecimiento y conexi\u00f3n con la natura, y esta bolsa es una extensi\u00f3n de estos valores.<\/p>\n<p>Bolso estampado de hojas de la naturaleza de fantas\u00eda y con sedas pintadas y otras texturas. Pieza \u00fanica con sus detalles que la hacen diferente y original. El asa es para ir cruzada y se puede adaptar seg\u00fan la altura. En este caso la he hecho con la misma ropa de loneta negra como el detr\u00e1s del bolso.<\/p>\n<p>Adem\u00e1s, el interior viene forrado y leeva un bolsillo doble. Tambi\u00e9n hay dos etiquetas, una interior y una colgada de la cremallera, con un escrito donde certifica que est\u00e1s ante una pieza \u00fanica mimada con todos los detalles por la autora.<\/p>\n<p>Si te ha gustado este bolso mujer seda hojas, <a href=\"https:\/\/annaalbert.com\/es\/producto-es\/bolso-seda-natural-estampado\/\">aqu\u00ed<\/a> encontrar\u00e9is una que os encantar\u00e1!<\/p>\n","protected":false},"excerpt":{"rendered":"<p>Bolso mujer seda hojas.<\/p>\n","protected":false},"featured_media":9374,"comment_status":"closed","ping_status":"closed","template":"","meta":{"_et_pb_use_builder":"","_et_pb_old_content":"","_et_gb_content_width":""},"product_brand":[],"product_cat":[358],"product_tag":[],"class_list":{"0":"post-10743","1":"product","2":"type-product","3":"status-publish","4":"has-post-thumbnail","6":"product_cat-bolsos-es-2","8":"first","9":"outofstock","10":"taxable","11":"shipping-taxable","12":"purchasable","13":"product-type-simple"},"yoast_head":"<!-- This site is optimized with the Yoast SEO plugin v27.0 - https:\/\/yoast.com\/product\/yoast-seo-wordpress\/ -->\n<title>BOLSO MUJER SEDA HOJAS - Art en Seda<\/title>\n<meta name=\"description\" content=\"Bolso mujer seda hojas. Bolso estampado de hojas de la naturaleza de fantas\u00eda y con sedas pintadas y otras texturas. Pieza hecha en Barcelona.\" \/>\n<meta name=\"robots\" content=\"index, follow, max-snippet:-1, max-image-preview:large, max-video-preview:-1\" \/>\n<link rel=\"canonical\" href=\"https:\/\/annaalbert.com\/es\/producto-es\/bolso-mujer-seda-hojas\/\" \/>\n<meta property=\"og:locale\" content=\"es_ES\" \/>\n<meta property=\"og:type\" content=\"article\" \/>\n<meta property=\"og:title\" content=\"BOLSO MUJER SEDA HOJAS - Art en Seda\" \/>\n<meta property=\"og:description\" content=\"Bolso mujer seda hojas. Bolso estampado de hojas de la naturaleza de fantas\u00eda y con sedas pintadas y otras texturas. Pieza hecha en Barcelona.\" \/>\n<meta property=\"og:url\" content=\"https:\/\/annaalbert.com\/es\/producto-es\/bolso-mujer-seda-hojas\/\" \/>\n<meta property=\"og:site_name\" content=\"Art en Seda\" \/>\n<meta property=\"article:modified_time\" content=\"2023-10-17T08:53:18+00:00\" \/>\n<meta property=\"og:image\" content=\"https:\/\/annaalbert.com\/wp-content\/uploads\/2021\/02\/bolso-video.jpg\" \/>\n\t<meta property=\"og:image:width\" content=\"800\" \/>\n\t<meta property=\"og:image:height\" content=\"960\" \/>\n\t<meta property=\"og:image:type\" content=\"image\/jpeg\" \/>\n<meta name=\"twitter:card\" content=\"summary_large_image\" \/>\n<meta name=\"twitter:label1\" content=\"Tiempo de lectura\" \/>\n\t<meta name=\"twitter:data1\" content=\"1 minuto\" \/>\n<script type=\"application\/ld+json\" class=\"yoast-schema-graph\">{\"@context\":\"https:\/\/schema.org\",\"@graph\":[{\"@type\":\"WebPage\",\"@id\":\"https:\/\/annaalbert.com\/es\/producto-es\/bolso-mujer-seda-hojas\/\",\"url\":\"https:\/\/annaalbert.com\/es\/producto-es\/bolso-mujer-seda-hojas\/\",\"name\":\"BOLSO MUJER SEDA HOJAS - Art en Seda\",\"isPartOf\":{\"@id\":\"https:\/\/annaalbert.com\/es\/#website\"},\"primaryImageOfPage\":{\"@id\":\"https:\/\/annaalbert.com\/es\/producto-es\/bolso-mujer-seda-hojas\/#primaryimage\"},\"image\":{\"@id\":\"https:\/\/annaalbert.com\/es\/producto-es\/bolso-mujer-seda-hojas\/#primaryimage\"},\"thumbnailUrl\":\"https:\/\/annaalbert.com\/wp-content\/uploads\/2021\/02\/bolso-video.jpg\",\"datePublished\":\"2021-02-17T08:02:08+00:00\",\"dateModified\":\"2023-10-17T08:53:18+00:00\",\"description\":\"Bolso mujer seda hojas. Bolso estampado de hojas de la naturaleza de fantas\u00eda y con sedas pintadas y otras texturas. Pieza hecha en Barcelona.\",\"breadcrumb\":{\"@id\":\"https:\/\/annaalbert.com\/es\/producto-es\/bolso-mujer-seda-hojas\/#breadcrumb\"},\"inLanguage\":\"es\",\"potentialAction\":[{\"@type\":\"ReadAction\",\"target\":[\"https:\/\/annaalbert.com\/es\/producto-es\/bolso-mujer-seda-hojas\/\"]}]},{\"@type\":\"ImageObject\",\"inLanguage\":\"es\",\"@id\":\"https:\/\/annaalbert.com\/es\/producto-es\/bolso-mujer-seda-hojas\/#primaryimage\",\"url\":\"https:\/\/annaalbert.com\/wp-content\/uploads\/2021\/02\/bolso-video.jpg\",\"contentUrl\":\"https:\/\/annaalbert.com\/wp-content\/uploads\/2021\/02\/bolso-video.jpg\",\"width\":800,\"height\":960,\"caption\":\"bossa dona seda fulles\"},{\"@type\":\"BreadcrumbList\",\"@id\":\"https:\/\/annaalbert.com\/es\/producto-es\/bolso-mujer-seda-hojas\/#breadcrumb\",\"itemListElement\":[{\"@type\":\"ListItem\",\"position\":1,\"name\":\"Portada\",\"item\":\"https:\/\/annaalbert.com\/es\/\"},{\"@type\":\"ListItem\",\"position\":2,\"name\":\"Tienda\",\"item\":\"https:\/\/annaalbert.com\/tienda\/\"},{\"@type\":\"ListItem\",\"position\":3,\"name\":\"BOLSO MUJER SEDA HOJAS\"}]},{\"@type\":\"WebSite\",\"@id\":\"https:\/\/annaalbert.com\/es\/#website\",\"url\":\"https:\/\/annaalbert.com\/es\/\",\"name\":\"Art en Seda\",\"description\":\"Productos de seda pintada a mano, asi como cursos, talleres, experiencias por la artesana Anna Albert\",\"publisher\":{\"@id\":\"https:\/\/annaalbert.com\/es\/#organization\"},\"potentialAction\":[{\"@type\":\"SearchAction\",\"target\":{\"@type\":\"EntryPoint\",\"urlTemplate\":\"https:\/\/annaalbert.com\/es\/?s={search_term_string}\"},\"query-input\":{\"@type\":\"PropertyValueSpecification\",\"valueRequired\":true,\"valueName\":\"search_term_string\"}}],\"inLanguage\":\"es\"},{\"@type\":\"Organization\",\"@id\":\"https:\/\/annaalbert.com\/es\/#organization\",\"name\":\"Art en Seda by Anna Albert\",\"url\":\"https:\/\/annaalbert.com\/es\/\",\"logo\":{\"@type\":\"ImageObject\",\"inLanguage\":\"es\",\"@id\":\"https:\/\/annaalbert.com\/es\/#\/schema\/logo\/image\/\",\"url\":\"https:\/\/annaalbert.com\/wp-content\/uploads\/2021\/01\/horitzontal_fonsblanc-scaled.jpg\",\"contentUrl\":\"https:\/\/annaalbert.com\/wp-content\/uploads\/2021\/01\/horitzontal_fonsblanc-scaled.jpg\",\"width\":2560,\"height\":779,\"caption\":\"Art en Seda by Anna Albert\"},\"image\":{\"@id\":\"https:\/\/annaalbert.com\/es\/#\/schema\/logo\/image\/\"}}]}<\/script>\n<!-- \/ Yoast SEO plugin. -->","yoast_head_json":{"title":"BOLSO MUJER SEDA HOJAS - Art en Seda","description":"Bolso mujer seda hojas. Bolso estampado de hojas de la naturaleza de fantas\u00eda y con sedas pintadas y otras texturas. Pieza hecha en Barcelona.","robots":{"index":"index","follow":"follow","max-snippet":"max-snippet:-1","max-image-preview":"max-image-preview:large","max-video-preview":"max-video-preview:-1"},"canonical":"https:\/\/annaalbert.com\/es\/producto-es\/bolso-mujer-seda-hojas\/","og_locale":"es_ES","og_type":"article","og_title":"BOLSO MUJER SEDA HOJAS - Art en Seda","og_description":"Bolso mujer seda hojas. Bolso estampado de hojas de la naturaleza de fantas\u00eda y con sedas pintadas y otras texturas. Pieza hecha en Barcelona.","og_url":"https:\/\/annaalbert.com\/es\/producto-es\/bolso-mujer-seda-hojas\/","og_site_name":"Art en Seda","article_modified_time":"2023-10-17T08:53:18+00:00","og_image":[{"width":800,"height":960,"url":"https:\/\/annaalbert.com\/wp-content\/uploads\/2021\/02\/bolso-video.jpg","type":"image\/jpeg"}],"twitter_card":"summary_large_image","twitter_misc":{"Tiempo de lectura":"1 minuto"},"schema":{"@context":"https:\/\/schema.org","@graph":[{"@type":"WebPage","@id":"https:\/\/annaalbert.com\/es\/producto-es\/bolso-mujer-seda-hojas\/","url":"https:\/\/annaalbert.com\/es\/producto-es\/bolso-mujer-seda-hojas\/","name":"BOLSO MUJER SEDA HOJAS - Art en Seda","isPartOf":{"@id":"https:\/\/annaalbert.com\/es\/#website"},"primaryImageOfPage":{"@id":"https:\/\/annaalbert.com\/es\/producto-es\/bolso-mujer-seda-hojas\/#primaryimage"},"image":{"@id":"https:\/\/annaalbert.com\/es\/producto-es\/bolso-mujer-seda-hojas\/#primaryimage"},"thumbnailUrl":"https:\/\/annaalbert.com\/wp-content\/uploads\/2021\/02\/bolso-video.jpg","datePublished":"2021-02-17T08:02:08+00:00","dateModified":"2023-10-17T08:53:18+00:00","description":"Bolso mujer seda hojas. Bolso estampado de hojas de la naturaleza de fantas\u00eda y con sedas pintadas y otras texturas. Pieza hecha en Barcelona.","breadcrumb":{"@id":"https:\/\/annaalbert.com\/es\/producto-es\/bolso-mujer-seda-hojas\/#breadcrumb"},"inLanguage":"es","potentialAction":[{"@type":"ReadAction","target":["https:\/\/annaalbert.com\/es\/producto-es\/bolso-mujer-seda-hojas\/"]}]},{"@type":"ImageObject","inLanguage":"es","@id":"https:\/\/annaalbert.com\/es\/producto-es\/bolso-mujer-seda-hojas\/#primaryimage","url":"https:\/\/annaalbert.com\/wp-content\/uploads\/2021\/02\/bolso-video.jpg","contentUrl":"https:\/\/annaalbert.com\/wp-content\/uploads\/2021\/02\/bolso-video.jpg","width":800,"height":960,"caption":"bossa dona seda fulles"},{"@type":"BreadcrumbList","@id":"https:\/\/annaalbert.com\/es\/producto-es\/bolso-mujer-seda-hojas\/#breadcrumb","itemListElement":[{"@type":"ListItem","position":1,"name":"Portada","item":"https:\/\/annaalbert.com\/es\/"},{"@type":"ListItem","position":2,"name":"Tienda","item":"https:\/\/annaalbert.com\/tienda\/"},{"@type":"ListItem","position":3,"name":"BOLSO MUJER SEDA HOJAS"}]},{"@type":"WebSite","@id":"https:\/\/annaalbert.com\/es\/#website","url":"https:\/\/annaalbert.com\/es\/","name":"Art en Seda","description":"Productos de seda pintada a mano, asi como cursos, talleres, experiencias por la artesana Anna Albert","publisher":{"@id":"https:\/\/annaalbert.com\/es\/#organization"},"potentialAction":[{"@type":"SearchAction","target":{"@type":"EntryPoint","urlTemplate":"https:\/\/annaalbert.com\/es\/?s={search_term_string}"},"query-input":{"@type":"PropertyValueSpecification","valueRequired":true,"valueName":"search_term_string"}}],"inLanguage":"es"},{"@type":"Organization","@id":"https:\/\/annaalbert.com\/es\/#organization","name":"Art en Seda by Anna Albert","url":"https:\/\/annaalbert.com\/es\/","logo":{"@type":"ImageObject","inLanguage":"es","@id":"https:\/\/annaalbert.com\/es\/#\/schema\/logo\/image\/","url":"https:\/\/annaalbert.com\/wp-content\/uploads\/2021\/01\/horitzontal_fonsblanc-scaled.jpg","contentUrl":"https:\/\/annaalbert.com\/wp-content\/uploads\/2021\/01\/horitzontal_fonsblanc-scaled.jpg","width":2560,"height":779,"caption":"Art en Seda by Anna Albert"},"image":{"@id":"https:\/\/annaalbert.com\/es\/#\/schema\/logo\/image\/"}}]}},"_links":{"self":[{"href":"https:\/\/annaalbert.com\/es\/wp-json\/wp\/v2\/product\/10743","targetHints":{"allow":["GET"]}}],"collection":[{"href":"https:\/\/annaalbert.com\/es\/wp-json\/wp\/v2\/product"}],"about":[{"href":"https:\/\/annaalbert.com\/es\/wp-json\/wp\/v2\/types\/product"}],"replies":[{"embeddable":true,"href":"https:\/\/annaalbert.com\/es\/wp-json\/wp\/v2\/comments?post=10743"}],"wp:featuredmedia":[{"embeddable":true,"href":"https:\/\/annaalbert.com\/es\/wp-json\/wp\/v2\/media\/9374"}],"wp:attachment":[{"href":"https:\/\/annaalbert.com\/es\/wp-json\/wp\/v2\/media?parent=10743"}],"wp:term":[{"taxonomy":"product_brand","embeddable":true,"href":"https:\/\/annaalbert.com\/es\/wp-json\/wp\/v2\/product_brand?post=10743"},{"taxonomy":"product_cat","embeddable":true,"href":"https:\/\/annaalbert.com\/es\/wp-json\/wp\/v2\/product_cat?post=10743"},{"taxonomy":"product_tag","embeddable":true,"href":"https:\/\/annaalbert.com\/es\/wp-json\/wp\/v2\/product_tag?post=10743"}],"curies":[{"name":"wp","href":"https:\/\/api.w.org\/{rel}","templated":true}]}}