{"id":10741,"date":"2021-02-17T08:04:44","date_gmt":"2021-02-17T08:04:44","guid":{"rendered":"https:\/\/annaalbert.com\/producto\/bolso-de-diseno-de-tela-estampado\/"},"modified":"2021-02-17T08:04:44","modified_gmt":"2021-02-17T08:04:44","slug":"bolso-de-diseno-de-tela-estampado-de-fantasia","status":"publish","type":"product","link":"https:\/\/annaalbert.com\/es\/producto-es\/bolso-de-diseno-de-tela-estampado-de-fantasia\/","title":{"rendered":"BOLSO DE DISE\u00d1O DE TELA ESTAMPADO"},"content":{"rendered":"<h1><strong>Bolso de dise\u00f1o de tela estampado<\/strong> de fantas\u00eda con sedas pintadas a mano y otros tejidos. 60 Primaveras<\/h1>\n<p><strong>Bolso de dise\u00f1o de tela estampado<\/strong> de fantas\u00eda con sedas pintadas a mano y otros tejidos. 60 Primaveras<\/p>\n<p>El dise\u00f1o que he hecho parece el n\u00famero 60 de forma que puede ser un bonito <strong>regalo de cumplea\u00f1os por los 60 a\u00f1os<\/strong>. Es un 60 a la inversa o incluso, un 66. <strong>Pieza \u00fanica<\/strong> con sus detalles que la hacen diferente y original. La asa es para ir cruzada y se puede adaptar seg\u00fan la altura. En este caso la he hecho con la misma ropa de loneta negra como el detr\u00e1s del bolso. El interior viene forrado y lleva un bolsillo doble.<\/p>\n<p>Este bolso de dise\u00f1o de tela estampada lleva dos etiquetas, una interior y una colgada de la cremallera con un escrito donde certifica que est\u00e1s ante una pieza \u00fanica mimada con todos los detalles por la autora.<\/p>\n<p>Para hacer este bolso he tenido en cuenta el <strong>aprovechamiento de recortes<\/strong> que genero cuando pinto sedas de diferentes texturas y lanas de diferentes colores. Es una colecci\u00f3n que naci\u00f3 para no crear desechos y es ideal para una mujer que se identifica con los valores de <strong>sostenibilidad y el reciclaje<\/strong>.<\/p>\n<p>Este bolso no necesita una cura muy especial a pesar de que lleve sedas pintadas a mano. Lo puedes lavar a m\u00e1quina y tambi\u00e9n a mano. Mejor con agua fr\u00eda. Como toda tu ropa, si la lavas con cuidado, le alargas la vida y te lo agradece. Yo siempre digo que cuides de tu bolso como cuidas de ti, con mimo y aprecio. Si lo haces as\u00ed, no dudes que te lo agradecer\u00e1.<\/p>\n<p>Si quieres ver otra opci\u00f3n de bolsa con el n\u00famero 60 clica <a href=\"https:\/\/annaalbert.com\/es\/producto-es\/bolso-mujer-seda-tejana\/\"><strong>aqu\u00ed<\/strong><\/a><\/p>\n","protected":false},"excerpt":{"rendered":"<p>Bolso de dise\u00f1o de tela estampado de fantas\u00eda con sedas pintadas a mano y otros tejidos. 60 Primaveras Bolso de dise\u00f1o de tela estampado de fantas\u00eda con sedas pintadas a mano y otros tejidos. 60 Primaveras El dise\u00f1o que he hecho parece el n\u00famero 60 de forma que puede ser un bonito regalo de cumplea\u00f1os [&hellip;]<\/p>\n","protected":false},"featured_media":9666,"comment_status":"closed","ping_status":"closed","template":"","meta":{"_et_pb_use_builder":"","_et_pb_old_content":"","_et_gb_content_width":""},"product_brand":[],"product_cat":[358],"product_tag":[],"class_list":{"0":"post-10741","1":"product","2":"type-product","3":"status-publish","4":"has-post-thumbnail","6":"product_cat-bolsos-es-2","8":"first","9":"outofstock","10":"taxable","11":"shipping-taxable","12":"purchasable","13":"product-type-simple"},"yoast_head":"<!-- This site is optimized with the Yoast SEO plugin v27.0 - https:\/\/yoast.com\/product\/yoast-seo-wordpress\/ -->\n<title>Bolso de dise\u00f1o de tela estampado - Art en Seda<\/title>\n<meta name=\"description\" content=\"Bolso de dise\u00f1o de tela estampado de fantas\u00eda con sedas y otros tejidos ideal para un cumplea\u00f1os de 60 a\u00f1os. Pieza \u00fanica y original\" \/>\n<meta name=\"robots\" content=\"index, follow, max-snippet:-1, max-image-preview:large, max-video-preview:-1\" \/>\n<link rel=\"canonical\" href=\"https:\/\/annaalbert.com\/es\/producto-es\/bolso-de-diseno-de-tela-estampado-de-fantasia\/\" \/>\n<meta property=\"og:locale\" content=\"es_ES\" \/>\n<meta property=\"og:type\" content=\"article\" \/>\n<meta property=\"og:title\" content=\"Bolso de dise\u00f1o de tela estampado - Art en Seda\" \/>\n<meta property=\"og:description\" content=\"Bolso de dise\u00f1o de tela estampado de fantas\u00eda con sedas y otros tejidos ideal para un cumplea\u00f1os de 60 a\u00f1os. Pieza \u00fanica y original\" \/>\n<meta property=\"og:url\" content=\"https:\/\/annaalbert.com\/es\/producto-es\/bolso-de-diseno-de-tela-estampado-de-fantasia\/\" \/>\n<meta property=\"og:site_name\" content=\"Art en Seda\" \/>\n<meta property=\"og:image\" content=\"https:\/\/annaalbert.com\/wp-content\/uploads\/2021\/02\/bossa-de-disseny-fantasia-anna-albert.jpg\" \/>\n\t<meta property=\"og:image:width\" content=\"800\" \/>\n\t<meta property=\"og:image:height\" content=\"960\" \/>\n\t<meta property=\"og:image:type\" content=\"image\/jpeg\" \/>\n<meta name=\"twitter:card\" content=\"summary_large_image\" \/>\n<meta name=\"twitter:label1\" content=\"Tiempo de lectura\" \/>\n\t<meta name=\"twitter:data1\" content=\"2 minutos\" \/>\n<script type=\"application\/ld+json\" class=\"yoast-schema-graph\">{\"@context\":\"https:\/\/schema.org\",\"@graph\":[{\"@type\":\"WebPage\",\"@id\":\"https:\/\/annaalbert.com\/es\/producto-es\/bolso-de-diseno-de-tela-estampado-de-fantasia\/\",\"url\":\"https:\/\/annaalbert.com\/es\/producto-es\/bolso-de-diseno-de-tela-estampado-de-fantasia\/\",\"name\":\"Bolso de dise\u00f1o de tela estampado - Art en Seda\",\"isPartOf\":{\"@id\":\"https:\/\/annaalbert.com\/es\/#website\"},\"primaryImageOfPage\":{\"@id\":\"https:\/\/annaalbert.com\/es\/producto-es\/bolso-de-diseno-de-tela-estampado-de-fantasia\/#primaryimage\"},\"image\":{\"@id\":\"https:\/\/annaalbert.com\/es\/producto-es\/bolso-de-diseno-de-tela-estampado-de-fantasia\/#primaryimage\"},\"thumbnailUrl\":\"https:\/\/annaalbert.com\/wp-content\/uploads\/2021\/02\/bossa-de-disseny-fantasia-anna-albert.jpg\",\"datePublished\":\"2021-02-17T08:04:44+00:00\",\"description\":\"Bolso de dise\u00f1o de tela estampado de fantas\u00eda con sedas y otros tejidos ideal para un cumplea\u00f1os de 60 a\u00f1os. Pieza \u00fanica y original\",\"breadcrumb\":{\"@id\":\"https:\/\/annaalbert.com\/es\/producto-es\/bolso-de-diseno-de-tela-estampado-de-fantasia\/#breadcrumb\"},\"inLanguage\":\"es\",\"potentialAction\":[{\"@type\":\"ReadAction\",\"target\":[\"https:\/\/annaalbert.com\/es\/producto-es\/bolso-de-diseno-de-tela-estampado-de-fantasia\/\"]}]},{\"@type\":\"ImageObject\",\"inLanguage\":\"es\",\"@id\":\"https:\/\/annaalbert.com\/es\/producto-es\/bolso-de-diseno-de-tela-estampado-de-fantasia\/#primaryimage\",\"url\":\"https:\/\/annaalbert.com\/wp-content\/uploads\/2021\/02\/bossa-de-disseny-fantasia-anna-albert.jpg\",\"contentUrl\":\"https:\/\/annaalbert.com\/wp-content\/uploads\/2021\/02\/bossa-de-disseny-fantasia-anna-albert.jpg\",\"width\":800,\"height\":960},{\"@type\":\"BreadcrumbList\",\"@id\":\"https:\/\/annaalbert.com\/es\/producto-es\/bolso-de-diseno-de-tela-estampado-de-fantasia\/#breadcrumb\",\"itemListElement\":[{\"@type\":\"ListItem\",\"position\":1,\"name\":\"Portada\",\"item\":\"https:\/\/annaalbert.com\/es\/\"},{\"@type\":\"ListItem\",\"position\":2,\"name\":\"Tienda\",\"item\":\"https:\/\/annaalbert.com\/tienda\/\"},{\"@type\":\"ListItem\",\"position\":3,\"name\":\"BOLSO DE DISE\u00d1O DE TELA ESTAMPADO\"}]},{\"@type\":\"WebSite\",\"@id\":\"https:\/\/annaalbert.com\/es\/#website\",\"url\":\"https:\/\/annaalbert.com\/es\/\",\"name\":\"Art en Seda\",\"description\":\"Productos de seda pintada a mano, asi como cursos, talleres, experiencias por la artesana Anna Albert\",\"publisher\":{\"@id\":\"https:\/\/annaalbert.com\/es\/#organization\"},\"potentialAction\":[{\"@type\":\"SearchAction\",\"target\":{\"@type\":\"EntryPoint\",\"urlTemplate\":\"https:\/\/annaalbert.com\/es\/?s={search_term_string}\"},\"query-input\":{\"@type\":\"PropertyValueSpecification\",\"valueRequired\":true,\"valueName\":\"search_term_string\"}}],\"inLanguage\":\"es\"},{\"@type\":\"Organization\",\"@id\":\"https:\/\/annaalbert.com\/es\/#organization\",\"name\":\"Art en Seda by Anna Albert\",\"url\":\"https:\/\/annaalbert.com\/es\/\",\"logo\":{\"@type\":\"ImageObject\",\"inLanguage\":\"es\",\"@id\":\"https:\/\/annaalbert.com\/es\/#\/schema\/logo\/image\/\",\"url\":\"https:\/\/annaalbert.com\/wp-content\/uploads\/2021\/01\/horitzontal_fonsblanc-scaled.jpg\",\"contentUrl\":\"https:\/\/annaalbert.com\/wp-content\/uploads\/2021\/01\/horitzontal_fonsblanc-scaled.jpg\",\"width\":2560,\"height\":779,\"caption\":\"Art en Seda by Anna Albert\"},\"image\":{\"@id\":\"https:\/\/annaalbert.com\/es\/#\/schema\/logo\/image\/\"}}]}<\/script>\n<!-- \/ Yoast SEO plugin. -->","yoast_head_json":{"title":"Bolso de dise\u00f1o de tela estampado - Art en Seda","description":"Bolso de dise\u00f1o de tela estampado de fantas\u00eda con sedas y otros tejidos ideal para un cumplea\u00f1os de 60 a\u00f1os. Pieza \u00fanica y original","robots":{"index":"index","follow":"follow","max-snippet":"max-snippet:-1","max-image-preview":"max-image-preview:large","max-video-preview":"max-video-preview:-1"},"canonical":"https:\/\/annaalbert.com\/es\/producto-es\/bolso-de-diseno-de-tela-estampado-de-fantasia\/","og_locale":"es_ES","og_type":"article","og_title":"Bolso de dise\u00f1o de tela estampado - Art en Seda","og_description":"Bolso de dise\u00f1o de tela estampado de fantas\u00eda con sedas y otros tejidos ideal para un cumplea\u00f1os de 60 a\u00f1os. Pieza \u00fanica y original","og_url":"https:\/\/annaalbert.com\/es\/producto-es\/bolso-de-diseno-de-tela-estampado-de-fantasia\/","og_site_name":"Art en Seda","og_image":[{"width":800,"height":960,"url":"https:\/\/annaalbert.com\/wp-content\/uploads\/2021\/02\/bossa-de-disseny-fantasia-anna-albert.jpg","type":"image\/jpeg"}],"twitter_card":"summary_large_image","twitter_misc":{"Tiempo de lectura":"2 minutos"},"schema":{"@context":"https:\/\/schema.org","@graph":[{"@type":"WebPage","@id":"https:\/\/annaalbert.com\/es\/producto-es\/bolso-de-diseno-de-tela-estampado-de-fantasia\/","url":"https:\/\/annaalbert.com\/es\/producto-es\/bolso-de-diseno-de-tela-estampado-de-fantasia\/","name":"Bolso de dise\u00f1o de tela estampado - Art en Seda","isPartOf":{"@id":"https:\/\/annaalbert.com\/es\/#website"},"primaryImageOfPage":{"@id":"https:\/\/annaalbert.com\/es\/producto-es\/bolso-de-diseno-de-tela-estampado-de-fantasia\/#primaryimage"},"image":{"@id":"https:\/\/annaalbert.com\/es\/producto-es\/bolso-de-diseno-de-tela-estampado-de-fantasia\/#primaryimage"},"thumbnailUrl":"https:\/\/annaalbert.com\/wp-content\/uploads\/2021\/02\/bossa-de-disseny-fantasia-anna-albert.jpg","datePublished":"2021-02-17T08:04:44+00:00","description":"Bolso de dise\u00f1o de tela estampado de fantas\u00eda con sedas y otros tejidos ideal para un cumplea\u00f1os de 60 a\u00f1os. Pieza \u00fanica y original","breadcrumb":{"@id":"https:\/\/annaalbert.com\/es\/producto-es\/bolso-de-diseno-de-tela-estampado-de-fantasia\/#breadcrumb"},"inLanguage":"es","potentialAction":[{"@type":"ReadAction","target":["https:\/\/annaalbert.com\/es\/producto-es\/bolso-de-diseno-de-tela-estampado-de-fantasia\/"]}]},{"@type":"ImageObject","inLanguage":"es","@id":"https:\/\/annaalbert.com\/es\/producto-es\/bolso-de-diseno-de-tela-estampado-de-fantasia\/#primaryimage","url":"https:\/\/annaalbert.com\/wp-content\/uploads\/2021\/02\/bossa-de-disseny-fantasia-anna-albert.jpg","contentUrl":"https:\/\/annaalbert.com\/wp-content\/uploads\/2021\/02\/bossa-de-disseny-fantasia-anna-albert.jpg","width":800,"height":960},{"@type":"BreadcrumbList","@id":"https:\/\/annaalbert.com\/es\/producto-es\/bolso-de-diseno-de-tela-estampado-de-fantasia\/#breadcrumb","itemListElement":[{"@type":"ListItem","position":1,"name":"Portada","item":"https:\/\/annaalbert.com\/es\/"},{"@type":"ListItem","position":2,"name":"Tienda","item":"https:\/\/annaalbert.com\/tienda\/"},{"@type":"ListItem","position":3,"name":"BOLSO DE DISE\u00d1O DE TELA ESTAMPADO"}]},{"@type":"WebSite","@id":"https:\/\/annaalbert.com\/es\/#website","url":"https:\/\/annaalbert.com\/es\/","name":"Art en Seda","description":"Productos de seda pintada a mano, asi como cursos, talleres, experiencias por la artesana Anna Albert","publisher":{"@id":"https:\/\/annaalbert.com\/es\/#organization"},"potentialAction":[{"@type":"SearchAction","target":{"@type":"EntryPoint","urlTemplate":"https:\/\/annaalbert.com\/es\/?s={search_term_string}"},"query-input":{"@type":"PropertyValueSpecification","valueRequired":true,"valueName":"search_term_string"}}],"inLanguage":"es"},{"@type":"Organization","@id":"https:\/\/annaalbert.com\/es\/#organization","name":"Art en Seda by Anna Albert","url":"https:\/\/annaalbert.com\/es\/","logo":{"@type":"ImageObject","inLanguage":"es","@id":"https:\/\/annaalbert.com\/es\/#\/schema\/logo\/image\/","url":"https:\/\/annaalbert.com\/wp-content\/uploads\/2021\/01\/horitzontal_fonsblanc-scaled.jpg","contentUrl":"https:\/\/annaalbert.com\/wp-content\/uploads\/2021\/01\/horitzontal_fonsblanc-scaled.jpg","width":2560,"height":779,"caption":"Art en Seda by Anna Albert"},"image":{"@id":"https:\/\/annaalbert.com\/es\/#\/schema\/logo\/image\/"}}]}},"_links":{"self":[{"href":"https:\/\/annaalbert.com\/es\/wp-json\/wp\/v2\/product\/10741","targetHints":{"allow":["GET"]}}],"collection":[{"href":"https:\/\/annaalbert.com\/es\/wp-json\/wp\/v2\/product"}],"about":[{"href":"https:\/\/annaalbert.com\/es\/wp-json\/wp\/v2\/types\/product"}],"replies":[{"embeddable":true,"href":"https:\/\/annaalbert.com\/es\/wp-json\/wp\/v2\/comments?post=10741"}],"wp:featuredmedia":[{"embeddable":true,"href":"https:\/\/annaalbert.com\/es\/wp-json\/wp\/v2\/media\/9666"}],"wp:attachment":[{"href":"https:\/\/annaalbert.com\/es\/wp-json\/wp\/v2\/media?parent=10741"}],"wp:term":[{"taxonomy":"product_brand","embeddable":true,"href":"https:\/\/annaalbert.com\/es\/wp-json\/wp\/v2\/product_brand?post=10741"},{"taxonomy":"product_cat","embeddable":true,"href":"https:\/\/annaalbert.com\/es\/wp-json\/wp\/v2\/product_cat?post=10741"},{"taxonomy":"product_tag","embeddable":true,"href":"https:\/\/annaalbert.com\/es\/wp-json\/wp\/v2\/product_tag?post=10741"}],"curies":[{"name":"wp","href":"https:\/\/api.w.org\/{rel}","templated":true}]}}