{"id":10739,"date":"2021-05-12T16:36:29","date_gmt":"2021-05-12T16:36:29","guid":{"rendered":"https:\/\/annaalbert.com\/producto\/bolso-mujer-seda-tejana\/"},"modified":"2023-10-13T11:27:52","modified_gmt":"2023-10-13T11:27:52","slug":"bolso-mujer-seda-tejana","status":"publish","type":"product","link":"https:\/\/annaalbert.com\/es\/producto-es\/bolso-mujer-seda-tejana\/","title":{"rendered":"BOLSO MUJER SEDA TEJANA"},"content":{"rendered":"<p><strong>Bolso mujer seda tejana estampada<\/strong> de fantas\u00eda con sedas pintadas y otros tejidos. El dise\u00f1o que he hecho parece el n\u00famero 60 de forma que puede ser un bonito <strong>regalo de cumplea\u00f1os por los 60 a\u00f1os<\/strong>.<\/p>\n<p><strong>Pieza \u00fanica<\/strong> con sus detalles que la hacen diferente y original.<\/p>\n<p>El asa es para ir cruzada y se puede adaptar seg\u00fan la altura. En este caso la he hecho con la misma ropa de loneta negra como el detr\u00e1s del bolso. El interior viene forrado y lleva un bolsillo doble.<\/p>\n<p>Esta bolsa de dise\u00f1o de tela tejana estampada lleva dos etiquetas, una interior y una colgada de la cremallera. Adem\u00e1s, hay un escrito se donde certifica que est\u00e1s ante una pieza \u00fanica mimada con todos los detalles por la autora.<\/p>\n<p>Para hacer este bolso he tenido en cuenta el <strong>aprovechamiento de recortes<\/strong> que genero cuando pinto sedas de diferentes texturas y lanas de diferentes colores.<\/p>\n<p>Es una colecci\u00f3n que naci\u00f3 para no crear desechos y es ideal para una mujer que se identifica con los valores de <strong>sostenibilidad y el reciclaje<\/strong>.<\/p>\n<p>Tienes otra opci\u00f3n de bolsa con la misma idea del n\u00famero 60 si buscas un regalo de cumplea\u00f1os para una mujer de esta edad. Clica <a href=\"https:\/\/annaalbert.com\/es\/producto-es\/bolso-de-diseno-de-tela-estampado-de-fantasia\/\"><strong>aqu\u00ed<\/strong><\/a> si quieres verlo<\/p>\n","protected":false},"excerpt":{"rendered":"<p>Bolso de tela estampado y con sedas pintadas<\/p>\n","protected":false},"featured_media":9593,"comment_status":"closed","ping_status":"closed","template":"","meta":{"_et_pb_use_builder":"","_et_pb_old_content":"","_et_gb_content_width":""},"product_brand":[],"product_cat":[358],"product_tag":[],"class_list":{"0":"post-10739","1":"product","2":"type-product","3":"status-publish","4":"has-post-thumbnail","6":"product_cat-bolsos-es-2","8":"first","9":"outofstock","10":"taxable","11":"shipping-taxable","12":"purchasable","13":"product-type-simple"},"yoast_head":"<!-- This site is optimized with the Yoast SEO plugin v27.0 - https:\/\/yoast.com\/product\/yoast-seo-wordpress\/ -->\n<title>Bolso mujer seda tejana - Art en Seda<\/title>\n<meta name=\"description\" content=\"Bolso mujer seda tejana estampado de fantas\u00eda con sedas pintadas y otros tejidos. Pieza \u00fanica ideal para un cumplea\u00f1os de 60 a\u00f1os.\" \/>\n<meta name=\"robots\" content=\"index, follow, max-snippet:-1, max-image-preview:large, max-video-preview:-1\" \/>\n<link rel=\"canonical\" href=\"https:\/\/annaalbert.com\/es\/producto-es\/bolso-mujer-seda-tejana\/\" \/>\n<meta property=\"og:locale\" content=\"es_ES\" \/>\n<meta property=\"og:type\" content=\"article\" \/>\n<meta property=\"og:title\" content=\"Bolso mujer seda tejana - Art en Seda\" \/>\n<meta property=\"og:description\" content=\"Bolso mujer seda tejana estampado de fantas\u00eda con sedas pintadas y otros tejidos. Pieza \u00fanica ideal para un cumplea\u00f1os de 60 a\u00f1os.\" \/>\n<meta property=\"og:url\" content=\"https:\/\/annaalbert.com\/es\/producto-es\/bolso-mujer-seda-tejana\/\" \/>\n<meta property=\"og:site_name\" content=\"Art en Seda\" \/>\n<meta property=\"article:modified_time\" content=\"2023-10-13T11:27:52+00:00\" \/>\n<meta property=\"og:image\" content=\"https:\/\/annaalbert.com\/wp-content\/uploads\/2021\/05\/bossa-texana-60.jpg\" \/>\n\t<meta property=\"og:image:width\" content=\"800\" \/>\n\t<meta property=\"og:image:height\" content=\"960\" \/>\n\t<meta property=\"og:image:type\" content=\"image\/jpeg\" \/>\n<meta name=\"twitter:card\" content=\"summary_large_image\" \/>\n<meta name=\"twitter:label1\" content=\"Tiempo de lectura\" \/>\n\t<meta name=\"twitter:data1\" content=\"1 minuto\" \/>\n<script type=\"application\/ld+json\" class=\"yoast-schema-graph\">{\"@context\":\"https:\/\/schema.org\",\"@graph\":[{\"@type\":\"WebPage\",\"@id\":\"https:\/\/annaalbert.com\/es\/producto-es\/bolso-mujer-seda-tejana\/\",\"url\":\"https:\/\/annaalbert.com\/es\/producto-es\/bolso-mujer-seda-tejana\/\",\"name\":\"Bolso mujer seda tejana - Art en Seda\",\"isPartOf\":{\"@id\":\"https:\/\/annaalbert.com\/es\/#website\"},\"primaryImageOfPage\":{\"@id\":\"https:\/\/annaalbert.com\/es\/producto-es\/bolso-mujer-seda-tejana\/#primaryimage\"},\"image\":{\"@id\":\"https:\/\/annaalbert.com\/es\/producto-es\/bolso-mujer-seda-tejana\/#primaryimage\"},\"thumbnailUrl\":\"https:\/\/annaalbert.com\/wp-content\/uploads\/2021\/05\/bossa-texana-60.jpg\",\"datePublished\":\"2021-05-12T16:36:29+00:00\",\"dateModified\":\"2023-10-13T11:27:52+00:00\",\"description\":\"Bolso mujer seda tejana estampado de fantas\u00eda con sedas pintadas y otros tejidos. Pieza \u00fanica ideal para un cumplea\u00f1os de 60 a\u00f1os.\",\"breadcrumb\":{\"@id\":\"https:\/\/annaalbert.com\/es\/producto-es\/bolso-mujer-seda-tejana\/#breadcrumb\"},\"inLanguage\":\"es\",\"potentialAction\":[{\"@type\":\"ReadAction\",\"target\":[\"https:\/\/annaalbert.com\/es\/producto-es\/bolso-mujer-seda-tejana\/\"]}]},{\"@type\":\"ImageObject\",\"inLanguage\":\"es\",\"@id\":\"https:\/\/annaalbert.com\/es\/producto-es\/bolso-mujer-seda-tejana\/#primaryimage\",\"url\":\"https:\/\/annaalbert.com\/wp-content\/uploads\/2021\/05\/bossa-texana-60.jpg\",\"contentUrl\":\"https:\/\/annaalbert.com\/wp-content\/uploads\/2021\/05\/bossa-texana-60.jpg\",\"width\":800,\"height\":960},{\"@type\":\"BreadcrumbList\",\"@id\":\"https:\/\/annaalbert.com\/es\/producto-es\/bolso-mujer-seda-tejana\/#breadcrumb\",\"itemListElement\":[{\"@type\":\"ListItem\",\"position\":1,\"name\":\"Portada\",\"item\":\"https:\/\/annaalbert.com\/es\/\"},{\"@type\":\"ListItem\",\"position\":2,\"name\":\"Tienda\",\"item\":\"https:\/\/annaalbert.com\/tienda\/\"},{\"@type\":\"ListItem\",\"position\":3,\"name\":\"BOLSO MUJER SEDA TEJANA\"}]},{\"@type\":\"WebSite\",\"@id\":\"https:\/\/annaalbert.com\/es\/#website\",\"url\":\"https:\/\/annaalbert.com\/es\/\",\"name\":\"Art en Seda\",\"description\":\"Productos de seda pintada a mano, asi como cursos, talleres, experiencias por la artesana Anna Albert\",\"publisher\":{\"@id\":\"https:\/\/annaalbert.com\/es\/#organization\"},\"potentialAction\":[{\"@type\":\"SearchAction\",\"target\":{\"@type\":\"EntryPoint\",\"urlTemplate\":\"https:\/\/annaalbert.com\/es\/?s={search_term_string}\"},\"query-input\":{\"@type\":\"PropertyValueSpecification\",\"valueRequired\":true,\"valueName\":\"search_term_string\"}}],\"inLanguage\":\"es\"},{\"@type\":\"Organization\",\"@id\":\"https:\/\/annaalbert.com\/es\/#organization\",\"name\":\"Art en Seda by Anna Albert\",\"url\":\"https:\/\/annaalbert.com\/es\/\",\"logo\":{\"@type\":\"ImageObject\",\"inLanguage\":\"es\",\"@id\":\"https:\/\/annaalbert.com\/es\/#\/schema\/logo\/image\/\",\"url\":\"https:\/\/annaalbert.com\/wp-content\/uploads\/2021\/01\/horitzontal_fonsblanc-scaled.jpg\",\"contentUrl\":\"https:\/\/annaalbert.com\/wp-content\/uploads\/2021\/01\/horitzontal_fonsblanc-scaled.jpg\",\"width\":2560,\"height\":779,\"caption\":\"Art en Seda by Anna Albert\"},\"image\":{\"@id\":\"https:\/\/annaalbert.com\/es\/#\/schema\/logo\/image\/\"}}]}<\/script>\n<!-- \/ Yoast SEO plugin. -->","yoast_head_json":{"title":"Bolso mujer seda tejana - Art en Seda","description":"Bolso mujer seda tejana estampado de fantas\u00eda con sedas pintadas y otros tejidos. Pieza \u00fanica ideal para un cumplea\u00f1os de 60 a\u00f1os.","robots":{"index":"index","follow":"follow","max-snippet":"max-snippet:-1","max-image-preview":"max-image-preview:large","max-video-preview":"max-video-preview:-1"},"canonical":"https:\/\/annaalbert.com\/es\/producto-es\/bolso-mujer-seda-tejana\/","og_locale":"es_ES","og_type":"article","og_title":"Bolso mujer seda tejana - Art en Seda","og_description":"Bolso mujer seda tejana estampado de fantas\u00eda con sedas pintadas y otros tejidos. Pieza \u00fanica ideal para un cumplea\u00f1os de 60 a\u00f1os.","og_url":"https:\/\/annaalbert.com\/es\/producto-es\/bolso-mujer-seda-tejana\/","og_site_name":"Art en Seda","article_modified_time":"2023-10-13T11:27:52+00:00","og_image":[{"width":800,"height":960,"url":"https:\/\/annaalbert.com\/wp-content\/uploads\/2021\/05\/bossa-texana-60.jpg","type":"image\/jpeg"}],"twitter_card":"summary_large_image","twitter_misc":{"Tiempo de lectura":"1 minuto"},"schema":{"@context":"https:\/\/schema.org","@graph":[{"@type":"WebPage","@id":"https:\/\/annaalbert.com\/es\/producto-es\/bolso-mujer-seda-tejana\/","url":"https:\/\/annaalbert.com\/es\/producto-es\/bolso-mujer-seda-tejana\/","name":"Bolso mujer seda tejana - Art en Seda","isPartOf":{"@id":"https:\/\/annaalbert.com\/es\/#website"},"primaryImageOfPage":{"@id":"https:\/\/annaalbert.com\/es\/producto-es\/bolso-mujer-seda-tejana\/#primaryimage"},"image":{"@id":"https:\/\/annaalbert.com\/es\/producto-es\/bolso-mujer-seda-tejana\/#primaryimage"},"thumbnailUrl":"https:\/\/annaalbert.com\/wp-content\/uploads\/2021\/05\/bossa-texana-60.jpg","datePublished":"2021-05-12T16:36:29+00:00","dateModified":"2023-10-13T11:27:52+00:00","description":"Bolso mujer seda tejana estampado de fantas\u00eda con sedas pintadas y otros tejidos. Pieza \u00fanica ideal para un cumplea\u00f1os de 60 a\u00f1os.","breadcrumb":{"@id":"https:\/\/annaalbert.com\/es\/producto-es\/bolso-mujer-seda-tejana\/#breadcrumb"},"inLanguage":"es","potentialAction":[{"@type":"ReadAction","target":["https:\/\/annaalbert.com\/es\/producto-es\/bolso-mujer-seda-tejana\/"]}]},{"@type":"ImageObject","inLanguage":"es","@id":"https:\/\/annaalbert.com\/es\/producto-es\/bolso-mujer-seda-tejana\/#primaryimage","url":"https:\/\/annaalbert.com\/wp-content\/uploads\/2021\/05\/bossa-texana-60.jpg","contentUrl":"https:\/\/annaalbert.com\/wp-content\/uploads\/2021\/05\/bossa-texana-60.jpg","width":800,"height":960},{"@type":"BreadcrumbList","@id":"https:\/\/annaalbert.com\/es\/producto-es\/bolso-mujer-seda-tejana\/#breadcrumb","itemListElement":[{"@type":"ListItem","position":1,"name":"Portada","item":"https:\/\/annaalbert.com\/es\/"},{"@type":"ListItem","position":2,"name":"Tienda","item":"https:\/\/annaalbert.com\/tienda\/"},{"@type":"ListItem","position":3,"name":"BOLSO MUJER SEDA TEJANA"}]},{"@type":"WebSite","@id":"https:\/\/annaalbert.com\/es\/#website","url":"https:\/\/annaalbert.com\/es\/","name":"Art en Seda","description":"Productos de seda pintada a mano, asi como cursos, talleres, experiencias por la artesana Anna Albert","publisher":{"@id":"https:\/\/annaalbert.com\/es\/#organization"},"potentialAction":[{"@type":"SearchAction","target":{"@type":"EntryPoint","urlTemplate":"https:\/\/annaalbert.com\/es\/?s={search_term_string}"},"query-input":{"@type":"PropertyValueSpecification","valueRequired":true,"valueName":"search_term_string"}}],"inLanguage":"es"},{"@type":"Organization","@id":"https:\/\/annaalbert.com\/es\/#organization","name":"Art en Seda by Anna Albert","url":"https:\/\/annaalbert.com\/es\/","logo":{"@type":"ImageObject","inLanguage":"es","@id":"https:\/\/annaalbert.com\/es\/#\/schema\/logo\/image\/","url":"https:\/\/annaalbert.com\/wp-content\/uploads\/2021\/01\/horitzontal_fonsblanc-scaled.jpg","contentUrl":"https:\/\/annaalbert.com\/wp-content\/uploads\/2021\/01\/horitzontal_fonsblanc-scaled.jpg","width":2560,"height":779,"caption":"Art en Seda by Anna Albert"},"image":{"@id":"https:\/\/annaalbert.com\/es\/#\/schema\/logo\/image\/"}}]}},"_links":{"self":[{"href":"https:\/\/annaalbert.com\/es\/wp-json\/wp\/v2\/product\/10739","targetHints":{"allow":["GET"]}}],"collection":[{"href":"https:\/\/annaalbert.com\/es\/wp-json\/wp\/v2\/product"}],"about":[{"href":"https:\/\/annaalbert.com\/es\/wp-json\/wp\/v2\/types\/product"}],"replies":[{"embeddable":true,"href":"https:\/\/annaalbert.com\/es\/wp-json\/wp\/v2\/comments?post=10739"}],"wp:featuredmedia":[{"embeddable":true,"href":"https:\/\/annaalbert.com\/es\/wp-json\/wp\/v2\/media\/9593"}],"wp:attachment":[{"href":"https:\/\/annaalbert.com\/es\/wp-json\/wp\/v2\/media?parent=10739"}],"wp:term":[{"taxonomy":"product_brand","embeddable":true,"href":"https:\/\/annaalbert.com\/es\/wp-json\/wp\/v2\/product_brand?post=10739"},{"taxonomy":"product_cat","embeddable":true,"href":"https:\/\/annaalbert.com\/es\/wp-json\/wp\/v2\/product_cat?post=10739"},{"taxonomy":"product_tag","embeddable":true,"href":"https:\/\/annaalbert.com\/es\/wp-json\/wp\/v2\/product_tag?post=10739"}],"curies":[{"name":"wp","href":"https:\/\/api.w.org\/{rel}","templated":true}]}}