{"id":10737,"date":"2021-05-12T17:09:52","date_gmt":"2021-05-12T17:09:52","guid":{"rendered":"https:\/\/annaalbert.com\/producto\/bolso-seda-natural-estampado\/"},"modified":"2024-04-12T14:15:57","modified_gmt":"2024-04-12T14:15:57","slug":"bolso-seda-natural-estampado","status":"publish","type":"product","link":"https:\/\/annaalbert.com\/es\/producto-es\/bolso-seda-natural-estampado\/","title":{"rendered":"BOLSO SEDA NATURAL ESTAMPADO"},"content":{"rendered":"<p>Descubre la elegancia y la belleza de nuestro exclusivo <strong>bolso seda natural estampada<\/strong>, un aut\u00e9ntico tesoro hecho a mano con la seda m\u00e1s exquisita. Con un toque de lujo y una estampa impecable, este bolso captura la esencia del arte y la moda.<\/p>\n<p>Una <strong>pieza \u00fanica hecha a mano<\/strong> aprovechando el reciclaje de sedas pintadas y otros tejidos. Dise\u00f1o de fantas\u00eda y lleno de colores para sentirte \u00fanica y original.<\/p>\n<p>La seda natural es un material noble y lujoso, conocido por su suavidad y brillantez. Nuestro bolso de seda natural es el complemento perfecto para todas las ocasiones, desde las fiestas m\u00e1s elegantes hasta un d\u00eda de compras casual.<\/p>\n<p>Me gusta crear piezas que no puedas encontrar en ninguna parte, de forma que hago colecciones muy limitadas y siempre con ganas de innovar. La tela de detr\u00e1s es <strong>loneta negro<\/strong> igual que la tira para cruzar. Esta tira va ligada con un nudo a lado y lado de forma que si quieres llevar el bolso como una baguet de fiesta, puedes sacar los nudos y la tira. Adentro est\u00e1 forrado y lleva dos bolsillos. Lleva tambi\u00e9n una cremallera.<\/p>\n<p>Esta bolsa seda natural estampada con aplicaciones de sedas est\u00e1 <strong>inspirada en la rueda de la vida y los ciclos de la natura<\/strong> por eso el <strong>dise\u00f1o es como uno espiral de colores<\/strong> que nos da idea de movimiento y transformaci\u00f3n.<\/p>\n<p>Cuando elijas nuestro bolso seda natural estampado, est\u00e1s eligiendo la calidad, la belleza y la sostenibilidad. Hecho con amor y pasi\u00f3n por la moda, este bolso es una declaraci\u00f3n de gusto y estilo \u00fanico. Convi\u00e9rtelo en tu acompa\u00f1ante preferido y vive la belleza de la seda natural a cada paso.<\/p>\n<p>Si os ha gustado esta bolsa estampada, <a href=\"https:\/\/annaalbert.com\/producto\/bossa-per-dona-feta-a-ma\/\">aqu\u00ed<\/a> encontrar\u00e9is otra!<\/p>\n","protected":false},"excerpt":{"rendered":"<p>Bolso estampado con aplicaciones de sedas<\/p>\n","protected":false},"featured_media":12238,"comment_status":"closed","ping_status":"closed","template":"","meta":{"_et_pb_use_builder":"","_et_pb_old_content":"","_et_gb_content_width":""},"product_brand":[],"product_cat":[358],"product_tag":[],"class_list":{"0":"post-10737","1":"product","2":"type-product","3":"status-publish","4":"has-post-thumbnail","6":"product_cat-bolsos-es-2","8":"first","9":"outofstock","10":"taxable","11":"shipping-taxable","12":"purchasable","13":"product-type-simple"},"yoast_head":"<!-- This site is optimized with the Yoast SEO plugin v27.0 - https:\/\/yoast.com\/product\/yoast-seo-wordpress\/ -->\n<title>Bolso seda natural estampado - Art en Seda<\/title>\n<meta name=\"description\" content=\"Bolso seda natural estampado hecho a mano inspirado en la rueda de la vida y los ciclos de la natura. Pieza \u00fanica con sedas pintadas y otros tejidos.\" \/>\n<meta name=\"robots\" content=\"index, follow, max-snippet:-1, max-image-preview:large, max-video-preview:-1\" \/>\n<link rel=\"canonical\" href=\"https:\/\/annaalbert.com\/es\/producto-es\/bolso-seda-natural-estampado\/\" \/>\n<meta property=\"og:locale\" content=\"es_ES\" \/>\n<meta property=\"og:type\" content=\"article\" \/>\n<meta property=\"og:title\" content=\"Bolso seda natural estampado - Art en Seda\" \/>\n<meta property=\"og:description\" content=\"Bolso seda natural estampado hecho a mano inspirado en la rueda de la vida y los ciclos de la natura. Pieza \u00fanica con sedas pintadas y otros tejidos.\" \/>\n<meta property=\"og:url\" content=\"https:\/\/annaalbert.com\/es\/producto-es\/bolso-seda-natural-estampado\/\" \/>\n<meta property=\"og:site_name\" content=\"Art en Seda\" \/>\n<meta property=\"article:modified_time\" content=\"2024-04-12T14:15:57+00:00\" \/>\n<meta property=\"og:image\" content=\"https:\/\/annaalbert.com\/wp-content\/uploads\/2021\/05\/bolso6artenseda-1.jpg\" \/>\n\t<meta property=\"og:image:width\" content=\"800\" \/>\n\t<meta property=\"og:image:height\" content=\"960\" \/>\n\t<meta property=\"og:image:type\" content=\"image\/jpeg\" \/>\n<meta name=\"twitter:card\" content=\"summary_large_image\" \/>\n<meta name=\"twitter:label1\" content=\"Tiempo de lectura\" \/>\n\t<meta name=\"twitter:data1\" content=\"2 minutos\" \/>\n<script type=\"application\/ld+json\" class=\"yoast-schema-graph\">{\"@context\":\"https:\/\/schema.org\",\"@graph\":[{\"@type\":\"WebPage\",\"@id\":\"https:\/\/annaalbert.com\/es\/producto-es\/bolso-seda-natural-estampado\/\",\"url\":\"https:\/\/annaalbert.com\/es\/producto-es\/bolso-seda-natural-estampado\/\",\"name\":\"Bolso seda natural estampado - Art en Seda\",\"isPartOf\":{\"@id\":\"https:\/\/annaalbert.com\/es\/#website\"},\"primaryImageOfPage\":{\"@id\":\"https:\/\/annaalbert.com\/es\/producto-es\/bolso-seda-natural-estampado\/#primaryimage\"},\"image\":{\"@id\":\"https:\/\/annaalbert.com\/es\/producto-es\/bolso-seda-natural-estampado\/#primaryimage\"},\"thumbnailUrl\":\"https:\/\/annaalbert.com\/wp-content\/uploads\/2021\/05\/bolso6artenseda-1.jpg\",\"datePublished\":\"2021-05-12T17:09:52+00:00\",\"dateModified\":\"2024-04-12T14:15:57+00:00\",\"description\":\"Bolso seda natural estampado hecho a mano inspirado en la rueda de la vida y los ciclos de la natura. Pieza \u00fanica con sedas pintadas y otros tejidos.\",\"breadcrumb\":{\"@id\":\"https:\/\/annaalbert.com\/es\/producto-es\/bolso-seda-natural-estampado\/#breadcrumb\"},\"inLanguage\":\"es\",\"potentialAction\":[{\"@type\":\"ReadAction\",\"target\":[\"https:\/\/annaalbert.com\/es\/producto-es\/bolso-seda-natural-estampado\/\"]}]},{\"@type\":\"ImageObject\",\"inLanguage\":\"es\",\"@id\":\"https:\/\/annaalbert.com\/es\/producto-es\/bolso-seda-natural-estampado\/#primaryimage\",\"url\":\"https:\/\/annaalbert.com\/wp-content\/uploads\/2021\/05\/bolso6artenseda-1.jpg\",\"contentUrl\":\"https:\/\/annaalbert.com\/wp-content\/uploads\/2021\/05\/bolso6artenseda-1.jpg\",\"width\":800,\"height\":960,\"caption\":\"bolso de colors\"},{\"@type\":\"BreadcrumbList\",\"@id\":\"https:\/\/annaalbert.com\/es\/producto-es\/bolso-seda-natural-estampado\/#breadcrumb\",\"itemListElement\":[{\"@type\":\"ListItem\",\"position\":1,\"name\":\"Portada\",\"item\":\"https:\/\/annaalbert.com\/es\/\"},{\"@type\":\"ListItem\",\"position\":2,\"name\":\"Tienda\",\"item\":\"https:\/\/annaalbert.com\/tienda\/\"},{\"@type\":\"ListItem\",\"position\":3,\"name\":\"BOLSO SEDA NATURAL ESTAMPADO\"}]},{\"@type\":\"WebSite\",\"@id\":\"https:\/\/annaalbert.com\/es\/#website\",\"url\":\"https:\/\/annaalbert.com\/es\/\",\"name\":\"Art en Seda\",\"description\":\"Productos de seda pintada a mano, asi como cursos, talleres, experiencias por la artesana Anna Albert\",\"publisher\":{\"@id\":\"https:\/\/annaalbert.com\/es\/#organization\"},\"potentialAction\":[{\"@type\":\"SearchAction\",\"target\":{\"@type\":\"EntryPoint\",\"urlTemplate\":\"https:\/\/annaalbert.com\/es\/?s={search_term_string}\"},\"query-input\":{\"@type\":\"PropertyValueSpecification\",\"valueRequired\":true,\"valueName\":\"search_term_string\"}}],\"inLanguage\":\"es\"},{\"@type\":\"Organization\",\"@id\":\"https:\/\/annaalbert.com\/es\/#organization\",\"name\":\"Art en Seda by Anna Albert\",\"url\":\"https:\/\/annaalbert.com\/es\/\",\"logo\":{\"@type\":\"ImageObject\",\"inLanguage\":\"es\",\"@id\":\"https:\/\/annaalbert.com\/es\/#\/schema\/logo\/image\/\",\"url\":\"https:\/\/annaalbert.com\/wp-content\/uploads\/2021\/01\/horitzontal_fonsblanc-scaled.jpg\",\"contentUrl\":\"https:\/\/annaalbert.com\/wp-content\/uploads\/2021\/01\/horitzontal_fonsblanc-scaled.jpg\",\"width\":2560,\"height\":779,\"caption\":\"Art en Seda by Anna Albert\"},\"image\":{\"@id\":\"https:\/\/annaalbert.com\/es\/#\/schema\/logo\/image\/\"}}]}<\/script>\n<!-- \/ Yoast SEO plugin. -->","yoast_head_json":{"title":"Bolso seda natural estampado - Art en Seda","description":"Bolso seda natural estampado hecho a mano inspirado en la rueda de la vida y los ciclos de la natura. Pieza \u00fanica con sedas pintadas y otros tejidos.","robots":{"index":"index","follow":"follow","max-snippet":"max-snippet:-1","max-image-preview":"max-image-preview:large","max-video-preview":"max-video-preview:-1"},"canonical":"https:\/\/annaalbert.com\/es\/producto-es\/bolso-seda-natural-estampado\/","og_locale":"es_ES","og_type":"article","og_title":"Bolso seda natural estampado - Art en Seda","og_description":"Bolso seda natural estampado hecho a mano inspirado en la rueda de la vida y los ciclos de la natura. Pieza \u00fanica con sedas pintadas y otros tejidos.","og_url":"https:\/\/annaalbert.com\/es\/producto-es\/bolso-seda-natural-estampado\/","og_site_name":"Art en Seda","article_modified_time":"2024-04-12T14:15:57+00:00","og_image":[{"width":800,"height":960,"url":"https:\/\/annaalbert.com\/wp-content\/uploads\/2021\/05\/bolso6artenseda-1.jpg","type":"image\/jpeg"}],"twitter_card":"summary_large_image","twitter_misc":{"Tiempo de lectura":"2 minutos"},"schema":{"@context":"https:\/\/schema.org","@graph":[{"@type":"WebPage","@id":"https:\/\/annaalbert.com\/es\/producto-es\/bolso-seda-natural-estampado\/","url":"https:\/\/annaalbert.com\/es\/producto-es\/bolso-seda-natural-estampado\/","name":"Bolso seda natural estampado - Art en Seda","isPartOf":{"@id":"https:\/\/annaalbert.com\/es\/#website"},"primaryImageOfPage":{"@id":"https:\/\/annaalbert.com\/es\/producto-es\/bolso-seda-natural-estampado\/#primaryimage"},"image":{"@id":"https:\/\/annaalbert.com\/es\/producto-es\/bolso-seda-natural-estampado\/#primaryimage"},"thumbnailUrl":"https:\/\/annaalbert.com\/wp-content\/uploads\/2021\/05\/bolso6artenseda-1.jpg","datePublished":"2021-05-12T17:09:52+00:00","dateModified":"2024-04-12T14:15:57+00:00","description":"Bolso seda natural estampado hecho a mano inspirado en la rueda de la vida y los ciclos de la natura. Pieza \u00fanica con sedas pintadas y otros tejidos.","breadcrumb":{"@id":"https:\/\/annaalbert.com\/es\/producto-es\/bolso-seda-natural-estampado\/#breadcrumb"},"inLanguage":"es","potentialAction":[{"@type":"ReadAction","target":["https:\/\/annaalbert.com\/es\/producto-es\/bolso-seda-natural-estampado\/"]}]},{"@type":"ImageObject","inLanguage":"es","@id":"https:\/\/annaalbert.com\/es\/producto-es\/bolso-seda-natural-estampado\/#primaryimage","url":"https:\/\/annaalbert.com\/wp-content\/uploads\/2021\/05\/bolso6artenseda-1.jpg","contentUrl":"https:\/\/annaalbert.com\/wp-content\/uploads\/2021\/05\/bolso6artenseda-1.jpg","width":800,"height":960,"caption":"bolso de colors"},{"@type":"BreadcrumbList","@id":"https:\/\/annaalbert.com\/es\/producto-es\/bolso-seda-natural-estampado\/#breadcrumb","itemListElement":[{"@type":"ListItem","position":1,"name":"Portada","item":"https:\/\/annaalbert.com\/es\/"},{"@type":"ListItem","position":2,"name":"Tienda","item":"https:\/\/annaalbert.com\/tienda\/"},{"@type":"ListItem","position":3,"name":"BOLSO SEDA NATURAL ESTAMPADO"}]},{"@type":"WebSite","@id":"https:\/\/annaalbert.com\/es\/#website","url":"https:\/\/annaalbert.com\/es\/","name":"Art en Seda","description":"Productos de seda pintada a mano, asi como cursos, talleres, experiencias por la artesana Anna Albert","publisher":{"@id":"https:\/\/annaalbert.com\/es\/#organization"},"potentialAction":[{"@type":"SearchAction","target":{"@type":"EntryPoint","urlTemplate":"https:\/\/annaalbert.com\/es\/?s={search_term_string}"},"query-input":{"@type":"PropertyValueSpecification","valueRequired":true,"valueName":"search_term_string"}}],"inLanguage":"es"},{"@type":"Organization","@id":"https:\/\/annaalbert.com\/es\/#organization","name":"Art en Seda by Anna Albert","url":"https:\/\/annaalbert.com\/es\/","logo":{"@type":"ImageObject","inLanguage":"es","@id":"https:\/\/annaalbert.com\/es\/#\/schema\/logo\/image\/","url":"https:\/\/annaalbert.com\/wp-content\/uploads\/2021\/01\/horitzontal_fonsblanc-scaled.jpg","contentUrl":"https:\/\/annaalbert.com\/wp-content\/uploads\/2021\/01\/horitzontal_fonsblanc-scaled.jpg","width":2560,"height":779,"caption":"Art en Seda by Anna Albert"},"image":{"@id":"https:\/\/annaalbert.com\/es\/#\/schema\/logo\/image\/"}}]}},"_links":{"self":[{"href":"https:\/\/annaalbert.com\/es\/wp-json\/wp\/v2\/product\/10737","targetHints":{"allow":["GET"]}}],"collection":[{"href":"https:\/\/annaalbert.com\/es\/wp-json\/wp\/v2\/product"}],"about":[{"href":"https:\/\/annaalbert.com\/es\/wp-json\/wp\/v2\/types\/product"}],"replies":[{"embeddable":true,"href":"https:\/\/annaalbert.com\/es\/wp-json\/wp\/v2\/comments?post=10737"}],"wp:featuredmedia":[{"embeddable":true,"href":"https:\/\/annaalbert.com\/es\/wp-json\/wp\/v2\/media\/12238"}],"wp:attachment":[{"href":"https:\/\/annaalbert.com\/es\/wp-json\/wp\/v2\/media?parent=10737"}],"wp:term":[{"taxonomy":"product_brand","embeddable":true,"href":"https:\/\/annaalbert.com\/es\/wp-json\/wp\/v2\/product_brand?post=10737"},{"taxonomy":"product_cat","embeddable":true,"href":"https:\/\/annaalbert.com\/es\/wp-json\/wp\/v2\/product_cat?post=10737"},{"taxonomy":"product_tag","embeddable":true,"href":"https:\/\/annaalbert.com\/es\/wp-json\/wp\/v2\/product_tag?post=10737"}],"curies":[{"name":"wp","href":"https:\/\/api.w.org\/{rel}","templated":true}]}}