{"id":10735,"date":"2021-05-19T15:00:24","date_gmt":"2021-05-19T15:00:24","guid":{"rendered":"https:\/\/annaalbert.com\/producto\/bolso-para-mujer-hecho-a-mano\/"},"modified":"2024-04-22T08:17:26","modified_gmt":"2024-04-22T08:17:26","slug":"bolso-para-mujer-hecho-a-mano","status":"publish","type":"product","link":"https:\/\/annaalbert.com\/es\/producto-es\/bolso-para-mujer-hecho-a-mano\/","title":{"rendered":"BOLSO PARA MUJER HECHO A MANO"},"content":{"rendered":"<h1><strong>Bolso para mujer hecho a mano. <\/strong><strong>Bolso estampado con aplicaciones de sedas Rueda de la Vida<\/strong><\/h1>\n<p>Este <strong>bolso para mujer hecho a mano<\/strong> es un <strong>bolso estampado con aplicaciones de sedas y una pieza \u00fanica creada en Barcelona en mi taller<\/strong> aprovechado de reciclar sedas pintadas y otros tejidos.<\/p>\n<p>Me gusta crear piezas que no puedas encontrar en ninguna parte, de forma que hago colecciones muy limitadas y siempre con ganas de innovar. La tela de detr\u00e1s es <strong>loneta negro<\/strong> igual que la tira para cruzar. Esta tira va ligada con un nudo a lado y lado de forma que si quieres llevar el bolso como una baguet de fiesta, puedes sacar los nudos y la tira. Adentro est\u00e1 forrado y lleva dos bolsillos. Lleva tambi\u00e9n una cremallera.<\/p>\n<p>Este bolso estampado con aplicaciones de sedas est\u00e1 <strong>inspirado en la rueda de la vida y los ciclos de la natura<\/strong> por eso el <strong>dise\u00f1o es como un espiral de colores<\/strong> que nos da idea de movimiento y transformaci\u00f3n. Es un dise\u00f1o de fantas\u00eda y lleno de colores para sentirte \u00fanica y original.<\/p>\n<p>Este bolso no necesita una cura muy especial a pesar de que lleve <strong>sedas pintadas a mano<\/strong>. Lo puedes <strong>lavar a m\u00e1quina y tambi\u00e9n a mano<\/strong>. Mejor con agua fr\u00eda. Como toda tu ropa, si la lavas con cuidado, le alargas la vida y te lo agradece. Yo siempre digo que cuides de tu bolso como cuidas de ti, con mimo y aprecio. Si lo haces as\u00ed, no dudes que te lo agradecer\u00e1.<\/p>\n<p>Si quieres ver algun otro bolso estampado puedes clicar <a href=\"https:\/\/annaalbert.com\/producto\/bossa-de-disseny-de-tela-estampada-de-fantasia\/\"><strong>aqu\u00ed<\/strong><\/a><\/p>\n","protected":false},"excerpt":{"rendered":"<p>Bolso para mujer hecho a mano. Bolso estampado con aplicaciones de sedas<\/p>\n","protected":false},"featured_media":12227,"comment_status":"closed","ping_status":"closed","template":"","meta":{"_et_pb_use_builder":"","_et_pb_old_content":"","_et_gb_content_width":""},"product_brand":[],"product_cat":[358],"product_tag":[372,371,380],"class_list":{"0":"post-10735","1":"product","2":"type-product","3":"status-publish","4":"has-post-thumbnail","6":"product_cat-bolsos-es-2","7":"product_tag-bolsa-estampada","8":"product_tag-bolsa-para-mujer","9":"product_tag-bolso-hecho-a-mano","11":"first","12":"outofstock","13":"taxable","14":"shipping-taxable","15":"purchasable","16":"product-type-simple"},"yoast_head":"<!-- This site is optimized with the Yoast SEO plugin v27.0 - https:\/\/yoast.com\/product\/yoast-seo-wordpress\/ -->\n<title>Bolso para mujer hecho a mano- Art en Seda<\/title>\n<meta name=\"description\" content=\"Bolso para mujer hecho a mano, Bolso estampado con aplicaciones de sedas. Dise\u00f1o de fantas\u00eda pieza \u00fanica creada en Barcelona.\" \/>\n<meta name=\"robots\" content=\"index, follow, max-snippet:-1, max-image-preview:large, max-video-preview:-1\" \/>\n<link rel=\"canonical\" href=\"https:\/\/annaalbert.com\/es\/producto-es\/bolso-para-mujer-hecho-a-mano\/\" \/>\n<meta property=\"og:locale\" content=\"es_ES\" \/>\n<meta property=\"og:type\" content=\"article\" \/>\n<meta property=\"og:title\" content=\"Bolso para mujer hecho a mano- Art en Seda\" \/>\n<meta property=\"og:description\" content=\"Bolso para mujer hecho a mano, Bolso estampado con aplicaciones de sedas. Dise\u00f1o de fantas\u00eda pieza \u00fanica creada en Barcelona.\" \/>\n<meta property=\"og:url\" content=\"https:\/\/annaalbert.com\/es\/producto-es\/bolso-para-mujer-hecho-a-mano\/\" \/>\n<meta property=\"og:site_name\" content=\"Art en Seda\" \/>\n<meta property=\"article:modified_time\" content=\"2024-04-22T08:17:26+00:00\" \/>\n<meta property=\"og:image\" content=\"https:\/\/annaalbert.com\/wp-content\/uploads\/2021\/05\/bolso4-artenseda.jpg\" \/>\n\t<meta property=\"og:image:width\" content=\"800\" \/>\n\t<meta property=\"og:image:height\" content=\"960\" \/>\n\t<meta property=\"og:image:type\" content=\"image\/jpeg\" \/>\n<meta name=\"twitter:card\" content=\"summary_large_image\" \/>\n<meta name=\"twitter:label1\" content=\"Tiempo de lectura\" \/>\n\t<meta name=\"twitter:data1\" content=\"1 minuto\" \/>\n<script type=\"application\/ld+json\" class=\"yoast-schema-graph\">{\"@context\":\"https:\/\/schema.org\",\"@graph\":[{\"@type\":\"WebPage\",\"@id\":\"https:\/\/annaalbert.com\/es\/producto-es\/bolso-para-mujer-hecho-a-mano\/\",\"url\":\"https:\/\/annaalbert.com\/es\/producto-es\/bolso-para-mujer-hecho-a-mano\/\",\"name\":\"Bolso para mujer hecho a mano- Art en Seda\",\"isPartOf\":{\"@id\":\"https:\/\/annaalbert.com\/es\/#website\"},\"primaryImageOfPage\":{\"@id\":\"https:\/\/annaalbert.com\/es\/producto-es\/bolso-para-mujer-hecho-a-mano\/#primaryimage\"},\"image\":{\"@id\":\"https:\/\/annaalbert.com\/es\/producto-es\/bolso-para-mujer-hecho-a-mano\/#primaryimage\"},\"thumbnailUrl\":\"https:\/\/annaalbert.com\/wp-content\/uploads\/2021\/05\/bolso4-artenseda.jpg\",\"datePublished\":\"2021-05-19T15:00:24+00:00\",\"dateModified\":\"2024-04-22T08:17:26+00:00\",\"description\":\"Bolso para mujer hecho a mano, Bolso estampado con aplicaciones de sedas. Dise\u00f1o de fantas\u00eda pieza \u00fanica creada en Barcelona.\",\"breadcrumb\":{\"@id\":\"https:\/\/annaalbert.com\/es\/producto-es\/bolso-para-mujer-hecho-a-mano\/#breadcrumb\"},\"inLanguage\":\"es\",\"potentialAction\":[{\"@type\":\"ReadAction\",\"target\":[\"https:\/\/annaalbert.com\/es\/producto-es\/bolso-para-mujer-hecho-a-mano\/\"]}]},{\"@type\":\"ImageObject\",\"inLanguage\":\"es\",\"@id\":\"https:\/\/annaalbert.com\/es\/producto-es\/bolso-para-mujer-hecho-a-mano\/#primaryimage\",\"url\":\"https:\/\/annaalbert.com\/wp-content\/uploads\/2021\/05\/bolso4-artenseda.jpg\",\"contentUrl\":\"https:\/\/annaalbert.com\/wp-content\/uploads\/2021\/05\/bolso4-artenseda.jpg\",\"width\":800,\"height\":960,\"caption\":\"bolso fet a m\u00e0\"},{\"@type\":\"BreadcrumbList\",\"@id\":\"https:\/\/annaalbert.com\/es\/producto-es\/bolso-para-mujer-hecho-a-mano\/#breadcrumb\",\"itemListElement\":[{\"@type\":\"ListItem\",\"position\":1,\"name\":\"Portada\",\"item\":\"https:\/\/annaalbert.com\/es\/\"},{\"@type\":\"ListItem\",\"position\":2,\"name\":\"Tienda\",\"item\":\"https:\/\/annaalbert.com\/tienda\/\"},{\"@type\":\"ListItem\",\"position\":3,\"name\":\"BOLSO PARA MUJER HECHO A MANO\"}]},{\"@type\":\"WebSite\",\"@id\":\"https:\/\/annaalbert.com\/es\/#website\",\"url\":\"https:\/\/annaalbert.com\/es\/\",\"name\":\"Art en Seda\",\"description\":\"Productos de seda pintada a mano, asi como cursos, talleres, experiencias por la artesana Anna Albert\",\"publisher\":{\"@id\":\"https:\/\/annaalbert.com\/es\/#organization\"},\"potentialAction\":[{\"@type\":\"SearchAction\",\"target\":{\"@type\":\"EntryPoint\",\"urlTemplate\":\"https:\/\/annaalbert.com\/es\/?s={search_term_string}\"},\"query-input\":{\"@type\":\"PropertyValueSpecification\",\"valueRequired\":true,\"valueName\":\"search_term_string\"}}],\"inLanguage\":\"es\"},{\"@type\":\"Organization\",\"@id\":\"https:\/\/annaalbert.com\/es\/#organization\",\"name\":\"Art en Seda by Anna Albert\",\"url\":\"https:\/\/annaalbert.com\/es\/\",\"logo\":{\"@type\":\"ImageObject\",\"inLanguage\":\"es\",\"@id\":\"https:\/\/annaalbert.com\/es\/#\/schema\/logo\/image\/\",\"url\":\"https:\/\/annaalbert.com\/wp-content\/uploads\/2021\/01\/horitzontal_fonsblanc-scaled.jpg\",\"contentUrl\":\"https:\/\/annaalbert.com\/wp-content\/uploads\/2021\/01\/horitzontal_fonsblanc-scaled.jpg\",\"width\":2560,\"height\":779,\"caption\":\"Art en Seda by Anna Albert\"},\"image\":{\"@id\":\"https:\/\/annaalbert.com\/es\/#\/schema\/logo\/image\/\"}}]}<\/script>\n<!-- \/ Yoast SEO plugin. -->","yoast_head_json":{"title":"Bolso para mujer hecho a mano- Art en Seda","description":"Bolso para mujer hecho a mano, Bolso estampado con aplicaciones de sedas. Dise\u00f1o de fantas\u00eda pieza \u00fanica creada en Barcelona.","robots":{"index":"index","follow":"follow","max-snippet":"max-snippet:-1","max-image-preview":"max-image-preview:large","max-video-preview":"max-video-preview:-1"},"canonical":"https:\/\/annaalbert.com\/es\/producto-es\/bolso-para-mujer-hecho-a-mano\/","og_locale":"es_ES","og_type":"article","og_title":"Bolso para mujer hecho a mano- Art en Seda","og_description":"Bolso para mujer hecho a mano, Bolso estampado con aplicaciones de sedas. Dise\u00f1o de fantas\u00eda pieza \u00fanica creada en Barcelona.","og_url":"https:\/\/annaalbert.com\/es\/producto-es\/bolso-para-mujer-hecho-a-mano\/","og_site_name":"Art en Seda","article_modified_time":"2024-04-22T08:17:26+00:00","og_image":[{"width":800,"height":960,"url":"https:\/\/annaalbert.com\/wp-content\/uploads\/2021\/05\/bolso4-artenseda.jpg","type":"image\/jpeg"}],"twitter_card":"summary_large_image","twitter_misc":{"Tiempo de lectura":"1 minuto"},"schema":{"@context":"https:\/\/schema.org","@graph":[{"@type":"WebPage","@id":"https:\/\/annaalbert.com\/es\/producto-es\/bolso-para-mujer-hecho-a-mano\/","url":"https:\/\/annaalbert.com\/es\/producto-es\/bolso-para-mujer-hecho-a-mano\/","name":"Bolso para mujer hecho a mano- Art en Seda","isPartOf":{"@id":"https:\/\/annaalbert.com\/es\/#website"},"primaryImageOfPage":{"@id":"https:\/\/annaalbert.com\/es\/producto-es\/bolso-para-mujer-hecho-a-mano\/#primaryimage"},"image":{"@id":"https:\/\/annaalbert.com\/es\/producto-es\/bolso-para-mujer-hecho-a-mano\/#primaryimage"},"thumbnailUrl":"https:\/\/annaalbert.com\/wp-content\/uploads\/2021\/05\/bolso4-artenseda.jpg","datePublished":"2021-05-19T15:00:24+00:00","dateModified":"2024-04-22T08:17:26+00:00","description":"Bolso para mujer hecho a mano, Bolso estampado con aplicaciones de sedas. Dise\u00f1o de fantas\u00eda pieza \u00fanica creada en Barcelona.","breadcrumb":{"@id":"https:\/\/annaalbert.com\/es\/producto-es\/bolso-para-mujer-hecho-a-mano\/#breadcrumb"},"inLanguage":"es","potentialAction":[{"@type":"ReadAction","target":["https:\/\/annaalbert.com\/es\/producto-es\/bolso-para-mujer-hecho-a-mano\/"]}]},{"@type":"ImageObject","inLanguage":"es","@id":"https:\/\/annaalbert.com\/es\/producto-es\/bolso-para-mujer-hecho-a-mano\/#primaryimage","url":"https:\/\/annaalbert.com\/wp-content\/uploads\/2021\/05\/bolso4-artenseda.jpg","contentUrl":"https:\/\/annaalbert.com\/wp-content\/uploads\/2021\/05\/bolso4-artenseda.jpg","width":800,"height":960,"caption":"bolso fet a m\u00e0"},{"@type":"BreadcrumbList","@id":"https:\/\/annaalbert.com\/es\/producto-es\/bolso-para-mujer-hecho-a-mano\/#breadcrumb","itemListElement":[{"@type":"ListItem","position":1,"name":"Portada","item":"https:\/\/annaalbert.com\/es\/"},{"@type":"ListItem","position":2,"name":"Tienda","item":"https:\/\/annaalbert.com\/tienda\/"},{"@type":"ListItem","position":3,"name":"BOLSO PARA MUJER HECHO A MANO"}]},{"@type":"WebSite","@id":"https:\/\/annaalbert.com\/es\/#website","url":"https:\/\/annaalbert.com\/es\/","name":"Art en Seda","description":"Productos de seda pintada a mano, asi como cursos, talleres, experiencias por la artesana Anna Albert","publisher":{"@id":"https:\/\/annaalbert.com\/es\/#organization"},"potentialAction":[{"@type":"SearchAction","target":{"@type":"EntryPoint","urlTemplate":"https:\/\/annaalbert.com\/es\/?s={search_term_string}"},"query-input":{"@type":"PropertyValueSpecification","valueRequired":true,"valueName":"search_term_string"}}],"inLanguage":"es"},{"@type":"Organization","@id":"https:\/\/annaalbert.com\/es\/#organization","name":"Art en Seda by Anna Albert","url":"https:\/\/annaalbert.com\/es\/","logo":{"@type":"ImageObject","inLanguage":"es","@id":"https:\/\/annaalbert.com\/es\/#\/schema\/logo\/image\/","url":"https:\/\/annaalbert.com\/wp-content\/uploads\/2021\/01\/horitzontal_fonsblanc-scaled.jpg","contentUrl":"https:\/\/annaalbert.com\/wp-content\/uploads\/2021\/01\/horitzontal_fonsblanc-scaled.jpg","width":2560,"height":779,"caption":"Art en Seda by Anna Albert"},"image":{"@id":"https:\/\/annaalbert.com\/es\/#\/schema\/logo\/image\/"}}]}},"_links":{"self":[{"href":"https:\/\/annaalbert.com\/es\/wp-json\/wp\/v2\/product\/10735","targetHints":{"allow":["GET"]}}],"collection":[{"href":"https:\/\/annaalbert.com\/es\/wp-json\/wp\/v2\/product"}],"about":[{"href":"https:\/\/annaalbert.com\/es\/wp-json\/wp\/v2\/types\/product"}],"replies":[{"embeddable":true,"href":"https:\/\/annaalbert.com\/es\/wp-json\/wp\/v2\/comments?post=10735"}],"wp:featuredmedia":[{"embeddable":true,"href":"https:\/\/annaalbert.com\/es\/wp-json\/wp\/v2\/media\/12227"}],"wp:attachment":[{"href":"https:\/\/annaalbert.com\/es\/wp-json\/wp\/v2\/media?parent=10735"}],"wp:term":[{"taxonomy":"product_brand","embeddable":true,"href":"https:\/\/annaalbert.com\/es\/wp-json\/wp\/v2\/product_brand?post=10735"},{"taxonomy":"product_cat","embeddable":true,"href":"https:\/\/annaalbert.com\/es\/wp-json\/wp\/v2\/product_cat?post=10735"},{"taxonomy":"product_tag","embeddable":true,"href":"https:\/\/annaalbert.com\/es\/wp-json\/wp\/v2\/product_tag?post=10735"}],"curies":[{"name":"wp","href":"https:\/\/api.w.org\/{rel}","templated":true}]}}