{"id":10733,"date":"2021-05-21T14:12:32","date_gmt":"2021-05-21T14:12:32","guid":{"rendered":"https:\/\/annaalbert.com\/producto\/bolso-de-diseno-de-tela-estampada-fantasia\/"},"modified":"2024-04-22T08:16:38","modified_gmt":"2024-04-22T08:16:38","slug":"bolsa-de-diseno-de-tela-estampada-fantasia","status":"publish","type":"product","link":"https:\/\/annaalbert.com\/es\/producto-es\/bolsa-de-diseno-de-tela-estampada-fantasia\/","title":{"rendered":"BOLSO DE DISE\u00d1O DE TELA ESTAMPADA FANTAS\u00cdA"},"content":{"rendered":"<h1><strong>Bolso de dise\u00f1o de tela estampado de fantas\u00eda con sedas pintadas a mano y otros tejidos.<\/strong><\/h1>\n<p><strong>Bolso de dise\u00f1o de tela estampado de fantas\u00eda con sedas pintadas a mano y otros tejidos.<\/strong><\/p>\n<p>Este bolso lo he hecho con sedas que pinto en mi Taller del Masnou.<\/p>\n<p><strong>Pieza \u00fanica<\/strong> con sedas y otros detalles que la hacen diferente y original. El asa es para ir cruzada y se puede adaptar seg\u00fan la altura. En este caso la he hecho con la misma ropa de loneta negra como el detr\u00e1s del bolso. El interior viene forrado y lleva un bolsillo doble.<\/p>\n<p>Este bolso de dise\u00f1o de tela estampada lleva dos etiquetas, una interior y una colgada de la cremallera con un escrito donde certifica que est\u00e1s ante una pieza \u00fanica mimada con todos los detalles por la autora.<\/p>\n<p>Para hacer este bolso he tenido en cuenta el <strong>aprovechamiento de recortes<\/strong> que genero cuando pinto sedas de diferentes texturas y lanas de diferentes colores. Es una colecci\u00f3n que naci\u00f3 para no crear desechos y es ideal para una mujer que se identifica con los valores de <strong>sostenibilidad y el reciclaje<\/strong>.<\/p>\n<p>Este bolso no necesita una cura muy especial a pesar de que lleve sedas pintadas a mano. Lo puedes lavar a m\u00e1quina y tambi\u00e9n a mano. Mejor con agua fr\u00eda. Como toda tu ropa, si la lavas con cuidado, le alargas la vida y te lo agradece. Yo siempre digo que cuides de tu bolso como cuidas de ti, con mimo y aprecio. Si lo haces as\u00ed, no dudes que te lo agradecer\u00e1.<\/p>\n<p>Si quieres ver otra opci\u00f3n de bolso puedes clicar <a href=\"https:\/\/annaalbert.com\/producto\/bossa-per-dona-feta-a-ma\/\"><strong>aqu\u00ed<\/strong><\/a><\/p>\n","protected":false},"excerpt":{"rendered":"<p>Bolso de dise\u00f1o de tela estampado de fantas\u00eda con sedas pintadas a mano y otros tejidos. Bolso de dise\u00f1o de tela estampado de fantas\u00eda con sedas pintadas a mano y otros tejidos. Este bolso lo he hecho con sedas que pinto en mi Taller del Masnou. Pieza \u00fanica con sedas y otros detalles que la [&hellip;]<\/p>\n","protected":false},"featured_media":12224,"comment_status":"closed","ping_status":"closed","template":"","meta":{"_et_pb_use_builder":"","_et_pb_old_content":"","_et_gb_content_width":""},"product_brand":[],"product_cat":[358],"product_tag":[370],"class_list":{"0":"post-10733","1":"product","2":"type-product","3":"status-publish","4":"has-post-thumbnail","6":"product_cat-bolsos-es-2","7":"product_tag-bolsa-de-diseno","9":"first","10":"outofstock","11":"taxable","12":"shipping-taxable","13":"purchasable","14":"product-type-simple"},"yoast_head":"<!-- This site is optimized with the Yoast SEO plugin v27.4 - https:\/\/yoast.com\/product\/yoast-seo-wordpress\/ -->\n<title>Bolso de dise\u00f1o de tela estampada de fantas\u00eda - Art en Seda<\/title>\n<meta name=\"description\" content=\"Bolso de dise\u00f1o de tela estampado de fantas\u00eda con sedas pintadas a mano y otros tejidos. Pieza \u00fanica hecha en Barcelona, con sedas y detalles que la hacen \u00fanica.\" \/>\n<meta name=\"robots\" content=\"index, follow, max-snippet:-1, max-image-preview:large, max-video-preview:-1\" \/>\n<link rel=\"canonical\" href=\"https:\/\/annaalbert.com\/es\/producto-es\/bolsa-de-diseno-de-tela-estampada-fantasia\/\" \/>\n<meta property=\"og:locale\" content=\"es_ES\" \/>\n<meta property=\"og:type\" content=\"article\" \/>\n<meta property=\"og:title\" content=\"Bolso de dise\u00f1o de tela estampada de fantas\u00eda - Art en Seda\" \/>\n<meta property=\"og:description\" content=\"Bolso de dise\u00f1o de tela estampado de fantas\u00eda con sedas pintadas a mano y otros tejidos. Pieza \u00fanica hecha en Barcelona, con sedas y detalles que la hacen \u00fanica.\" \/>\n<meta property=\"og:url\" content=\"https:\/\/annaalbert.com\/es\/producto-es\/bolsa-de-diseno-de-tela-estampada-fantasia\/\" \/>\n<meta property=\"og:site_name\" content=\"Art en Seda\" \/>\n<meta property=\"article:modified_time\" content=\"2024-04-22T08:16:38+00:00\" \/>\n<meta property=\"og:image\" content=\"https:\/\/annaalbert.com\/wp-content\/uploads\/2021\/05\/bolso3-artenseda.jpg\" \/>\n\t<meta property=\"og:image:width\" content=\"800\" \/>\n\t<meta property=\"og:image:height\" content=\"960\" \/>\n\t<meta property=\"og:image:type\" content=\"image\/jpeg\" \/>\n<meta name=\"twitter:card\" content=\"summary_large_image\" \/>\n<meta name=\"twitter:label1\" content=\"Tiempo de lectura\" \/>\n\t<meta name=\"twitter:data1\" content=\"1 minuto\" \/>\n<script type=\"application\/ld+json\" class=\"yoast-schema-graph\">{\"@context\":\"https:\\\/\\\/schema.org\",\"@graph\":[{\"@type\":\"WebPage\",\"@id\":\"https:\\\/\\\/annaalbert.com\\\/es\\\/producto-es\\\/bolsa-de-diseno-de-tela-estampada-fantasia\\\/\",\"url\":\"https:\\\/\\\/annaalbert.com\\\/es\\\/producto-es\\\/bolsa-de-diseno-de-tela-estampada-fantasia\\\/\",\"name\":\"Bolso de dise\u00f1o de tela estampada de fantas\u00eda - Art en Seda\",\"isPartOf\":{\"@id\":\"https:\\\/\\\/annaalbert.com\\\/es\\\/#website\"},\"primaryImageOfPage\":{\"@id\":\"https:\\\/\\\/annaalbert.com\\\/es\\\/producto-es\\\/bolsa-de-diseno-de-tela-estampada-fantasia\\\/#primaryimage\"},\"image\":{\"@id\":\"https:\\\/\\\/annaalbert.com\\\/es\\\/producto-es\\\/bolsa-de-diseno-de-tela-estampada-fantasia\\\/#primaryimage\"},\"thumbnailUrl\":\"https:\\\/\\\/annaalbert.com\\\/wp-content\\\/uploads\\\/2021\\\/05\\\/bolso3-artenseda.jpg\",\"datePublished\":\"2021-05-21T14:12:32+00:00\",\"dateModified\":\"2024-04-22T08:16:38+00:00\",\"description\":\"Bolso de dise\u00f1o de tela estampado de fantas\u00eda con sedas pintadas a mano y otros tejidos. Pieza \u00fanica hecha en Barcelona, con sedas y detalles que la hacen \u00fanica.\",\"breadcrumb\":{\"@id\":\"https:\\\/\\\/annaalbert.com\\\/es\\\/producto-es\\\/bolsa-de-diseno-de-tela-estampada-fantasia\\\/#breadcrumb\"},\"inLanguage\":\"es\",\"potentialAction\":[{\"@type\":\"ReadAction\",\"target\":[\"https:\\\/\\\/annaalbert.com\\\/es\\\/producto-es\\\/bolsa-de-diseno-de-tela-estampada-fantasia\\\/\"]}]},{\"@type\":\"ImageObject\",\"inLanguage\":\"es\",\"@id\":\"https:\\\/\\\/annaalbert.com\\\/es\\\/producto-es\\\/bolsa-de-diseno-de-tela-estampada-fantasia\\\/#primaryimage\",\"url\":\"https:\\\/\\\/annaalbert.com\\\/wp-content\\\/uploads\\\/2021\\\/05\\\/bolso3-artenseda.jpg\",\"contentUrl\":\"https:\\\/\\\/annaalbert.com\\\/wp-content\\\/uploads\\\/2021\\\/05\\\/bolso3-artenseda.jpg\",\"width\":800,\"height\":960,\"caption\":\"bolso fantasia\"},{\"@type\":\"BreadcrumbList\",\"@id\":\"https:\\\/\\\/annaalbert.com\\\/es\\\/producto-es\\\/bolsa-de-diseno-de-tela-estampada-fantasia\\\/#breadcrumb\",\"itemListElement\":[{\"@type\":\"ListItem\",\"position\":1,\"name\":\"Portada\",\"item\":\"https:\\\/\\\/annaalbert.com\\\/es\\\/\"},{\"@type\":\"ListItem\",\"position\":2,\"name\":\"Tienda\",\"item\":\"https:\\\/\\\/annaalbert.com\\\/tienda\\\/\"},{\"@type\":\"ListItem\",\"position\":3,\"name\":\"BOLSO DE DISE\u00d1O DE TELA ESTAMPADA FANTAS\u00cdA\"}]},{\"@type\":\"WebSite\",\"@id\":\"https:\\\/\\\/annaalbert.com\\\/es\\\/#website\",\"url\":\"https:\\\/\\\/annaalbert.com\\\/es\\\/\",\"name\":\"Art en Seda\",\"description\":\"Productos de seda pintada a mano, asi como cursos, talleres, experiencias por la artesana Anna Albert\",\"publisher\":{\"@id\":\"https:\\\/\\\/annaalbert.com\\\/es\\\/#organization\"},\"potentialAction\":[{\"@type\":\"SearchAction\",\"target\":{\"@type\":\"EntryPoint\",\"urlTemplate\":\"https:\\\/\\\/annaalbert.com\\\/es\\\/?s={search_term_string}\"},\"query-input\":{\"@type\":\"PropertyValueSpecification\",\"valueRequired\":true,\"valueName\":\"search_term_string\"}}],\"inLanguage\":\"es\"},{\"@type\":\"Organization\",\"@id\":\"https:\\\/\\\/annaalbert.com\\\/es\\\/#organization\",\"name\":\"Art en Seda by Anna Albert\",\"url\":\"https:\\\/\\\/annaalbert.com\\\/es\\\/\",\"logo\":{\"@type\":\"ImageObject\",\"inLanguage\":\"es\",\"@id\":\"https:\\\/\\\/annaalbert.com\\\/es\\\/#\\\/schema\\\/logo\\\/image\\\/\",\"url\":\"https:\\\/\\\/annaalbert.com\\\/wp-content\\\/uploads\\\/2021\\\/01\\\/horitzontal_fonsblanc-scaled.jpg\",\"contentUrl\":\"https:\\\/\\\/annaalbert.com\\\/wp-content\\\/uploads\\\/2021\\\/01\\\/horitzontal_fonsblanc-scaled.jpg\",\"width\":2560,\"height\":779,\"caption\":\"Art en Seda by Anna Albert\"},\"image\":{\"@id\":\"https:\\\/\\\/annaalbert.com\\\/es\\\/#\\\/schema\\\/logo\\\/image\\\/\"}}]}<\/script>\n<!-- \/ Yoast SEO plugin. -->","yoast_head_json":{"title":"Bolso de dise\u00f1o de tela estampada de fantas\u00eda - Art en Seda","description":"Bolso de dise\u00f1o de tela estampado de fantas\u00eda con sedas pintadas a mano y otros tejidos. Pieza \u00fanica hecha en Barcelona, con sedas y detalles que la hacen \u00fanica.","robots":{"index":"index","follow":"follow","max-snippet":"max-snippet:-1","max-image-preview":"max-image-preview:large","max-video-preview":"max-video-preview:-1"},"canonical":"https:\/\/annaalbert.com\/es\/producto-es\/bolsa-de-diseno-de-tela-estampada-fantasia\/","og_locale":"es_ES","og_type":"article","og_title":"Bolso de dise\u00f1o de tela estampada de fantas\u00eda - Art en Seda","og_description":"Bolso de dise\u00f1o de tela estampado de fantas\u00eda con sedas pintadas a mano y otros tejidos. Pieza \u00fanica hecha en Barcelona, con sedas y detalles que la hacen \u00fanica.","og_url":"https:\/\/annaalbert.com\/es\/producto-es\/bolsa-de-diseno-de-tela-estampada-fantasia\/","og_site_name":"Art en Seda","article_modified_time":"2024-04-22T08:16:38+00:00","og_image":[{"width":800,"height":960,"url":"https:\/\/annaalbert.com\/wp-content\/uploads\/2021\/05\/bolso3-artenseda.jpg","type":"image\/jpeg"}],"twitter_card":"summary_large_image","twitter_misc":{"Tiempo de lectura":"1 minuto"},"schema":{"@context":"https:\/\/schema.org","@graph":[{"@type":"WebPage","@id":"https:\/\/annaalbert.com\/es\/producto-es\/bolsa-de-diseno-de-tela-estampada-fantasia\/","url":"https:\/\/annaalbert.com\/es\/producto-es\/bolsa-de-diseno-de-tela-estampada-fantasia\/","name":"Bolso de dise\u00f1o de tela estampada de fantas\u00eda - Art en Seda","isPartOf":{"@id":"https:\/\/annaalbert.com\/es\/#website"},"primaryImageOfPage":{"@id":"https:\/\/annaalbert.com\/es\/producto-es\/bolsa-de-diseno-de-tela-estampada-fantasia\/#primaryimage"},"image":{"@id":"https:\/\/annaalbert.com\/es\/producto-es\/bolsa-de-diseno-de-tela-estampada-fantasia\/#primaryimage"},"thumbnailUrl":"https:\/\/annaalbert.com\/wp-content\/uploads\/2021\/05\/bolso3-artenseda.jpg","datePublished":"2021-05-21T14:12:32+00:00","dateModified":"2024-04-22T08:16:38+00:00","description":"Bolso de dise\u00f1o de tela estampado de fantas\u00eda con sedas pintadas a mano y otros tejidos. Pieza \u00fanica hecha en Barcelona, con sedas y detalles que la hacen \u00fanica.","breadcrumb":{"@id":"https:\/\/annaalbert.com\/es\/producto-es\/bolsa-de-diseno-de-tela-estampada-fantasia\/#breadcrumb"},"inLanguage":"es","potentialAction":[{"@type":"ReadAction","target":["https:\/\/annaalbert.com\/es\/producto-es\/bolsa-de-diseno-de-tela-estampada-fantasia\/"]}]},{"@type":"ImageObject","inLanguage":"es","@id":"https:\/\/annaalbert.com\/es\/producto-es\/bolsa-de-diseno-de-tela-estampada-fantasia\/#primaryimage","url":"https:\/\/annaalbert.com\/wp-content\/uploads\/2021\/05\/bolso3-artenseda.jpg","contentUrl":"https:\/\/annaalbert.com\/wp-content\/uploads\/2021\/05\/bolso3-artenseda.jpg","width":800,"height":960,"caption":"bolso fantasia"},{"@type":"BreadcrumbList","@id":"https:\/\/annaalbert.com\/es\/producto-es\/bolsa-de-diseno-de-tela-estampada-fantasia\/#breadcrumb","itemListElement":[{"@type":"ListItem","position":1,"name":"Portada","item":"https:\/\/annaalbert.com\/es\/"},{"@type":"ListItem","position":2,"name":"Tienda","item":"https:\/\/annaalbert.com\/tienda\/"},{"@type":"ListItem","position":3,"name":"BOLSO DE DISE\u00d1O DE TELA ESTAMPADA FANTAS\u00cdA"}]},{"@type":"WebSite","@id":"https:\/\/annaalbert.com\/es\/#website","url":"https:\/\/annaalbert.com\/es\/","name":"Art en Seda","description":"Productos de seda pintada a mano, asi como cursos, talleres, experiencias por la artesana Anna Albert","publisher":{"@id":"https:\/\/annaalbert.com\/es\/#organization"},"potentialAction":[{"@type":"SearchAction","target":{"@type":"EntryPoint","urlTemplate":"https:\/\/annaalbert.com\/es\/?s={search_term_string}"},"query-input":{"@type":"PropertyValueSpecification","valueRequired":true,"valueName":"search_term_string"}}],"inLanguage":"es"},{"@type":"Organization","@id":"https:\/\/annaalbert.com\/es\/#organization","name":"Art en Seda by Anna Albert","url":"https:\/\/annaalbert.com\/es\/","logo":{"@type":"ImageObject","inLanguage":"es","@id":"https:\/\/annaalbert.com\/es\/#\/schema\/logo\/image\/","url":"https:\/\/annaalbert.com\/wp-content\/uploads\/2021\/01\/horitzontal_fonsblanc-scaled.jpg","contentUrl":"https:\/\/annaalbert.com\/wp-content\/uploads\/2021\/01\/horitzontal_fonsblanc-scaled.jpg","width":2560,"height":779,"caption":"Art en Seda by Anna Albert"},"image":{"@id":"https:\/\/annaalbert.com\/es\/#\/schema\/logo\/image\/"}}]}},"_links":{"self":[{"href":"https:\/\/annaalbert.com\/es\/wp-json\/wp\/v2\/product\/10733","targetHints":{"allow":["GET"]}}],"collection":[{"href":"https:\/\/annaalbert.com\/es\/wp-json\/wp\/v2\/product"}],"about":[{"href":"https:\/\/annaalbert.com\/es\/wp-json\/wp\/v2\/types\/product"}],"replies":[{"embeddable":true,"href":"https:\/\/annaalbert.com\/es\/wp-json\/wp\/v2\/comments?post=10733"}],"wp:featuredmedia":[{"embeddable":true,"href":"https:\/\/annaalbert.com\/es\/wp-json\/wp\/v2\/media\/12224"}],"wp:attachment":[{"href":"https:\/\/annaalbert.com\/es\/wp-json\/wp\/v2\/media?parent=10733"}],"wp:term":[{"taxonomy":"product_brand","embeddable":true,"href":"https:\/\/annaalbert.com\/es\/wp-json\/wp\/v2\/product_brand?post=10733"},{"taxonomy":"product_cat","embeddable":true,"href":"https:\/\/annaalbert.com\/es\/wp-json\/wp\/v2\/product_cat?post=10733"},{"taxonomy":"product_tag","embeddable":true,"href":"https:\/\/annaalbert.com\/es\/wp-json\/wp\/v2\/product_tag?post=10733"}],"curies":[{"name":"wp","href":"https:\/\/api.w.org\/{rel}","templated":true}]}}