{"id":10725,"date":"2021-05-22T09:32:34","date_gmt":"2021-05-22T09:32:34","guid":{"rendered":"https:\/\/annaalbert.com\/producto\/bolsa-mujer-seda-marron\/"},"modified":"2023-10-17T09:02:24","modified_gmt":"2023-10-17T09:02:24","slug":"bolso-mujer-seda-marron","status":"publish","type":"product","link":"https:\/\/annaalbert.com\/es\/producto-es\/bolso-mujer-seda-marron\/","title":{"rendered":"BOLSO MUJER SEDA MARR\u00d3N"},"content":{"rendered":"<p>Descubre la sublime elegancia con nuestro bolso de mujer de seda marr\u00f3n, una obra maestra hecha a mano con la m\u00e1s fina seda natural. Elaborada en Barcelona, esta bolsa es mucho m\u00e1s que un simple accesorio de moda; es una expresi\u00f3n de tu sofisticaci\u00f3n y gusto por el lujo. Es m\u00e1s, cada detalle de esta bolsa es fruto de la dedicaci\u00f3n de artesanos apasionados, que han creado una pieza que te cautivar\u00e1 a primera vista.<\/p>\n<p>La seda natural utilizada en este bolso no solo es ligera como una pluma, sino que tambi\u00e9n ofrece una sensaci\u00f3n extraordinaria en la piel. Adem\u00e1s, el suave tacto de la seda es perfecto para la mujer que aprecia la comodidad y el estilo. El marr\u00f3n suave y rico es vers\u00e1til, que combina con una amplia gama de ropa y es ideal para cualquier ocasi\u00f3n.<\/p>\n<p>Nuestro bolso de mujer de seda marr\u00f3n es amplio y espacioso, ofreciendo suficiente capacidad para todos tus esenciales diarios. Ya sea para el trabajo, un encuentro social o una noche en la ciudad, este bolso te proporcionar\u00e1 el espacio necesario sin comprometer la elegancia.<\/p>\n<p>Pieza \u00fanica y original para cualquier mujer.<\/p>\n<p>No quedar\u00e1s indiferente a la vista y tacto.<\/p>\n<p><a href=\"https:\/\/annaalbert.com\/es\/producto-es\/bolso-de-ropa-para-mujer-primavera\/\">Aqu\u00ed<\/a> encontrar\u00e9is otro bolso que os podr\u00eda interesar.<\/p>\n","protected":false},"excerpt":{"rendered":"<p>Bolso mujer seda marr\u00f3n hecho a mano.<\/p>\n","protected":false},"featured_media":9630,"comment_status":"closed","ping_status":"closed","template":"","meta":{"_et_pb_use_builder":"","_et_pb_old_content":"","_et_gb_content_width":""},"product_brand":[],"product_cat":[358],"product_tag":[],"class_list":{"0":"post-10725","1":"product","2":"type-product","3":"status-publish","4":"has-post-thumbnail","6":"product_cat-bolsos-es-2","8":"first","9":"outofstock","10":"taxable","11":"shipping-taxable","12":"purchasable","13":"product-type-simple"},"yoast_head":"<!-- This site is optimized with the Yoast SEO plugin v27.4 - https:\/\/yoast.com\/product\/yoast-seo-wordpress\/ -->\n<title>Bolso mujer seda marr\u00f3n - Art en Seda<\/title>\n<meta name=\"description\" content=\"Bolso mujer seda marr\u00f3n hecho a mano elaborado en Barcelona. Pieza \u00fanica y original para cualquier mujer. No quedar\u00e1s indiferente a la vista y tacto.\" \/>\n<meta name=\"robots\" content=\"index, follow, max-snippet:-1, max-image-preview:large, max-video-preview:-1\" \/>\n<link rel=\"canonical\" href=\"https:\/\/annaalbert.com\/es\/producto-es\/bolso-mujer-seda-marron\/\" \/>\n<meta property=\"og:locale\" content=\"es_ES\" \/>\n<meta property=\"og:type\" content=\"article\" \/>\n<meta property=\"og:title\" content=\"Bolso mujer seda marr\u00f3n - Art en Seda\" \/>\n<meta property=\"og:description\" content=\"Bolso mujer seda marr\u00f3n hecho a mano elaborado en Barcelona. Pieza \u00fanica y original para cualquier mujer. No quedar\u00e1s indiferente a la vista y tacto.\" \/>\n<meta property=\"og:url\" content=\"https:\/\/annaalbert.com\/es\/producto-es\/bolso-mujer-seda-marron\/\" \/>\n<meta property=\"og:site_name\" content=\"Art en Seda\" \/>\n<meta property=\"article:modified_time\" content=\"2023-10-17T09:02:24+00:00\" \/>\n<meta property=\"og:image\" content=\"https:\/\/annaalbert.com\/wp-content\/uploads\/2021\/05\/bossa-de-disseny-marron.jpg\" \/>\n\t<meta property=\"og:image:width\" content=\"800\" \/>\n\t<meta property=\"og:image:height\" content=\"960\" \/>\n\t<meta property=\"og:image:type\" content=\"image\/jpeg\" \/>\n<meta name=\"twitter:card\" content=\"summary_large_image\" \/>\n<meta name=\"twitter:label1\" content=\"Tiempo de lectura\" \/>\n\t<meta name=\"twitter:data1\" content=\"1 minuto\" \/>\n<script type=\"application\/ld+json\" class=\"yoast-schema-graph\">{\"@context\":\"https:\\\/\\\/schema.org\",\"@graph\":[{\"@type\":\"WebPage\",\"@id\":\"https:\\\/\\\/annaalbert.com\\\/es\\\/producto-es\\\/bolso-mujer-seda-marron\\\/\",\"url\":\"https:\\\/\\\/annaalbert.com\\\/es\\\/producto-es\\\/bolso-mujer-seda-marron\\\/\",\"name\":\"Bolso mujer seda marr\u00f3n - Art en Seda\",\"isPartOf\":{\"@id\":\"https:\\\/\\\/annaalbert.com\\\/es\\\/#website\"},\"primaryImageOfPage\":{\"@id\":\"https:\\\/\\\/annaalbert.com\\\/es\\\/producto-es\\\/bolso-mujer-seda-marron\\\/#primaryimage\"},\"image\":{\"@id\":\"https:\\\/\\\/annaalbert.com\\\/es\\\/producto-es\\\/bolso-mujer-seda-marron\\\/#primaryimage\"},\"thumbnailUrl\":\"https:\\\/\\\/annaalbert.com\\\/wp-content\\\/uploads\\\/2021\\\/05\\\/bossa-de-disseny-marron.jpg\",\"datePublished\":\"2021-05-22T09:32:34+00:00\",\"dateModified\":\"2023-10-17T09:02:24+00:00\",\"description\":\"Bolso mujer seda marr\u00f3n hecho a mano elaborado en Barcelona. Pieza \u00fanica y original para cualquier mujer. No quedar\u00e1s indiferente a la vista y tacto.\",\"breadcrumb\":{\"@id\":\"https:\\\/\\\/annaalbert.com\\\/es\\\/producto-es\\\/bolso-mujer-seda-marron\\\/#breadcrumb\"},\"inLanguage\":\"es\",\"potentialAction\":[{\"@type\":\"ReadAction\",\"target\":[\"https:\\\/\\\/annaalbert.com\\\/es\\\/producto-es\\\/bolso-mujer-seda-marron\\\/\"]}]},{\"@type\":\"ImageObject\",\"inLanguage\":\"es\",\"@id\":\"https:\\\/\\\/annaalbert.com\\\/es\\\/producto-es\\\/bolso-mujer-seda-marron\\\/#primaryimage\",\"url\":\"https:\\\/\\\/annaalbert.com\\\/wp-content\\\/uploads\\\/2021\\\/05\\\/bossa-de-disseny-marron.jpg\",\"contentUrl\":\"https:\\\/\\\/annaalbert.com\\\/wp-content\\\/uploads\\\/2021\\\/05\\\/bossa-de-disseny-marron.jpg\",\"width\":800,\"height\":960,\"caption\":\"bossa dona seda marr\u00f3\"},{\"@type\":\"BreadcrumbList\",\"@id\":\"https:\\\/\\\/annaalbert.com\\\/es\\\/producto-es\\\/bolso-mujer-seda-marron\\\/#breadcrumb\",\"itemListElement\":[{\"@type\":\"ListItem\",\"position\":1,\"name\":\"Portada\",\"item\":\"https:\\\/\\\/annaalbert.com\\\/es\\\/\"},{\"@type\":\"ListItem\",\"position\":2,\"name\":\"Tienda\",\"item\":\"https:\\\/\\\/annaalbert.com\\\/tienda\\\/\"},{\"@type\":\"ListItem\",\"position\":3,\"name\":\"BOLSO MUJER SEDA MARR\u00d3N\"}]},{\"@type\":\"WebSite\",\"@id\":\"https:\\\/\\\/annaalbert.com\\\/es\\\/#website\",\"url\":\"https:\\\/\\\/annaalbert.com\\\/es\\\/\",\"name\":\"Art en Seda\",\"description\":\"Productos de seda pintada a mano, asi como cursos, talleres, experiencias por la artesana Anna Albert\",\"publisher\":{\"@id\":\"https:\\\/\\\/annaalbert.com\\\/es\\\/#organization\"},\"potentialAction\":[{\"@type\":\"SearchAction\",\"target\":{\"@type\":\"EntryPoint\",\"urlTemplate\":\"https:\\\/\\\/annaalbert.com\\\/es\\\/?s={search_term_string}\"},\"query-input\":{\"@type\":\"PropertyValueSpecification\",\"valueRequired\":true,\"valueName\":\"search_term_string\"}}],\"inLanguage\":\"es\"},{\"@type\":\"Organization\",\"@id\":\"https:\\\/\\\/annaalbert.com\\\/es\\\/#organization\",\"name\":\"Art en Seda by Anna Albert\",\"url\":\"https:\\\/\\\/annaalbert.com\\\/es\\\/\",\"logo\":{\"@type\":\"ImageObject\",\"inLanguage\":\"es\",\"@id\":\"https:\\\/\\\/annaalbert.com\\\/es\\\/#\\\/schema\\\/logo\\\/image\\\/\",\"url\":\"https:\\\/\\\/annaalbert.com\\\/wp-content\\\/uploads\\\/2021\\\/01\\\/horitzontal_fonsblanc-scaled.jpg\",\"contentUrl\":\"https:\\\/\\\/annaalbert.com\\\/wp-content\\\/uploads\\\/2021\\\/01\\\/horitzontal_fonsblanc-scaled.jpg\",\"width\":2560,\"height\":779,\"caption\":\"Art en Seda by Anna Albert\"},\"image\":{\"@id\":\"https:\\\/\\\/annaalbert.com\\\/es\\\/#\\\/schema\\\/logo\\\/image\\\/\"}}]}<\/script>\n<!-- \/ Yoast SEO plugin. -->","yoast_head_json":{"title":"Bolso mujer seda marr\u00f3n - Art en Seda","description":"Bolso mujer seda marr\u00f3n hecho a mano elaborado en Barcelona. Pieza \u00fanica y original para cualquier mujer. No quedar\u00e1s indiferente a la vista y tacto.","robots":{"index":"index","follow":"follow","max-snippet":"max-snippet:-1","max-image-preview":"max-image-preview:large","max-video-preview":"max-video-preview:-1"},"canonical":"https:\/\/annaalbert.com\/es\/producto-es\/bolso-mujer-seda-marron\/","og_locale":"es_ES","og_type":"article","og_title":"Bolso mujer seda marr\u00f3n - Art en Seda","og_description":"Bolso mujer seda marr\u00f3n hecho a mano elaborado en Barcelona. Pieza \u00fanica y original para cualquier mujer. No quedar\u00e1s indiferente a la vista y tacto.","og_url":"https:\/\/annaalbert.com\/es\/producto-es\/bolso-mujer-seda-marron\/","og_site_name":"Art en Seda","article_modified_time":"2023-10-17T09:02:24+00:00","og_image":[{"width":800,"height":960,"url":"https:\/\/annaalbert.com\/wp-content\/uploads\/2021\/05\/bossa-de-disseny-marron.jpg","type":"image\/jpeg"}],"twitter_card":"summary_large_image","twitter_misc":{"Tiempo de lectura":"1 minuto"},"schema":{"@context":"https:\/\/schema.org","@graph":[{"@type":"WebPage","@id":"https:\/\/annaalbert.com\/es\/producto-es\/bolso-mujer-seda-marron\/","url":"https:\/\/annaalbert.com\/es\/producto-es\/bolso-mujer-seda-marron\/","name":"Bolso mujer seda marr\u00f3n - Art en Seda","isPartOf":{"@id":"https:\/\/annaalbert.com\/es\/#website"},"primaryImageOfPage":{"@id":"https:\/\/annaalbert.com\/es\/producto-es\/bolso-mujer-seda-marron\/#primaryimage"},"image":{"@id":"https:\/\/annaalbert.com\/es\/producto-es\/bolso-mujer-seda-marron\/#primaryimage"},"thumbnailUrl":"https:\/\/annaalbert.com\/wp-content\/uploads\/2021\/05\/bossa-de-disseny-marron.jpg","datePublished":"2021-05-22T09:32:34+00:00","dateModified":"2023-10-17T09:02:24+00:00","description":"Bolso mujer seda marr\u00f3n hecho a mano elaborado en Barcelona. Pieza \u00fanica y original para cualquier mujer. No quedar\u00e1s indiferente a la vista y tacto.","breadcrumb":{"@id":"https:\/\/annaalbert.com\/es\/producto-es\/bolso-mujer-seda-marron\/#breadcrumb"},"inLanguage":"es","potentialAction":[{"@type":"ReadAction","target":["https:\/\/annaalbert.com\/es\/producto-es\/bolso-mujer-seda-marron\/"]}]},{"@type":"ImageObject","inLanguage":"es","@id":"https:\/\/annaalbert.com\/es\/producto-es\/bolso-mujer-seda-marron\/#primaryimage","url":"https:\/\/annaalbert.com\/wp-content\/uploads\/2021\/05\/bossa-de-disseny-marron.jpg","contentUrl":"https:\/\/annaalbert.com\/wp-content\/uploads\/2021\/05\/bossa-de-disseny-marron.jpg","width":800,"height":960,"caption":"bossa dona seda marr\u00f3"},{"@type":"BreadcrumbList","@id":"https:\/\/annaalbert.com\/es\/producto-es\/bolso-mujer-seda-marron\/#breadcrumb","itemListElement":[{"@type":"ListItem","position":1,"name":"Portada","item":"https:\/\/annaalbert.com\/es\/"},{"@type":"ListItem","position":2,"name":"Tienda","item":"https:\/\/annaalbert.com\/tienda\/"},{"@type":"ListItem","position":3,"name":"BOLSO MUJER SEDA MARR\u00d3N"}]},{"@type":"WebSite","@id":"https:\/\/annaalbert.com\/es\/#website","url":"https:\/\/annaalbert.com\/es\/","name":"Art en Seda","description":"Productos de seda pintada a mano, asi como cursos, talleres, experiencias por la artesana Anna Albert","publisher":{"@id":"https:\/\/annaalbert.com\/es\/#organization"},"potentialAction":[{"@type":"SearchAction","target":{"@type":"EntryPoint","urlTemplate":"https:\/\/annaalbert.com\/es\/?s={search_term_string}"},"query-input":{"@type":"PropertyValueSpecification","valueRequired":true,"valueName":"search_term_string"}}],"inLanguage":"es"},{"@type":"Organization","@id":"https:\/\/annaalbert.com\/es\/#organization","name":"Art en Seda by Anna Albert","url":"https:\/\/annaalbert.com\/es\/","logo":{"@type":"ImageObject","inLanguage":"es","@id":"https:\/\/annaalbert.com\/es\/#\/schema\/logo\/image\/","url":"https:\/\/annaalbert.com\/wp-content\/uploads\/2021\/01\/horitzontal_fonsblanc-scaled.jpg","contentUrl":"https:\/\/annaalbert.com\/wp-content\/uploads\/2021\/01\/horitzontal_fonsblanc-scaled.jpg","width":2560,"height":779,"caption":"Art en Seda by Anna Albert"},"image":{"@id":"https:\/\/annaalbert.com\/es\/#\/schema\/logo\/image\/"}}]}},"_links":{"self":[{"href":"https:\/\/annaalbert.com\/es\/wp-json\/wp\/v2\/product\/10725","targetHints":{"allow":["GET"]}}],"collection":[{"href":"https:\/\/annaalbert.com\/es\/wp-json\/wp\/v2\/product"}],"about":[{"href":"https:\/\/annaalbert.com\/es\/wp-json\/wp\/v2\/types\/product"}],"replies":[{"embeddable":true,"href":"https:\/\/annaalbert.com\/es\/wp-json\/wp\/v2\/comments?post=10725"}],"wp:featuredmedia":[{"embeddable":true,"href":"https:\/\/annaalbert.com\/es\/wp-json\/wp\/v2\/media\/9630"}],"wp:attachment":[{"href":"https:\/\/annaalbert.com\/es\/wp-json\/wp\/v2\/media?parent=10725"}],"wp:term":[{"taxonomy":"product_brand","embeddable":true,"href":"https:\/\/annaalbert.com\/es\/wp-json\/wp\/v2\/product_brand?post=10725"},{"taxonomy":"product_cat","embeddable":true,"href":"https:\/\/annaalbert.com\/es\/wp-json\/wp\/v2\/product_cat?post=10725"},{"taxonomy":"product_tag","embeddable":true,"href":"https:\/\/annaalbert.com\/es\/wp-json\/wp\/v2\/product_tag?post=10725"}],"curies":[{"name":"wp","href":"https:\/\/api.w.org\/{rel}","templated":true}]}}