{"id":10723,"date":"2021-05-22T10:08:22","date_gmt":"2021-05-22T10:08:22","guid":{"rendered":"https:\/\/annaalbert.com\/producto\/bolsa-de-tela-para-mujer-primavera\/"},"modified":"2024-04-22T08:14:28","modified_gmt":"2024-04-22T08:14:28","slug":"bolso-de-ropa-para-mujer-primavera","status":"publish","type":"product","link":"https:\/\/annaalbert.com\/es\/producto-es\/bolso-de-ropa-para-mujer-primavera\/","title":{"rendered":"BOLSO DE TELA PARA MUJER PRIMAVERA"},"content":{"rendered":"<h1>Bolso de tela para mujer Primavera<\/h1>\n<p>Este <strong>bolso de tela para mujer<\/strong> <strong>Primavera<\/strong> tiene aplicaciones de <strong>sedas pintadas a mano<\/strong> que he pintado en mi taller del Masnou Artenseda y tambi\u00e9n he puesto otras texturas con las que he hecho estas <strong>flores de primavera<\/strong>. Un bolso <strong>pieza \u00fanica<\/strong> para ti, una mujer que le gusta vestir diferente y quiere unos <strong>complementos de moda \u00fanicos y de calidad<\/strong>.<\/p>\n<p>Esta colecci\u00f3n nace de aprovechar recortes de sedas pintadas, lanas, cintas y otros tejidos pintados que reciclo para crear estos bolsos. Ideales para una mujer que vive seg\u00fan <strong>valores como la sostenibilidad y el reciclaje<\/strong> para mejorar las condiciones ambientales del planeta.<\/p>\n<p>Este bolso de tela para mujer Primavera lleva una cremallera exterior y tiene una asa larga para llevar como bandolera de manera cruzada o al hombro. El interior viene forrado y lleva dos bolsillos. La parte de detr\u00e1s es de loneta como la tira para cruzar.<\/p>\n<p>Es un <strong>bolso que no pesa<\/strong>, muy ligero, pr\u00e1ctico para llevar las cosas necesarias y tiene m\u00e1s capacidad de la que aparenta.<\/p>\n<p>Es muy f\u00e1cil para cuidar y mantener. De hecho, no hace falta una cura especial en la hora de lavarlo. Puedes <strong>lavarlo a mano o a m\u00e1quina<\/strong> a pesar de que cualquier prenda de ropa si la cuidas con mimo y aprecio le alargas la vida. Cuida de \u00e9l como cuidar\u00edas de ti y te lo agradecer\u00e1.<\/p>\n<p>Si est\u00e1s pensando si a la seda le puede pasar algo al lavarlo te tengo que decir rotundamente que no. Tienes que saber que yo primero fijo todas las piezas que pinto a alta temperatura y que despu\u00e9s las lavo y plancho sin problema para que te lleguen con <strong>todas las garant\u00edas de calidad<\/strong>.<\/p>\n<p>Si quieres ver algun otro bolso con flores puedes clicar<a href=\"https:\/\/annaalbert.com\/producto\/bossa-de-roba-amb-sedes-i-coto-natura\/\"><strong> aqu\u00ed<\/strong><\/a>.<\/p>\n","protected":false},"excerpt":{"rendered":"<p>Bolso de tela para mujer Primavera Este bolso de tela para mujer Primavera tiene aplicaciones de sedas pintadas a mano que he pintado en mi taller del Masnou Artenseda y tambi\u00e9n he puesto otras texturas con las que he hecho estas flores de primavera. Un bolso pieza \u00fanica para ti, una mujer que le gusta [&hellip;]<\/p>\n","protected":false},"featured_media":12218,"comment_status":"closed","ping_status":"closed","template":"","meta":{"_et_pb_use_builder":"","_et_pb_old_content":"","_et_gb_content_width":""},"product_brand":[],"product_cat":[358],"product_tag":[374,370,359,373,372,371],"class_list":{"0":"post-10723","1":"product","2":"type-product","3":"status-publish","4":"has-post-thumbnail","6":"product_cat-bolsos-es-2","7":"product_tag-bolsa-con-flores","8":"product_tag-bolsa-de-diseno","9":"product_tag-bolsa-de-seda","10":"product_tag-bolsa-de-tela","11":"product_tag-bolsa-estampada","12":"product_tag-bolsa-para-mujer","14":"first","15":"outofstock","16":"taxable","17":"shipping-taxable","18":"purchasable","19":"product-type-simple"},"yoast_head":"<!-- This site is optimized with the Yoast SEO plugin v27.0 - https:\/\/yoast.com\/product\/yoast-seo-wordpress\/ -->\n<title>Bolso de tela para mujer primavera - Art en Seda<\/title>\n<meta name=\"description\" content=\"Bolso de tela para mujer primavera con aplicaciones de sedas pintadas a mano. Un bolso pieza \u00fanica para una mujer que le gusta vestir diferente.\" \/>\n<meta name=\"robots\" content=\"index, follow, max-snippet:-1, max-image-preview:large, max-video-preview:-1\" \/>\n<link rel=\"canonical\" href=\"https:\/\/annaalbert.com\/es\/producto-es\/bolso-de-ropa-para-mujer-primavera\/\" \/>\n<meta property=\"og:locale\" content=\"es_ES\" \/>\n<meta property=\"og:type\" content=\"article\" \/>\n<meta property=\"og:title\" content=\"Bolso de tela para mujer primavera - Art en Seda\" \/>\n<meta property=\"og:description\" content=\"Bolso de tela para mujer primavera con aplicaciones de sedas pintadas a mano. Un bolso pieza \u00fanica para una mujer que le gusta vestir diferente.\" \/>\n<meta property=\"og:url\" content=\"https:\/\/annaalbert.com\/es\/producto-es\/bolso-de-ropa-para-mujer-primavera\/\" \/>\n<meta property=\"og:site_name\" content=\"Art en Seda\" \/>\n<meta property=\"article:modified_time\" content=\"2024-04-22T08:14:28+00:00\" \/>\n<meta property=\"og:image\" content=\"https:\/\/annaalbert.com\/wp-content\/uploads\/2021\/05\/bolso-1-artenseda.jpg\" \/>\n\t<meta property=\"og:image:width\" content=\"800\" \/>\n\t<meta property=\"og:image:height\" content=\"960\" \/>\n\t<meta property=\"og:image:type\" content=\"image\/jpeg\" \/>\n<meta name=\"twitter:card\" content=\"summary_large_image\" \/>\n<meta name=\"twitter:label1\" content=\"Tiempo de lectura\" \/>\n\t<meta name=\"twitter:data1\" content=\"2 minutos\" \/>\n<script type=\"application\/ld+json\" class=\"yoast-schema-graph\">{\"@context\":\"https:\/\/schema.org\",\"@graph\":[{\"@type\":\"WebPage\",\"@id\":\"https:\/\/annaalbert.com\/es\/producto-es\/bolso-de-ropa-para-mujer-primavera\/\",\"url\":\"https:\/\/annaalbert.com\/es\/producto-es\/bolso-de-ropa-para-mujer-primavera\/\",\"name\":\"Bolso de tela para mujer primavera - Art en Seda\",\"isPartOf\":{\"@id\":\"https:\/\/annaalbert.com\/es\/#website\"},\"primaryImageOfPage\":{\"@id\":\"https:\/\/annaalbert.com\/es\/producto-es\/bolso-de-ropa-para-mujer-primavera\/#primaryimage\"},\"image\":{\"@id\":\"https:\/\/annaalbert.com\/es\/producto-es\/bolso-de-ropa-para-mujer-primavera\/#primaryimage\"},\"thumbnailUrl\":\"https:\/\/annaalbert.com\/wp-content\/uploads\/2021\/05\/bolso-1-artenseda.jpg\",\"datePublished\":\"2021-05-22T10:08:22+00:00\",\"dateModified\":\"2024-04-22T08:14:28+00:00\",\"description\":\"Bolso de tela para mujer primavera con aplicaciones de sedas pintadas a mano. Un bolso pieza \u00fanica para una mujer que le gusta vestir diferente.\",\"breadcrumb\":{\"@id\":\"https:\/\/annaalbert.com\/es\/producto-es\/bolso-de-ropa-para-mujer-primavera\/#breadcrumb\"},\"inLanguage\":\"es\",\"potentialAction\":[{\"@type\":\"ReadAction\",\"target\":[\"https:\/\/annaalbert.com\/es\/producto-es\/bolso-de-ropa-para-mujer-primavera\/\"]}]},{\"@type\":\"ImageObject\",\"inLanguage\":\"es\",\"@id\":\"https:\/\/annaalbert.com\/es\/producto-es\/bolso-de-ropa-para-mujer-primavera\/#primaryimage\",\"url\":\"https:\/\/annaalbert.com\/wp-content\/uploads\/2021\/05\/bolso-1-artenseda.jpg\",\"contentUrl\":\"https:\/\/annaalbert.com\/wp-content\/uploads\/2021\/05\/bolso-1-artenseda.jpg\",\"width\":800,\"height\":960,\"caption\":\"bolso primavera\"},{\"@type\":\"BreadcrumbList\",\"@id\":\"https:\/\/annaalbert.com\/es\/producto-es\/bolso-de-ropa-para-mujer-primavera\/#breadcrumb\",\"itemListElement\":[{\"@type\":\"ListItem\",\"position\":1,\"name\":\"Portada\",\"item\":\"https:\/\/annaalbert.com\/es\/\"},{\"@type\":\"ListItem\",\"position\":2,\"name\":\"Tienda\",\"item\":\"https:\/\/annaalbert.com\/tienda\/\"},{\"@type\":\"ListItem\",\"position\":3,\"name\":\"BOLSO DE TELA PARA MUJER PRIMAVERA\"}]},{\"@type\":\"WebSite\",\"@id\":\"https:\/\/annaalbert.com\/es\/#website\",\"url\":\"https:\/\/annaalbert.com\/es\/\",\"name\":\"Art en Seda\",\"description\":\"Productos de seda pintada a mano, asi como cursos, talleres, experiencias por la artesana Anna Albert\",\"publisher\":{\"@id\":\"https:\/\/annaalbert.com\/es\/#organization\"},\"potentialAction\":[{\"@type\":\"SearchAction\",\"target\":{\"@type\":\"EntryPoint\",\"urlTemplate\":\"https:\/\/annaalbert.com\/es\/?s={search_term_string}\"},\"query-input\":{\"@type\":\"PropertyValueSpecification\",\"valueRequired\":true,\"valueName\":\"search_term_string\"}}],\"inLanguage\":\"es\"},{\"@type\":\"Organization\",\"@id\":\"https:\/\/annaalbert.com\/es\/#organization\",\"name\":\"Art en Seda by Anna Albert\",\"url\":\"https:\/\/annaalbert.com\/es\/\",\"logo\":{\"@type\":\"ImageObject\",\"inLanguage\":\"es\",\"@id\":\"https:\/\/annaalbert.com\/es\/#\/schema\/logo\/image\/\",\"url\":\"https:\/\/annaalbert.com\/wp-content\/uploads\/2021\/01\/horitzontal_fonsblanc-scaled.jpg\",\"contentUrl\":\"https:\/\/annaalbert.com\/wp-content\/uploads\/2021\/01\/horitzontal_fonsblanc-scaled.jpg\",\"width\":2560,\"height\":779,\"caption\":\"Art en Seda by Anna Albert\"},\"image\":{\"@id\":\"https:\/\/annaalbert.com\/es\/#\/schema\/logo\/image\/\"}}]}<\/script>\n<!-- \/ Yoast SEO plugin. -->","yoast_head_json":{"title":"Bolso de tela para mujer primavera - Art en Seda","description":"Bolso de tela para mujer primavera con aplicaciones de sedas pintadas a mano. Un bolso pieza \u00fanica para una mujer que le gusta vestir diferente.","robots":{"index":"index","follow":"follow","max-snippet":"max-snippet:-1","max-image-preview":"max-image-preview:large","max-video-preview":"max-video-preview:-1"},"canonical":"https:\/\/annaalbert.com\/es\/producto-es\/bolso-de-ropa-para-mujer-primavera\/","og_locale":"es_ES","og_type":"article","og_title":"Bolso de tela para mujer primavera - Art en Seda","og_description":"Bolso de tela para mujer primavera con aplicaciones de sedas pintadas a mano. Un bolso pieza \u00fanica para una mujer que le gusta vestir diferente.","og_url":"https:\/\/annaalbert.com\/es\/producto-es\/bolso-de-ropa-para-mujer-primavera\/","og_site_name":"Art en Seda","article_modified_time":"2024-04-22T08:14:28+00:00","og_image":[{"width":800,"height":960,"url":"https:\/\/annaalbert.com\/wp-content\/uploads\/2021\/05\/bolso-1-artenseda.jpg","type":"image\/jpeg"}],"twitter_card":"summary_large_image","twitter_misc":{"Tiempo de lectura":"2 minutos"},"schema":{"@context":"https:\/\/schema.org","@graph":[{"@type":"WebPage","@id":"https:\/\/annaalbert.com\/es\/producto-es\/bolso-de-ropa-para-mujer-primavera\/","url":"https:\/\/annaalbert.com\/es\/producto-es\/bolso-de-ropa-para-mujer-primavera\/","name":"Bolso de tela para mujer primavera - Art en Seda","isPartOf":{"@id":"https:\/\/annaalbert.com\/es\/#website"},"primaryImageOfPage":{"@id":"https:\/\/annaalbert.com\/es\/producto-es\/bolso-de-ropa-para-mujer-primavera\/#primaryimage"},"image":{"@id":"https:\/\/annaalbert.com\/es\/producto-es\/bolso-de-ropa-para-mujer-primavera\/#primaryimage"},"thumbnailUrl":"https:\/\/annaalbert.com\/wp-content\/uploads\/2021\/05\/bolso-1-artenseda.jpg","datePublished":"2021-05-22T10:08:22+00:00","dateModified":"2024-04-22T08:14:28+00:00","description":"Bolso de tela para mujer primavera con aplicaciones de sedas pintadas a mano. Un bolso pieza \u00fanica para una mujer que le gusta vestir diferente.","breadcrumb":{"@id":"https:\/\/annaalbert.com\/es\/producto-es\/bolso-de-ropa-para-mujer-primavera\/#breadcrumb"},"inLanguage":"es","potentialAction":[{"@type":"ReadAction","target":["https:\/\/annaalbert.com\/es\/producto-es\/bolso-de-ropa-para-mujer-primavera\/"]}]},{"@type":"ImageObject","inLanguage":"es","@id":"https:\/\/annaalbert.com\/es\/producto-es\/bolso-de-ropa-para-mujer-primavera\/#primaryimage","url":"https:\/\/annaalbert.com\/wp-content\/uploads\/2021\/05\/bolso-1-artenseda.jpg","contentUrl":"https:\/\/annaalbert.com\/wp-content\/uploads\/2021\/05\/bolso-1-artenseda.jpg","width":800,"height":960,"caption":"bolso primavera"},{"@type":"BreadcrumbList","@id":"https:\/\/annaalbert.com\/es\/producto-es\/bolso-de-ropa-para-mujer-primavera\/#breadcrumb","itemListElement":[{"@type":"ListItem","position":1,"name":"Portada","item":"https:\/\/annaalbert.com\/es\/"},{"@type":"ListItem","position":2,"name":"Tienda","item":"https:\/\/annaalbert.com\/tienda\/"},{"@type":"ListItem","position":3,"name":"BOLSO DE TELA PARA MUJER PRIMAVERA"}]},{"@type":"WebSite","@id":"https:\/\/annaalbert.com\/es\/#website","url":"https:\/\/annaalbert.com\/es\/","name":"Art en Seda","description":"Productos de seda pintada a mano, asi como cursos, talleres, experiencias por la artesana Anna Albert","publisher":{"@id":"https:\/\/annaalbert.com\/es\/#organization"},"potentialAction":[{"@type":"SearchAction","target":{"@type":"EntryPoint","urlTemplate":"https:\/\/annaalbert.com\/es\/?s={search_term_string}"},"query-input":{"@type":"PropertyValueSpecification","valueRequired":true,"valueName":"search_term_string"}}],"inLanguage":"es"},{"@type":"Organization","@id":"https:\/\/annaalbert.com\/es\/#organization","name":"Art en Seda by Anna Albert","url":"https:\/\/annaalbert.com\/es\/","logo":{"@type":"ImageObject","inLanguage":"es","@id":"https:\/\/annaalbert.com\/es\/#\/schema\/logo\/image\/","url":"https:\/\/annaalbert.com\/wp-content\/uploads\/2021\/01\/horitzontal_fonsblanc-scaled.jpg","contentUrl":"https:\/\/annaalbert.com\/wp-content\/uploads\/2021\/01\/horitzontal_fonsblanc-scaled.jpg","width":2560,"height":779,"caption":"Art en Seda by Anna Albert"},"image":{"@id":"https:\/\/annaalbert.com\/es\/#\/schema\/logo\/image\/"}}]}},"_links":{"self":[{"href":"https:\/\/annaalbert.com\/es\/wp-json\/wp\/v2\/product\/10723","targetHints":{"allow":["GET"]}}],"collection":[{"href":"https:\/\/annaalbert.com\/es\/wp-json\/wp\/v2\/product"}],"about":[{"href":"https:\/\/annaalbert.com\/es\/wp-json\/wp\/v2\/types\/product"}],"replies":[{"embeddable":true,"href":"https:\/\/annaalbert.com\/es\/wp-json\/wp\/v2\/comments?post=10723"}],"wp:featuredmedia":[{"embeddable":true,"href":"https:\/\/annaalbert.com\/es\/wp-json\/wp\/v2\/media\/12218"}],"wp:attachment":[{"href":"https:\/\/annaalbert.com\/es\/wp-json\/wp\/v2\/media?parent=10723"}],"wp:term":[{"taxonomy":"product_brand","embeddable":true,"href":"https:\/\/annaalbert.com\/es\/wp-json\/wp\/v2\/product_brand?post=10723"},{"taxonomy":"product_cat","embeddable":true,"href":"https:\/\/annaalbert.com\/es\/wp-json\/wp\/v2\/product_cat?post=10723"},{"taxonomy":"product_tag","embeddable":true,"href":"https:\/\/annaalbert.com\/es\/wp-json\/wp\/v2\/product_tag?post=10723"}],"curies":[{"name":"wp","href":"https:\/\/api.w.org\/{rel}","templated":true}]}}