{"id":10721,"date":"2021-06-08T16:09:59","date_gmt":"2021-06-08T16:09:59","guid":{"rendered":"https:\/\/annaalbert.com\/producto\/bolsa-de-tela-hecha-a-mano\/"},"modified":"2024-04-22T08:12:48","modified_gmt":"2024-04-22T08:12:48","slug":"bolso-de-tela-hecho-a-mano","status":"publish","type":"product","link":"https:\/\/annaalbert.com\/es\/producto-es\/bolso-de-tela-hecho-a-mano\/","title":{"rendered":"BOLSO DE TELA HECHA A MANO"},"content":{"rendered":"<h1>Bolso de tela hecha a mano inspirada en el mar mediterr\u00e1neo<\/h1>\n<p><strong>Bolso de tela hecha a mano con sedas pintadas y otros tejidos de color azul e inspirada en el mar mediterr\u00e1neo.<\/strong> Hecho a mano en mi taller del Masnou en Barcelona.<\/p>\n<p><strong>Pieza \u00fanica<\/strong> con sedas y otros detalles que la hacen diferente y original. El asa es para ir cruzada y se puede adaptar seg\u00fan la altura. En este caso la he hecho con la misma ropa de loneta negra como el detr\u00e1s del bolso. El interior viene forrado y lleva un bolsillo doble.<\/p>\n<p>Este bolso de dise\u00f1o de tela azul puerta dos etiquetas, una interior y una colgada de la cremallera con un escrito donde certifica que est\u00e1s ante una pieza \u00fanica mimada con todos los detalles por la autora.<\/p>\n<p>Para hacer este bolso he tenido en cuenta el <strong>aprovechamiento de recortes<\/strong> que genero cuando pinto sedas y tambi\u00e9n he pintado especialmente una seda donde dibujo oleadas que simulan nuestro mediterr\u00e1neo. Es una colecci\u00f3n que naci\u00f3 para no crear desechos y es ideal para una mujer que se identifica con los valores de <strong>sostenibilidad y el reciclaje<\/strong>.<\/p>\n<p>Este bolso no necesita una cura muy especial a pesar de que lleve sedas pintadas a mano. Lo puedes lavar a m\u00e1quina y tambi\u00e9n a mano. Mejor con agua fr\u00eda. Como toda tu ropa, si lo lavas con cuidado, le alargas la vida y te lo agradece. Yo siempre digo que cuides de tu bolso como cuidas de ti, con mimo y aprecio. Si lo haces as\u00ed, no dudes que te lo agradecer\u00e1.<\/p>\n<p>Si quieres ver una otro opci\u00f3n de bolso pero d\u00f3nde dominan los colores rojos puedes clicar <a href=\"https:\/\/annaalbert.com\/es\/producto-es\/bolso-seda-tela-roja\/\"><strong>aqu\u00ed<\/strong><\/a><\/p>\n","protected":false},"excerpt":{"rendered":"<p>Bolso de tela hecha a mano inspirada en el mar mediterr\u00e1neo<\/p>\n","protected":false},"featured_media":12231,"comment_status":"closed","ping_status":"closed","template":"","meta":{"_et_pb_use_builder":"","_et_pb_old_content":"","_et_gb_content_width":""},"product_brand":[],"product_cat":[358],"product_tag":[359,362,360,361,363],"class_list":{"0":"post-10721","1":"product","2":"type-product","3":"status-publish","4":"has-post-thumbnail","6":"product_cat-bolsos-es-2","7":"product_tag-bolsa-de-seda","8":"product_tag-bolsa-sostenible","9":"product_tag-bolso-azul","10":"product_tag-bolso-de-tela-es","11":"product_tag-bolso-exclusivo","13":"first","14":"outofstock","15":"taxable","16":"shipping-taxable","17":"purchasable","18":"product-type-simple"},"yoast_head":"<!-- This site is optimized with the Yoast SEO plugin v27.0 - https:\/\/yoast.com\/product\/yoast-seo-wordpress\/ -->\n<title>Bolso de tela hecha a mano - Art en Seda<\/title>\n<meta name=\"description\" content=\"Bolso de tela hecha a mano inspirada en el mar mediterr\u00e1neo. Pieza \u00fanica con sedas y otros detalles que la hacen diferente y original.\" \/>\n<meta name=\"robots\" content=\"index, follow, max-snippet:-1, max-image-preview:large, max-video-preview:-1\" \/>\n<link rel=\"canonical\" href=\"https:\/\/annaalbert.com\/es\/producto-es\/bolso-de-tela-hecho-a-mano\/\" \/>\n<meta property=\"og:locale\" content=\"es_ES\" \/>\n<meta property=\"og:type\" content=\"article\" \/>\n<meta property=\"og:title\" content=\"Bolso de tela hecha a mano - Art en Seda\" \/>\n<meta property=\"og:description\" content=\"Bolso de tela hecha a mano inspirada en el mar mediterr\u00e1neo. Pieza \u00fanica con sedas y otros detalles que la hacen diferente y original.\" \/>\n<meta property=\"og:url\" content=\"https:\/\/annaalbert.com\/es\/producto-es\/bolso-de-tela-hecho-a-mano\/\" \/>\n<meta property=\"og:site_name\" content=\"Art en Seda\" \/>\n<meta property=\"article:modified_time\" content=\"2024-04-22T08:12:48+00:00\" \/>\n<meta property=\"og:image\" content=\"https:\/\/annaalbert.com\/wp-content\/uploads\/2021\/06\/bolso5artenseda.jpg\" \/>\n\t<meta property=\"og:image:width\" content=\"800\" \/>\n\t<meta property=\"og:image:height\" content=\"960\" \/>\n\t<meta property=\"og:image:type\" content=\"image\/jpeg\" \/>\n<meta name=\"twitter:card\" content=\"summary_large_image\" \/>\n<meta name=\"twitter:label1\" content=\"Tiempo de lectura\" \/>\n\t<meta name=\"twitter:data1\" content=\"1 minuto\" \/>\n<script type=\"application\/ld+json\" class=\"yoast-schema-graph\">{\"@context\":\"https:\/\/schema.org\",\"@graph\":[{\"@type\":\"WebPage\",\"@id\":\"https:\/\/annaalbert.com\/es\/producto-es\/bolso-de-tela-hecho-a-mano\/\",\"url\":\"https:\/\/annaalbert.com\/es\/producto-es\/bolso-de-tela-hecho-a-mano\/\",\"name\":\"Bolso de tela hecha a mano - Art en Seda\",\"isPartOf\":{\"@id\":\"https:\/\/annaalbert.com\/es\/#website\"},\"primaryImageOfPage\":{\"@id\":\"https:\/\/annaalbert.com\/es\/producto-es\/bolso-de-tela-hecho-a-mano\/#primaryimage\"},\"image\":{\"@id\":\"https:\/\/annaalbert.com\/es\/producto-es\/bolso-de-tela-hecho-a-mano\/#primaryimage\"},\"thumbnailUrl\":\"https:\/\/annaalbert.com\/wp-content\/uploads\/2021\/06\/bolso5artenseda.jpg\",\"datePublished\":\"2021-06-08T16:09:59+00:00\",\"dateModified\":\"2024-04-22T08:12:48+00:00\",\"description\":\"Bolso de tela hecha a mano inspirada en el mar mediterr\u00e1neo. Pieza \u00fanica con sedas y otros detalles que la hacen diferente y original.\",\"breadcrumb\":{\"@id\":\"https:\/\/annaalbert.com\/es\/producto-es\/bolso-de-tela-hecho-a-mano\/#breadcrumb\"},\"inLanguage\":\"es\",\"potentialAction\":[{\"@type\":\"ReadAction\",\"target\":[\"https:\/\/annaalbert.com\/es\/producto-es\/bolso-de-tela-hecho-a-mano\/\"]}]},{\"@type\":\"ImageObject\",\"inLanguage\":\"es\",\"@id\":\"https:\/\/annaalbert.com\/es\/producto-es\/bolso-de-tela-hecho-a-mano\/#primaryimage\",\"url\":\"https:\/\/annaalbert.com\/wp-content\/uploads\/2021\/06\/bolso5artenseda.jpg\",\"contentUrl\":\"https:\/\/annaalbert.com\/wp-content\/uploads\/2021\/06\/bolso5artenseda.jpg\",\"width\":800,\"height\":960,\"caption\":\"bolso Blau tela\"},{\"@type\":\"BreadcrumbList\",\"@id\":\"https:\/\/annaalbert.com\/es\/producto-es\/bolso-de-tela-hecho-a-mano\/#breadcrumb\",\"itemListElement\":[{\"@type\":\"ListItem\",\"position\":1,\"name\":\"Portada\",\"item\":\"https:\/\/annaalbert.com\/es\/\"},{\"@type\":\"ListItem\",\"position\":2,\"name\":\"Tienda\",\"item\":\"https:\/\/annaalbert.com\/tienda\/\"},{\"@type\":\"ListItem\",\"position\":3,\"name\":\"BOLSO DE TELA HECHA A MANO\"}]},{\"@type\":\"WebSite\",\"@id\":\"https:\/\/annaalbert.com\/es\/#website\",\"url\":\"https:\/\/annaalbert.com\/es\/\",\"name\":\"Art en Seda\",\"description\":\"Productos de seda pintada a mano, asi como cursos, talleres, experiencias por la artesana Anna Albert\",\"publisher\":{\"@id\":\"https:\/\/annaalbert.com\/es\/#organization\"},\"potentialAction\":[{\"@type\":\"SearchAction\",\"target\":{\"@type\":\"EntryPoint\",\"urlTemplate\":\"https:\/\/annaalbert.com\/es\/?s={search_term_string}\"},\"query-input\":{\"@type\":\"PropertyValueSpecification\",\"valueRequired\":true,\"valueName\":\"search_term_string\"}}],\"inLanguage\":\"es\"},{\"@type\":\"Organization\",\"@id\":\"https:\/\/annaalbert.com\/es\/#organization\",\"name\":\"Art en Seda by Anna Albert\",\"url\":\"https:\/\/annaalbert.com\/es\/\",\"logo\":{\"@type\":\"ImageObject\",\"inLanguage\":\"es\",\"@id\":\"https:\/\/annaalbert.com\/es\/#\/schema\/logo\/image\/\",\"url\":\"https:\/\/annaalbert.com\/wp-content\/uploads\/2021\/01\/horitzontal_fonsblanc-scaled.jpg\",\"contentUrl\":\"https:\/\/annaalbert.com\/wp-content\/uploads\/2021\/01\/horitzontal_fonsblanc-scaled.jpg\",\"width\":2560,\"height\":779,\"caption\":\"Art en Seda by Anna Albert\"},\"image\":{\"@id\":\"https:\/\/annaalbert.com\/es\/#\/schema\/logo\/image\/\"}}]}<\/script>\n<!-- \/ Yoast SEO plugin. -->","yoast_head_json":{"title":"Bolso de tela hecha a mano - Art en Seda","description":"Bolso de tela hecha a mano inspirada en el mar mediterr\u00e1neo. Pieza \u00fanica con sedas y otros detalles que la hacen diferente y original.","robots":{"index":"index","follow":"follow","max-snippet":"max-snippet:-1","max-image-preview":"max-image-preview:large","max-video-preview":"max-video-preview:-1"},"canonical":"https:\/\/annaalbert.com\/es\/producto-es\/bolso-de-tela-hecho-a-mano\/","og_locale":"es_ES","og_type":"article","og_title":"Bolso de tela hecha a mano - Art en Seda","og_description":"Bolso de tela hecha a mano inspirada en el mar mediterr\u00e1neo. Pieza \u00fanica con sedas y otros detalles que la hacen diferente y original.","og_url":"https:\/\/annaalbert.com\/es\/producto-es\/bolso-de-tela-hecho-a-mano\/","og_site_name":"Art en Seda","article_modified_time":"2024-04-22T08:12:48+00:00","og_image":[{"width":800,"height":960,"url":"https:\/\/annaalbert.com\/wp-content\/uploads\/2021\/06\/bolso5artenseda.jpg","type":"image\/jpeg"}],"twitter_card":"summary_large_image","twitter_misc":{"Tiempo de lectura":"1 minuto"},"schema":{"@context":"https:\/\/schema.org","@graph":[{"@type":"WebPage","@id":"https:\/\/annaalbert.com\/es\/producto-es\/bolso-de-tela-hecho-a-mano\/","url":"https:\/\/annaalbert.com\/es\/producto-es\/bolso-de-tela-hecho-a-mano\/","name":"Bolso de tela hecha a mano - Art en Seda","isPartOf":{"@id":"https:\/\/annaalbert.com\/es\/#website"},"primaryImageOfPage":{"@id":"https:\/\/annaalbert.com\/es\/producto-es\/bolso-de-tela-hecho-a-mano\/#primaryimage"},"image":{"@id":"https:\/\/annaalbert.com\/es\/producto-es\/bolso-de-tela-hecho-a-mano\/#primaryimage"},"thumbnailUrl":"https:\/\/annaalbert.com\/wp-content\/uploads\/2021\/06\/bolso5artenseda.jpg","datePublished":"2021-06-08T16:09:59+00:00","dateModified":"2024-04-22T08:12:48+00:00","description":"Bolso de tela hecha a mano inspirada en el mar mediterr\u00e1neo. Pieza \u00fanica con sedas y otros detalles que la hacen diferente y original.","breadcrumb":{"@id":"https:\/\/annaalbert.com\/es\/producto-es\/bolso-de-tela-hecho-a-mano\/#breadcrumb"},"inLanguage":"es","potentialAction":[{"@type":"ReadAction","target":["https:\/\/annaalbert.com\/es\/producto-es\/bolso-de-tela-hecho-a-mano\/"]}]},{"@type":"ImageObject","inLanguage":"es","@id":"https:\/\/annaalbert.com\/es\/producto-es\/bolso-de-tela-hecho-a-mano\/#primaryimage","url":"https:\/\/annaalbert.com\/wp-content\/uploads\/2021\/06\/bolso5artenseda.jpg","contentUrl":"https:\/\/annaalbert.com\/wp-content\/uploads\/2021\/06\/bolso5artenseda.jpg","width":800,"height":960,"caption":"bolso Blau tela"},{"@type":"BreadcrumbList","@id":"https:\/\/annaalbert.com\/es\/producto-es\/bolso-de-tela-hecho-a-mano\/#breadcrumb","itemListElement":[{"@type":"ListItem","position":1,"name":"Portada","item":"https:\/\/annaalbert.com\/es\/"},{"@type":"ListItem","position":2,"name":"Tienda","item":"https:\/\/annaalbert.com\/tienda\/"},{"@type":"ListItem","position":3,"name":"BOLSO DE TELA HECHA A MANO"}]},{"@type":"WebSite","@id":"https:\/\/annaalbert.com\/es\/#website","url":"https:\/\/annaalbert.com\/es\/","name":"Art en Seda","description":"Productos de seda pintada a mano, asi como cursos, talleres, experiencias por la artesana Anna Albert","publisher":{"@id":"https:\/\/annaalbert.com\/es\/#organization"},"potentialAction":[{"@type":"SearchAction","target":{"@type":"EntryPoint","urlTemplate":"https:\/\/annaalbert.com\/es\/?s={search_term_string}"},"query-input":{"@type":"PropertyValueSpecification","valueRequired":true,"valueName":"search_term_string"}}],"inLanguage":"es"},{"@type":"Organization","@id":"https:\/\/annaalbert.com\/es\/#organization","name":"Art en Seda by Anna Albert","url":"https:\/\/annaalbert.com\/es\/","logo":{"@type":"ImageObject","inLanguage":"es","@id":"https:\/\/annaalbert.com\/es\/#\/schema\/logo\/image\/","url":"https:\/\/annaalbert.com\/wp-content\/uploads\/2021\/01\/horitzontal_fonsblanc-scaled.jpg","contentUrl":"https:\/\/annaalbert.com\/wp-content\/uploads\/2021\/01\/horitzontal_fonsblanc-scaled.jpg","width":2560,"height":779,"caption":"Art en Seda by Anna Albert"},"image":{"@id":"https:\/\/annaalbert.com\/es\/#\/schema\/logo\/image\/"}}]}},"_links":{"self":[{"href":"https:\/\/annaalbert.com\/es\/wp-json\/wp\/v2\/product\/10721","targetHints":{"allow":["GET"]}}],"collection":[{"href":"https:\/\/annaalbert.com\/es\/wp-json\/wp\/v2\/product"}],"about":[{"href":"https:\/\/annaalbert.com\/es\/wp-json\/wp\/v2\/types\/product"}],"replies":[{"embeddable":true,"href":"https:\/\/annaalbert.com\/es\/wp-json\/wp\/v2\/comments?post=10721"}],"wp:featuredmedia":[{"embeddable":true,"href":"https:\/\/annaalbert.com\/es\/wp-json\/wp\/v2\/media\/12231"}],"wp:attachment":[{"href":"https:\/\/annaalbert.com\/es\/wp-json\/wp\/v2\/media?parent=10721"}],"wp:term":[{"taxonomy":"product_brand","embeddable":true,"href":"https:\/\/annaalbert.com\/es\/wp-json\/wp\/v2\/product_brand?post=10721"},{"taxonomy":"product_cat","embeddable":true,"href":"https:\/\/annaalbert.com\/es\/wp-json\/wp\/v2\/product_cat?post=10721"},{"taxonomy":"product_tag","embeddable":true,"href":"https:\/\/annaalbert.com\/es\/wp-json\/wp\/v2\/product_tag?post=10721"}],"curies":[{"name":"wp","href":"https:\/\/api.w.org\/{rel}","templated":true}]}}