{"id":10719,"date":"2023-06-29T16:42:33","date_gmt":"2023-06-29T16:42:33","guid":{"rendered":"https:\/\/annaalbert.com\/producto\/fular-personalizado-de-colores\/"},"modified":"2025-10-13T11:42:40","modified_gmt":"2025-10-13T11:42:40","slug":"fular-personalizado-seda-natural","status":"publish","type":"product","link":"https:\/\/annaalbert.com\/es\/producto-es\/fular-personalizado-seda-natural\/","title":{"rendered":"PA\u00d1UELO DE SEDA PERSONALIZADO DE COLORES"},"content":{"rendered":"<p>Descubre la elegancia y el arte de la seda natural con nuestro pa\u00f1uelo de seda personalizado de colores, hecho a mano con destreza y pasi\u00f3n. Cada pieza es una obra de arte \u00fanica, creada especialmente para ti, reflejando tu individualidad y estilo.<\/p>\n<p>La seda natural es conocida por su lujosa textura y su capacidad para reflejar la luz de manera excepcional. Esta materia prima de primera calidad se selecciona con cuidado y se teje con habilidad para conseguir un fular que te durar\u00e1 toda la vida. En consecuencia, su suavidad exquisita es una caricia para la piel, haci\u00e9ndola perfecta para cualquier estaci\u00f3n del a\u00f1o.<\/p>\n<p>Nuestra gama de colores personalizados te permite elegir las tonalidades que m\u00e1s te definen. Sea para resaltar tus ojos, complementar tu guardarropa o mostrar tu apoyo a una causa especial, tu fular ser\u00e1 una expresi\u00f3n \u00fanica de tu personalidad. Puedes incluir nombres, fechas o mensajes especiales que te recuerden momentos importantes de tu vida.<\/p>\n<p>Es por eso que cualquier deseo que tengas se puede hacer realidad. Encarga tu <strong>pa\u00f1uelo personalizado de seda natural<\/strong> y entre las dos lo dise\u00f1aremos. Este pa\u00f1uelo personalizado lo he imaginado degradando colores, que puedes escoger a tu gusto, en una seda fina y suave.<\/p>\n<p>\u00a1Yo lo pinto por ti! Si quer\u00e9is otro <strong>pa\u00f1uelo de seda personalizado<\/strong>, <a href=\"https:\/\/annaalbert.com\/producto\/fulard-de-seda-personalitzat-modernista\/\">aqu\u00ed<\/a> lo encontrar\u00e9is.<\/p>\n","protected":false},"excerpt":{"rendered":"<p>Fular personalizado de seda natural: a medida y con el dise\u00f1o que desea el cliente. \u00a1T\u00fa imaginas, yo creo!<\/p>\n","protected":false},"featured_media":12449,"comment_status":"closed","ping_status":"closed","template":"","meta":{"_et_pb_use_builder":"","_et_pb_old_content":"","_et_gb_content_width":""},"product_brand":[],"product_cat":[174],"product_tag":[],"class_list":{"0":"post-10719","1":"product","2":"type-product","3":"status-publish","4":"has-post-thumbnail","6":"product_cat-fulards","8":"first","9":"instock","10":"taxable","11":"shipping-taxable","12":"purchasable","13":"product-type-simple"},"yoast_head":"<!-- This site is optimized with the Yoast SEO plugin v27.4 - https:\/\/yoast.com\/product\/yoast-seo-wordpress\/ -->\n<title>Pa\u00f1uelo de seda personalizado - Art en Seda<\/title>\n<meta name=\"description\" content=\"Quieres tener un pa\u00f1uelo de seda personalizado que grite tu nombre? Colores, estampados, todo el que desees ser\u00e1 dise\u00f1ado especialmente para ti.\" \/>\n<meta name=\"robots\" content=\"index, follow, max-snippet:-1, max-image-preview:large, max-video-preview:-1\" \/>\n<link rel=\"canonical\" href=\"https:\/\/annaalbert.com\/es\/producto-es\/fular-personalizado-seda-natural\/\" \/>\n<meta property=\"og:locale\" content=\"es_ES\" \/>\n<meta property=\"og:type\" content=\"article\" \/>\n<meta property=\"og:title\" content=\"Pa\u00f1uelo de seda personalizado - Art en Seda\" \/>\n<meta property=\"og:description\" content=\"Quieres tener un pa\u00f1uelo de seda personalizado que grite tu nombre? Colores, estampados, todo el que desees ser\u00e1 dise\u00f1ado especialmente para ti.\" \/>\n<meta property=\"og:url\" content=\"https:\/\/annaalbert.com\/es\/producto-es\/fular-personalizado-seda-natural\/\" \/>\n<meta property=\"og:site_name\" content=\"Art en Seda\" \/>\n<meta property=\"article:modified_time\" content=\"2025-10-13T11:42:40+00:00\" \/>\n<meta property=\"og:image\" content=\"https:\/\/annaalbert.com\/wp-content\/uploads\/2023\/06\/DSC_0606-min_Original-1-scaled.jpg\" \/>\n\t<meta property=\"og:image:width\" content=\"2560\" \/>\n\t<meta property=\"og:image:height\" content=\"1732\" \/>\n\t<meta property=\"og:image:type\" content=\"image\/jpeg\" \/>\n<meta name=\"twitter:card\" content=\"summary_large_image\" \/>\n<meta name=\"twitter:label1\" content=\"Tiempo de lectura\" \/>\n\t<meta name=\"twitter:data1\" content=\"1 minuto\" \/>\n<script type=\"application\/ld+json\" class=\"yoast-schema-graph\">{\"@context\":\"https:\\\/\\\/schema.org\",\"@graph\":[{\"@type\":\"WebPage\",\"@id\":\"https:\\\/\\\/annaalbert.com\\\/es\\\/producto-es\\\/fular-personalizado-seda-natural\\\/\",\"url\":\"https:\\\/\\\/annaalbert.com\\\/es\\\/producto-es\\\/fular-personalizado-seda-natural\\\/\",\"name\":\"Pa\u00f1uelo de seda personalizado - Art en Seda\",\"isPartOf\":{\"@id\":\"https:\\\/\\\/annaalbert.com\\\/es\\\/#website\"},\"primaryImageOfPage\":{\"@id\":\"https:\\\/\\\/annaalbert.com\\\/es\\\/producto-es\\\/fular-personalizado-seda-natural\\\/#primaryimage\"},\"image\":{\"@id\":\"https:\\\/\\\/annaalbert.com\\\/es\\\/producto-es\\\/fular-personalizado-seda-natural\\\/#primaryimage\"},\"thumbnailUrl\":\"https:\\\/\\\/annaalbert.com\\\/wp-content\\\/uploads\\\/2023\\\/06\\\/DSC_0606-min_Original-1-scaled.jpg\",\"datePublished\":\"2023-06-29T16:42:33+00:00\",\"dateModified\":\"2025-10-13T11:42:40+00:00\",\"description\":\"Quieres tener un pa\u00f1uelo de seda personalizado que grite tu nombre? Colores, estampados, todo el que desees ser\u00e1 dise\u00f1ado especialmente para ti.\",\"breadcrumb\":{\"@id\":\"https:\\\/\\\/annaalbert.com\\\/es\\\/producto-es\\\/fular-personalizado-seda-natural\\\/#breadcrumb\"},\"inLanguage\":\"es\",\"potentialAction\":[{\"@type\":\"ReadAction\",\"target\":[\"https:\\\/\\\/annaalbert.com\\\/es\\\/producto-es\\\/fular-personalizado-seda-natural\\\/\"]}]},{\"@type\":\"ImageObject\",\"inLanguage\":\"es\",\"@id\":\"https:\\\/\\\/annaalbert.com\\\/es\\\/producto-es\\\/fular-personalizado-seda-natural\\\/#primaryimage\",\"url\":\"https:\\\/\\\/annaalbert.com\\\/wp-content\\\/uploads\\\/2023\\\/06\\\/DSC_0606-min_Original-1-scaled.jpg\",\"contentUrl\":\"https:\\\/\\\/annaalbert.com\\\/wp-content\\\/uploads\\\/2023\\\/06\\\/DSC_0606-min_Original-1-scaled.jpg\",\"width\":2560,\"height\":1732,\"caption\":\"mocador colors\"},{\"@type\":\"BreadcrumbList\",\"@id\":\"https:\\\/\\\/annaalbert.com\\\/es\\\/producto-es\\\/fular-personalizado-seda-natural\\\/#breadcrumb\",\"itemListElement\":[{\"@type\":\"ListItem\",\"position\":1,\"name\":\"Portada\",\"item\":\"https:\\\/\\\/annaalbert.com\\\/es\\\/\"},{\"@type\":\"ListItem\",\"position\":2,\"name\":\"Tienda\",\"item\":\"https:\\\/\\\/annaalbert.com\\\/tienda\\\/\"},{\"@type\":\"ListItem\",\"position\":3,\"name\":\"PA\u00d1UELO DE SEDA PERSONALIZADO DE COLORES\"}]},{\"@type\":\"WebSite\",\"@id\":\"https:\\\/\\\/annaalbert.com\\\/es\\\/#website\",\"url\":\"https:\\\/\\\/annaalbert.com\\\/es\\\/\",\"name\":\"Art en Seda\",\"description\":\"Productos de seda pintada a mano, asi como cursos, talleres, experiencias por la artesana Anna Albert\",\"publisher\":{\"@id\":\"https:\\\/\\\/annaalbert.com\\\/es\\\/#organization\"},\"potentialAction\":[{\"@type\":\"SearchAction\",\"target\":{\"@type\":\"EntryPoint\",\"urlTemplate\":\"https:\\\/\\\/annaalbert.com\\\/es\\\/?s={search_term_string}\"},\"query-input\":{\"@type\":\"PropertyValueSpecification\",\"valueRequired\":true,\"valueName\":\"search_term_string\"}}],\"inLanguage\":\"es\"},{\"@type\":\"Organization\",\"@id\":\"https:\\\/\\\/annaalbert.com\\\/es\\\/#organization\",\"name\":\"Art en Seda by Anna Albert\",\"url\":\"https:\\\/\\\/annaalbert.com\\\/es\\\/\",\"logo\":{\"@type\":\"ImageObject\",\"inLanguage\":\"es\",\"@id\":\"https:\\\/\\\/annaalbert.com\\\/es\\\/#\\\/schema\\\/logo\\\/image\\\/\",\"url\":\"https:\\\/\\\/annaalbert.com\\\/wp-content\\\/uploads\\\/2021\\\/01\\\/horitzontal_fonsblanc-scaled.jpg\",\"contentUrl\":\"https:\\\/\\\/annaalbert.com\\\/wp-content\\\/uploads\\\/2021\\\/01\\\/horitzontal_fonsblanc-scaled.jpg\",\"width\":2560,\"height\":779,\"caption\":\"Art en Seda by Anna Albert\"},\"image\":{\"@id\":\"https:\\\/\\\/annaalbert.com\\\/es\\\/#\\\/schema\\\/logo\\\/image\\\/\"}}]}<\/script>\n<!-- \/ Yoast SEO plugin. -->","yoast_head_json":{"title":"Pa\u00f1uelo de seda personalizado - Art en Seda","description":"Quieres tener un pa\u00f1uelo de seda personalizado que grite tu nombre? Colores, estampados, todo el que desees ser\u00e1 dise\u00f1ado especialmente para ti.","robots":{"index":"index","follow":"follow","max-snippet":"max-snippet:-1","max-image-preview":"max-image-preview:large","max-video-preview":"max-video-preview:-1"},"canonical":"https:\/\/annaalbert.com\/es\/producto-es\/fular-personalizado-seda-natural\/","og_locale":"es_ES","og_type":"article","og_title":"Pa\u00f1uelo de seda personalizado - Art en Seda","og_description":"Quieres tener un pa\u00f1uelo de seda personalizado que grite tu nombre? Colores, estampados, todo el que desees ser\u00e1 dise\u00f1ado especialmente para ti.","og_url":"https:\/\/annaalbert.com\/es\/producto-es\/fular-personalizado-seda-natural\/","og_site_name":"Art en Seda","article_modified_time":"2025-10-13T11:42:40+00:00","og_image":[{"width":2560,"height":1732,"url":"https:\/\/annaalbert.com\/wp-content\/uploads\/2023\/06\/DSC_0606-min_Original-1-scaled.jpg","type":"image\/jpeg"}],"twitter_card":"summary_large_image","twitter_misc":{"Tiempo de lectura":"1 minuto"},"schema":{"@context":"https:\/\/schema.org","@graph":[{"@type":"WebPage","@id":"https:\/\/annaalbert.com\/es\/producto-es\/fular-personalizado-seda-natural\/","url":"https:\/\/annaalbert.com\/es\/producto-es\/fular-personalizado-seda-natural\/","name":"Pa\u00f1uelo de seda personalizado - Art en Seda","isPartOf":{"@id":"https:\/\/annaalbert.com\/es\/#website"},"primaryImageOfPage":{"@id":"https:\/\/annaalbert.com\/es\/producto-es\/fular-personalizado-seda-natural\/#primaryimage"},"image":{"@id":"https:\/\/annaalbert.com\/es\/producto-es\/fular-personalizado-seda-natural\/#primaryimage"},"thumbnailUrl":"https:\/\/annaalbert.com\/wp-content\/uploads\/2023\/06\/DSC_0606-min_Original-1-scaled.jpg","datePublished":"2023-06-29T16:42:33+00:00","dateModified":"2025-10-13T11:42:40+00:00","description":"Quieres tener un pa\u00f1uelo de seda personalizado que grite tu nombre? Colores, estampados, todo el que desees ser\u00e1 dise\u00f1ado especialmente para ti.","breadcrumb":{"@id":"https:\/\/annaalbert.com\/es\/producto-es\/fular-personalizado-seda-natural\/#breadcrumb"},"inLanguage":"es","potentialAction":[{"@type":"ReadAction","target":["https:\/\/annaalbert.com\/es\/producto-es\/fular-personalizado-seda-natural\/"]}]},{"@type":"ImageObject","inLanguage":"es","@id":"https:\/\/annaalbert.com\/es\/producto-es\/fular-personalizado-seda-natural\/#primaryimage","url":"https:\/\/annaalbert.com\/wp-content\/uploads\/2023\/06\/DSC_0606-min_Original-1-scaled.jpg","contentUrl":"https:\/\/annaalbert.com\/wp-content\/uploads\/2023\/06\/DSC_0606-min_Original-1-scaled.jpg","width":2560,"height":1732,"caption":"mocador colors"},{"@type":"BreadcrumbList","@id":"https:\/\/annaalbert.com\/es\/producto-es\/fular-personalizado-seda-natural\/#breadcrumb","itemListElement":[{"@type":"ListItem","position":1,"name":"Portada","item":"https:\/\/annaalbert.com\/es\/"},{"@type":"ListItem","position":2,"name":"Tienda","item":"https:\/\/annaalbert.com\/tienda\/"},{"@type":"ListItem","position":3,"name":"PA\u00d1UELO DE SEDA PERSONALIZADO DE COLORES"}]},{"@type":"WebSite","@id":"https:\/\/annaalbert.com\/es\/#website","url":"https:\/\/annaalbert.com\/es\/","name":"Art en Seda","description":"Productos de seda pintada a mano, asi como cursos, talleres, experiencias por la artesana Anna Albert","publisher":{"@id":"https:\/\/annaalbert.com\/es\/#organization"},"potentialAction":[{"@type":"SearchAction","target":{"@type":"EntryPoint","urlTemplate":"https:\/\/annaalbert.com\/es\/?s={search_term_string}"},"query-input":{"@type":"PropertyValueSpecification","valueRequired":true,"valueName":"search_term_string"}}],"inLanguage":"es"},{"@type":"Organization","@id":"https:\/\/annaalbert.com\/es\/#organization","name":"Art en Seda by Anna Albert","url":"https:\/\/annaalbert.com\/es\/","logo":{"@type":"ImageObject","inLanguage":"es","@id":"https:\/\/annaalbert.com\/es\/#\/schema\/logo\/image\/","url":"https:\/\/annaalbert.com\/wp-content\/uploads\/2021\/01\/horitzontal_fonsblanc-scaled.jpg","contentUrl":"https:\/\/annaalbert.com\/wp-content\/uploads\/2021\/01\/horitzontal_fonsblanc-scaled.jpg","width":2560,"height":779,"caption":"Art en Seda by Anna Albert"},"image":{"@id":"https:\/\/annaalbert.com\/es\/#\/schema\/logo\/image\/"}}]}},"_links":{"self":[{"href":"https:\/\/annaalbert.com\/es\/wp-json\/wp\/v2\/product\/10719","targetHints":{"allow":["GET"]}}],"collection":[{"href":"https:\/\/annaalbert.com\/es\/wp-json\/wp\/v2\/product"}],"about":[{"href":"https:\/\/annaalbert.com\/es\/wp-json\/wp\/v2\/types\/product"}],"replies":[{"embeddable":true,"href":"https:\/\/annaalbert.com\/es\/wp-json\/wp\/v2\/comments?post=10719"}],"wp:featuredmedia":[{"embeddable":true,"href":"https:\/\/annaalbert.com\/es\/wp-json\/wp\/v2\/media\/12449"}],"wp:attachment":[{"href":"https:\/\/annaalbert.com\/es\/wp-json\/wp\/v2\/media?parent=10719"}],"wp:term":[{"taxonomy":"product_brand","embeddable":true,"href":"https:\/\/annaalbert.com\/es\/wp-json\/wp\/v2\/product_brand?post=10719"},{"taxonomy":"product_cat","embeddable":true,"href":"https:\/\/annaalbert.com\/es\/wp-json\/wp\/v2\/product_cat?post=10719"},{"taxonomy":"product_tag","embeddable":true,"href":"https:\/\/annaalbert.com\/es\/wp-json\/wp\/v2\/product_tag?post=10719"}],"curies":[{"name":"wp","href":"https:\/\/api.w.org\/{rel}","templated":true}]}}