{"id":10717,"date":"2023-08-15T18:59:14","date_gmt":"2023-08-15T18:59:14","guid":{"rendered":"https:\/\/annaalbert.com\/producto\/fular-de-seda-crep-personalizado\/"},"modified":"2025-10-13T15:18:03","modified_gmt":"2025-10-13T15:18:03","slug":"fular-de-seda-personalizado-modernista","status":"publish","type":"product","link":"https:\/\/annaalbert.com\/es\/producto-es\/fular-de-seda-personalizado-modernista\/","title":{"rendered":"PA\u00d1UELO DE SEDA PERSONALIZADO MODERNISTA"},"content":{"rendered":"<p style=\"text-align: left;\">Este pa\u00f1uelo de seda personalizado modernista es de seda crep y est\u00e1 inspirado en el modernismo de Gaud\u00ed, una de mis grandes pasiones. Lo he pintado a mano desde el principio al final como todas mis obras. El dise\u00f1o va surgiendo y las manos van pintando de manera fluida como si fuera una danza. Cuando te acercas puedes apreciar las diferentes formas y detalles creativos. El trencad\u00eds de los mosaicos o las formas de caracol del modernismo catal\u00e1n son algunos de los motivos que intento recrear.<\/p>\n<p>Lo puedo realizar en diferentes colores y tonalidades pero siempre manteniendo el buen gusto y la elegancia. Puedes escoger tu color preferido y yo lo har\u00e9 por ti. Crear una pieza \u00fanica es siempre un gran placer y verla lucir a alguien, una gran satisfacci\u00f3n. Estoy segura que te sentir\u00e1s \u00fanica y bella.<\/p>\n<p>Si quieres que te lo personalice con el nombre solo me lo tienes que indicar en el momento de hacer el pedido.<\/p>\n<p>Tambi\u00e9n puedes mirarte el <a href=\"https:\/\/annaalbert.com\/producto\/fulard-seda-natural-cargols-blaus\/\">pa\u00f1uelo de seda natural caracoles azul<\/a> que sin ser tan trabajado tiene la misma esencia y es precioso. Tambi\u00e9n te puedo escribir el nombre y convertirlo en un pa\u00f1uelo de seda personalizado para ti.<\/p>\n<p>Este pa\u00f1uelo de seda personalizado modernista te encantar\u00e1!<\/p>\n<p>&nbsp;<\/p>\n","protected":false},"excerpt":{"rendered":"<p>Fular de seda personalizado modernista hecho por encargo, inspirado en el modernismo de Gaud\u00ed. Una pieza \u00fanica realmente exquisita.<\/p>\n","protected":false},"featured_media":12444,"comment_status":"closed","ping_status":"closed","template":"","meta":{"_et_pb_use_builder":"","_et_pb_old_content":"","_et_gb_content_width":""},"product_brand":[],"product_cat":[174],"product_tag":[],"class_list":{"0":"post-10717","1":"product","2":"type-product","3":"status-publish","4":"has-post-thumbnail","6":"product_cat-fulards","8":"first","9":"onbackorder","10":"taxable","11":"shipping-taxable","12":"purchasable","13":"product-type-simple"},"yoast_head":"<!-- This site is optimized with the Yoast SEO plugin v27.4 - https:\/\/yoast.com\/product\/yoast-seo-wordpress\/ -->\n<title>Pa\u00f1uelo de seda personalizado modernista - Art en Seda<\/title>\n<meta name=\"description\" content=\"Pa\u00f1uelo de seda personalizado modernista pintado a mano e inspirado en el modernismo de Gaud\u00ed. Pieza \u00fanica donde puedo escribir tu nombre.\" \/>\n<meta name=\"robots\" content=\"index, follow, max-snippet:-1, max-image-preview:large, max-video-preview:-1\" \/>\n<link rel=\"canonical\" href=\"https:\/\/annaalbert.com\/es\/producto-es\/fular-de-seda-personalizado-modernista\/\" \/>\n<meta property=\"og:locale\" content=\"es_ES\" \/>\n<meta property=\"og:type\" content=\"article\" \/>\n<meta property=\"og:title\" content=\"Pa\u00f1uelo de seda personalizado modernista - Art en Seda\" \/>\n<meta property=\"og:description\" content=\"Pa\u00f1uelo de seda personalizado modernista pintado a mano e inspirado en el modernismo de Gaud\u00ed. Pieza \u00fanica donde puedo escribir tu nombre.\" \/>\n<meta property=\"og:url\" content=\"https:\/\/annaalbert.com\/es\/producto-es\/fular-de-seda-personalizado-modernista\/\" \/>\n<meta property=\"og:site_name\" content=\"Art en Seda\" \/>\n<meta property=\"article:modified_time\" content=\"2025-10-13T15:18:03+00:00\" \/>\n<meta property=\"og:image\" content=\"https:\/\/annaalbert.com\/wp-content\/uploads\/2023\/08\/foto--scaled.jpg\" \/>\n\t<meta property=\"og:image:width\" content=\"1770\" \/>\n\t<meta property=\"og:image:height\" content=\"2560\" \/>\n\t<meta property=\"og:image:type\" content=\"image\/jpeg\" \/>\n<meta name=\"twitter:card\" content=\"summary_large_image\" \/>\n<meta name=\"twitter:label1\" content=\"Tiempo de lectura\" \/>\n\t<meta name=\"twitter:data1\" content=\"1 minuto\" \/>\n<script type=\"application\/ld+json\" class=\"yoast-schema-graph\">{\"@context\":\"https:\\\/\\\/schema.org\",\"@graph\":[{\"@type\":\"WebPage\",\"@id\":\"https:\\\/\\\/annaalbert.com\\\/es\\\/producto-es\\\/fular-de-seda-personalizado-modernista\\\/\",\"url\":\"https:\\\/\\\/annaalbert.com\\\/es\\\/producto-es\\\/fular-de-seda-personalizado-modernista\\\/\",\"name\":\"Pa\u00f1uelo de seda personalizado modernista - Art en Seda\",\"isPartOf\":{\"@id\":\"https:\\\/\\\/annaalbert.com\\\/es\\\/#website\"},\"primaryImageOfPage\":{\"@id\":\"https:\\\/\\\/annaalbert.com\\\/es\\\/producto-es\\\/fular-de-seda-personalizado-modernista\\\/#primaryimage\"},\"image\":{\"@id\":\"https:\\\/\\\/annaalbert.com\\\/es\\\/producto-es\\\/fular-de-seda-personalizado-modernista\\\/#primaryimage\"},\"thumbnailUrl\":\"https:\\\/\\\/annaalbert.com\\\/wp-content\\\/uploads\\\/2023\\\/08\\\/foto--scaled.jpg\",\"datePublished\":\"2023-08-15T18:59:14+00:00\",\"dateModified\":\"2025-10-13T15:18:03+00:00\",\"description\":\"Pa\u00f1uelo de seda personalizado modernista pintado a mano e inspirado en el modernismo de Gaud\u00ed. Pieza \u00fanica donde puedo escribir tu nombre.\",\"breadcrumb\":{\"@id\":\"https:\\\/\\\/annaalbert.com\\\/es\\\/producto-es\\\/fular-de-seda-personalizado-modernista\\\/#breadcrumb\"},\"inLanguage\":\"es\",\"potentialAction\":[{\"@type\":\"ReadAction\",\"target\":[\"https:\\\/\\\/annaalbert.com\\\/es\\\/producto-es\\\/fular-de-seda-personalizado-modernista\\\/\"]}]},{\"@type\":\"ImageObject\",\"inLanguage\":\"es\",\"@id\":\"https:\\\/\\\/annaalbert.com\\\/es\\\/producto-es\\\/fular-de-seda-personalizado-modernista\\\/#primaryimage\",\"url\":\"https:\\\/\\\/annaalbert.com\\\/wp-content\\\/uploads\\\/2023\\\/08\\\/foto--scaled.jpg\",\"contentUrl\":\"https:\\\/\\\/annaalbert.com\\\/wp-content\\\/uploads\\\/2023\\\/08\\\/foto--scaled.jpg\",\"width\":1770,\"height\":2560,\"caption\":\"mocador modernista\"},{\"@type\":\"BreadcrumbList\",\"@id\":\"https:\\\/\\\/annaalbert.com\\\/es\\\/producto-es\\\/fular-de-seda-personalizado-modernista\\\/#breadcrumb\",\"itemListElement\":[{\"@type\":\"ListItem\",\"position\":1,\"name\":\"Portada\",\"item\":\"https:\\\/\\\/annaalbert.com\\\/es\\\/\"},{\"@type\":\"ListItem\",\"position\":2,\"name\":\"Tienda\",\"item\":\"https:\\\/\\\/annaalbert.com\\\/tienda\\\/\"},{\"@type\":\"ListItem\",\"position\":3,\"name\":\"PA\u00d1UELO DE SEDA PERSONALIZADO MODERNISTA\"}]},{\"@type\":\"WebSite\",\"@id\":\"https:\\\/\\\/annaalbert.com\\\/es\\\/#website\",\"url\":\"https:\\\/\\\/annaalbert.com\\\/es\\\/\",\"name\":\"Art en Seda\",\"description\":\"Productos de seda pintada a mano, asi como cursos, talleres, experiencias por la artesana Anna Albert\",\"publisher\":{\"@id\":\"https:\\\/\\\/annaalbert.com\\\/es\\\/#organization\"},\"potentialAction\":[{\"@type\":\"SearchAction\",\"target\":{\"@type\":\"EntryPoint\",\"urlTemplate\":\"https:\\\/\\\/annaalbert.com\\\/es\\\/?s={search_term_string}\"},\"query-input\":{\"@type\":\"PropertyValueSpecification\",\"valueRequired\":true,\"valueName\":\"search_term_string\"}}],\"inLanguage\":\"es\"},{\"@type\":\"Organization\",\"@id\":\"https:\\\/\\\/annaalbert.com\\\/es\\\/#organization\",\"name\":\"Art en Seda by Anna Albert\",\"url\":\"https:\\\/\\\/annaalbert.com\\\/es\\\/\",\"logo\":{\"@type\":\"ImageObject\",\"inLanguage\":\"es\",\"@id\":\"https:\\\/\\\/annaalbert.com\\\/es\\\/#\\\/schema\\\/logo\\\/image\\\/\",\"url\":\"https:\\\/\\\/annaalbert.com\\\/wp-content\\\/uploads\\\/2021\\\/01\\\/horitzontal_fonsblanc-scaled.jpg\",\"contentUrl\":\"https:\\\/\\\/annaalbert.com\\\/wp-content\\\/uploads\\\/2021\\\/01\\\/horitzontal_fonsblanc-scaled.jpg\",\"width\":2560,\"height\":779,\"caption\":\"Art en Seda by Anna Albert\"},\"image\":{\"@id\":\"https:\\\/\\\/annaalbert.com\\\/es\\\/#\\\/schema\\\/logo\\\/image\\\/\"}}]}<\/script>\n<!-- \/ Yoast SEO plugin. -->","yoast_head_json":{"title":"Pa\u00f1uelo de seda personalizado modernista - Art en Seda","description":"Pa\u00f1uelo de seda personalizado modernista pintado a mano e inspirado en el modernismo de Gaud\u00ed. Pieza \u00fanica donde puedo escribir tu nombre.","robots":{"index":"index","follow":"follow","max-snippet":"max-snippet:-1","max-image-preview":"max-image-preview:large","max-video-preview":"max-video-preview:-1"},"canonical":"https:\/\/annaalbert.com\/es\/producto-es\/fular-de-seda-personalizado-modernista\/","og_locale":"es_ES","og_type":"article","og_title":"Pa\u00f1uelo de seda personalizado modernista - Art en Seda","og_description":"Pa\u00f1uelo de seda personalizado modernista pintado a mano e inspirado en el modernismo de Gaud\u00ed. Pieza \u00fanica donde puedo escribir tu nombre.","og_url":"https:\/\/annaalbert.com\/es\/producto-es\/fular-de-seda-personalizado-modernista\/","og_site_name":"Art en Seda","article_modified_time":"2025-10-13T15:18:03+00:00","og_image":[{"width":1770,"height":2560,"url":"https:\/\/annaalbert.com\/wp-content\/uploads\/2023\/08\/foto--scaled.jpg","type":"image\/jpeg"}],"twitter_card":"summary_large_image","twitter_misc":{"Tiempo de lectura":"1 minuto"},"schema":{"@context":"https:\/\/schema.org","@graph":[{"@type":"WebPage","@id":"https:\/\/annaalbert.com\/es\/producto-es\/fular-de-seda-personalizado-modernista\/","url":"https:\/\/annaalbert.com\/es\/producto-es\/fular-de-seda-personalizado-modernista\/","name":"Pa\u00f1uelo de seda personalizado modernista - Art en Seda","isPartOf":{"@id":"https:\/\/annaalbert.com\/es\/#website"},"primaryImageOfPage":{"@id":"https:\/\/annaalbert.com\/es\/producto-es\/fular-de-seda-personalizado-modernista\/#primaryimage"},"image":{"@id":"https:\/\/annaalbert.com\/es\/producto-es\/fular-de-seda-personalizado-modernista\/#primaryimage"},"thumbnailUrl":"https:\/\/annaalbert.com\/wp-content\/uploads\/2023\/08\/foto--scaled.jpg","datePublished":"2023-08-15T18:59:14+00:00","dateModified":"2025-10-13T15:18:03+00:00","description":"Pa\u00f1uelo de seda personalizado modernista pintado a mano e inspirado en el modernismo de Gaud\u00ed. Pieza \u00fanica donde puedo escribir tu nombre.","breadcrumb":{"@id":"https:\/\/annaalbert.com\/es\/producto-es\/fular-de-seda-personalizado-modernista\/#breadcrumb"},"inLanguage":"es","potentialAction":[{"@type":"ReadAction","target":["https:\/\/annaalbert.com\/es\/producto-es\/fular-de-seda-personalizado-modernista\/"]}]},{"@type":"ImageObject","inLanguage":"es","@id":"https:\/\/annaalbert.com\/es\/producto-es\/fular-de-seda-personalizado-modernista\/#primaryimage","url":"https:\/\/annaalbert.com\/wp-content\/uploads\/2023\/08\/foto--scaled.jpg","contentUrl":"https:\/\/annaalbert.com\/wp-content\/uploads\/2023\/08\/foto--scaled.jpg","width":1770,"height":2560,"caption":"mocador modernista"},{"@type":"BreadcrumbList","@id":"https:\/\/annaalbert.com\/es\/producto-es\/fular-de-seda-personalizado-modernista\/#breadcrumb","itemListElement":[{"@type":"ListItem","position":1,"name":"Portada","item":"https:\/\/annaalbert.com\/es\/"},{"@type":"ListItem","position":2,"name":"Tienda","item":"https:\/\/annaalbert.com\/tienda\/"},{"@type":"ListItem","position":3,"name":"PA\u00d1UELO DE SEDA PERSONALIZADO MODERNISTA"}]},{"@type":"WebSite","@id":"https:\/\/annaalbert.com\/es\/#website","url":"https:\/\/annaalbert.com\/es\/","name":"Art en Seda","description":"Productos de seda pintada a mano, asi como cursos, talleres, experiencias por la artesana Anna Albert","publisher":{"@id":"https:\/\/annaalbert.com\/es\/#organization"},"potentialAction":[{"@type":"SearchAction","target":{"@type":"EntryPoint","urlTemplate":"https:\/\/annaalbert.com\/es\/?s={search_term_string}"},"query-input":{"@type":"PropertyValueSpecification","valueRequired":true,"valueName":"search_term_string"}}],"inLanguage":"es"},{"@type":"Organization","@id":"https:\/\/annaalbert.com\/es\/#organization","name":"Art en Seda by Anna Albert","url":"https:\/\/annaalbert.com\/es\/","logo":{"@type":"ImageObject","inLanguage":"es","@id":"https:\/\/annaalbert.com\/es\/#\/schema\/logo\/image\/","url":"https:\/\/annaalbert.com\/wp-content\/uploads\/2021\/01\/horitzontal_fonsblanc-scaled.jpg","contentUrl":"https:\/\/annaalbert.com\/wp-content\/uploads\/2021\/01\/horitzontal_fonsblanc-scaled.jpg","width":2560,"height":779,"caption":"Art en Seda by Anna Albert"},"image":{"@id":"https:\/\/annaalbert.com\/es\/#\/schema\/logo\/image\/"}}]}},"_links":{"self":[{"href":"https:\/\/annaalbert.com\/es\/wp-json\/wp\/v2\/product\/10717","targetHints":{"allow":["GET"]}}],"collection":[{"href":"https:\/\/annaalbert.com\/es\/wp-json\/wp\/v2\/product"}],"about":[{"href":"https:\/\/annaalbert.com\/es\/wp-json\/wp\/v2\/types\/product"}],"replies":[{"embeddable":true,"href":"https:\/\/annaalbert.com\/es\/wp-json\/wp\/v2\/comments?post=10717"}],"wp:featuredmedia":[{"embeddable":true,"href":"https:\/\/annaalbert.com\/es\/wp-json\/wp\/v2\/media\/12444"}],"wp:attachment":[{"href":"https:\/\/annaalbert.com\/es\/wp-json\/wp\/v2\/media?parent=10717"}],"wp:term":[{"taxonomy":"product_brand","embeddable":true,"href":"https:\/\/annaalbert.com\/es\/wp-json\/wp\/v2\/product_brand?post=10717"},{"taxonomy":"product_cat","embeddable":true,"href":"https:\/\/annaalbert.com\/es\/wp-json\/wp\/v2\/product_cat?post=10717"},{"taxonomy":"product_tag","embeddable":true,"href":"https:\/\/annaalbert.com\/es\/wp-json\/wp\/v2\/product_tag?post=10717"}],"curies":[{"name":"wp","href":"https:\/\/api.w.org\/{rel}","templated":true}]}}