{"id":4084,"date":"2015-05-13T10:55:19","date_gmt":"2015-05-13T10:55:19","guid":{"rendered":"https:\/\/annaalbert.com\/taller-art-en-seda\/"},"modified":"2024-03-22T16:24:46","modified_gmt":"2024-03-22T16:24:46","slug":"cursos-talleres-seda-natural","status":"publish","type":"page","link":"https:\/\/annaalbert.com\/es\/cursos-talleres-seda-natural\/","title":{"rendered":"Cursos y talleres de seda natural pintada a mano"},"content":{"rendered":"<p>[et_pb_section fb_built=\u00bb1&#8243; _builder_version=\u00bb4.16&#8243; da_disable_devices=\u00bboff|off|off\u00bb global_colors_info=\u00bb{}\u00bb da_is_popup=\u00bboff\u00bb da_exit_intent=\u00bboff\u00bb da_has_close=\u00bbon\u00bb da_alt_close=\u00bboff\u00bb da_dark_close=\u00bboff\u00bb da_not_modal=\u00bbon\u00bb da_is_singular=\u00bboff\u00bb da_with_loader=\u00bboff\u00bb da_has_shadow=\u00bbon\u00bb][et_pb_row _builder_version=\u00bb4.16&#8243; global_colors_info=\u00bb{}\u00bb][et_pb_column type=\u00bb4_4&#8243; _builder_version=\u00bb4.16&#8243; custom_padding=\u00bb|||\u00bb global_colors_info=\u00bb{}\u00bb custom_padding__hover=\u00bb|||\u00bb][et_pb_image src=\u00bbhttps:\/\/annaalbert.com\/wp-content\/uploads\/2015\/05\/banner-taller.jpg\u00bb align_tablet=\u00bbcenter\u00bb align_phone=\u00bbcenter\u00bb align_last_edited=\u00bbon|desktop\u00bb _builder_version=\u00bb4.16&#8243; global_colors_info=\u00bb{}\u00bb][\/et_pb_image][\/et_pb_column][\/et_pb_row][et_pb_row _builder_version=\u00bb4.16&#8243; global_colors_info=\u00bb{}\u00bb][et_pb_column type=\u00bb4_4&#8243; _builder_version=\u00bb4.16&#8243; custom_padding=\u00bb|||\u00bb global_colors_info=\u00bb{}\u00bb custom_padding__hover=\u00bb|||\u00bb][et_pb_text _builder_version=\u00bb4.24.2&#8243; hover_enabled=\u00bb0&#8243; global_colors_info=\u00bb{}\u00bb sticky_enabled=\u00bb0&#8243;]<\/p>\n<h1 style=\"text-align: center;\">Cursos y talleres de seda natural pintada a mano<\/h1>\n<p>[\/et_pb_text][et_pb_text _builder_version=\u00bb4.16&#8243; global_colors_info=\u00bb{}\u00bb]<\/p>\n<p style=\"text-align: center;\"><strong>El Taller Arte en seda<\/strong> es el espacio de trabajo y elaboraci\u00f3n. Es donde se dise\u00f1a, se experimenta y nacen las creaciones anna albert.<\/p>\n<p style=\"text-align: center;\">Cualquier obra surge de una idea o de una inquietud. A partir de aqu\u00ed se hace un dise\u00f1o y se traza el camino a seguir. El conocimiento de las t\u00e9cnicas y del tejido son b\u00e1sicos para conseguir el objetivo. El arte de la pintura sobre seda requiere de este saber hacer con las t\u00e9cnicas que sumado a la habilidad del artista y a su creatividad, te abre un mundo pleno de posibilidades.<\/p>\n<p style=\"text-align: center;\">El taller est\u00e1 ubicado en la poblaci\u00f3n de El Masnou en la comarca del Maresme (Barcelona). Hacemos equipo dos artesanas que sintonizamos con el mismo proyecto, la Gemma Vilalta y yo misma. Es un gran placer para mi poder compartir el trabajo con una persona sensible y experta como la Gemma.<\/p>\n<p>[\/et_pb_text][\/et_pb_column][\/et_pb_row][et_pb_row _builder_version=\u00bb4.16&#8243; global_colors_info=\u00bb{}\u00bb][et_pb_column type=\u00bb4_4&#8243; _builder_version=\u00bb4.16&#8243; custom_padding=\u00bb|||\u00bb global_colors_info=\u00bb{}\u00bb custom_padding__hover=\u00bb|||\u00bb][et_pb_video src=\u00bbhttps:\/\/youtu.be\/iRDkvZh2YXA\u00bb _builder_version=\u00bb4.16&#8243; max_width=\u00bb65%\u00bb module_alignment=\u00bbcenter\u00bb global_colors_info=\u00bb{}\u00bb][\/et_pb_video][\/et_pb_column][\/et_pb_row][et_pb_row _builder_version=\u00bb4.16&#8243; global_colors_info=\u00bb{}\u00bb][et_pb_column type=\u00bb4_4&#8243; _builder_version=\u00bb4.16&#8243; custom_padding=\u00bb|||\u00bb global_colors_info=\u00bb{}\u00bb custom_padding__hover=\u00bb|||\u00bb][et_pb_text _builder_version=\u00bb4.16&#8243; global_colors_info=\u00bb{}\u00bb]<\/p>\n<p style=\"text-align: center;\">Desde el a\u00f1o 2009 el Taller tambi\u00e9n imparte las pr\u00e1cticas de estampaci\u00f3n de algunos alumnos de la Escuela de artes y oficios de la Llotja de Barcelona.<\/p>\n<p style=\"text-align: center;\">Realizo <a href=\"https:\/\/annaalbert.com\/cursos\/\">cursos<\/a>, <a href=\"https:\/\/annaalbert.com\/talleres\/\">talleres<\/a> y <a href=\"https:\/\/annaalbert.com\/es\/experiencias-arte-en-seda-natural\/\">experiencias<\/a> de seda natural pintada a mano para todo el mundo que tenga ganas de aprender. Enviandonos un email os informamos.<\/p>\n<p style=\"text-align: center;\">El taller es un espacio abierto que se puede visitar y ver como se trabaja. Ser\u00e1s Bienvenido!!!<\/p>\n<p>[\/et_pb_text][\/et_pb_column][\/et_pb_row][et_pb_row _builder_version=\u00bb4.16&#8243; global_colors_info=\u00bb{}\u00bb][et_pb_column type=\u00bb4_4&#8243; _builder_version=\u00bb4.16&#8243; custom_padding=\u00bb|||\u00bb global_colors_info=\u00bb{}\u00bb custom_padding__hover=\u00bb|||\u00bb][et_pb_gallery gallery_ids=\u00bb10227,10233,10239,10245,10263,10257,10251,10269&#8243; fullwidth=\u00bbon\u00bb _builder_version=\u00bb4.16&#8243; max_width=\u00bb49%\u00bb module_alignment=\u00bbcenter\u00bb animation_style=\u00bbslide\u00bb animation_direction=\u00bbleft\u00bb border_width_all=\u00bb8px\u00bb border_color_all=\u00bb#ffffff\u00bb border_style_all=\u00bbdouble\u00bb box_shadow_style=\u00bbpreset1&#8243; global_colors_info=\u00bb{}\u00bb][\/et_pb_gallery][\/et_pb_column][\/et_pb_row][\/et_pb_section]<\/p>\n","protected":false},"excerpt":{"rendered":"<p>Cursos y talleres de seda natural pintada a manoEl Taller Arte en seda es el espacio de trabajo y elaboraci\u00f3n. Es donde se dise\u00f1a, se experimenta y nacen las creaciones anna albert. Cualquier obra surge de una idea o de una inquietud. A partir de aqu\u00ed se hace un dise\u00f1o y se traza el camino [&hellip;]<\/p>\n","protected":false},"author":4,"featured_media":10221,"parent":0,"menu_order":5,"comment_status":"closed","ping_status":"closed","template":"","meta":{"_et_pb_use_builder":"on","_et_pb_old_content":"","_et_gb_content_width":"","footnotes":""},"class_list":["post-4084","page","type-page","status-publish","has-post-thumbnail","hentry"],"yoast_head":"<!-- This site is optimized with the Yoast SEO plugin v27.0 - https:\/\/yoast.com\/product\/yoast-seo-wordpress\/ -->\n<title>Cursos y talleres de seda natural pintada a mano - Art en Seda<\/title>\n<meta name=\"description\" content=\"Te ha interesado nunca pintar sobre seda? Con nuestros cursos y talleres de seda natural pintada mano es posible!\" \/>\n<meta name=\"robots\" content=\"index, follow, max-snippet:-1, max-image-preview:large, max-video-preview:-1\" \/>\n<link rel=\"canonical\" href=\"https:\/\/annaalbert.com\/es\/cursos-talleres-seda-natural\/\" \/>\n<meta property=\"og:locale\" content=\"es_ES\" \/>\n<meta property=\"og:type\" content=\"article\" \/>\n<meta property=\"og:title\" content=\"Cursos y talleres de seda natural pintada a mano - Art en Seda\" \/>\n<meta property=\"og:description\" content=\"Te ha interesado nunca pintar sobre seda? Con nuestros cursos y talleres de seda natural pintada mano es posible!\" \/>\n<meta property=\"og:url\" content=\"https:\/\/annaalbert.com\/es\/cursos-talleres-seda-natural\/\" \/>\n<meta property=\"og:site_name\" content=\"Art en Seda\" \/>\n<meta property=\"article:modified_time\" content=\"2024-03-22T16:24:46+00:00\" \/>\n<meta property=\"og:image\" content=\"https:\/\/annaalbert.com\/wp-content\/uploads\/2015\/05\/banner-taller.jpg\" \/>\n\t<meta property=\"og:image:width\" content=\"1170\" \/>\n\t<meta property=\"og:image:height\" content=\"280\" \/>\n\t<meta property=\"og:image:type\" content=\"image\/jpeg\" \/>\n<meta name=\"twitter:card\" content=\"summary_large_image\" \/>\n<meta name=\"twitter:label1\" content=\"Tiempo de lectura\" \/>\n\t<meta name=\"twitter:data1\" content=\"2 minutos\" \/>\n<script type=\"application\/ld+json\" class=\"yoast-schema-graph\">{\"@context\":\"https:\/\/schema.org\",\"@graph\":[{\"@type\":\"WebPage\",\"@id\":\"https:\/\/annaalbert.com\/es\/cursos-talleres-seda-natural\/\",\"url\":\"https:\/\/annaalbert.com\/es\/cursos-talleres-seda-natural\/\",\"name\":\"Cursos y talleres de seda natural pintada a mano - Art en Seda\",\"isPartOf\":{\"@id\":\"https:\/\/annaalbert.com\/es\/#website\"},\"primaryImageOfPage\":{\"@id\":\"https:\/\/annaalbert.com\/es\/cursos-talleres-seda-natural\/#primaryimage\"},\"image\":{\"@id\":\"https:\/\/annaalbert.com\/es\/cursos-talleres-seda-natural\/#primaryimage\"},\"thumbnailUrl\":\"https:\/\/annaalbert.com\/wp-content\/uploads\/2015\/05\/banner-taller.jpg\",\"datePublished\":\"2015-05-13T10:55:19+00:00\",\"dateModified\":\"2024-03-22T16:24:46+00:00\",\"description\":\"Te ha interesado nunca pintar sobre seda? Con nuestros cursos y talleres de seda natural pintada mano es posible!\",\"breadcrumb\":{\"@id\":\"https:\/\/annaalbert.com\/es\/cursos-talleres-seda-natural\/#breadcrumb\"},\"inLanguage\":\"es\",\"potentialAction\":[{\"@type\":\"ReadAction\",\"target\":[\"https:\/\/annaalbert.com\/es\/cursos-talleres-seda-natural\/\"]}]},{\"@type\":\"ImageObject\",\"inLanguage\":\"es\",\"@id\":\"https:\/\/annaalbert.com\/es\/cursos-talleres-seda-natural\/#primaryimage\",\"url\":\"https:\/\/annaalbert.com\/wp-content\/uploads\/2015\/05\/banner-taller.jpg\",\"contentUrl\":\"https:\/\/annaalbert.com\/wp-content\/uploads\/2015\/05\/banner-taller.jpg\",\"width\":1170,\"height\":280},{\"@type\":\"BreadcrumbList\",\"@id\":\"https:\/\/annaalbert.com\/es\/cursos-talleres-seda-natural\/#breadcrumb\",\"itemListElement\":[{\"@type\":\"ListItem\",\"position\":1,\"name\":\"Portada\",\"item\":\"https:\/\/annaalbert.com\/es\/\"},{\"@type\":\"ListItem\",\"position\":2,\"name\":\"Cursos y talleres de seda natural pintada a mano\"}]},{\"@type\":\"WebSite\",\"@id\":\"https:\/\/annaalbert.com\/es\/#website\",\"url\":\"https:\/\/annaalbert.com\/es\/\",\"name\":\"Art en Seda\",\"description\":\"Productos de seda pintada a mano, asi como cursos, talleres, experiencias por la artesana Anna Albert\",\"publisher\":{\"@id\":\"https:\/\/annaalbert.com\/es\/#organization\"},\"potentialAction\":[{\"@type\":\"SearchAction\",\"target\":{\"@type\":\"EntryPoint\",\"urlTemplate\":\"https:\/\/annaalbert.com\/es\/?s={search_term_string}\"},\"query-input\":{\"@type\":\"PropertyValueSpecification\",\"valueRequired\":true,\"valueName\":\"search_term_string\"}}],\"inLanguage\":\"es\"},{\"@type\":\"Organization\",\"@id\":\"https:\/\/annaalbert.com\/es\/#organization\",\"name\":\"Art en Seda by Anna Albert\",\"url\":\"https:\/\/annaalbert.com\/es\/\",\"logo\":{\"@type\":\"ImageObject\",\"inLanguage\":\"es\",\"@id\":\"https:\/\/annaalbert.com\/es\/#\/schema\/logo\/image\/\",\"url\":\"https:\/\/annaalbert.com\/wp-content\/uploads\/2021\/01\/horitzontal_fonsblanc-scaled.jpg\",\"contentUrl\":\"https:\/\/annaalbert.com\/wp-content\/uploads\/2021\/01\/horitzontal_fonsblanc-scaled.jpg\",\"width\":2560,\"height\":779,\"caption\":\"Art en Seda by Anna Albert\"},\"image\":{\"@id\":\"https:\/\/annaalbert.com\/es\/#\/schema\/logo\/image\/\"}}]}<\/script>\n<!-- \/ Yoast SEO plugin. -->","yoast_head_json":{"title":"Cursos y talleres de seda natural pintada a mano - Art en Seda","description":"Te ha interesado nunca pintar sobre seda? Con nuestros cursos y talleres de seda natural pintada mano es posible!","robots":{"index":"index","follow":"follow","max-snippet":"max-snippet:-1","max-image-preview":"max-image-preview:large","max-video-preview":"max-video-preview:-1"},"canonical":"https:\/\/annaalbert.com\/es\/cursos-talleres-seda-natural\/","og_locale":"es_ES","og_type":"article","og_title":"Cursos y talleres de seda natural pintada a mano - Art en Seda","og_description":"Te ha interesado nunca pintar sobre seda? Con nuestros cursos y talleres de seda natural pintada mano es posible!","og_url":"https:\/\/annaalbert.com\/es\/cursos-talleres-seda-natural\/","og_site_name":"Art en Seda","article_modified_time":"2024-03-22T16:24:46+00:00","og_image":[{"width":1170,"height":280,"url":"https:\/\/annaalbert.com\/wp-content\/uploads\/2015\/05\/banner-taller.jpg","type":"image\/jpeg"}],"twitter_card":"summary_large_image","twitter_misc":{"Tiempo de lectura":"2 minutos"},"schema":{"@context":"https:\/\/schema.org","@graph":[{"@type":"WebPage","@id":"https:\/\/annaalbert.com\/es\/cursos-talleres-seda-natural\/","url":"https:\/\/annaalbert.com\/es\/cursos-talleres-seda-natural\/","name":"Cursos y talleres de seda natural pintada a mano - Art en Seda","isPartOf":{"@id":"https:\/\/annaalbert.com\/es\/#website"},"primaryImageOfPage":{"@id":"https:\/\/annaalbert.com\/es\/cursos-talleres-seda-natural\/#primaryimage"},"image":{"@id":"https:\/\/annaalbert.com\/es\/cursos-talleres-seda-natural\/#primaryimage"},"thumbnailUrl":"https:\/\/annaalbert.com\/wp-content\/uploads\/2015\/05\/banner-taller.jpg","datePublished":"2015-05-13T10:55:19+00:00","dateModified":"2024-03-22T16:24:46+00:00","description":"Te ha interesado nunca pintar sobre seda? Con nuestros cursos y talleres de seda natural pintada mano es posible!","breadcrumb":{"@id":"https:\/\/annaalbert.com\/es\/cursos-talleres-seda-natural\/#breadcrumb"},"inLanguage":"es","potentialAction":[{"@type":"ReadAction","target":["https:\/\/annaalbert.com\/es\/cursos-talleres-seda-natural\/"]}]},{"@type":"ImageObject","inLanguage":"es","@id":"https:\/\/annaalbert.com\/es\/cursos-talleres-seda-natural\/#primaryimage","url":"https:\/\/annaalbert.com\/wp-content\/uploads\/2015\/05\/banner-taller.jpg","contentUrl":"https:\/\/annaalbert.com\/wp-content\/uploads\/2015\/05\/banner-taller.jpg","width":1170,"height":280},{"@type":"BreadcrumbList","@id":"https:\/\/annaalbert.com\/es\/cursos-talleres-seda-natural\/#breadcrumb","itemListElement":[{"@type":"ListItem","position":1,"name":"Portada","item":"https:\/\/annaalbert.com\/es\/"},{"@type":"ListItem","position":2,"name":"Cursos y talleres de seda natural pintada a mano"}]},{"@type":"WebSite","@id":"https:\/\/annaalbert.com\/es\/#website","url":"https:\/\/annaalbert.com\/es\/","name":"Art en Seda","description":"Productos de seda pintada a mano, asi como cursos, talleres, experiencias por la artesana Anna Albert","publisher":{"@id":"https:\/\/annaalbert.com\/es\/#organization"},"potentialAction":[{"@type":"SearchAction","target":{"@type":"EntryPoint","urlTemplate":"https:\/\/annaalbert.com\/es\/?s={search_term_string}"},"query-input":{"@type":"PropertyValueSpecification","valueRequired":true,"valueName":"search_term_string"}}],"inLanguage":"es"},{"@type":"Organization","@id":"https:\/\/annaalbert.com\/es\/#organization","name":"Art en Seda by Anna Albert","url":"https:\/\/annaalbert.com\/es\/","logo":{"@type":"ImageObject","inLanguage":"es","@id":"https:\/\/annaalbert.com\/es\/#\/schema\/logo\/image\/","url":"https:\/\/annaalbert.com\/wp-content\/uploads\/2021\/01\/horitzontal_fonsblanc-scaled.jpg","contentUrl":"https:\/\/annaalbert.com\/wp-content\/uploads\/2021\/01\/horitzontal_fonsblanc-scaled.jpg","width":2560,"height":779,"caption":"Art en Seda by Anna Albert"},"image":{"@id":"https:\/\/annaalbert.com\/es\/#\/schema\/logo\/image\/"}}]}},"_links":{"self":[{"href":"https:\/\/annaalbert.com\/es\/wp-json\/wp\/v2\/pages\/4084","targetHints":{"allow":["GET"]}}],"collection":[{"href":"https:\/\/annaalbert.com\/es\/wp-json\/wp\/v2\/pages"}],"about":[{"href":"https:\/\/annaalbert.com\/es\/wp-json\/wp\/v2\/types\/page"}],"author":[{"embeddable":true,"href":"https:\/\/annaalbert.com\/es\/wp-json\/wp\/v2\/users\/4"}],"replies":[{"embeddable":true,"href":"https:\/\/annaalbert.com\/es\/wp-json\/wp\/v2\/comments?post=4084"}],"version-history":[{"count":11,"href":"https:\/\/annaalbert.com\/es\/wp-json\/wp\/v2\/pages\/4084\/revisions"}],"predecessor-version":[{"id":12057,"href":"https:\/\/annaalbert.com\/es\/wp-json\/wp\/v2\/pages\/4084\/revisions\/12057"}],"wp:featuredmedia":[{"embeddable":true,"href":"https:\/\/annaalbert.com\/es\/wp-json\/wp\/v2\/media\/10221"}],"wp:attachment":[{"href":"https:\/\/annaalbert.com\/es\/wp-json\/wp\/v2\/media?parent=4084"}],"curies":[{"name":"wp","href":"https:\/\/api.w.org\/{rel}","templated":true}]}}