{"id":4058,"date":"2015-05-13T10:55:19","date_gmt":"2015-05-13T10:55:19","guid":{"rendered":"https:\/\/annaalbert.com\/showroom-art-en-seda\/"},"modified":"2024-05-22T10:55:44","modified_gmt":"2024-05-22T10:55:44","slug":"arte-productos-seda-natural","status":"publish","type":"page","link":"https:\/\/annaalbert.com\/es\/arte-productos-seda-natural\/","title":{"rendered":"Arte productos de seda natural"},"content":{"rendered":"<p>[et_pb_section fb_built=\u00bb1&#8243; fullwidth=\u00bbon\u00bb next_background_color=\u00bb#ffffff\u00bb _builder_version=\u00bb4.25.1&#8243; background_image=\u00bbhttps:\/\/annaalbert.com\/wp-content\/uploads\/2024\/05\/IMG_6511-3-1-scaled.jpg\u00bb custom_margin=\u00bb0px||0px||true\u00bb custom_padding=\u00bb165px||300px||false|false\u00bb bottom_divider_style=\u00bbwaves2&#8243; hover_enabled=\u00bb0&#8243; da_disable_devices=\u00bboff|off|off\u00bb global_colors_info=\u00bb{}\u00bb sticky_enabled=\u00bb0&#8243; alt=\u00bbtaller artenseda\u00bb title_text=\u00bbtaller artenseda \u00bb da_is_popup=\u00bboff\u00bb da_exit_intent=\u00bboff\u00bb da_has_close=\u00bbon\u00bb da_alt_close=\u00bboff\u00bb da_dark_close=\u00bboff\u00bb da_not_modal=\u00bbon\u00bb da_is_singular=\u00bboff\u00bb da_with_loader=\u00bboff\u00bb da_has_shadow=\u00bbon\u00bb][\/et_pb_section][et_pb_section fb_built=\u00bb1&#8243; _builder_version=\u00bb4.16&#8243; da_disable_devices=\u00bboff|off|off\u00bb global_colors_info=\u00bb{}\u00bb da_is_popup=\u00bboff\u00bb da_exit_intent=\u00bboff\u00bb da_has_close=\u00bbon\u00bb da_alt_close=\u00bboff\u00bb da_dark_close=\u00bboff\u00bb da_not_modal=\u00bbon\u00bb da_is_singular=\u00bboff\u00bb da_with_loader=\u00bboff\u00bb da_has_shadow=\u00bbon\u00bb][et_pb_row _builder_version=\u00bb4.16&#8243; global_colors_info=\u00bb{}\u00bb][et_pb_column type=\u00bb4_4&#8243; _builder_version=\u00bb4.16&#8243; custom_padding=\u00bb|||\u00bb global_colors_info=\u00bb{}\u00bb custom_padding__hover=\u00bb|||\u00bb][et_pb_text _builder_version=\u00bb4.24.2&#8243; global_colors_info=\u00bb{}\u00bb]<\/p>\n<h1 style=\"text-align: center;\">Arte productos de seda natural pintada a mano<\/h1>\n<p>[\/et_pb_text][et_pb_text _builder_version=\u00bb4.16&#8243; global_colors_info=\u00bb{}\u00bb]<\/p>\n<p style=\"text-align: center;\">Es el espacio de exposici\u00f3n y venta que tenemos a continuaci\u00f3n del Taller.<\/p>\n<p style=\"text-align: center;\">Est\u00e1 abierto al p\u00fablico y a las empresas que deseen conocer nuestros productos.<\/p>\n<p style=\"text-align: center;\">Es un placer disponer de este espacio donde el producto acabado luce e inspira al visitante.<\/p>\n<p style=\"text-align: center;\">Esta abierto de Lunes a Viernes y aunque tenemos un horario muy completo siempre es mejor concertar cita.<\/p>\n<p style=\"text-align: center;\">Ser\u00e1s Bienvenido!!!<\/p>\n<p>[\/et_pb_text][\/et_pb_column][\/et_pb_row][et_pb_row _builder_version=\u00bb4.16&#8243; global_colors_info=\u00bb{}\u00bb][et_pb_column type=\u00bb4_4&#8243; _builder_version=\u00bb4.16&#8243; custom_padding=\u00bb|||\u00bb global_colors_info=\u00bb{}\u00bb custom_padding__hover=\u00bb|||\u00bb][et_pb_gallery gallery_ids=\u00bb10200,10201,10202,10203,10204,10205,4059,4062&#8243; fullwidth=\u00bbon\u00bb _builder_version=\u00bb4.16&#8243; max_width=\u00bb41%\u00bb module_alignment=\u00bbcenter\u00bb animation_style=\u00bbslide\u00bb animation_direction=\u00bbleft\u00bb auto=\u00bbon\u00bb border_width_all=\u00bb11px\u00bb border_color_all=\u00bb#ffffff\u00bb border_style_all=\u00bbdotted\u00bb box_shadow_style=\u00bbpreset1&#8243; global_colors_info=\u00bb{}\u00bb][\/et_pb_gallery][\/et_pb_column][\/et_pb_row][\/et_pb_section]<\/p>\n","protected":false},"excerpt":{"rendered":"<p>Arte productos de seda natural pintada a manoEs el espacio de exposici\u00f3n y venta que tenemos a continuaci\u00f3n del Taller. Est\u00e1 abierto al p\u00fablico y a las empresas que deseen conocer nuestros productos. Es un placer disponer de este espacio donde el producto acabado luce e inspira al visitante. Esta abierto de Lunes a Viernes [&hellip;]<\/p>\n","protected":false},"author":4,"featured_media":10199,"parent":0,"menu_order":6,"comment_status":"closed","ping_status":"closed","template":"","meta":{"_et_pb_use_builder":"on","_et_pb_old_content":"","_et_gb_content_width":"","footnotes":""},"class_list":["post-4058","page","type-page","status-publish","has-post-thumbnail","hentry"],"yoast_head":"<!-- This site is optimized with the Yoast SEO plugin v27.0 - https:\/\/yoast.com\/product\/yoast-seo-wordpress\/ -->\n<title>Arte productos de seda natural - Art en Seda<\/title>\n<meta name=\"description\" content=\"Descubrid el showroom: arte de productos de seda natural pintada a mano te esperan. Desde pa\u00f1uelos de seda para mujer hasta abanicos originales.\" \/>\n<meta name=\"robots\" content=\"index, follow, max-snippet:-1, max-image-preview:large, max-video-preview:-1\" \/>\n<link rel=\"canonical\" href=\"https:\/\/annaalbert.com\/es\/arte-productos-seda-natural\/\" \/>\n<meta property=\"og:locale\" content=\"es_ES\" \/>\n<meta property=\"og:type\" content=\"article\" \/>\n<meta property=\"og:title\" content=\"Arte productos de seda natural - Art en Seda\" \/>\n<meta property=\"og:description\" content=\"Descubrid el showroom: arte de productos de seda natural pintada a mano te esperan. Desde pa\u00f1uelos de seda para mujer hasta abanicos originales.\" \/>\n<meta property=\"og:url\" content=\"https:\/\/annaalbert.com\/es\/arte-productos-seda-natural\/\" \/>\n<meta property=\"og:site_name\" content=\"Art en Seda\" \/>\n<meta property=\"article:modified_time\" content=\"2024-05-22T10:55:44+00:00\" \/>\n<meta property=\"og:image\" content=\"https:\/\/annaalbert.com\/wp-content\/uploads\/2015\/05\/showrooom.jpg\" \/>\n\t<meta property=\"og:image:width\" content=\"1170\" \/>\n\t<meta property=\"og:image:height\" content=\"267\" \/>\n\t<meta property=\"og:image:type\" content=\"image\/jpeg\" \/>\n<meta name=\"twitter:card\" content=\"summary_large_image\" \/>\n<meta name=\"twitter:label1\" content=\"Tiempo de lectura\" \/>\n\t<meta name=\"twitter:data1\" content=\"1 minuto\" \/>\n<script type=\"application\/ld+json\" class=\"yoast-schema-graph\">{\"@context\":\"https:\/\/schema.org\",\"@graph\":[{\"@type\":\"WebPage\",\"@id\":\"https:\/\/annaalbert.com\/es\/arte-productos-seda-natural\/\",\"url\":\"https:\/\/annaalbert.com\/es\/arte-productos-seda-natural\/\",\"name\":\"Arte productos de seda natural - Art en Seda\",\"isPartOf\":{\"@id\":\"https:\/\/annaalbert.com\/es\/#website\"},\"primaryImageOfPage\":{\"@id\":\"https:\/\/annaalbert.com\/es\/arte-productos-seda-natural\/#primaryimage\"},\"image\":{\"@id\":\"https:\/\/annaalbert.com\/es\/arte-productos-seda-natural\/#primaryimage\"},\"thumbnailUrl\":\"https:\/\/annaalbert.com\/wp-content\/uploads\/2015\/05\/showrooom.jpg\",\"datePublished\":\"2015-05-13T10:55:19+00:00\",\"dateModified\":\"2024-05-22T10:55:44+00:00\",\"description\":\"Descubrid el showroom: arte de productos de seda natural pintada a mano te esperan. Desde pa\u00f1uelos de seda para mujer hasta abanicos originales.\",\"breadcrumb\":{\"@id\":\"https:\/\/annaalbert.com\/es\/arte-productos-seda-natural\/#breadcrumb\"},\"inLanguage\":\"es\",\"potentialAction\":[{\"@type\":\"ReadAction\",\"target\":[\"https:\/\/annaalbert.com\/es\/arte-productos-seda-natural\/\"]}]},{\"@type\":\"ImageObject\",\"inLanguage\":\"es\",\"@id\":\"https:\/\/annaalbert.com\/es\/arte-productos-seda-natural\/#primaryimage\",\"url\":\"https:\/\/annaalbert.com\/wp-content\/uploads\/2015\/05\/showrooom.jpg\",\"contentUrl\":\"https:\/\/annaalbert.com\/wp-content\/uploads\/2015\/05\/showrooom.jpg\",\"width\":1170,\"height\":267},{\"@type\":\"BreadcrumbList\",\"@id\":\"https:\/\/annaalbert.com\/es\/arte-productos-seda-natural\/#breadcrumb\",\"itemListElement\":[{\"@type\":\"ListItem\",\"position\":1,\"name\":\"Portada\",\"item\":\"https:\/\/annaalbert.com\/es\/\"},{\"@type\":\"ListItem\",\"position\":2,\"name\":\"Arte productos de seda natural\"}]},{\"@type\":\"WebSite\",\"@id\":\"https:\/\/annaalbert.com\/es\/#website\",\"url\":\"https:\/\/annaalbert.com\/es\/\",\"name\":\"Art en Seda\",\"description\":\"Productos de seda pintada a mano, asi como cursos, talleres, experiencias por la artesana Anna Albert\",\"publisher\":{\"@id\":\"https:\/\/annaalbert.com\/es\/#organization\"},\"potentialAction\":[{\"@type\":\"SearchAction\",\"target\":{\"@type\":\"EntryPoint\",\"urlTemplate\":\"https:\/\/annaalbert.com\/es\/?s={search_term_string}\"},\"query-input\":{\"@type\":\"PropertyValueSpecification\",\"valueRequired\":true,\"valueName\":\"search_term_string\"}}],\"inLanguage\":\"es\"},{\"@type\":\"Organization\",\"@id\":\"https:\/\/annaalbert.com\/es\/#organization\",\"name\":\"Art en Seda by Anna Albert\",\"url\":\"https:\/\/annaalbert.com\/es\/\",\"logo\":{\"@type\":\"ImageObject\",\"inLanguage\":\"es\",\"@id\":\"https:\/\/annaalbert.com\/es\/#\/schema\/logo\/image\/\",\"url\":\"https:\/\/annaalbert.com\/wp-content\/uploads\/2021\/01\/horitzontal_fonsblanc-scaled.jpg\",\"contentUrl\":\"https:\/\/annaalbert.com\/wp-content\/uploads\/2021\/01\/horitzontal_fonsblanc-scaled.jpg\",\"width\":2560,\"height\":779,\"caption\":\"Art en Seda by Anna Albert\"},\"image\":{\"@id\":\"https:\/\/annaalbert.com\/es\/#\/schema\/logo\/image\/\"}}]}<\/script>\n<!-- \/ Yoast SEO plugin. -->","yoast_head_json":{"title":"Arte productos de seda natural - Art en Seda","description":"Descubrid el showroom: arte de productos de seda natural pintada a mano te esperan. Desde pa\u00f1uelos de seda para mujer hasta abanicos originales.","robots":{"index":"index","follow":"follow","max-snippet":"max-snippet:-1","max-image-preview":"max-image-preview:large","max-video-preview":"max-video-preview:-1"},"canonical":"https:\/\/annaalbert.com\/es\/arte-productos-seda-natural\/","og_locale":"es_ES","og_type":"article","og_title":"Arte productos de seda natural - Art en Seda","og_description":"Descubrid el showroom: arte de productos de seda natural pintada a mano te esperan. Desde pa\u00f1uelos de seda para mujer hasta abanicos originales.","og_url":"https:\/\/annaalbert.com\/es\/arte-productos-seda-natural\/","og_site_name":"Art en Seda","article_modified_time":"2024-05-22T10:55:44+00:00","og_image":[{"width":1170,"height":267,"url":"https:\/\/annaalbert.com\/wp-content\/uploads\/2015\/05\/showrooom.jpg","type":"image\/jpeg"}],"twitter_card":"summary_large_image","twitter_misc":{"Tiempo de lectura":"1 minuto"},"schema":{"@context":"https:\/\/schema.org","@graph":[{"@type":"WebPage","@id":"https:\/\/annaalbert.com\/es\/arte-productos-seda-natural\/","url":"https:\/\/annaalbert.com\/es\/arte-productos-seda-natural\/","name":"Arte productos de seda natural - Art en Seda","isPartOf":{"@id":"https:\/\/annaalbert.com\/es\/#website"},"primaryImageOfPage":{"@id":"https:\/\/annaalbert.com\/es\/arte-productos-seda-natural\/#primaryimage"},"image":{"@id":"https:\/\/annaalbert.com\/es\/arte-productos-seda-natural\/#primaryimage"},"thumbnailUrl":"https:\/\/annaalbert.com\/wp-content\/uploads\/2015\/05\/showrooom.jpg","datePublished":"2015-05-13T10:55:19+00:00","dateModified":"2024-05-22T10:55:44+00:00","description":"Descubrid el showroom: arte de productos de seda natural pintada a mano te esperan. Desde pa\u00f1uelos de seda para mujer hasta abanicos originales.","breadcrumb":{"@id":"https:\/\/annaalbert.com\/es\/arte-productos-seda-natural\/#breadcrumb"},"inLanguage":"es","potentialAction":[{"@type":"ReadAction","target":["https:\/\/annaalbert.com\/es\/arte-productos-seda-natural\/"]}]},{"@type":"ImageObject","inLanguage":"es","@id":"https:\/\/annaalbert.com\/es\/arte-productos-seda-natural\/#primaryimage","url":"https:\/\/annaalbert.com\/wp-content\/uploads\/2015\/05\/showrooom.jpg","contentUrl":"https:\/\/annaalbert.com\/wp-content\/uploads\/2015\/05\/showrooom.jpg","width":1170,"height":267},{"@type":"BreadcrumbList","@id":"https:\/\/annaalbert.com\/es\/arte-productos-seda-natural\/#breadcrumb","itemListElement":[{"@type":"ListItem","position":1,"name":"Portada","item":"https:\/\/annaalbert.com\/es\/"},{"@type":"ListItem","position":2,"name":"Arte productos de seda natural"}]},{"@type":"WebSite","@id":"https:\/\/annaalbert.com\/es\/#website","url":"https:\/\/annaalbert.com\/es\/","name":"Art en Seda","description":"Productos de seda pintada a mano, asi como cursos, talleres, experiencias por la artesana Anna Albert","publisher":{"@id":"https:\/\/annaalbert.com\/es\/#organization"},"potentialAction":[{"@type":"SearchAction","target":{"@type":"EntryPoint","urlTemplate":"https:\/\/annaalbert.com\/es\/?s={search_term_string}"},"query-input":{"@type":"PropertyValueSpecification","valueRequired":true,"valueName":"search_term_string"}}],"inLanguage":"es"},{"@type":"Organization","@id":"https:\/\/annaalbert.com\/es\/#organization","name":"Art en Seda by Anna Albert","url":"https:\/\/annaalbert.com\/es\/","logo":{"@type":"ImageObject","inLanguage":"es","@id":"https:\/\/annaalbert.com\/es\/#\/schema\/logo\/image\/","url":"https:\/\/annaalbert.com\/wp-content\/uploads\/2021\/01\/horitzontal_fonsblanc-scaled.jpg","contentUrl":"https:\/\/annaalbert.com\/wp-content\/uploads\/2021\/01\/horitzontal_fonsblanc-scaled.jpg","width":2560,"height":779,"caption":"Art en Seda by Anna Albert"},"image":{"@id":"https:\/\/annaalbert.com\/es\/#\/schema\/logo\/image\/"}}]}},"_links":{"self":[{"href":"https:\/\/annaalbert.com\/es\/wp-json\/wp\/v2\/pages\/4058","targetHints":{"allow":["GET"]}}],"collection":[{"href":"https:\/\/annaalbert.com\/es\/wp-json\/wp\/v2\/pages"}],"about":[{"href":"https:\/\/annaalbert.com\/es\/wp-json\/wp\/v2\/types\/page"}],"author":[{"embeddable":true,"href":"https:\/\/annaalbert.com\/es\/wp-json\/wp\/v2\/users\/4"}],"replies":[{"embeddable":true,"href":"https:\/\/annaalbert.com\/es\/wp-json\/wp\/v2\/comments?post=4058"}],"version-history":[{"count":13,"href":"https:\/\/annaalbert.com\/es\/wp-json\/wp\/v2\/pages\/4058\/revisions"}],"predecessor-version":[{"id":12759,"href":"https:\/\/annaalbert.com\/es\/wp-json\/wp\/v2\/pages\/4058\/revisions\/12759"}],"wp:featuredmedia":[{"embeddable":true,"href":"https:\/\/annaalbert.com\/es\/wp-json\/wp\/v2\/media\/10199"}],"wp:attachment":[{"href":"https:\/\/annaalbert.com\/es\/wp-json\/wp\/v2\/media?parent=4058"}],"curies":[{"name":"wp","href":"https:\/\/api.w.org\/{rel}","templated":true}]}}