{"id":4049,"date":"2015-05-13T10:55:19","date_gmt":"2015-05-13T10:55:19","guid":{"rendered":"https:\/\/annaalbert.com\/regalos-empresa\/"},"modified":"2023-07-28T11:36:25","modified_gmt":"2023-07-28T11:36:25","slug":"regalos-empresa-personalizables-seda-natural","status":"publish","type":"page","link":"https:\/\/annaalbert.com\/es\/regalos-empresa-personalizables-seda-natural\/","title":{"rendered":"Regalos empresa personalizables seda natural"},"content":{"rendered":"<p>[et_pb_section fb_built=\u00bb1&#8243; admin_label=\u00bbsection\u00bb _builder_version=\u00bb4.16&#8243; da_disable_devices=\u00bboff|off|off\u00bb global_colors_info=\u00bb{}\u00bb da_is_popup=\u00bboff\u00bb da_exit_intent=\u00bboff\u00bb da_has_close=\u00bbon\u00bb da_alt_close=\u00bboff\u00bb da_dark_close=\u00bboff\u00bb da_not_modal=\u00bbon\u00bb da_is_singular=\u00bboff\u00bb da_with_loader=\u00bboff\u00bb da_has_shadow=\u00bbon\u00bb][et_pb_row _builder_version=\u00bb4.16&#8243; global_colors_info=\u00bb{}\u00bb][et_pb_column type=\u00bb4_4&#8243; _builder_version=\u00bb4.16&#8243; custom_padding=\u00bb|||\u00bb global_colors_info=\u00bb{}\u00bb custom_padding__hover=\u00bb|||\u00bb][et_pb_image src=\u00bbhttps:\/\/annaalbert.com\/wp-content\/uploads\/2019\/03\/banner-empresa3-e1553256886863.jpg\u00bb align=\u00bbcenter\u00bb align_tablet=\u00bbcenter\u00bb align_phone=\u00bbcenter\u00bb align_last_edited=\u00bbon|desktop\u00bb _builder_version=\u00bb4.16&#8243; global_colors_info=\u00bb{}\u00bb][\/et_pb_image][\/et_pb_column][\/et_pb_row][et_pb_row _builder_version=\u00bb4.16&#8243; global_colors_info=\u00bb{}\u00bb][et_pb_column type=\u00bb4_4&#8243; _builder_version=\u00bb4.16&#8243; custom_padding=\u00bb|||\u00bb global_colors_info=\u00bb{}\u00bb custom_padding__hover=\u00bb|||\u00bb][et_pb_text admin_label=\u00bbText\u00bb _builder_version=\u00bb4.16&#8243; background_size=\u00bbinitial\u00bb background_position=\u00bbtop_left\u00bb background_repeat=\u00bbrepeat\u00bb global_colors_info=\u00bb{}\u00bb]<\/p>\n<div class=\"row\">\n<div class=\"col-md-1\" style=\"text-align: center;\"><\/div>\n<div class=\"col-md-10\">\n<p>\u00a0En tu propio evento, congreso, reuni\u00f3n de empresa o cuando desees lucirte con tus clientes, tus proveedores o tus amigos, consulta nuestra amplia oferta de obsequios personalizados hechos en seda 100%.<\/p>\n<p>Nuestras piezas est\u00e1n inspirados en el modernismo de Gaud\u00ed, en la ciudad de Barcelona, y nuestro inmenso mediterr\u00e1neto y los colores que lo caracterizan.<\/p>\n<p>Nuestros productos de seda natural est\u00e1n pintados a mano. Son piezas \u00fanicas mimadas con todo detalle.<\/p>\n<p>Si te agrada lo que ves contacta con nosotros.<\/p>\n<p>Si tienes alguna idea, la hacemos realidad.<\/p>\n<p>Puedes ver aqu\u00ed un video de la entrega de regalos para un grupo numeroso.<\/p>\n<p>El cliente va a escoger entre 12 modelos de pa\u00f1uelos a conjunto para hombre y mujer.<\/p>\n<p>&nbsp;<\/p>\n<\/div>\n<div class=\"col-md-1\"><\/div>\n<\/div>\n<p>[\/et_pb_text][\/et_pb_column][\/et_pb_row][et_pb_row _builder_version=\u00bb4.16&#8243; global_colors_info=\u00bb{}\u00bb][et_pb_column type=\u00bb4_4&#8243; _builder_version=\u00bb4.16&#8243; custom_padding=\u00bb|||\u00bb global_colors_info=\u00bb{}\u00bb custom_padding__hover=\u00bb|||\u00bb][et_pb_button button_url=\u00bbhttps:\/\/annaalbert.com\/contacto\/?lang=es\u00bb url_new_window=\u00bbon\u00bb button_text=\u00bbConsultan&#8217;s\u00bb button_alignment=\u00bbcenter\u00bb _builder_version=\u00bb4.16&#8243; custom_button=\u00bbon\u00bb button_font=\u00bb||||||||\u00bb global_colors_info=\u00bb{}\u00bb][\/et_pb_button][\/et_pb_column][\/et_pb_row][\/et_pb_section][et_pb_section fb_built=\u00bb1&#8243; _builder_version=\u00bb4.16&#8243; da_disable_devices=\u00bboff|off|off\u00bb global_colors_info=\u00bb{}\u00bb da_is_popup=\u00bboff\u00bb da_exit_intent=\u00bboff\u00bb da_has_close=\u00bbon\u00bb da_alt_close=\u00bboff\u00bb da_dark_close=\u00bboff\u00bb da_not_modal=\u00bbon\u00bb da_is_singular=\u00bboff\u00bb da_with_loader=\u00bboff\u00bb da_has_shadow=\u00bbon\u00bb][et_pb_row column_structure=\u00bb1_3,1_3,1_3&#8243; _builder_version=\u00bb4.16&#8243; global_colors_info=\u00bb{}\u00bb][et_pb_column type=\u00bb1_3&#8243; _builder_version=\u00bb4.16&#8243; custom_padding=\u00bb|||\u00bb global_colors_info=\u00bb{}\u00bb custom_padding__hover=\u00bb|||\u00bb][et_pb_image src=\u00bbhttps:\/\/annaalbert.com\/wp-content\/uploads\/2019\/03\/IMG_20140508_101556482-C\u00f2pia.jpg\u00bb align_tablet=\u00bbcenter\u00bb align_phone=\u00bbcenter\u00bb align_last_edited=\u00bbon|desktop\u00bb _builder_version=\u00bb4.16&#8243; animation_style=\u00bbzoom\u00bb box_shadow_style=\u00bbpreset2&#8243; global_colors_info=\u00bb{}\u00bb][\/et_pb_image][\/et_pb_column][et_pb_column type=\u00bb1_3&#8243; _builder_version=\u00bb4.16&#8243; custom_padding=\u00bb|||\u00bb global_colors_info=\u00bb{}\u00bb custom_padding__hover=\u00bb|||\u00bb][et_pb_image src=\u00bbhttps:\/\/annaalbert.com\/wp-content\/uploads\/2019\/03\/CAIXES-MOCADORS-HOME-I-DONA.jpg\u00bb align_tablet=\u00bbcenter\u00bb align_phone=\u00bbcenter\u00bb align_last_edited=\u00bbon|desktop\u00bb _builder_version=\u00bb4.16&#8243; animation_style=\u00bbzoom\u00bb box_shadow_style=\u00bbpreset2&#8243; global_colors_info=\u00bb{}\u00bb][\/et_pb_image][\/et_pb_column][et_pb_column type=\u00bb1_3&#8243; _builder_version=\u00bb4.16&#8243; custom_padding=\u00bb|||\u00bb global_colors_info=\u00bb{}\u00bb custom_padding__hover=\u00bb|||\u00bb][et_pb_image src=\u00bbhttps:\/\/annaalbert.com\/wp-content\/uploads\/2019\/03\/IMG_20140515_091247808_HDR.jpg\u00bb align_tablet=\u00bbcenter\u00bb align_phone=\u00bbcenter\u00bb align_last_edited=\u00bbon|desktop\u00bb _builder_version=\u00bb4.16&#8243; animation_style=\u00bbzoom\u00bb box_shadow_style=\u00bbpreset2&#8243; global_colors_info=\u00bb{}\u00bb][\/et_pb_image][\/et_pb_column][\/et_pb_row][et_pb_row column_structure=\u00bb1_3,1_3,1_3&#8243; _builder_version=\u00bb4.16&#8243; global_colors_info=\u00bb{}\u00bb][et_pb_column type=\u00bb1_3&#8243; _builder_version=\u00bb4.16&#8243; custom_padding=\u00bb|||\u00bb global_colors_info=\u00bb{}\u00bb custom_padding__hover=\u00bb|||\u00bb][et_pb_image src=\u00bbhttps:\/\/annaalbert.com\/wp-content\/uploads\/2019\/03\/clauers-i-collarets-ibers-1.jpg\u00bb align_tablet=\u00bbcenter\u00bb align_phone=\u00bbcenter\u00bb align_last_edited=\u00bbon|desktop\u00bb _builder_version=\u00bb4.16&#8243; animation_style=\u00bbzoom\u00bb box_shadow_style=\u00bbpreset2&#8243; global_colors_info=\u00bb{}\u00bb][\/et_pb_image][\/et_pb_column][et_pb_column type=\u00bb1_3&#8243; _builder_version=\u00bb4.16&#8243; custom_padding=\u00bb|||\u00bb global_colors_info=\u00bb{}\u00bb custom_padding__hover=\u00bb|||\u00bb][et_pb_image src=\u00bbhttps:\/\/annaalbert.com\/wp-content\/uploads\/2019\/03\/IMG_20150429_165156563.jpg\u00bb align_tablet=\u00bbcenter\u00bb align_phone=\u00bbcenter\u00bb align_last_edited=\u00bbon|desktop\u00bb _builder_version=\u00bb4.16&#8243; animation_style=\u00bbzoom\u00bb box_shadow_style=\u00bbpreset2&#8243; global_colors_info=\u00bb{}\u00bb][\/et_pb_image][\/et_pb_column][et_pb_column type=\u00bb1_3&#8243; _builder_version=\u00bb4.16&#8243; custom_padding=\u00bb|||\u00bb global_colors_info=\u00bb{}\u00bb custom_padding__hover=\u00bb|||\u00bb][et_pb_image src=\u00bbhttps:\/\/annaalbert.com\/wp-content\/uploads\/2019\/03\/IMG_20141021_180843170-1.jpg\u00bb align_tablet=\u00bbcenter\u00bb align_phone=\u00bbcenter\u00bb align_last_edited=\u00bbon|desktop\u00bb _builder_version=\u00bb4.16&#8243; animation_style=\u00bbzoom\u00bb box_shadow_style=\u00bbpreset2&#8243; global_colors_info=\u00bb{}\u00bb][\/et_pb_image][\/et_pb_column][\/et_pb_row][et_pb_row column_structure=\u00bb1_3,1_3,1_3&#8243; _builder_version=\u00bb4.16&#8243; global_colors_info=\u00bb{}\u00bb][et_pb_column type=\u00bb1_3&#8243; _builder_version=\u00bb4.16&#8243; custom_padding=\u00bb|||\u00bb global_colors_info=\u00bb{}\u00bb custom_padding__hover=\u00bb|||\u00bb][et_pb_image src=\u00bbhttps:\/\/annaalbert.com\/wp-content\/uploads\/2019\/03\/IMG_20170927_152622.jpg\u00bb align_tablet=\u00bbcenter\u00bb align_phone=\u00bbcenter\u00bb align_last_edited=\u00bbon|desktop\u00bb _builder_version=\u00bb4.16&#8243; animation_style=\u00bbzoom\u00bb box_shadow_style=\u00bbpreset2&#8243; global_colors_info=\u00bb{}\u00bb][\/et_pb_image][\/et_pb_column][et_pb_column type=\u00bb1_3&#8243; _builder_version=\u00bb4.16&#8243; custom_padding=\u00bb|||\u00bb global_colors_info=\u00bb{}\u00bb custom_padding__hover=\u00bb|||\u00bb][et_pb_image src=\u00bbhttps:\/\/annaalbert.com\/wp-content\/uploads\/2019\/03\/G\u00fcell-Gaud\u00ed.jpg\u00bb align_tablet=\u00bbcenter\u00bb align_phone=\u00bbcenter\u00bb align_last_edited=\u00bbon|desktop\u00bb _builder_version=\u00bb4.16&#8243; animation_style=\u00bbzoom\u00bb box_shadow_style=\u00bbpreset2&#8243; global_colors_info=\u00bb{}\u00bb][\/et_pb_image][\/et_pb_column][et_pb_column type=\u00bb1_3&#8243; _builder_version=\u00bb4.16&#8243; custom_padding=\u00bb|||\u00bb global_colors_info=\u00bb{}\u00bb custom_padding__hover=\u00bb|||\u00bb][et_pb_image src=\u00bbhttps:\/\/annaalbert.com\/wp-content\/uploads\/2019\/03\/IMG_20190312_155054_720-1.jpg\u00bb align_tablet=\u00bbcenter\u00bb align_phone=\u00bbcenter\u00bb align_last_edited=\u00bbon|desktop\u00bb _builder_version=\u00bb4.16&#8243; animation_style=\u00bbzoom\u00bb box_shadow_style=\u00bbpreset2&#8243; global_colors_info=\u00bb{}\u00bb][\/et_pb_image][\/et_pb_column][\/et_pb_row][et_pb_row column_structure=\u00bb1_3,1_3,1_3&#8243; _builder_version=\u00bb4.16&#8243; global_colors_info=\u00bb{}\u00bb][et_pb_column type=\u00bb1_3&#8243; _builder_version=\u00bb4.16&#8243; custom_padding=\u00bb|||\u00bb global_colors_info=\u00bb{}\u00bb custom_padding__hover=\u00bb|||\u00bb][et_pb_image src=\u00bbhttps:\/\/annaalbert.com\/wp-content\/uploads\/2019\/03\/IMG_20190131_081852_641.jpg\u00bb align_tablet=\u00bbcenter\u00bb align_phone=\u00bbcenter\u00bb align_last_edited=\u00bbon|desktop\u00bb _builder_version=\u00bb4.16&#8243; animation_style=\u00bbzoom\u00bb box_shadow_style=\u00bbpreset2&#8243; global_colors_info=\u00bb{}\u00bb][\/et_pb_image][\/et_pb_column][et_pb_column type=\u00bb1_3&#8243; _builder_version=\u00bb4.16&#8243; custom_padding=\u00bb|||\u00bb global_colors_info=\u00bb{}\u00bb custom_padding__hover=\u00bb|||\u00bb][et_pb_image src=\u00bbhttps:\/\/annaalbert.com\/wp-content\/uploads\/2019\/03\/IMG_20190209_131017_178.jpg\u00bb align_tablet=\u00bbcenter\u00bb align_phone=\u00bbcenter\u00bb align_last_edited=\u00bbon|desktop\u00bb _builder_version=\u00bb4.16&#8243; animation_style=\u00bbzoom\u00bb box_shadow_style=\u00bbpreset2&#8243; global_colors_info=\u00bb{}\u00bb][\/et_pb_image][\/et_pb_column][et_pb_column type=\u00bb1_3&#8243; _builder_version=\u00bb4.16&#8243; custom_padding=\u00bb|||\u00bb global_colors_info=\u00bb{}\u00bb custom_padding__hover=\u00bb|||\u00bb][et_pb_image src=\u00bbhttps:\/\/annaalbert.com\/wp-content\/uploads\/2019\/03\/IMG_20181214_121938_424.jpg\u00bb align_tablet=\u00bbcenter\u00bb align_phone=\u00bbcenter\u00bb align_last_edited=\u00bbon|desktop\u00bb _builder_version=\u00bb4.16&#8243; animation_style=\u00bbzoom\u00bb box_shadow_style=\u00bbpreset2&#8243; global_colors_info=\u00bb{}\u00bb][\/et_pb_image][\/et_pb_column][\/et_pb_row][\/et_pb_section]<\/p>\n","protected":false},"excerpt":{"rendered":"<p>\u00a0En tu propio evento, congreso, reuni\u00f3n de empresa o cuando desees lucirte con tus clientes, tus proveedores o tus amigos, consulta nuestra amplia oferta de obsequios personalizados hechos en seda 100%. Nuestras piezas est\u00e1n inspirados en el modernismo de Gaud\u00ed, en la ciudad de Barcelona, y nuestro inmenso mediterr\u00e1neto y los colores que lo caracterizan. [&hellip;]<\/p>\n","protected":false},"author":4,"featured_media":4977,"parent":0,"menu_order":10,"comment_status":"closed","ping_status":"closed","template":"","meta":{"_et_pb_use_builder":"on","_et_pb_old_content":"<div class=\"row\"> <div class=\"col-md-1\"> <\/div> <div class=\"col-md-10\"><img class=\" size-full wp-image-811\" src=\"https:\/\/annaalbert.com\/wp-content\/uploads\/2015\/05\/banner-empresa3.jpg\" alt=\"\" width=\"968\" height=\"800\" \/> <p style=\"text-align: justify;\">En el teu proper esdeveniment, congr\u00e9s, reuni\u00f3 d'empresa \u00a0o quan desitgis lluir-te amb els teus clients, els teus prove\u00efdors o els teus amics, consulta la nostra \u00e0mplia oferta d'obsequis personalitzats fets amb seda 100% natural, fets artesanalment, i a Barcelona.<\/p> <p style=\"text-align: justify;\">Els nostres objectes est\u00e0n inspirats en el modernisme de Gaud\u00ed, amb la ciutat de Barcelona, el nostre immens mediterrani i els colors que el caracteritzen.<\/p> <p style=\"text-align: justify;\">Els nostres productes de seda natural estan pintats a m\u00e0. S\u00f3n peces \u00faniques mimades amb tot el detall.<\/p> <p style=\"text-align: justify;\">Si t'agrada el que veus\u00a0contacta amb nosaltres.<\/p> <p style=\"text-align: justify;\">Si tens alguna idea, la fem realitat.<\/p> <p style=\"text-align: justify;\">Pots veure <a href=\"https:\/\/www.youtube.com\/watch?v=bwlt_zXAeHc\">aqu\u00ed<\/a>, un video de l'entrega de regals per un grup nombr\u00f3s. El client va poder escullir entre dotze models de mocadors a conjunt per home i dona. Consulta'ns!<\/p> <p style=\"text-align: justify;\"> <\/p> <p style=\"text-align: justify;\"> <\/p> <p style=\"text-align: justify;\"> <\/p> <p style=\"text-align: justify;\"> <\/p> <p> <\/p> <\/div> <div class=\"col-md-1\"> <\/div> <\/div>","_et_gb_content_width":"","footnotes":""},"class_list":["post-4049","page","type-page","status-publish","has-post-thumbnail","hentry"],"yoast_head":"<!-- This site is optimized with the Yoast SEO plugin v27.0 - https:\/\/yoast.com\/product\/yoast-seo-wordpress\/ -->\n<title>Regalos empresa personalizables seda natural - Art en Seda<\/title>\n<meta name=\"robots\" content=\"index, follow, max-snippet:-1, max-image-preview:large, max-video-preview:-1\" \/>\n<link rel=\"canonical\" href=\"https:\/\/annaalbert.com\/es\/regalos-empresa-personalizables-seda-natural\/\" \/>\n<meta property=\"og:locale\" content=\"es_ES\" \/>\n<meta property=\"og:type\" content=\"article\" \/>\n<meta property=\"og:title\" content=\"Regalos empresa personalizables seda natural - Art en Seda\" \/>\n<meta property=\"og:description\" content=\"\u00a0En tu propio evento, congreso, reuni\u00f3n de empresa o cuando desees lucirte con tus clientes, tus proveedores o tus amigos, consulta nuestra amplia oferta de obsequios personalizados hechos en seda 100%. Nuestras piezas est\u00e1n inspirados en el modernismo de Gaud\u00ed, en la ciudad de Barcelona, y nuestro inmenso mediterr\u00e1neto y los colores que lo caracterizan. [&hellip;]\" \/>\n<meta property=\"og:url\" content=\"https:\/\/annaalbert.com\/es\/regalos-empresa-personalizables-seda-natural\/\" \/>\n<meta property=\"og:site_name\" content=\"Art en Seda\" \/>\n<meta property=\"article:modified_time\" content=\"2023-07-28T11:36:25+00:00\" \/>\n<meta property=\"og:image\" content=\"https:\/\/annaalbert.com\/wp-content\/uploads\/2015\/05\/banner-empresa3.jpg\" \/>\n\t<meta property=\"og:image:width\" content=\"968\" \/>\n\t<meta property=\"og:image:height\" content=\"800\" \/>\n\t<meta property=\"og:image:type\" content=\"image\/jpeg\" \/>\n<meta name=\"twitter:card\" content=\"summary_large_image\" \/>\n<meta name=\"twitter:label1\" content=\"Tiempo de lectura\" \/>\n\t<meta name=\"twitter:data1\" content=\"2 minutos\" \/>\n<script type=\"application\/ld+json\" class=\"yoast-schema-graph\">{\"@context\":\"https:\/\/schema.org\",\"@graph\":[{\"@type\":\"WebPage\",\"@id\":\"https:\/\/annaalbert.com\/es\/regalos-empresa-personalizables-seda-natural\/\",\"url\":\"https:\/\/annaalbert.com\/es\/regalos-empresa-personalizables-seda-natural\/\",\"name\":\"Regalos empresa personalizables seda natural - Art en Seda\",\"isPartOf\":{\"@id\":\"https:\/\/annaalbert.com\/es\/#website\"},\"primaryImageOfPage\":{\"@id\":\"https:\/\/annaalbert.com\/es\/regalos-empresa-personalizables-seda-natural\/#primaryimage\"},\"image\":{\"@id\":\"https:\/\/annaalbert.com\/es\/regalos-empresa-personalizables-seda-natural\/#primaryimage\"},\"thumbnailUrl\":\"https:\/\/annaalbert.com\/wp-content\/uploads\/2015\/05\/banner-empresa3.jpg\",\"datePublished\":\"2015-05-13T10:55:19+00:00\",\"dateModified\":\"2023-07-28T11:36:25+00:00\",\"breadcrumb\":{\"@id\":\"https:\/\/annaalbert.com\/es\/regalos-empresa-personalizables-seda-natural\/#breadcrumb\"},\"inLanguage\":\"es\",\"potentialAction\":[{\"@type\":\"ReadAction\",\"target\":[\"https:\/\/annaalbert.com\/es\/regalos-empresa-personalizables-seda-natural\/\"]}]},{\"@type\":\"ImageObject\",\"inLanguage\":\"es\",\"@id\":\"https:\/\/annaalbert.com\/es\/regalos-empresa-personalizables-seda-natural\/#primaryimage\",\"url\":\"https:\/\/annaalbert.com\/wp-content\/uploads\/2015\/05\/banner-empresa3.jpg\",\"contentUrl\":\"https:\/\/annaalbert.com\/wp-content\/uploads\/2015\/05\/banner-empresa3.jpg\",\"width\":968,\"height\":800},{\"@type\":\"BreadcrumbList\",\"@id\":\"https:\/\/annaalbert.com\/es\/regalos-empresa-personalizables-seda-natural\/#breadcrumb\",\"itemListElement\":[{\"@type\":\"ListItem\",\"position\":1,\"name\":\"Portada\",\"item\":\"https:\/\/annaalbert.com\/es\/\"},{\"@type\":\"ListItem\",\"position\":2,\"name\":\"Regalos empresa personalizables seda natural\"}]},{\"@type\":\"WebSite\",\"@id\":\"https:\/\/annaalbert.com\/es\/#website\",\"url\":\"https:\/\/annaalbert.com\/es\/\",\"name\":\"Art en Seda\",\"description\":\"Productos de seda pintada a mano, asi como cursos, talleres, experiencias por la artesana Anna Albert\",\"publisher\":{\"@id\":\"https:\/\/annaalbert.com\/es\/#organization\"},\"potentialAction\":[{\"@type\":\"SearchAction\",\"target\":{\"@type\":\"EntryPoint\",\"urlTemplate\":\"https:\/\/annaalbert.com\/es\/?s={search_term_string}\"},\"query-input\":{\"@type\":\"PropertyValueSpecification\",\"valueRequired\":true,\"valueName\":\"search_term_string\"}}],\"inLanguage\":\"es\"},{\"@type\":\"Organization\",\"@id\":\"https:\/\/annaalbert.com\/es\/#organization\",\"name\":\"Art en Seda by Anna Albert\",\"url\":\"https:\/\/annaalbert.com\/es\/\",\"logo\":{\"@type\":\"ImageObject\",\"inLanguage\":\"es\",\"@id\":\"https:\/\/annaalbert.com\/es\/#\/schema\/logo\/image\/\",\"url\":\"https:\/\/annaalbert.com\/wp-content\/uploads\/2021\/01\/horitzontal_fonsblanc-scaled.jpg\",\"contentUrl\":\"https:\/\/annaalbert.com\/wp-content\/uploads\/2021\/01\/horitzontal_fonsblanc-scaled.jpg\",\"width\":2560,\"height\":779,\"caption\":\"Art en Seda by Anna Albert\"},\"image\":{\"@id\":\"https:\/\/annaalbert.com\/es\/#\/schema\/logo\/image\/\"}}]}<\/script>\n<!-- \/ Yoast SEO plugin. -->","yoast_head_json":{"title":"Regalos empresa personalizables seda natural - Art en Seda","robots":{"index":"index","follow":"follow","max-snippet":"max-snippet:-1","max-image-preview":"max-image-preview:large","max-video-preview":"max-video-preview:-1"},"canonical":"https:\/\/annaalbert.com\/es\/regalos-empresa-personalizables-seda-natural\/","og_locale":"es_ES","og_type":"article","og_title":"Regalos empresa personalizables seda natural - Art en Seda","og_description":"\u00a0En tu propio evento, congreso, reuni\u00f3n de empresa o cuando desees lucirte con tus clientes, tus proveedores o tus amigos, consulta nuestra amplia oferta de obsequios personalizados hechos en seda 100%. Nuestras piezas est\u00e1n inspirados en el modernismo de Gaud\u00ed, en la ciudad de Barcelona, y nuestro inmenso mediterr\u00e1neto y los colores que lo caracterizan. [&hellip;]","og_url":"https:\/\/annaalbert.com\/es\/regalos-empresa-personalizables-seda-natural\/","og_site_name":"Art en Seda","article_modified_time":"2023-07-28T11:36:25+00:00","og_image":[{"width":968,"height":800,"url":"https:\/\/annaalbert.com\/wp-content\/uploads\/2015\/05\/banner-empresa3.jpg","type":"image\/jpeg"}],"twitter_card":"summary_large_image","twitter_misc":{"Tiempo de lectura":"2 minutos"},"schema":{"@context":"https:\/\/schema.org","@graph":[{"@type":"WebPage","@id":"https:\/\/annaalbert.com\/es\/regalos-empresa-personalizables-seda-natural\/","url":"https:\/\/annaalbert.com\/es\/regalos-empresa-personalizables-seda-natural\/","name":"Regalos empresa personalizables seda natural - Art en Seda","isPartOf":{"@id":"https:\/\/annaalbert.com\/es\/#website"},"primaryImageOfPage":{"@id":"https:\/\/annaalbert.com\/es\/regalos-empresa-personalizables-seda-natural\/#primaryimage"},"image":{"@id":"https:\/\/annaalbert.com\/es\/regalos-empresa-personalizables-seda-natural\/#primaryimage"},"thumbnailUrl":"https:\/\/annaalbert.com\/wp-content\/uploads\/2015\/05\/banner-empresa3.jpg","datePublished":"2015-05-13T10:55:19+00:00","dateModified":"2023-07-28T11:36:25+00:00","breadcrumb":{"@id":"https:\/\/annaalbert.com\/es\/regalos-empresa-personalizables-seda-natural\/#breadcrumb"},"inLanguage":"es","potentialAction":[{"@type":"ReadAction","target":["https:\/\/annaalbert.com\/es\/regalos-empresa-personalizables-seda-natural\/"]}]},{"@type":"ImageObject","inLanguage":"es","@id":"https:\/\/annaalbert.com\/es\/regalos-empresa-personalizables-seda-natural\/#primaryimage","url":"https:\/\/annaalbert.com\/wp-content\/uploads\/2015\/05\/banner-empresa3.jpg","contentUrl":"https:\/\/annaalbert.com\/wp-content\/uploads\/2015\/05\/banner-empresa3.jpg","width":968,"height":800},{"@type":"BreadcrumbList","@id":"https:\/\/annaalbert.com\/es\/regalos-empresa-personalizables-seda-natural\/#breadcrumb","itemListElement":[{"@type":"ListItem","position":1,"name":"Portada","item":"https:\/\/annaalbert.com\/es\/"},{"@type":"ListItem","position":2,"name":"Regalos empresa personalizables seda natural"}]},{"@type":"WebSite","@id":"https:\/\/annaalbert.com\/es\/#website","url":"https:\/\/annaalbert.com\/es\/","name":"Art en Seda","description":"Productos de seda pintada a mano, asi como cursos, talleres, experiencias por la artesana Anna Albert","publisher":{"@id":"https:\/\/annaalbert.com\/es\/#organization"},"potentialAction":[{"@type":"SearchAction","target":{"@type":"EntryPoint","urlTemplate":"https:\/\/annaalbert.com\/es\/?s={search_term_string}"},"query-input":{"@type":"PropertyValueSpecification","valueRequired":true,"valueName":"search_term_string"}}],"inLanguage":"es"},{"@type":"Organization","@id":"https:\/\/annaalbert.com\/es\/#organization","name":"Art en Seda by Anna Albert","url":"https:\/\/annaalbert.com\/es\/","logo":{"@type":"ImageObject","inLanguage":"es","@id":"https:\/\/annaalbert.com\/es\/#\/schema\/logo\/image\/","url":"https:\/\/annaalbert.com\/wp-content\/uploads\/2021\/01\/horitzontal_fonsblanc-scaled.jpg","contentUrl":"https:\/\/annaalbert.com\/wp-content\/uploads\/2021\/01\/horitzontal_fonsblanc-scaled.jpg","width":2560,"height":779,"caption":"Art en Seda by Anna Albert"},"image":{"@id":"https:\/\/annaalbert.com\/es\/#\/schema\/logo\/image\/"}}]}},"_links":{"self":[{"href":"https:\/\/annaalbert.com\/es\/wp-json\/wp\/v2\/pages\/4049","targetHints":{"allow":["GET"]}}],"collection":[{"href":"https:\/\/annaalbert.com\/es\/wp-json\/wp\/v2\/pages"}],"about":[{"href":"https:\/\/annaalbert.com\/es\/wp-json\/wp\/v2\/types\/page"}],"author":[{"embeddable":true,"href":"https:\/\/annaalbert.com\/es\/wp-json\/wp\/v2\/users\/4"}],"replies":[{"embeddable":true,"href":"https:\/\/annaalbert.com\/es\/wp-json\/wp\/v2\/comments?post=4049"}],"version-history":[{"count":7,"href":"https:\/\/annaalbert.com\/es\/wp-json\/wp\/v2\/pages\/4049\/revisions"}],"predecessor-version":[{"id":10414,"href":"https:\/\/annaalbert.com\/es\/wp-json\/wp\/v2\/pages\/4049\/revisions\/10414"}],"wp:featuredmedia":[{"embeddable":true,"href":"https:\/\/annaalbert.com\/es\/wp-json\/wp\/v2\/media\/4977"}],"wp:attachment":[{"href":"https:\/\/annaalbert.com\/es\/wp-json\/wp\/v2\/media?parent=4049"}],"curies":[{"name":"wp","href":"https:\/\/api.w.org\/{rel}","templated":true}]}}