{"id":4043,"date":"2015-05-13T10:55:19","date_gmt":"2015-05-13T10:55:19","guid":{"rendered":"https:\/\/annaalbert.com\/vender-artenseda\/"},"modified":"2019-03-25T15:00:08","modified_gmt":"2019-03-25T15:00:08","slug":"vender-artenseda","status":"publish","type":"page","link":"https:\/\/annaalbert.com\/es\/vender-artenseda\/","title":{"rendered":"Vender artenseda"},"content":{"rendered":"<p>[et_pb_section fb_built=\u00bb1&#8243; _builder_version=\u00bb3.20.2&#8243;][et_pb_row _builder_version=\u00bb3.20.2&#8243;][et_pb_column type=\u00bb4_4&#8243; _builder_version=\u00bb3.20.2&#8243;][et_pb_image src=\u00bbhttps:\/\/annaalbert.com\/wp-content\/uploads\/2019\/03\/IMG_20190307_134315_427.jpg\u00bb _builder_version=\u00bb3.21&#8243;][\/et_pb_image][et_pb_cta title=\u00bbQuieres vender artenseda?\u00bb button_text=\u00bbContacta aqui\u00bb _builder_version=\u00bb3.20.2&#8243;]<\/p>\n<p>Quieres vender nuestra colecci\u00f3n? Complementos de seda natural pintados a mano.<\/p>\n<p>Quieres tener tu propia colecci\u00f3n personalizada?<\/p>\n<p>Ll\u00e1manos para tener toda la informaci\u00f3n y poder comenzar a vender nuestros productos.<\/p>\n<p>Tel\u00e9fono +34 619 71 98 94<\/p>\n<p>[\/et_pb_cta][\/et_pb_column][\/et_pb_row][et_pb_row _builder_version=\u00bb3.20.2&#8243;][et_pb_column type=\u00bb4_4&#8243; _builder_version=\u00bb3.20.2&#8243;][\/et_pb_column][\/et_pb_row][\/et_pb_section]<\/p>\n","protected":false},"excerpt":{"rendered":"<p>Quieres vender nuestra colecci\u00f3n? Complementos de seda natural pintados a mano. Quieres tener tu propia colecci\u00f3n personalizada? Ll\u00e1manos para tener toda la informaci\u00f3n y poder comenzar a vender nuestros productos. Tel\u00e9fono +34 619 71 98 94<\/p>\n","protected":false},"author":4,"featured_media":5054,"parent":0,"menu_order":11,"comment_status":"closed","ping_status":"closed","template":"","meta":{"_et_pb_use_builder":"on","_et_pb_old_content":"<div class=\"row\"><div class=\"col-md-1\">\u00a0<\/div><div class=\"col-md-10\"><p><img class=\" size-full wp-image-814\" src=\"https:\/\/annaalbert.com\/wp-content\/uploads\/2015\/05\/Showroom.JPG\" alt=\"\" width=\"640\" height=\"480\" \/><\/p><p><img class=\" size-full wp-image-815\" src=\"https:\/\/annaalbert.com\/wp-content\/uploads\/2015\/05\/agradaseda.png\" alt=\"\" width=\"300\" height=\"50\" \/><\/p><p style=\"text-align: justify;\">Vols vendre la nostre col\u00b7lecci\u00f3? Tot en complements de seda natural pintats a m\u00e0.<\/p><p>Vols tenir la teva propia col\u00b7lecci\u00f3 personalitzada?<\/p><p>Trucan's per tenir tota la informaci\u00f3 i poder comen\u00e7ar a vendre els nostres productes.<\/p><p>Tel\u00e8fon: +34 619 71 98 94<\/p><\/div><div class=\"col-md-1\">\u00a0<\/div><\/div>","_et_gb_content_width":"","footnotes":""},"class_list":["post-4043","page","type-page","status-publish","has-post-thumbnail","hentry"],"yoast_head":"<!-- This site is optimized with the Yoast SEO plugin v27.0 - https:\/\/yoast.com\/product\/yoast-seo-wordpress\/ -->\n<title>Vender artenseda - Art en Seda<\/title>\n<meta name=\"robots\" content=\"index, follow, max-snippet:-1, max-image-preview:large, max-video-preview:-1\" \/>\n<link rel=\"canonical\" href=\"https:\/\/annaalbert.com\/es\/vender-artenseda\/\" \/>\n<meta property=\"og:locale\" content=\"es_ES\" \/>\n<meta property=\"og:type\" content=\"article\" \/>\n<meta property=\"og:title\" content=\"Vender artenseda - Art en Seda\" \/>\n<meta property=\"og:description\" content=\"Quieres vender nuestra colecci\u00f3n? Complementos de seda natural pintados a mano. Quieres tener tu propia colecci\u00f3n personalizada? Ll\u00e1manos para tener toda la informaci\u00f3n y poder comenzar a vender nuestros productos. Tel\u00e9fono +34 619 71 98 94\" \/>\n<meta property=\"og:url\" content=\"https:\/\/annaalbert.com\/es\/vender-artenseda\/\" \/>\n<meta property=\"og:site_name\" content=\"Art en Seda\" \/>\n<meta property=\"article:modified_time\" content=\"2019-03-25T15:00:08+00:00\" \/>\n<meta property=\"og:image\" content=\"https:\/\/annaalbert.com\/wp-content\/uploads\/2015\/05\/Showroom.JPG\" \/>\n\t<meta property=\"og:image:width\" content=\"640\" \/>\n\t<meta property=\"og:image:height\" content=\"480\" \/>\n\t<meta property=\"og:image:type\" content=\"image\/jpeg\" \/>\n<meta name=\"twitter:card\" content=\"summary_large_image\" \/>\n<meta name=\"twitter:label1\" content=\"Tiempo de lectura\" \/>\n\t<meta name=\"twitter:data1\" content=\"1 minuto\" \/>\n<script type=\"application\/ld+json\" class=\"yoast-schema-graph\">{\"@context\":\"https:\/\/schema.org\",\"@graph\":[{\"@type\":\"WebPage\",\"@id\":\"https:\/\/annaalbert.com\/es\/vender-artenseda\/\",\"url\":\"https:\/\/annaalbert.com\/es\/vender-artenseda\/\",\"name\":\"Vender artenseda - Art en Seda\",\"isPartOf\":{\"@id\":\"https:\/\/annaalbert.com\/es\/#website\"},\"primaryImageOfPage\":{\"@id\":\"https:\/\/annaalbert.com\/es\/vender-artenseda\/#primaryimage\"},\"image\":{\"@id\":\"https:\/\/annaalbert.com\/es\/vender-artenseda\/#primaryimage\"},\"thumbnailUrl\":\"https:\/\/annaalbert.com\/wp-content\/uploads\/2015\/05\/Showroom.JPG\",\"datePublished\":\"2015-05-13T10:55:19+00:00\",\"dateModified\":\"2019-03-25T15:00:08+00:00\",\"breadcrumb\":{\"@id\":\"https:\/\/annaalbert.com\/es\/vender-artenseda\/#breadcrumb\"},\"inLanguage\":\"es\",\"potentialAction\":[{\"@type\":\"ReadAction\",\"target\":[\"https:\/\/annaalbert.com\/es\/vender-artenseda\/\"]}]},{\"@type\":\"ImageObject\",\"inLanguage\":\"es\",\"@id\":\"https:\/\/annaalbert.com\/es\/vender-artenseda\/#primaryimage\",\"url\":\"https:\/\/annaalbert.com\/wp-content\/uploads\/2015\/05\/Showroom.JPG\",\"contentUrl\":\"https:\/\/annaalbert.com\/wp-content\/uploads\/2015\/05\/Showroom.JPG\",\"width\":640,\"height\":480},{\"@type\":\"BreadcrumbList\",\"@id\":\"https:\/\/annaalbert.com\/es\/vender-artenseda\/#breadcrumb\",\"itemListElement\":[{\"@type\":\"ListItem\",\"position\":1,\"name\":\"Portada\",\"item\":\"https:\/\/annaalbert.com\/es\/\"},{\"@type\":\"ListItem\",\"position\":2,\"name\":\"Vender artenseda\"}]},{\"@type\":\"WebSite\",\"@id\":\"https:\/\/annaalbert.com\/es\/#website\",\"url\":\"https:\/\/annaalbert.com\/es\/\",\"name\":\"Art en Seda\",\"description\":\"Productos de seda pintada a mano, asi como cursos, talleres, experiencias por la artesana Anna Albert\",\"publisher\":{\"@id\":\"https:\/\/annaalbert.com\/es\/#organization\"},\"potentialAction\":[{\"@type\":\"SearchAction\",\"target\":{\"@type\":\"EntryPoint\",\"urlTemplate\":\"https:\/\/annaalbert.com\/es\/?s={search_term_string}\"},\"query-input\":{\"@type\":\"PropertyValueSpecification\",\"valueRequired\":true,\"valueName\":\"search_term_string\"}}],\"inLanguage\":\"es\"},{\"@type\":\"Organization\",\"@id\":\"https:\/\/annaalbert.com\/es\/#organization\",\"name\":\"Art en Seda by Anna Albert\",\"url\":\"https:\/\/annaalbert.com\/es\/\",\"logo\":{\"@type\":\"ImageObject\",\"inLanguage\":\"es\",\"@id\":\"https:\/\/annaalbert.com\/es\/#\/schema\/logo\/image\/\",\"url\":\"https:\/\/annaalbert.com\/wp-content\/uploads\/2021\/01\/horitzontal_fonsblanc-scaled.jpg\",\"contentUrl\":\"https:\/\/annaalbert.com\/wp-content\/uploads\/2021\/01\/horitzontal_fonsblanc-scaled.jpg\",\"width\":2560,\"height\":779,\"caption\":\"Art en Seda by Anna Albert\"},\"image\":{\"@id\":\"https:\/\/annaalbert.com\/es\/#\/schema\/logo\/image\/\"}}]}<\/script>\n<!-- \/ Yoast SEO plugin. -->","yoast_head_json":{"title":"Vender artenseda - Art en Seda","robots":{"index":"index","follow":"follow","max-snippet":"max-snippet:-1","max-image-preview":"max-image-preview:large","max-video-preview":"max-video-preview:-1"},"canonical":"https:\/\/annaalbert.com\/es\/vender-artenseda\/","og_locale":"es_ES","og_type":"article","og_title":"Vender artenseda - Art en Seda","og_description":"Quieres vender nuestra colecci\u00f3n? Complementos de seda natural pintados a mano. Quieres tener tu propia colecci\u00f3n personalizada? Ll\u00e1manos para tener toda la informaci\u00f3n y poder comenzar a vender nuestros productos. Tel\u00e9fono +34 619 71 98 94","og_url":"https:\/\/annaalbert.com\/es\/vender-artenseda\/","og_site_name":"Art en Seda","article_modified_time":"2019-03-25T15:00:08+00:00","og_image":[{"width":640,"height":480,"url":"https:\/\/annaalbert.com\/wp-content\/uploads\/2015\/05\/Showroom.JPG","type":"image\/jpeg"}],"twitter_card":"summary_large_image","twitter_misc":{"Tiempo de lectura":"1 minuto"},"schema":{"@context":"https:\/\/schema.org","@graph":[{"@type":"WebPage","@id":"https:\/\/annaalbert.com\/es\/vender-artenseda\/","url":"https:\/\/annaalbert.com\/es\/vender-artenseda\/","name":"Vender artenseda - Art en Seda","isPartOf":{"@id":"https:\/\/annaalbert.com\/es\/#website"},"primaryImageOfPage":{"@id":"https:\/\/annaalbert.com\/es\/vender-artenseda\/#primaryimage"},"image":{"@id":"https:\/\/annaalbert.com\/es\/vender-artenseda\/#primaryimage"},"thumbnailUrl":"https:\/\/annaalbert.com\/wp-content\/uploads\/2015\/05\/Showroom.JPG","datePublished":"2015-05-13T10:55:19+00:00","dateModified":"2019-03-25T15:00:08+00:00","breadcrumb":{"@id":"https:\/\/annaalbert.com\/es\/vender-artenseda\/#breadcrumb"},"inLanguage":"es","potentialAction":[{"@type":"ReadAction","target":["https:\/\/annaalbert.com\/es\/vender-artenseda\/"]}]},{"@type":"ImageObject","inLanguage":"es","@id":"https:\/\/annaalbert.com\/es\/vender-artenseda\/#primaryimage","url":"https:\/\/annaalbert.com\/wp-content\/uploads\/2015\/05\/Showroom.JPG","contentUrl":"https:\/\/annaalbert.com\/wp-content\/uploads\/2015\/05\/Showroom.JPG","width":640,"height":480},{"@type":"BreadcrumbList","@id":"https:\/\/annaalbert.com\/es\/vender-artenseda\/#breadcrumb","itemListElement":[{"@type":"ListItem","position":1,"name":"Portada","item":"https:\/\/annaalbert.com\/es\/"},{"@type":"ListItem","position":2,"name":"Vender artenseda"}]},{"@type":"WebSite","@id":"https:\/\/annaalbert.com\/es\/#website","url":"https:\/\/annaalbert.com\/es\/","name":"Art en Seda","description":"Productos de seda pintada a mano, asi como cursos, talleres, experiencias por la artesana Anna Albert","publisher":{"@id":"https:\/\/annaalbert.com\/es\/#organization"},"potentialAction":[{"@type":"SearchAction","target":{"@type":"EntryPoint","urlTemplate":"https:\/\/annaalbert.com\/es\/?s={search_term_string}"},"query-input":{"@type":"PropertyValueSpecification","valueRequired":true,"valueName":"search_term_string"}}],"inLanguage":"es"},{"@type":"Organization","@id":"https:\/\/annaalbert.com\/es\/#organization","name":"Art en Seda by Anna Albert","url":"https:\/\/annaalbert.com\/es\/","logo":{"@type":"ImageObject","inLanguage":"es","@id":"https:\/\/annaalbert.com\/es\/#\/schema\/logo\/image\/","url":"https:\/\/annaalbert.com\/wp-content\/uploads\/2021\/01\/horitzontal_fonsblanc-scaled.jpg","contentUrl":"https:\/\/annaalbert.com\/wp-content\/uploads\/2021\/01\/horitzontal_fonsblanc-scaled.jpg","width":2560,"height":779,"caption":"Art en Seda by Anna Albert"},"image":{"@id":"https:\/\/annaalbert.com\/es\/#\/schema\/logo\/image\/"}}]}},"_links":{"self":[{"href":"https:\/\/annaalbert.com\/es\/wp-json\/wp\/v2\/pages\/4043","targetHints":{"allow":["GET"]}}],"collection":[{"href":"https:\/\/annaalbert.com\/es\/wp-json\/wp\/v2\/pages"}],"about":[{"href":"https:\/\/annaalbert.com\/es\/wp-json\/wp\/v2\/types\/page"}],"author":[{"embeddable":true,"href":"https:\/\/annaalbert.com\/es\/wp-json\/wp\/v2\/users\/4"}],"replies":[{"embeddable":true,"href":"https:\/\/annaalbert.com\/es\/wp-json\/wp\/v2\/comments?post=4043"}],"version-history":[{"count":6,"href":"https:\/\/annaalbert.com\/es\/wp-json\/wp\/v2\/pages\/4043\/revisions"}],"predecessor-version":[{"id":5107,"href":"https:\/\/annaalbert.com\/es\/wp-json\/wp\/v2\/pages\/4043\/revisions\/5107"}],"wp:featuredmedia":[{"embeddable":true,"href":"https:\/\/annaalbert.com\/es\/wp-json\/wp\/v2\/media\/5054"}],"wp:attachment":[{"href":"https:\/\/annaalbert.com\/es\/wp-json\/wp\/v2\/media?parent=4043"}],"curies":[{"name":"wp","href":"https:\/\/api.w.org\/{rel}","templated":true}]}}