{"id":11388,"date":"2019-03-21T17:49:27","date_gmt":"2019-03-21T17:49:27","guid":{"rendered":"https:\/\/annaalbert.com\/producto\/natural-silk-burgundy-flower\/"},"modified":"2023-12-01T11:47:03","modified_gmt":"2023-12-01T11:47:03","slug":"natural-silk-flower-burgundy","status":"publish","type":"product","link":"https:\/\/annaalbert.com\/en\/product\/natural-silk-flower-burgundy\/","title":{"rendered":"NATURAL SILK FLOWER BURGUNDY"},"content":{"rendered":"<p>Discover supreme elegance with our natural silk flower scarf, woven with exquisite craftsmanship and dyed in seductive burgundy. This unique piece instantly elevates your style with its combination of soft textures and rich colours.<\/p>\n<p>The poetic silk flower is a 55&#215;55 silk scarf with several poems by the same author written on it. You can choose one of the three poets for whom we have the copyright: Miquel Mart\u00ed i Pol, Vicen\u00e7 Llorca or Valeri\u00e0 Pujol. If you want to know more about the silk flower and the poets click <a href=\"https:\/\/annaalbert.com\/flor-de-seda\/\">here<\/a>.<\/p>\n<p>The deep burgundy of the scarf captures passion and sophistication, while the natural silk provides a light and fresh feel, ideal for all seasons.<\/p>\n<p>Very appropriate for any occasion and especially for Sant Jordi&#8217;s Day, Mother&#8217;s Day, but also for institutional gifts, literary prizes&#8230;<\/p>\n<p>You give a flower, some poems and a scarf. It can also be framed. Written in gilt.<\/p>\n<p>If you want us to write a phrase, a personal message, the names of your family or your poem on your burgundy natural silk flower, you can find out more at <a href=\"https:\/\/annaalbert.com\/producto\/flor-de-seda-personalitzada\/\">personalised poetic silk flower.<\/a><\/p>\n<p>You can choose from 6 colours: black, red, burgundy, mauve, lilac and grey.<\/p>\n<p>&nbsp;<\/p>\n","protected":false},"excerpt":{"rendered":"<p>Silk pongee burgundy scarf with poems written in gold<\/p>\n<p>Measures 55&#215;55<\/p>\n","protected":false},"featured_media":11389,"comment_status":"closed","ping_status":"closed","template":"","meta":{"_et_pb_use_builder":"","_et_pb_old_content":"","_et_gb_content_width":""},"product_brand":[],"product_cat":[431],"product_tag":[],"class_list":{"0":"post-11388","1":"product","2":"type-product","3":"status-publish","4":"has-post-thumbnail","6":"product_cat-silk-flowers","8":"first","9":"instock","10":"purchasable","11":"product-type-simple"},"yoast_head":"<!-- This site is optimized with the Yoast SEO plugin v27.0 - https:\/\/yoast.com\/product\/yoast-seo-wordpress\/ -->\n<title>Natural silk flower burgundy - Art en Seda<\/title>\n<meta name=\"description\" content=\"Natural silk flower burgundy. Size 150x45. A unique hand-painted piece made of coloured spots and presented in the shape of a flower.\" \/>\n<meta name=\"robots\" content=\"index, follow, max-snippet:-1, max-image-preview:large, max-video-preview:-1\" \/>\n<link rel=\"canonical\" href=\"https:\/\/annaalbert.com\/en\/product\/natural-silk-flower-burgundy\/\" \/>\n<meta property=\"og:locale\" content=\"en_US\" \/>\n<meta property=\"og:type\" content=\"article\" \/>\n<meta property=\"og:title\" content=\"Natural silk flower burgundy - Art en Seda\" \/>\n<meta property=\"og:description\" content=\"Natural silk flower burgundy. Size 150x45. A unique hand-painted piece made of coloured spots and presented in the shape of a flower.\" \/>\n<meta property=\"og:url\" content=\"https:\/\/annaalbert.com\/en\/product\/natural-silk-flower-burgundy\/\" \/>\n<meta property=\"og:site_name\" content=\"Art en Seda\" \/>\n<meta property=\"article:modified_time\" content=\"2023-12-01T11:47:03+00:00\" \/>\n<meta property=\"og:image\" content=\"https:\/\/annaalbert.com\/wp-content\/uploads\/2019\/03\/burdeus-sola.jpg\" \/>\n\t<meta property=\"og:image:width\" content=\"800\" \/>\n\t<meta property=\"og:image:height\" content=\"960\" \/>\n\t<meta property=\"og:image:type\" content=\"image\/jpeg\" \/>\n<meta name=\"twitter:card\" content=\"summary_large_image\" \/>\n<meta name=\"twitter:label1\" content=\"Est. reading time\" \/>\n\t<meta name=\"twitter:data1\" content=\"1 minute\" \/>\n<script type=\"application\/ld+json\" class=\"yoast-schema-graph\">{\"@context\":\"https:\/\/schema.org\",\"@graph\":[{\"@type\":\"WebPage\",\"@id\":\"https:\/\/annaalbert.com\/en\/product\/natural-silk-flower-burgundy\/\",\"url\":\"https:\/\/annaalbert.com\/en\/product\/natural-silk-flower-burgundy\/\",\"name\":\"Natural silk flower burgundy - Art en Seda\",\"isPartOf\":{\"@id\":\"https:\/\/annaalbert.com\/en\/#website\"},\"primaryImageOfPage\":{\"@id\":\"https:\/\/annaalbert.com\/en\/product\/natural-silk-flower-burgundy\/#primaryimage\"},\"image\":{\"@id\":\"https:\/\/annaalbert.com\/en\/product\/natural-silk-flower-burgundy\/#primaryimage\"},\"thumbnailUrl\":\"https:\/\/annaalbert.com\/wp-content\/uploads\/2019\/03\/burdeus-sola.jpg\",\"datePublished\":\"2019-03-21T17:49:27+00:00\",\"dateModified\":\"2023-12-01T11:47:03+00:00\",\"description\":\"Natural silk flower burgundy. Size 150x45. A unique hand-painted piece made of coloured spots and presented in the shape of a flower.\",\"breadcrumb\":{\"@id\":\"https:\/\/annaalbert.com\/en\/product\/natural-silk-flower-burgundy\/#breadcrumb\"},\"inLanguage\":\"en-US\",\"potentialAction\":[{\"@type\":\"ReadAction\",\"target\":[\"https:\/\/annaalbert.com\/en\/product\/natural-silk-flower-burgundy\/\"]}]},{\"@type\":\"ImageObject\",\"inLanguage\":\"en-US\",\"@id\":\"https:\/\/annaalbert.com\/en\/product\/natural-silk-flower-burgundy\/#primaryimage\",\"url\":\"https:\/\/annaalbert.com\/wp-content\/uploads\/2019\/03\/burdeus-sola.jpg\",\"contentUrl\":\"https:\/\/annaalbert.com\/wp-content\/uploads\/2019\/03\/burdeus-sola.jpg\",\"width\":800,\"height\":960,\"caption\":\"Flor seda natural burdeus\"},{\"@type\":\"BreadcrumbList\",\"@id\":\"https:\/\/annaalbert.com\/en\/product\/natural-silk-flower-burgundy\/#breadcrumb\",\"itemListElement\":[{\"@type\":\"ListItem\",\"position\":1,\"name\":\"Portada\",\"item\":\"https:\/\/annaalbert.com\/en\/\"},{\"@type\":\"ListItem\",\"position\":2,\"name\":\"Shop\",\"item\":\"https:\/\/annaalbert.com\/shop\/\"},{\"@type\":\"ListItem\",\"position\":3,\"name\":\"NATURAL SILK FLOWER BURGUNDY\"}]},{\"@type\":\"WebSite\",\"@id\":\"https:\/\/annaalbert.com\/en\/#website\",\"url\":\"https:\/\/annaalbert.com\/en\/\",\"name\":\"Art en Seda\",\"description\":\"Productos de seda pintada a mano, asi como cursos, talleres, experiencias por la artesana Anna Albert\",\"publisher\":{\"@id\":\"https:\/\/annaalbert.com\/en\/#organization\"},\"potentialAction\":[{\"@type\":\"SearchAction\",\"target\":{\"@type\":\"EntryPoint\",\"urlTemplate\":\"https:\/\/annaalbert.com\/en\/?s={search_term_string}\"},\"query-input\":{\"@type\":\"PropertyValueSpecification\",\"valueRequired\":true,\"valueName\":\"search_term_string\"}}],\"inLanguage\":\"en-US\"},{\"@type\":\"Organization\",\"@id\":\"https:\/\/annaalbert.com\/en\/#organization\",\"name\":\"Art en Seda by Anna Albert\",\"url\":\"https:\/\/annaalbert.com\/en\/\",\"logo\":{\"@type\":\"ImageObject\",\"inLanguage\":\"en-US\",\"@id\":\"https:\/\/annaalbert.com\/en\/#\/schema\/logo\/image\/\",\"url\":\"https:\/\/annaalbert.com\/wp-content\/uploads\/2021\/01\/horitzontal_fonsblanc-scaled.jpg\",\"contentUrl\":\"https:\/\/annaalbert.com\/wp-content\/uploads\/2021\/01\/horitzontal_fonsblanc-scaled.jpg\",\"width\":2560,\"height\":779,\"caption\":\"Art en Seda by Anna Albert\"},\"image\":{\"@id\":\"https:\/\/annaalbert.com\/en\/#\/schema\/logo\/image\/\"}}]}<\/script>\n<!-- \/ Yoast SEO plugin. -->","yoast_head_json":{"title":"Natural silk flower burgundy - Art en Seda","description":"Natural silk flower burgundy. Size 150x45. A unique hand-painted piece made of coloured spots and presented in the shape of a flower.","robots":{"index":"index","follow":"follow","max-snippet":"max-snippet:-1","max-image-preview":"max-image-preview:large","max-video-preview":"max-video-preview:-1"},"canonical":"https:\/\/annaalbert.com\/en\/product\/natural-silk-flower-burgundy\/","og_locale":"en_US","og_type":"article","og_title":"Natural silk flower burgundy - Art en Seda","og_description":"Natural silk flower burgundy. Size 150x45. A unique hand-painted piece made of coloured spots and presented in the shape of a flower.","og_url":"https:\/\/annaalbert.com\/en\/product\/natural-silk-flower-burgundy\/","og_site_name":"Art en Seda","article_modified_time":"2023-12-01T11:47:03+00:00","og_image":[{"width":800,"height":960,"url":"https:\/\/annaalbert.com\/wp-content\/uploads\/2019\/03\/burdeus-sola.jpg","type":"image\/jpeg"}],"twitter_card":"summary_large_image","twitter_misc":{"Est. reading time":"1 minute"},"schema":{"@context":"https:\/\/schema.org","@graph":[{"@type":"WebPage","@id":"https:\/\/annaalbert.com\/en\/product\/natural-silk-flower-burgundy\/","url":"https:\/\/annaalbert.com\/en\/product\/natural-silk-flower-burgundy\/","name":"Natural silk flower burgundy - Art en Seda","isPartOf":{"@id":"https:\/\/annaalbert.com\/en\/#website"},"primaryImageOfPage":{"@id":"https:\/\/annaalbert.com\/en\/product\/natural-silk-flower-burgundy\/#primaryimage"},"image":{"@id":"https:\/\/annaalbert.com\/en\/product\/natural-silk-flower-burgundy\/#primaryimage"},"thumbnailUrl":"https:\/\/annaalbert.com\/wp-content\/uploads\/2019\/03\/burdeus-sola.jpg","datePublished":"2019-03-21T17:49:27+00:00","dateModified":"2023-12-01T11:47:03+00:00","description":"Natural silk flower burgundy. Size 150x45. A unique hand-painted piece made of coloured spots and presented in the shape of a flower.","breadcrumb":{"@id":"https:\/\/annaalbert.com\/en\/product\/natural-silk-flower-burgundy\/#breadcrumb"},"inLanguage":"en-US","potentialAction":[{"@type":"ReadAction","target":["https:\/\/annaalbert.com\/en\/product\/natural-silk-flower-burgundy\/"]}]},{"@type":"ImageObject","inLanguage":"en-US","@id":"https:\/\/annaalbert.com\/en\/product\/natural-silk-flower-burgundy\/#primaryimage","url":"https:\/\/annaalbert.com\/wp-content\/uploads\/2019\/03\/burdeus-sola.jpg","contentUrl":"https:\/\/annaalbert.com\/wp-content\/uploads\/2019\/03\/burdeus-sola.jpg","width":800,"height":960,"caption":"Flor seda natural burdeus"},{"@type":"BreadcrumbList","@id":"https:\/\/annaalbert.com\/en\/product\/natural-silk-flower-burgundy\/#breadcrumb","itemListElement":[{"@type":"ListItem","position":1,"name":"Portada","item":"https:\/\/annaalbert.com\/en\/"},{"@type":"ListItem","position":2,"name":"Shop","item":"https:\/\/annaalbert.com\/shop\/"},{"@type":"ListItem","position":3,"name":"NATURAL SILK FLOWER BURGUNDY"}]},{"@type":"WebSite","@id":"https:\/\/annaalbert.com\/en\/#website","url":"https:\/\/annaalbert.com\/en\/","name":"Art en Seda","description":"Productos de seda pintada a mano, asi como cursos, talleres, experiencias por la artesana Anna Albert","publisher":{"@id":"https:\/\/annaalbert.com\/en\/#organization"},"potentialAction":[{"@type":"SearchAction","target":{"@type":"EntryPoint","urlTemplate":"https:\/\/annaalbert.com\/en\/?s={search_term_string}"},"query-input":{"@type":"PropertyValueSpecification","valueRequired":true,"valueName":"search_term_string"}}],"inLanguage":"en-US"},{"@type":"Organization","@id":"https:\/\/annaalbert.com\/en\/#organization","name":"Art en Seda by Anna Albert","url":"https:\/\/annaalbert.com\/en\/","logo":{"@type":"ImageObject","inLanguage":"en-US","@id":"https:\/\/annaalbert.com\/en\/#\/schema\/logo\/image\/","url":"https:\/\/annaalbert.com\/wp-content\/uploads\/2021\/01\/horitzontal_fonsblanc-scaled.jpg","contentUrl":"https:\/\/annaalbert.com\/wp-content\/uploads\/2021\/01\/horitzontal_fonsblanc-scaled.jpg","width":2560,"height":779,"caption":"Art en Seda by Anna Albert"},"image":{"@id":"https:\/\/annaalbert.com\/en\/#\/schema\/logo\/image\/"}}]}},"_links":{"self":[{"href":"https:\/\/annaalbert.com\/en\/wp-json\/wp\/v2\/product\/11388","targetHints":{"allow":["GET"]}}],"collection":[{"href":"https:\/\/annaalbert.com\/en\/wp-json\/wp\/v2\/product"}],"about":[{"href":"https:\/\/annaalbert.com\/en\/wp-json\/wp\/v2\/types\/product"}],"replies":[{"embeddable":true,"href":"https:\/\/annaalbert.com\/en\/wp-json\/wp\/v2\/comments?post=11388"}],"wp:featuredmedia":[{"embeddable":true,"href":"https:\/\/annaalbert.com\/en\/wp-json\/wp\/v2\/media\/11389"}],"wp:attachment":[{"href":"https:\/\/annaalbert.com\/en\/wp-json\/wp\/v2\/media?parent=11388"}],"wp:term":[{"taxonomy":"product_brand","embeddable":true,"href":"https:\/\/annaalbert.com\/en\/wp-json\/wp\/v2\/product_brand?post=11388"},{"taxonomy":"product_cat","embeddable":true,"href":"https:\/\/annaalbert.com\/en\/wp-json\/wp\/v2\/product_cat?post=11388"},{"taxonomy":"product_tag","embeddable":true,"href":"https:\/\/annaalbert.com\/en\/wp-json\/wp\/v2\/product_tag?post=11388"}],"curies":[{"name":"wp","href":"https:\/\/api.w.org\/{rel}","templated":true}]}}