{"id":11352,"date":"2019-03-21T17:49:48","date_gmt":"2019-03-21T17:49:48","guid":{"rendered":"https:\/\/annaalbert.com\/producto\/natural-silk-scarf-parc-guell\/"},"modified":"2025-10-14T19:01:07","modified_gmt":"2025-10-14T19:01:07","slug":"natural-silk-scarf-parc-guell","status":"publish","type":"product","link":"https:\/\/annaalbert.com\/en\/product\/natural-silk-scarf-parc-guell\/","title":{"rendered":"NATURAL SILK SCARF PARC G\u00dcELL"},"content":{"rendered":"<p><strong>Natural silk scarf Parc G\u00fcell. <\/strong> In fact, it is inspired by a piece of the trencad\u00eds of the <strong>Dragon of Parc G\u00fcell.<\/strong><\/p>\n<p>Discover authentic elegance with our scarf. With intense colours and an exclusive design, this piece will transport you to the artistic essence of Barcelona.<\/p>\n<p>Made from <strong>crepe silk<\/strong>, a full-bodied, draping, high quality silk. And with its soft, lightweight texture, this scarf is perfect for all styles and seasons.<\/p>\n<p><strong>Parc G\u00fcell<\/strong> is a large garden with architectural elements located high above Barcelona, on the slope of the Carmel hill overlooking the sea, not far from Tibidabo. It was designed by the architect Antoni Gaud\u00ed, the greatest exponent of Catalan modernism, built between 1900 and 1914 and inaugurated as a public park in 1926. It covers an area of 17.18 hectares, making it one of the largest architectural works in southern Europe. What&#8217;s more, in 1984 UNESCO declared Parc G\u00fcell a World Heritage Site.<\/p>\n<p>The Dragon made of coloured mosaic has become the emblem of the garden and, with this scarf, we can walk around a part of this heritage and show it off.<\/p>\n<p>This natural silk scarf parc g\u00fcell is hand-painted from start to finish. A unique piece and a great souvenir of <strong>Barcelona.<\/strong><\/p>\n","protected":false},"excerpt":{"rendered":"<p>Crepe silk scarf inspired by the dragon of Parc G\u00fcell in Barcelona<\/p>\n<p> Sizes 150&#215;45<\/p>\n","protected":false},"featured_media":11353,"comment_status":"closed","ping_status":"closed","template":"","meta":{"_et_pb_use_builder":"","_et_pb_old_content":"","_et_gb_content_width":""},"product_brand":[],"product_cat":[356,357],"product_tag":[],"class_list":{"0":"post-11352","1":"product","2":"type-product","3":"status-publish","4":"has-post-thumbnail","6":"product_cat-home-en","7":"product_cat-scarves-en","9":"first","10":"instock","11":"purchasable","12":"product-type-simple"},"yoast_head":"<!-- This site is optimized with the Yoast SEO plugin v27.0 - https:\/\/yoast.com\/product\/yoast-seo-wordpress\/ -->\n<title>Natural silk scarf parc g\u00fcell - Art en Seda<\/title>\n<meta name=\"description\" content=\"Natural silk scarf Parc G\u00fcell, hand-painted and inspired by a piece of the trencad\u00eds of the Dragon of Parc G\u00fcell in Barcelona. A good memory of the city.\" \/>\n<meta name=\"robots\" content=\"index, follow, max-snippet:-1, max-image-preview:large, max-video-preview:-1\" \/>\n<link rel=\"canonical\" href=\"https:\/\/annaalbert.com\/en\/product\/natural-silk-scarf-parc-guell\/\" \/>\n<meta property=\"og:locale\" content=\"en_US\" \/>\n<meta property=\"og:type\" content=\"article\" \/>\n<meta property=\"og:title\" content=\"Natural silk scarf parc g\u00fcell - Art en Seda\" \/>\n<meta property=\"og:description\" content=\"Natural silk scarf Parc G\u00fcell, hand-painted and inspired by a piece of the trencad\u00eds of the Dragon of Parc G\u00fcell in Barcelona. A good memory of the city.\" \/>\n<meta property=\"og:url\" content=\"https:\/\/annaalbert.com\/en\/product\/natural-silk-scarf-parc-guell\/\" \/>\n<meta property=\"og:site_name\" content=\"Art en Seda\" \/>\n<meta property=\"article:modified_time\" content=\"2025-10-14T19:01:07+00:00\" \/>\n<meta property=\"og:image\" content=\"https:\/\/annaalbert.com\/wp-content\/uploads\/2019\/03\/cargolsparcg.jpg\" \/>\n\t<meta property=\"og:image:width\" content=\"800\" \/>\n\t<meta property=\"og:image:height\" content=\"960\" \/>\n\t<meta property=\"og:image:type\" content=\"image\/jpeg\" \/>\n<meta name=\"twitter:card\" content=\"summary_large_image\" \/>\n<meta name=\"twitter:label1\" content=\"Est. reading time\" \/>\n\t<meta name=\"twitter:data1\" content=\"1 minute\" \/>\n<script type=\"application\/ld+json\" class=\"yoast-schema-graph\">{\"@context\":\"https:\/\/schema.org\",\"@graph\":[{\"@type\":\"WebPage\",\"@id\":\"https:\/\/annaalbert.com\/en\/product\/natural-silk-scarf-parc-guell\/\",\"url\":\"https:\/\/annaalbert.com\/en\/product\/natural-silk-scarf-parc-guell\/\",\"name\":\"Natural silk scarf parc g\u00fcell - Art en Seda\",\"isPartOf\":{\"@id\":\"https:\/\/annaalbert.com\/en\/#website\"},\"primaryImageOfPage\":{\"@id\":\"https:\/\/annaalbert.com\/en\/product\/natural-silk-scarf-parc-guell\/#primaryimage\"},\"image\":{\"@id\":\"https:\/\/annaalbert.com\/en\/product\/natural-silk-scarf-parc-guell\/#primaryimage\"},\"thumbnailUrl\":\"https:\/\/annaalbert.com\/wp-content\/uploads\/2019\/03\/cargolsparcg.jpg\",\"datePublished\":\"2019-03-21T17:49:48+00:00\",\"dateModified\":\"2025-10-14T19:01:07+00:00\",\"description\":\"Natural silk scarf Parc G\u00fcell, hand-painted and inspired by a piece of the trencad\u00eds of the Dragon of Parc G\u00fcell in Barcelona. A good memory of the city.\",\"breadcrumb\":{\"@id\":\"https:\/\/annaalbert.com\/en\/product\/natural-silk-scarf-parc-guell\/#breadcrumb\"},\"inLanguage\":\"en-US\",\"potentialAction\":[{\"@type\":\"ReadAction\",\"target\":[\"https:\/\/annaalbert.com\/en\/product\/natural-silk-scarf-parc-guell\/\"]}]},{\"@type\":\"ImageObject\",\"inLanguage\":\"en-US\",\"@id\":\"https:\/\/annaalbert.com\/en\/product\/natural-silk-scarf-parc-guell\/#primaryimage\",\"url\":\"https:\/\/annaalbert.com\/wp-content\/uploads\/2019\/03\/cargolsparcg.jpg\",\"contentUrl\":\"https:\/\/annaalbert.com\/wp-content\/uploads\/2019\/03\/cargolsparcg.jpg\",\"width\":800,\"height\":960,\"caption\":\"fulard seda natural parc g\u00fcell\"},{\"@type\":\"BreadcrumbList\",\"@id\":\"https:\/\/annaalbert.com\/en\/product\/natural-silk-scarf-parc-guell\/#breadcrumb\",\"itemListElement\":[{\"@type\":\"ListItem\",\"position\":1,\"name\":\"Portada\",\"item\":\"https:\/\/annaalbert.com\/en\/\"},{\"@type\":\"ListItem\",\"position\":2,\"name\":\"Shop\",\"item\":\"https:\/\/annaalbert.com\/shop\/\"},{\"@type\":\"ListItem\",\"position\":3,\"name\":\"NATURAL SILK SCARF PARC G\u00dcELL\"}]},{\"@type\":\"WebSite\",\"@id\":\"https:\/\/annaalbert.com\/en\/#website\",\"url\":\"https:\/\/annaalbert.com\/en\/\",\"name\":\"Art en Seda\",\"description\":\"Productos de seda pintada a mano, asi como cursos, talleres, experiencias por la artesana Anna Albert\",\"publisher\":{\"@id\":\"https:\/\/annaalbert.com\/en\/#organization\"},\"potentialAction\":[{\"@type\":\"SearchAction\",\"target\":{\"@type\":\"EntryPoint\",\"urlTemplate\":\"https:\/\/annaalbert.com\/en\/?s={search_term_string}\"},\"query-input\":{\"@type\":\"PropertyValueSpecification\",\"valueRequired\":true,\"valueName\":\"search_term_string\"}}],\"inLanguage\":\"en-US\"},{\"@type\":\"Organization\",\"@id\":\"https:\/\/annaalbert.com\/en\/#organization\",\"name\":\"Art en Seda by Anna Albert\",\"url\":\"https:\/\/annaalbert.com\/en\/\",\"logo\":{\"@type\":\"ImageObject\",\"inLanguage\":\"en-US\",\"@id\":\"https:\/\/annaalbert.com\/en\/#\/schema\/logo\/image\/\",\"url\":\"https:\/\/annaalbert.com\/wp-content\/uploads\/2021\/01\/horitzontal_fonsblanc-scaled.jpg\",\"contentUrl\":\"https:\/\/annaalbert.com\/wp-content\/uploads\/2021\/01\/horitzontal_fonsblanc-scaled.jpg\",\"width\":2560,\"height\":779,\"caption\":\"Art en Seda by Anna Albert\"},\"image\":{\"@id\":\"https:\/\/annaalbert.com\/en\/#\/schema\/logo\/image\/\"}}]}<\/script>\n<!-- \/ Yoast SEO plugin. -->","yoast_head_json":{"title":"Natural silk scarf parc g\u00fcell - Art en Seda","description":"Natural silk scarf Parc G\u00fcell, hand-painted and inspired by a piece of the trencad\u00eds of the Dragon of Parc G\u00fcell in Barcelona. A good memory of the city.","robots":{"index":"index","follow":"follow","max-snippet":"max-snippet:-1","max-image-preview":"max-image-preview:large","max-video-preview":"max-video-preview:-1"},"canonical":"https:\/\/annaalbert.com\/en\/product\/natural-silk-scarf-parc-guell\/","og_locale":"en_US","og_type":"article","og_title":"Natural silk scarf parc g\u00fcell - Art en Seda","og_description":"Natural silk scarf Parc G\u00fcell, hand-painted and inspired by a piece of the trencad\u00eds of the Dragon of Parc G\u00fcell in Barcelona. A good memory of the city.","og_url":"https:\/\/annaalbert.com\/en\/product\/natural-silk-scarf-parc-guell\/","og_site_name":"Art en Seda","article_modified_time":"2025-10-14T19:01:07+00:00","og_image":[{"width":800,"height":960,"url":"https:\/\/annaalbert.com\/wp-content\/uploads\/2019\/03\/cargolsparcg.jpg","type":"image\/jpeg"}],"twitter_card":"summary_large_image","twitter_misc":{"Est. reading time":"1 minute"},"schema":{"@context":"https:\/\/schema.org","@graph":[{"@type":"WebPage","@id":"https:\/\/annaalbert.com\/en\/product\/natural-silk-scarf-parc-guell\/","url":"https:\/\/annaalbert.com\/en\/product\/natural-silk-scarf-parc-guell\/","name":"Natural silk scarf parc g\u00fcell - Art en Seda","isPartOf":{"@id":"https:\/\/annaalbert.com\/en\/#website"},"primaryImageOfPage":{"@id":"https:\/\/annaalbert.com\/en\/product\/natural-silk-scarf-parc-guell\/#primaryimage"},"image":{"@id":"https:\/\/annaalbert.com\/en\/product\/natural-silk-scarf-parc-guell\/#primaryimage"},"thumbnailUrl":"https:\/\/annaalbert.com\/wp-content\/uploads\/2019\/03\/cargolsparcg.jpg","datePublished":"2019-03-21T17:49:48+00:00","dateModified":"2025-10-14T19:01:07+00:00","description":"Natural silk scarf Parc G\u00fcell, hand-painted and inspired by a piece of the trencad\u00eds of the Dragon of Parc G\u00fcell in Barcelona. A good memory of the city.","breadcrumb":{"@id":"https:\/\/annaalbert.com\/en\/product\/natural-silk-scarf-parc-guell\/#breadcrumb"},"inLanguage":"en-US","potentialAction":[{"@type":"ReadAction","target":["https:\/\/annaalbert.com\/en\/product\/natural-silk-scarf-parc-guell\/"]}]},{"@type":"ImageObject","inLanguage":"en-US","@id":"https:\/\/annaalbert.com\/en\/product\/natural-silk-scarf-parc-guell\/#primaryimage","url":"https:\/\/annaalbert.com\/wp-content\/uploads\/2019\/03\/cargolsparcg.jpg","contentUrl":"https:\/\/annaalbert.com\/wp-content\/uploads\/2019\/03\/cargolsparcg.jpg","width":800,"height":960,"caption":"fulard seda natural parc g\u00fcell"},{"@type":"BreadcrumbList","@id":"https:\/\/annaalbert.com\/en\/product\/natural-silk-scarf-parc-guell\/#breadcrumb","itemListElement":[{"@type":"ListItem","position":1,"name":"Portada","item":"https:\/\/annaalbert.com\/en\/"},{"@type":"ListItem","position":2,"name":"Shop","item":"https:\/\/annaalbert.com\/shop\/"},{"@type":"ListItem","position":3,"name":"NATURAL SILK SCARF PARC G\u00dcELL"}]},{"@type":"WebSite","@id":"https:\/\/annaalbert.com\/en\/#website","url":"https:\/\/annaalbert.com\/en\/","name":"Art en Seda","description":"Productos de seda pintada a mano, asi como cursos, talleres, experiencias por la artesana Anna Albert","publisher":{"@id":"https:\/\/annaalbert.com\/en\/#organization"},"potentialAction":[{"@type":"SearchAction","target":{"@type":"EntryPoint","urlTemplate":"https:\/\/annaalbert.com\/en\/?s={search_term_string}"},"query-input":{"@type":"PropertyValueSpecification","valueRequired":true,"valueName":"search_term_string"}}],"inLanguage":"en-US"},{"@type":"Organization","@id":"https:\/\/annaalbert.com\/en\/#organization","name":"Art en Seda by Anna Albert","url":"https:\/\/annaalbert.com\/en\/","logo":{"@type":"ImageObject","inLanguage":"en-US","@id":"https:\/\/annaalbert.com\/en\/#\/schema\/logo\/image\/","url":"https:\/\/annaalbert.com\/wp-content\/uploads\/2021\/01\/horitzontal_fonsblanc-scaled.jpg","contentUrl":"https:\/\/annaalbert.com\/wp-content\/uploads\/2021\/01\/horitzontal_fonsblanc-scaled.jpg","width":2560,"height":779,"caption":"Art en Seda by Anna Albert"},"image":{"@id":"https:\/\/annaalbert.com\/en\/#\/schema\/logo\/image\/"}}]}},"_links":{"self":[{"href":"https:\/\/annaalbert.com\/en\/wp-json\/wp\/v2\/product\/11352","targetHints":{"allow":["GET"]}}],"collection":[{"href":"https:\/\/annaalbert.com\/en\/wp-json\/wp\/v2\/product"}],"about":[{"href":"https:\/\/annaalbert.com\/en\/wp-json\/wp\/v2\/types\/product"}],"replies":[{"embeddable":true,"href":"https:\/\/annaalbert.com\/en\/wp-json\/wp\/v2\/comments?post=11352"}],"wp:featuredmedia":[{"embeddable":true,"href":"https:\/\/annaalbert.com\/en\/wp-json\/wp\/v2\/media\/11353"}],"wp:attachment":[{"href":"https:\/\/annaalbert.com\/en\/wp-json\/wp\/v2\/media?parent=11352"}],"wp:term":[{"taxonomy":"product_brand","embeddable":true,"href":"https:\/\/annaalbert.com\/en\/wp-json\/wp\/v2\/product_brand?post=11352"},{"taxonomy":"product_cat","embeddable":true,"href":"https:\/\/annaalbert.com\/en\/wp-json\/wp\/v2\/product_cat?post=11352"},{"taxonomy":"product_tag","embeddable":true,"href":"https:\/\/annaalbert.com\/en\/wp-json\/wp\/v2\/product_tag?post=11352"}],"curies":[{"name":"wp","href":"https:\/\/api.w.org\/{rel}","templated":true}]}}