{"id":5307,"date":"2015-05-13T10:55:19","date_gmt":"2015-05-13T10:55:19","guid":{"rendered":"https:\/\/annaalbert.com\/business-gifts\/"},"modified":"2023-07-28T11:38:51","modified_gmt":"2023-07-28T11:38:51","slug":"customizable-company-gifts-natural-silk","status":"publish","type":"page","link":"https:\/\/annaalbert.com\/en\/customizable-company-gifts-natural-silk\/","title":{"rendered":"Customizable company gifts natural silk"},"content":{"rendered":"<p>[et_pb_section fb_built=&#8221;1&#8243; admin_label=&#8221;section&#8221; _builder_version=&#8221;4.16&#8243; global_colors_info=&#8221;{}&#8221; da_is_popup=&#8221;off&#8221; da_exit_intent=&#8221;off&#8221; da_has_close=&#8221;on&#8221; da_alt_close=&#8221;off&#8221; da_dark_close=&#8221;off&#8221; da_not_modal=&#8221;on&#8221; da_is_singular=&#8221;off&#8221; da_with_loader=&#8221;off&#8221; da_has_shadow=&#8221;on&#8221; da_disable_devices=&#8221;off|off|off&#8221;][et_pb_row _builder_version=&#8221;4.16&#8243; global_colors_info=&#8221;{}&#8221;][et_pb_column type=&#8221;4_4&#8243; _builder_version=&#8221;4.16&#8243; custom_padding=&#8221;|||&#8221; global_colors_info=&#8221;{}&#8221; custom_padding__hover=&#8221;|||&#8221;][et_pb_image src=&#8221;https:\/\/annaalbert.com\/wp-content\/uploads\/2019\/03\/banner-empresa3-e1553256886863.jpg&#8221; align=&#8221;center&#8221; align_tablet=&#8221;center&#8221; align_last_edited=&#8221;on|desktop&#8221; _builder_version=&#8221;4.16&#8243; global_colors_info=&#8221;{}&#8221; align_phone=&#8221;center&#8221;][\/et_pb_image][\/et_pb_column][\/et_pb_row][et_pb_row _builder_version=&#8221;4.16&#8243; global_colors_info=&#8221;{}&#8221;][et_pb_column type=&#8221;4_4&#8243; _builder_version=&#8221;4.16&#8243; custom_padding=&#8221;|||&#8221; global_colors_info=&#8221;{}&#8221; custom_padding__hover=&#8221;|||&#8221;][et_pb_text admin_label=&#8221;Text&#8221; _builder_version=&#8221;4.16&#8243; background_size=&#8221;initial&#8221; background_position=&#8221;top_left&#8221; background_repeat=&#8221;repeat&#8221; global_colors_info=&#8221;{}&#8221;]<\/p>\n<div class=\"row\">\n<div class=\"col-md-1\" style=\"text-align: center;\"><\/div>\n<div class=\"col-md-10\">\n<p><img fetchpriority=\"high\" fetchpriority=\"high\" decoding=\"async\" class=\" size-full wp-image-811\" src=\"http:\/\/annaalbert.com\/wp-content\/uploads\/2015\/05\/banner-empresa3.jpg\" alt=\"\" width=\"968\" height=\"800\" style=\"display: block; margin-left: auto; margin-right: auto;\" srcset=\"https:\/\/annaalbert.com\/wp-content\/uploads\/2015\/05\/banner-empresa3.jpg 968w, https:\/\/annaalbert.com\/wp-content\/uploads\/2015\/05\/banner-empresa3-900x744.jpg 900w, https:\/\/annaalbert.com\/wp-content\/uploads\/2015\/05\/banner-empresa3-300x248.jpg 300w, https:\/\/annaalbert.com\/wp-content\/uploads\/2015\/05\/banner-empresa3-768x635.jpg 768w, https:\/\/annaalbert.com\/wp-content\/uploads\/2015\/05\/banner-empresa3-600x496.jpg 600w\" sizes=\"(max-width: 968px) 100vw, 968px\" \/><\/p>\n<p style=\"text-align: justify;\">In you event, Congress, meeting of company or when you look with your clients, partnerships or friends, consultation Nuestra ample offer of gift personalizados for ILC con Silk 100 Natural, for ILC Artesanalmente, and in Barcelona<\/p>\n<p style=\"text-align: justify;\">Our pieces are inspiring in the modernismo of Gaud\u00ed, in the city of Barcelona, and in the Inmenso Mediterr\u00e1neo y los colores that characteris it,<\/p>\n<p style=\"text-align: justify;\">Our products of natural silk are handmade They are pieces unics<\/p>\n<p style=\"text-align: justify;\">If you like what you want to contact with us<\/p>\n<p style=\"text-align: justify;\">If you tienes some idea, we are reality<\/p>\n<p style=\"text-align: justify;\">See the video <a href=\"https:\/\/www.youtube.com\/watch?v=bwlt_zXAeHc\">,<\/a> A video of the delivery of gifts for a group Numeroso. The client is going to power choose between Doce models de handkerchiefs a conjunto para hombre y mujer. Consult us<\/p>\n<p>&nbsp;<\/p>\n<\/div>\n<div class=\"col-md-1\"><\/div>\n<\/div>\n<p>[\/et_pb_text][\/et_pb_column][\/et_pb_row][et_pb_row _builder_version=&#8221;4.16&#8243; global_colors_info=&#8221;{}&#8221;][et_pb_column type=&#8221;4_4&#8243; _builder_version=&#8221;4.16&#8243; custom_padding=&#8221;|||&#8221; global_colors_info=&#8221;{}&#8221; custom_padding__hover=&#8221;|||&#8221;][et_pb_button button_url=&#8221;https:\/\/annaalbert.com\/contact\/?lang=en&#8221; url_new_window=&#8221;on&#8221; button_text=&#8221;Consult&#8221; button_alignment=&#8221;center&#8221; _builder_version=&#8221;4.16&#8243; custom_button=&#8221;on&#8221; button_font=&#8221;||||||||&#8221; global_colors_info=&#8221;{}&#8221;][\/et_pb_button][\/et_pb_column][\/et_pb_row][\/et_pb_section][et_pb_section fb_built=&#8221;1&#8243; _builder_version=&#8221;4.16&#8243; global_colors_info=&#8221;{}&#8221; da_is_popup=&#8221;off&#8221; da_exit_intent=&#8221;off&#8221; da_has_close=&#8221;on&#8221; da_alt_close=&#8221;off&#8221; da_dark_close=&#8221;off&#8221; da_not_modal=&#8221;on&#8221; da_is_singular=&#8221;off&#8221; da_with_loader=&#8221;off&#8221; da_has_shadow=&#8221;on&#8221; da_disable_devices=&#8221;off|off|off&#8221;][et_pb_row _builder_version=&#8221;4.16&#8243; global_colors_info=&#8221;{}&#8221; column_structure=&#8221;1_3,1_3,1_3&#8243;][et_pb_column type=&#8221;1_3&#8243; _builder_version=&#8221;4.16&#8243; custom_padding=&#8221;|||&#8221; global_colors_info=&#8221;{}&#8221; custom_padding__hover=&#8221;|||&#8221;][et_pb_image src=&#8221;https:\/\/annaalbert.com\/wp-content\/uploads\/2019\/03\/IMG_20140508_101556482-C\u00f2pia.jpg&#8221; align_tablet=&#8221;center&#8221; align_last_edited=&#8221;on|desktop&#8221; _builder_version=&#8221;4.16&#8243; animation_style=&#8221;zoom&#8221; box_shadow_style=&#8221;preset2&#8243; global_colors_info=&#8221;{}&#8221; align_phone=&#8221;center&#8221;][\/et_pb_image][\/et_pb_column][et_pb_column type=&#8221;1_3&#8243; _builder_version=&#8221;4.16&#8243; custom_padding=&#8221;|||&#8221; global_colors_info=&#8221;{}&#8221; custom_padding__hover=&#8221;|||&#8221;][et_pb_image src=&#8221;https:\/\/annaalbert.com\/wp-content\/uploads\/2019\/03\/CAIXES-MOCADORS-HOME-I-DONA.jpg&#8221; align_tablet=&#8221;center&#8221; align_last_edited=&#8221;on|desktop&#8221; _builder_version=&#8221;4.16&#8243; animation_style=&#8221;zoom&#8221; box_shadow_style=&#8221;preset2&#8243; global_colors_info=&#8221;{}&#8221; align_phone=&#8221;center&#8221;][\/et_pb_image][\/et_pb_column][et_pb_column type=&#8221;1_3&#8243; _builder_version=&#8221;4.16&#8243; custom_padding=&#8221;|||&#8221; global_colors_info=&#8221;{}&#8221; custom_padding__hover=&#8221;|||&#8221;][et_pb_image src=&#8221;https:\/\/annaalbert.com\/wp-content\/uploads\/2019\/03\/IMG_20140515_091247808_HDR.jpg&#8221; align_tablet=&#8221;center&#8221; align_last_edited=&#8221;on|desktop&#8221; _builder_version=&#8221;4.16&#8243; animation_style=&#8221;zoom&#8221; box_shadow_style=&#8221;preset2&#8243; global_colors_info=&#8221;{}&#8221; align_phone=&#8221;center&#8221;][\/et_pb_image][\/et_pb_column][\/et_pb_row][et_pb_row _builder_version=&#8221;4.16&#8243; global_colors_info=&#8221;{}&#8221; column_structure=&#8221;1_3,1_3,1_3&#8243;][et_pb_column type=&#8221;1_3&#8243; _builder_version=&#8221;4.16&#8243; custom_padding=&#8221;|||&#8221; global_colors_info=&#8221;{}&#8221; custom_padding__hover=&#8221;|||&#8221;][et_pb_image src=&#8221;https:\/\/annaalbert.com\/wp-content\/uploads\/2019\/03\/clauers-i-collarets-ibers-1.jpg&#8221; align_tablet=&#8221;center&#8221; align_last_edited=&#8221;on|desktop&#8221; _builder_version=&#8221;4.16&#8243; animation_style=&#8221;zoom&#8221; box_shadow_style=&#8221;preset2&#8243; global_colors_info=&#8221;{}&#8221; align_phone=&#8221;center&#8221;][\/et_pb_image][\/et_pb_column][et_pb_column type=&#8221;1_3&#8243; _builder_version=&#8221;4.16&#8243; custom_padding=&#8221;|||&#8221; global_colors_info=&#8221;{}&#8221; custom_padding__hover=&#8221;|||&#8221;][et_pb_image src=&#8221;https:\/\/annaalbert.com\/wp-content\/uploads\/2019\/03\/IMG_20150429_165156563.jpg&#8221; align_tablet=&#8221;center&#8221; align_last_edited=&#8221;on|desktop&#8221; _builder_version=&#8221;4.16&#8243; animation_style=&#8221;zoom&#8221; box_shadow_style=&#8221;preset2&#8243; global_colors_info=&#8221;{}&#8221; align_phone=&#8221;center&#8221;][\/et_pb_image][\/et_pb_column][et_pb_column type=&#8221;1_3&#8243; _builder_version=&#8221;4.16&#8243; custom_padding=&#8221;|||&#8221; global_colors_info=&#8221;{}&#8221; custom_padding__hover=&#8221;|||&#8221;][et_pb_image src=&#8221;https:\/\/annaalbert.com\/wp-content\/uploads\/2019\/03\/IMG_20141021_180843170-1.jpg&#8221; align_tablet=&#8221;center&#8221; align_last_edited=&#8221;on|desktop&#8221; _builder_version=&#8221;4.16&#8243; animation_style=&#8221;zoom&#8221; box_shadow_style=&#8221;preset2&#8243; global_colors_info=&#8221;{}&#8221; align_phone=&#8221;center&#8221;][\/et_pb_image][\/et_pb_column][\/et_pb_row][et_pb_row _builder_version=&#8221;4.16&#8243; global_colors_info=&#8221;{}&#8221; column_structure=&#8221;1_3,1_3,1_3&#8243;][et_pb_column type=&#8221;1_3&#8243; _builder_version=&#8221;4.16&#8243; custom_padding=&#8221;|||&#8221; global_colors_info=&#8221;{}&#8221; custom_padding__hover=&#8221;|||&#8221;][et_pb_image src=&#8221;https:\/\/annaalbert.com\/wp-content\/uploads\/2019\/03\/IMG_20170927_152622.jpg&#8221; align_tablet=&#8221;center&#8221; align_last_edited=&#8221;on|desktop&#8221; _builder_version=&#8221;4.16&#8243; animation_style=&#8221;zoom&#8221; box_shadow_style=&#8221;preset2&#8243; global_colors_info=&#8221;{}&#8221; align_phone=&#8221;center&#8221;][\/et_pb_image][\/et_pb_column][et_pb_column type=&#8221;1_3&#8243; _builder_version=&#8221;4.16&#8243; custom_padding=&#8221;|||&#8221; global_colors_info=&#8221;{}&#8221; custom_padding__hover=&#8221;|||&#8221;][et_pb_image src=&#8221;https:\/\/annaalbert.com\/wp-content\/uploads\/2019\/03\/G\u00fcell-Gaud\u00ed.jpg&#8221; align_tablet=&#8221;center&#8221; align_last_edited=&#8221;on|desktop&#8221; _builder_version=&#8221;4.16&#8243; animation_style=&#8221;zoom&#8221; box_shadow_style=&#8221;preset2&#8243; global_colors_info=&#8221;{}&#8221; align_phone=&#8221;center&#8221;][\/et_pb_image][\/et_pb_column][et_pb_column type=&#8221;1_3&#8243; _builder_version=&#8221;4.16&#8243; custom_padding=&#8221;|||&#8221; global_colors_info=&#8221;{}&#8221; custom_padding__hover=&#8221;|||&#8221;][et_pb_image src=&#8221;https:\/\/annaalbert.com\/wp-content\/uploads\/2019\/03\/IMG_20190312_155054_720-1.jpg&#8221; align_tablet=&#8221;center&#8221; align_last_edited=&#8221;on|desktop&#8221; _builder_version=&#8221;4.16&#8243; animation_style=&#8221;zoom&#8221; box_shadow_style=&#8221;preset2&#8243; global_colors_info=&#8221;{}&#8221; align_phone=&#8221;center&#8221;][\/et_pb_image][\/et_pb_column][\/et_pb_row][et_pb_row _builder_version=&#8221;4.16&#8243; global_colors_info=&#8221;{}&#8221; column_structure=&#8221;1_3,1_3,1_3&#8243;][et_pb_column type=&#8221;1_3&#8243; _builder_version=&#8221;4.16&#8243; custom_padding=&#8221;|||&#8221; global_colors_info=&#8221;{}&#8221; custom_padding__hover=&#8221;|||&#8221;][et_pb_image src=&#8221;https:\/\/annaalbert.com\/wp-content\/uploads\/2019\/03\/IMG_20190131_081852_641.jpg&#8221; align_tablet=&#8221;center&#8221; align_last_edited=&#8221;on|desktop&#8221; _builder_version=&#8221;4.16&#8243; animation_style=&#8221;zoom&#8221; box_shadow_style=&#8221;preset2&#8243; global_colors_info=&#8221;{}&#8221; align_phone=&#8221;center&#8221;][\/et_pb_image][\/et_pb_column][et_pb_column type=&#8221;1_3&#8243; _builder_version=&#8221;4.16&#8243; custom_padding=&#8221;|||&#8221; global_colors_info=&#8221;{}&#8221; custom_padding__hover=&#8221;|||&#8221;][et_pb_image src=&#8221;https:\/\/annaalbert.com\/wp-content\/uploads\/2019\/03\/IMG_20190209_131017_178.jpg&#8221; align_tablet=&#8221;center&#8221; align_last_edited=&#8221;on|desktop&#8221; _builder_version=&#8221;4.16&#8243; animation_style=&#8221;zoom&#8221; box_shadow_style=&#8221;preset2&#8243; global_colors_info=&#8221;{}&#8221; align_phone=&#8221;center&#8221;][\/et_pb_image][\/et_pb_column][et_pb_column type=&#8221;1_3&#8243; _builder_version=&#8221;4.16&#8243; custom_padding=&#8221;|||&#8221; global_colors_info=&#8221;{}&#8221; custom_padding__hover=&#8221;|||&#8221;][et_pb_image src=&#8221;https:\/\/annaalbert.com\/wp-content\/uploads\/2019\/03\/IMG_20181214_121938_424.jpg&#8221; align_tablet=&#8221;center&#8221; align_last_edited=&#8221;on|desktop&#8221; _builder_version=&#8221;4.16&#8243; animation_style=&#8221;zoom&#8221; box_shadow_style=&#8221;preset2&#8243; global_colors_info=&#8221;{}&#8221; align_phone=&#8221;center&#8221;][\/et_pb_image][\/et_pb_column][\/et_pb_row][\/et_pb_section]<\/p>\n","protected":false},"excerpt":{"rendered":"<p>In you event, Congress, meeting of company or when you look with your clients, partnerships or friends, consultation Nuestra ample offer of gift personalizados for ILC con Silk 100 Natural, for ILC Artesanalmente, and in Barcelona Our pieces are inspiring in the modernismo of Gaud\u00ed, in the city of Barcelona, and in the Inmenso Mediterr\u00e1neo [&hellip;]<\/p>\n","protected":false},"author":4,"featured_media":5308,"parent":0,"menu_order":10,"comment_status":"closed","ping_status":"closed","template":"","meta":{"_et_pb_use_builder":"on","_et_pb_old_content":"<div class=\"row\"> <div class=\"col-md-1\"> <\/div> <div class=\"col-md-10\"><img class=\" size-full wp-image-811\" src=\"https:\/\/annaalbert.com\/wp-content\/uploads\/2015\/05\/banner-empresa3.jpg\" alt=\"\" width=\"968\" height=\"800\" \/> <p style=\"text-align: justify;\">En el teu proper esdeveniment, congr\u00e9s, reuni\u00f3 d'empresa \u00a0o quan desitgis lluir-te amb els teus clients, els teus prove\u00efdors o els teus amics, consulta la nostra \u00e0mplia oferta d'obsequis personalitzats fets amb seda 100% natural, fets artesanalment, i a Barcelona.<\/p> <p style=\"text-align: justify;\">Els nostres objectes est\u00e0n inspirats en el modernisme de Gaud\u00ed, amb la ciutat de Barcelona, el nostre immens mediterrani i els colors que el caracteritzen.<\/p> <p style=\"text-align: justify;\">Els nostres productes de seda natural estan pintats a m\u00e0. S\u00f3n peces \u00faniques mimades amb tot el detall.<\/p> <p style=\"text-align: justify;\">Si t'agrada el que veus\u00a0contacta amb nosaltres.<\/p> <p style=\"text-align: justify;\">Si tens alguna idea, la fem realitat.<\/p> <p style=\"text-align: justify;\">Pots veure <a href=\"https:\/\/www.youtube.com\/watch?v=bwlt_zXAeHc\">aqu\u00ed<\/a>, un video de l'entrega de regals per un grup nombr\u00f3s. El client va poder escullir entre dotze models de mocadors a conjunt per home i dona. Consulta'ns!<\/p> <p style=\"text-align: justify;\"> <\/p> <p style=\"text-align: justify;\"> <\/p> <p style=\"text-align: justify;\"> <\/p> <p style=\"text-align: justify;\"> <\/p> <p> <\/p> <\/div> <div class=\"col-md-1\"> <\/div> <\/div>","_et_gb_content_width":"","footnotes":""},"class_list":["post-5307","page","type-page","status-publish","has-post-thumbnail","hentry"],"yoast_head":"<!-- This site is optimized with the Yoast SEO plugin v27.0 - https:\/\/yoast.com\/product\/yoast-seo-wordpress\/ -->\n<title>Customizable company gifts natural silk - Art en Seda<\/title>\n<meta name=\"robots\" content=\"index, follow, max-snippet:-1, max-image-preview:large, max-video-preview:-1\" \/>\n<link rel=\"canonical\" href=\"https:\/\/annaalbert.com\/en\/customizable-company-gifts-natural-silk\/\" \/>\n<meta property=\"og:locale\" content=\"en_US\" \/>\n<meta property=\"og:type\" content=\"article\" \/>\n<meta property=\"og:title\" content=\"Customizable company gifts natural silk - Art en Seda\" \/>\n<meta property=\"og:description\" content=\"In you event, Congress, meeting of company or when you look with your clients, partnerships or friends, consultation Nuestra ample offer of gift personalizados for ILC con Silk 100 Natural, for ILC Artesanalmente, and in Barcelona Our pieces are inspiring in the modernismo of Gaud\u00ed, in the city of Barcelona, and in the Inmenso Mediterr\u00e1neo [&hellip;]\" \/>\n<meta property=\"og:url\" content=\"https:\/\/annaalbert.com\/en\/customizable-company-gifts-natural-silk\/\" \/>\n<meta property=\"og:site_name\" content=\"Art en Seda\" \/>\n<meta property=\"article:modified_time\" content=\"2023-07-28T11:38:51+00:00\" \/>\n<meta property=\"og:image\" content=\"https:\/\/annaalbert.com\/wp-content\/uploads\/2015\/05\/banner-empresa3.jpg\" \/>\n\t<meta property=\"og:image:width\" content=\"968\" \/>\n\t<meta property=\"og:image:height\" content=\"800\" \/>\n\t<meta property=\"og:image:type\" content=\"image\/jpeg\" \/>\n<meta name=\"twitter:card\" content=\"summary_large_image\" \/>\n<meta name=\"twitter:label1\" content=\"Est. reading time\" \/>\n\t<meta name=\"twitter:data1\" content=\"2 minutes\" \/>\n<script type=\"application\/ld+json\" class=\"yoast-schema-graph\">{\"@context\":\"https:\/\/schema.org\",\"@graph\":[{\"@type\":\"WebPage\",\"@id\":\"https:\/\/annaalbert.com\/en\/customizable-company-gifts-natural-silk\/\",\"url\":\"https:\/\/annaalbert.com\/en\/customizable-company-gifts-natural-silk\/\",\"name\":\"Customizable company gifts natural silk - Art en Seda\",\"isPartOf\":{\"@id\":\"https:\/\/annaalbert.com\/en\/#website\"},\"primaryImageOfPage\":{\"@id\":\"https:\/\/annaalbert.com\/en\/customizable-company-gifts-natural-silk\/#primaryimage\"},\"image\":{\"@id\":\"https:\/\/annaalbert.com\/en\/customizable-company-gifts-natural-silk\/#primaryimage\"},\"thumbnailUrl\":\"https:\/\/annaalbert.com\/wp-content\/uploads\/2015\/05\/banner-empresa3.jpg\",\"datePublished\":\"2015-05-13T10:55:19+00:00\",\"dateModified\":\"2023-07-28T11:38:51+00:00\",\"breadcrumb\":{\"@id\":\"https:\/\/annaalbert.com\/en\/customizable-company-gifts-natural-silk\/#breadcrumb\"},\"inLanguage\":\"en-US\",\"potentialAction\":[{\"@type\":\"ReadAction\",\"target\":[\"https:\/\/annaalbert.com\/en\/customizable-company-gifts-natural-silk\/\"]}]},{\"@type\":\"ImageObject\",\"inLanguage\":\"en-US\",\"@id\":\"https:\/\/annaalbert.com\/en\/customizable-company-gifts-natural-silk\/#primaryimage\",\"url\":\"https:\/\/annaalbert.com\/wp-content\/uploads\/2015\/05\/banner-empresa3.jpg\",\"contentUrl\":\"https:\/\/annaalbert.com\/wp-content\/uploads\/2015\/05\/banner-empresa3.jpg\",\"width\":968,\"height\":800},{\"@type\":\"BreadcrumbList\",\"@id\":\"https:\/\/annaalbert.com\/en\/customizable-company-gifts-natural-silk\/#breadcrumb\",\"itemListElement\":[{\"@type\":\"ListItem\",\"position\":1,\"name\":\"Portada\",\"item\":\"https:\/\/annaalbert.com\/en\/\"},{\"@type\":\"ListItem\",\"position\":2,\"name\":\"Customizable company gifts natural silk\"}]},{\"@type\":\"WebSite\",\"@id\":\"https:\/\/annaalbert.com\/en\/#website\",\"url\":\"https:\/\/annaalbert.com\/en\/\",\"name\":\"Art en Seda\",\"description\":\"Productos de seda pintada a mano, asi como cursos, talleres, experiencias por la artesana Anna Albert\",\"publisher\":{\"@id\":\"https:\/\/annaalbert.com\/en\/#organization\"},\"potentialAction\":[{\"@type\":\"SearchAction\",\"target\":{\"@type\":\"EntryPoint\",\"urlTemplate\":\"https:\/\/annaalbert.com\/en\/?s={search_term_string}\"},\"query-input\":{\"@type\":\"PropertyValueSpecification\",\"valueRequired\":true,\"valueName\":\"search_term_string\"}}],\"inLanguage\":\"en-US\"},{\"@type\":\"Organization\",\"@id\":\"https:\/\/annaalbert.com\/en\/#organization\",\"name\":\"Art en Seda by Anna Albert\",\"url\":\"https:\/\/annaalbert.com\/en\/\",\"logo\":{\"@type\":\"ImageObject\",\"inLanguage\":\"en-US\",\"@id\":\"https:\/\/annaalbert.com\/en\/#\/schema\/logo\/image\/\",\"url\":\"https:\/\/annaalbert.com\/wp-content\/uploads\/2021\/01\/horitzontal_fonsblanc-scaled.jpg\",\"contentUrl\":\"https:\/\/annaalbert.com\/wp-content\/uploads\/2021\/01\/horitzontal_fonsblanc-scaled.jpg\",\"width\":2560,\"height\":779,\"caption\":\"Art en Seda by Anna Albert\"},\"image\":{\"@id\":\"https:\/\/annaalbert.com\/en\/#\/schema\/logo\/image\/\"}}]}<\/script>\n<!-- \/ Yoast SEO plugin. -->","yoast_head_json":{"title":"Customizable company gifts natural silk - Art en Seda","robots":{"index":"index","follow":"follow","max-snippet":"max-snippet:-1","max-image-preview":"max-image-preview:large","max-video-preview":"max-video-preview:-1"},"canonical":"https:\/\/annaalbert.com\/en\/customizable-company-gifts-natural-silk\/","og_locale":"en_US","og_type":"article","og_title":"Customizable company gifts natural silk - Art en Seda","og_description":"In you event, Congress, meeting of company or when you look with your clients, partnerships or friends, consultation Nuestra ample offer of gift personalizados for ILC con Silk 100 Natural, for ILC Artesanalmente, and in Barcelona Our pieces are inspiring in the modernismo of Gaud\u00ed, in the city of Barcelona, and in the Inmenso Mediterr\u00e1neo [&hellip;]","og_url":"https:\/\/annaalbert.com\/en\/customizable-company-gifts-natural-silk\/","og_site_name":"Art en Seda","article_modified_time":"2023-07-28T11:38:51+00:00","og_image":[{"width":968,"height":800,"url":"https:\/\/annaalbert.com\/wp-content\/uploads\/2015\/05\/banner-empresa3.jpg","type":"image\/jpeg"}],"twitter_card":"summary_large_image","twitter_misc":{"Est. reading time":"2 minutes"},"schema":{"@context":"https:\/\/schema.org","@graph":[{"@type":"WebPage","@id":"https:\/\/annaalbert.com\/en\/customizable-company-gifts-natural-silk\/","url":"https:\/\/annaalbert.com\/en\/customizable-company-gifts-natural-silk\/","name":"Customizable company gifts natural silk - Art en Seda","isPartOf":{"@id":"https:\/\/annaalbert.com\/en\/#website"},"primaryImageOfPage":{"@id":"https:\/\/annaalbert.com\/en\/customizable-company-gifts-natural-silk\/#primaryimage"},"image":{"@id":"https:\/\/annaalbert.com\/en\/customizable-company-gifts-natural-silk\/#primaryimage"},"thumbnailUrl":"https:\/\/annaalbert.com\/wp-content\/uploads\/2015\/05\/banner-empresa3.jpg","datePublished":"2015-05-13T10:55:19+00:00","dateModified":"2023-07-28T11:38:51+00:00","breadcrumb":{"@id":"https:\/\/annaalbert.com\/en\/customizable-company-gifts-natural-silk\/#breadcrumb"},"inLanguage":"en-US","potentialAction":[{"@type":"ReadAction","target":["https:\/\/annaalbert.com\/en\/customizable-company-gifts-natural-silk\/"]}]},{"@type":"ImageObject","inLanguage":"en-US","@id":"https:\/\/annaalbert.com\/en\/customizable-company-gifts-natural-silk\/#primaryimage","url":"https:\/\/annaalbert.com\/wp-content\/uploads\/2015\/05\/banner-empresa3.jpg","contentUrl":"https:\/\/annaalbert.com\/wp-content\/uploads\/2015\/05\/banner-empresa3.jpg","width":968,"height":800},{"@type":"BreadcrumbList","@id":"https:\/\/annaalbert.com\/en\/customizable-company-gifts-natural-silk\/#breadcrumb","itemListElement":[{"@type":"ListItem","position":1,"name":"Portada","item":"https:\/\/annaalbert.com\/en\/"},{"@type":"ListItem","position":2,"name":"Customizable company gifts natural silk"}]},{"@type":"WebSite","@id":"https:\/\/annaalbert.com\/en\/#website","url":"https:\/\/annaalbert.com\/en\/","name":"Art en Seda","description":"Productos de seda pintada a mano, asi como cursos, talleres, experiencias por la artesana Anna Albert","publisher":{"@id":"https:\/\/annaalbert.com\/en\/#organization"},"potentialAction":[{"@type":"SearchAction","target":{"@type":"EntryPoint","urlTemplate":"https:\/\/annaalbert.com\/en\/?s={search_term_string}"},"query-input":{"@type":"PropertyValueSpecification","valueRequired":true,"valueName":"search_term_string"}}],"inLanguage":"en-US"},{"@type":"Organization","@id":"https:\/\/annaalbert.com\/en\/#organization","name":"Art en Seda by Anna Albert","url":"https:\/\/annaalbert.com\/en\/","logo":{"@type":"ImageObject","inLanguage":"en-US","@id":"https:\/\/annaalbert.com\/en\/#\/schema\/logo\/image\/","url":"https:\/\/annaalbert.com\/wp-content\/uploads\/2021\/01\/horitzontal_fonsblanc-scaled.jpg","contentUrl":"https:\/\/annaalbert.com\/wp-content\/uploads\/2021\/01\/horitzontal_fonsblanc-scaled.jpg","width":2560,"height":779,"caption":"Art en Seda by Anna Albert"},"image":{"@id":"https:\/\/annaalbert.com\/en\/#\/schema\/logo\/image\/"}}]}},"_links":{"self":[{"href":"https:\/\/annaalbert.com\/en\/wp-json\/wp\/v2\/pages\/5307","targetHints":{"allow":["GET"]}}],"collection":[{"href":"https:\/\/annaalbert.com\/en\/wp-json\/wp\/v2\/pages"}],"about":[{"href":"https:\/\/annaalbert.com\/en\/wp-json\/wp\/v2\/types\/page"}],"author":[{"embeddable":true,"href":"https:\/\/annaalbert.com\/en\/wp-json\/wp\/v2\/users\/4"}],"replies":[{"embeddable":true,"href":"https:\/\/annaalbert.com\/en\/wp-json\/wp\/v2\/comments?post=5307"}],"version-history":[{"count":4,"href":"https:\/\/annaalbert.com\/en\/wp-json\/wp\/v2\/pages\/5307\/revisions"}],"predecessor-version":[{"id":10418,"href":"https:\/\/annaalbert.com\/en\/wp-json\/wp\/v2\/pages\/5307\/revisions\/10418"}],"wp:featuredmedia":[{"embeddable":true,"href":"https:\/\/annaalbert.com\/en\/wp-json\/wp\/v2\/media\/5308"}],"wp:attachment":[{"href":"https:\/\/annaalbert.com\/en\/wp-json\/wp\/v2\/media?parent=5307"}],"curies":[{"name":"wp","href":"https:\/\/api.w.org\/{rel}","templated":true}]}}